{"id":55446,"date":"2016-01-28T11:22:18","date_gmt":"2016-01-28T10:22:18","guid":{"rendered":"https:\/\/laperla21.wpengine.com\/la-perla-salud-estetica\/peeling-citrus-a-la-vitamine-cc\/"},"modified":"2024-06-06T13:58:47","modified_gmt":"2024-06-06T11:58:47","slug":"peeling-citrus-a-la-vitamine-cc","status":"publish","type":"product","link":"https:\/\/la-perla.net\/fr\/produit\/peeling-citrus-a-la-vitamine-cc\/","title":{"rendered":"Peeling Citrus \u00e0 la vitamine C+C"},"content":{"rendered":"<p class=\"p1\"><span class=\"s1\">Soin d\u2019exfoliation \u00e0 base d\u2019essence d\u2019agrumes. L\u2019utilisation de vitamine C apporte de la fra\u00eecheur afin de renouveler la peau en \u00e9t\u00e9. <\/span><\/p>\n<p class=\"p1\"><span class=\"s1\">Dur\u00e9e : 25 minutes.<\/span><\/p>\n","protected":false},"excerpt":{"rendered":"<p>Exfoliation de la peau avec de l&rsquo;essence d&rsquo;agrumes.<\/p>\n","protected":false},"featured_media":60930,"template":"","meta":{"_genesis_hide_title":false,"_genesis_hide_breadcrumbs":false,"_genesis_hide_singular_image":false,"_genesis_hide_footer_widgets":false,"_genesis_custom_body_class":"","_genesis_custom_post_class":"","_genesis_layout":""},"product_brand":[],"product_cat":[949],"product_tag":[],"class_list":{"0":"post-55446","1":"product","2":"type-product","3":"status-publish","4":"has-post-thumbnail","6":"product_cat-exfoliants-corporels","7":"product_shipping_class-bonos-y-vales-fr","8":"entry","10":"first","11":"instock","12":"shipping-taxable","13":"purchasable","14":"product-type-simple"},"yoast_head":"<!-- This site is optimized with the Yoast SEO plugin v25.6 - https:\/\/yoast.com\/wordpress\/plugins\/seo\/ -->\n<title>Peeling Citrus \u00e0 la vitamine C+C \u2022 Thalassoth\u00e9rapie La Perla<\/title>\n<meta name=\"description\" content=\"Traitement d&#039;exfoliation \u00e0 base d&#039;essence de citron. L&#039;utilisation de la vitamine C apporte de la fra\u00eecheur, id\u00e9ale pour rafra\u00eechir la peau en \u00e9t\u00e9.\" \/>\n<meta name=\"robots\" content=\"index, follow, max-snippet:-1, max-image-preview:large, max-video-preview:-1\" \/>\n<link rel=\"canonical\" href=\"https:\/\/la-perla.net\/fr\/produit\/peeling-citrus-a-la-vitamine-cc\/\" \/>\n<meta property=\"og:locale\" content=\"fr_FR\" \/>\n<meta property=\"og:type\" content=\"article\" \/>\n<meta property=\"og:title\" content=\"Peeling Citrus \u00e0 la vitamine C+C \u2022 Thalassoth\u00e9rapie La Perla\" \/>\n<meta property=\"og:description\" content=\"Traitement d&#039;exfoliation \u00e0 base d&#039;essence de citron. L&#039;utilisation de la vitamine C apporte de la fra\u00eecheur, id\u00e9ale pour rafra\u00eechir la peau en \u00e9t\u00e9.\" \/>\n<meta property=\"og:url\" content=\"https:\/\/la-perla.net\/fr\/produit\/peeling-citrus-a-la-vitamine-cc\/\" \/>\n<meta property=\"og:site_name\" content=\"Talasoterapia La Perla \u2022 San Sebasti\u00e1n - Donostia\" \/>\n<meta property=\"article:publisher\" content=\"https:\/\/www.facebook.com\/laperladonosti\/\" \/>\n<meta property=\"article:modified_time\" content=\"2024-06-06T11:58:47+00:00\" \/>\n<meta property=\"og:image\" content=\"https:\/\/la-perla.net\/wp-content\/uploads\/2016\/01\/peeling-vitamina-cc.jpg\" \/>\n\t<meta property=\"og:image:width\" content=\"2000\" \/>\n\t<meta property=\"og:image:height\" content=\"1333\" \/>\n\t<meta property=\"og:image:type\" content=\"image\/jpeg\" \/>\n<meta name=\"twitter:card\" content=\"summary_large_image\" \/>\n<meta name=\"twitter:site\" content=\"@LaPerlaDonosti\" \/>\n<script type=\"application\/ld+json\" class=\"yoast-schema-graph\">{\"@context\":\"https:\/\/schema.org\",\"@graph\":[{\"@type\":\"WebPage\",\"@id\":\"https:\/\/la-perla.net\/fr\/produit\/peeling-citrus-a-la-vitamine-cc\/\",\"url\":\"https:\/\/la-perla.net\/fr\/produit\/peeling-citrus-a-la-vitamine-cc\/\",\"name\":\"Peeling Citrus \u00e0 la vitamine C+C \u2022 Thalassoth\u00e9rapie La Perla\",\"isPartOf\":{\"@id\":\"https:\/\/la-perla.net\/#website\"},\"primaryImageOfPage\":{\"@id\":\"https:\/\/la-perla.net\/fr\/produit\/peeling-citrus-a-la-vitamine-cc\/#primaryimage\"},\"image\":{\"@id\":\"https:\/\/la-perla.net\/fr\/produit\/peeling-citrus-a-la-vitamine-cc\/#primaryimage\"},\"thumbnailUrl\":\"https:\/\/la-perla.net\/wp-content\/uploads\/2016\/01\/peeling-vitamina-cc.jpg\",\"datePublished\":\"2016-01-28T10:22:18+00:00\",\"dateModified\":\"2024-06-06T11:58:47+00:00\",\"description\":\"Traitement d'exfoliation \u00e0 base d'essence de citron. L'utilisation de la vitamine C apporte de la fra\u00eecheur, id\u00e9ale pour rafra\u00eechir la peau en \u00e9t\u00e9.\",\"breadcrumb\":{\"@id\":\"https:\/\/la-perla.net\/fr\/produit\/peeling-citrus-a-la-vitamine-cc\/#breadcrumb\"},\"inLanguage\":\"fr-FR\",\"potentialAction\":[{\"@type\":\"ReadAction\",\"target\":[\"https:\/\/la-perla.net\/fr\/produit\/peeling-citrus-a-la-vitamine-cc\/\"]}]},{\"@type\":\"ImageObject\",\"inLanguage\":\"fr-FR\",\"@id\":\"https:\/\/la-perla.net\/fr\/produit\/peeling-citrus-a-la-vitamine-cc\/#primaryimage\",\"url\":\"https:\/\/la-perla.net\/wp-content\/uploads\/2016\/01\/peeling-vitamina-cc.jpg\",\"contentUrl\":\"https:\/\/la-perla.net\/wp-content\/uploads\/2016\/01\/peeling-vitamina-cc.jpg\",\"width\":2000,\"height\":1333,\"caption\":\"Peeling Citrus\"},{\"@type\":\"BreadcrumbList\",\"@id\":\"https:\/\/la-perla.net\/fr\/produit\/peeling-citrus-a-la-vitamine-cc\/#breadcrumb\",\"itemListElement\":[{\"@type\":\"ListItem\",\"position\":1,\"name\":\"Portada\",\"item\":\"https:\/\/la-perla.net\/fr\/\"},{\"@type\":\"ListItem\",\"position\":2,\"name\":\"Boutique\",\"item\":\"https:\/\/la-perla.net\/fr\/boutique\/\"},{\"@type\":\"ListItem\",\"position\":3,\"name\":\"Peeling Citrus \u00e0 la vitamine C+C\"}]},{\"@type\":\"WebSite\",\"@id\":\"https:\/\/la-perla.net\/#website\",\"url\":\"https:\/\/la-perla.net\/\",\"name\":\"Talasoterapia La Perla \u2022 San Sebasti\u00e1n - Donostia\",\"description\":\"Talasoterapia en Guipuzcoa - Centro de salud, belleza y deporte\",\"publisher\":{\"@id\":\"https:\/\/la-perla.net\/#organization\"},\"potentialAction\":[{\"@type\":\"SearchAction\",\"target\":{\"@type\":\"EntryPoint\",\"urlTemplate\":\"https:\/\/la-perla.net\/?s={search_term_string}\"},\"query-input\":{\"@type\":\"PropertyValueSpecification\",\"valueRequired\":true,\"valueName\":\"search_term_string\"}}],\"inLanguage\":\"fr-FR\"},{\"@type\":\"Organization\",\"@id\":\"https:\/\/la-perla.net\/#organization\",\"name\":\"La Perla\",\"url\":\"https:\/\/la-perla.net\/\",\"logo\":{\"@type\":\"ImageObject\",\"inLanguage\":\"fr-FR\",\"@id\":\"https:\/\/la-perla.net\/#\/schema\/logo\/image\/\",\"url\":\"https:\/\/la-perla.net\/wp-content\/uploads\/2020\/09\/talasoterapia-la-perla.png\",\"contentUrl\":\"https:\/\/la-perla.net\/wp-content\/uploads\/2020\/09\/talasoterapia-la-perla.png\",\"width\":191,\"height\":51,\"caption\":\"La Perla\"},\"image\":{\"@id\":\"https:\/\/la-perla.net\/#\/schema\/logo\/image\/\"},\"sameAs\":[\"https:\/\/www.facebook.com\/laperladonosti\/\",\"https:\/\/x.com\/LaPerlaDonosti\",\"https:\/\/www.instagram.com\/laperladonosti\/?hl=es\",\"https:\/\/www.youtube.com\/channel\/UChQhp12N7Lg6ZrOcmAJAy4g\"]}]}<\/script>\n<!-- \/ Yoast SEO plugin. -->","yoast_head_json":{"title":"Peeling Citrus \u00e0 la vitamine C+C \u2022 Thalassoth\u00e9rapie La Perla","description":"Traitement d'exfoliation \u00e0 base d'essence de citron. L'utilisation de la vitamine C apporte de la fra\u00eecheur, id\u00e9ale pour rafra\u00eechir la peau en \u00e9t\u00e9.","robots":{"index":"index","follow":"follow","max-snippet":"max-snippet:-1","max-image-preview":"max-image-preview:large","max-video-preview":"max-video-preview:-1"},"canonical":"https:\/\/la-perla.net\/fr\/produit\/peeling-citrus-a-la-vitamine-cc\/","og_locale":"fr_FR","og_type":"article","og_title":"Peeling Citrus \u00e0 la vitamine C+C \u2022 Thalassoth\u00e9rapie La Perla","og_description":"Traitement d'exfoliation \u00e0 base d'essence de citron. L'utilisation de la vitamine C apporte de la fra\u00eecheur, id\u00e9ale pour rafra\u00eechir la peau en \u00e9t\u00e9.","og_url":"https:\/\/la-perla.net\/fr\/produit\/peeling-citrus-a-la-vitamine-cc\/","og_site_name":"Talasoterapia La Perla \u2022 San Sebasti\u00e1n - Donostia","article_publisher":"https:\/\/www.facebook.com\/laperladonosti\/","article_modified_time":"2024-06-06T11:58:47+00:00","og_image":[{"width":2000,"height":1333,"url":"https:\/\/la-perla.net\/wp-content\/uploads\/2016\/01\/peeling-vitamina-cc.jpg","type":"image\/jpeg"}],"twitter_card":"summary_large_image","twitter_site":"@LaPerlaDonosti","schema":{"@context":"https:\/\/schema.org","@graph":[{"@type":"WebPage","@id":"https:\/\/la-perla.net\/fr\/produit\/peeling-citrus-a-la-vitamine-cc\/","url":"https:\/\/la-perla.net\/fr\/produit\/peeling-citrus-a-la-vitamine-cc\/","name":"Peeling Citrus \u00e0 la vitamine C+C \u2022 Thalassoth\u00e9rapie La Perla","isPartOf":{"@id":"https:\/\/la-perla.net\/#website"},"primaryImageOfPage":{"@id":"https:\/\/la-perla.net\/fr\/produit\/peeling-citrus-a-la-vitamine-cc\/#primaryimage"},"image":{"@id":"https:\/\/la-perla.net\/fr\/produit\/peeling-citrus-a-la-vitamine-cc\/#primaryimage"},"thumbnailUrl":"https:\/\/la-perla.net\/wp-content\/uploads\/2016\/01\/peeling-vitamina-cc.jpg","datePublished":"2016-01-28T10:22:18+00:00","dateModified":"2024-06-06T11:58:47+00:00","description":"Traitement d'exfoliation \u00e0 base d'essence de citron. L'utilisation de la vitamine C apporte de la fra\u00eecheur, id\u00e9ale pour rafra\u00eechir la peau en \u00e9t\u00e9.","breadcrumb":{"@id":"https:\/\/la-perla.net\/fr\/produit\/peeling-citrus-a-la-vitamine-cc\/#breadcrumb"},"inLanguage":"fr-FR","potentialAction":[{"@type":"ReadAction","target":["https:\/\/la-perla.net\/fr\/produit\/peeling-citrus-a-la-vitamine-cc\/"]}]},{"@type":"ImageObject","inLanguage":"fr-FR","@id":"https:\/\/la-perla.net\/fr\/produit\/peeling-citrus-a-la-vitamine-cc\/#primaryimage","url":"https:\/\/la-perla.net\/wp-content\/uploads\/2016\/01\/peeling-vitamina-cc.jpg","contentUrl":"https:\/\/la-perla.net\/wp-content\/uploads\/2016\/01\/peeling-vitamina-cc.jpg","width":2000,"height":1333,"caption":"Peeling Citrus"},{"@type":"BreadcrumbList","@id":"https:\/\/la-perla.net\/fr\/produit\/peeling-citrus-a-la-vitamine-cc\/#breadcrumb","itemListElement":[{"@type":"ListItem","position":1,"name":"Portada","item":"https:\/\/la-perla.net\/fr\/"},{"@type":"ListItem","position":2,"name":"Boutique","item":"https:\/\/la-perla.net\/fr\/boutique\/"},{"@type":"ListItem","position":3,"name":"Peeling Citrus \u00e0 la vitamine C+C"}]},{"@type":"WebSite","@id":"https:\/\/la-perla.net\/#website","url":"https:\/\/la-perla.net\/","name":"Talasoterapia La Perla \u2022 San Sebasti\u00e1n - Donostia","description":"Talasoterapia en Guipuzcoa - Centro de salud, belleza y deporte","publisher":{"@id":"https:\/\/la-perla.net\/#organization"},"potentialAction":[{"@type":"SearchAction","target":{"@type":"EntryPoint","urlTemplate":"https:\/\/la-perla.net\/?s={search_term_string}"},"query-input":{"@type":"PropertyValueSpecification","valueRequired":true,"valueName":"search_term_string"}}],"inLanguage":"fr-FR"},{"@type":"Organization","@id":"https:\/\/la-perla.net\/#organization","name":"La Perla","url":"https:\/\/la-perla.net\/","logo":{"@type":"ImageObject","inLanguage":"fr-FR","@id":"https:\/\/la-perla.net\/#\/schema\/logo\/image\/","url":"https:\/\/la-perla.net\/wp-content\/uploads\/2020\/09\/talasoterapia-la-perla.png","contentUrl":"https:\/\/la-perla.net\/wp-content\/uploads\/2020\/09\/talasoterapia-la-perla.png","width":191,"height":51,"caption":"La Perla"},"image":{"@id":"https:\/\/la-perla.net\/#\/schema\/logo\/image\/"},"sameAs":["https:\/\/www.facebook.com\/laperladonosti\/","https:\/\/x.com\/LaPerlaDonosti","https:\/\/www.instagram.com\/laperladonosti\/?hl=es","https:\/\/www.youtube.com\/channel\/UChQhp12N7Lg6ZrOcmAJAy4g"]}]}},"_links":{"self":[{"href":"https:\/\/la-perla.net\/fr\/wp-json\/wp\/v2\/product\/55446"}],"collection":[{"href":"https:\/\/la-perla.net\/fr\/wp-json\/wp\/v2\/product"}],"about":[{"href":"https:\/\/la-perla.net\/fr\/wp-json\/wp\/v2\/types\/product"}],"wp:featuredmedia":[{"embeddable":true,"href":"https:\/\/la-perla.net\/fr\/wp-json\/wp\/v2\/media\/60930"}],"wp:attachment":[{"href":"https:\/\/la-perla.net\/fr\/wp-json\/wp\/v2\/media?parent=55446"}],"wp:term":[{"taxonomy":"product_brand","embeddable":true,"href":"https:\/\/la-perla.net\/fr\/wp-json\/wp\/v2\/product_brand?post=55446"},{"taxonomy":"product_cat","embeddable":true,"href":"https:\/\/la-perla.net\/fr\/wp-json\/wp\/v2\/product_cat?post=55446"},{"taxonomy":"product_tag","embeddable":true,"href":"https:\/\/la-perla.net\/fr\/wp-json\/wp\/v2\/product_tag?post=55446"}],"curies":[{"name":"wp","href":"https:\/\/api.w.org\/{rel}","templated":true}]}}