{"id":55500,"date":"2021-08-11T10:28:39","date_gmt":"2021-08-11T08:28:39","guid":{"rendered":"https:\/\/laperla21.wpengine.com\/la-perla-salud-estetica\/postnatal\/"},"modified":"2026-05-15T14:07:23","modified_gmt":"2026-05-15T12:07:23","slug":"post-natal","status":"publish","type":"product","link":"https:\/\/la-perla.net\/fr\/produit\/post-natal\/","title":{"rendered":"Post-natal La Perla"},"content":{"rendered":"<p>Programme personnalis\u00e9 pour estomper les s\u00e9quelles de l&rsquo;accouchement ou du post-partum. Ax\u00e9 sur l&rsquo;am\u00e9lioration des d\u00e9s\u00e9quilibres circulatoires, de la ceinture abdominale, des douleurs dorsales ou de l&rsquo;exc\u00e8s de poids r\u00e9sultant de la grossesse.<\/p>\n<p>Dur\u00e9e\u00a0: un mois et demi apr\u00e8s la sortie de la maternit\u00e9.<\/p>\n<p>Compos\u00e9 de 10 s\u00e9ances d\u2019une fr\u00e9quence de 2 ou 3 s\u00e9ances par semaine.<\/p>\n","protected":false},"excerpt":{"rendered":"<p>Programme visant \u00e0 att\u00e9nuer et \u00e0 am\u00e9liorer les s\u00e9quelles de l&rsquo;accouchement ou du post-partum Travail sur la ceinture abdominale, le d\u00e9s\u00e9quilibre circulatoire, les douleurs dorsales, le surpoids et le travail p\u00e9rin\u00e9al.<\/p>\n","protected":false},"featured_media":61276,"template":"","meta":{"_genesis_hide_title":false,"_genesis_hide_breadcrumbs":false,"_genesis_hide_singular_image":false,"_genesis_hide_footer_widgets":false,"_genesis_custom_body_class":"","_genesis_custom_post_class":"","_genesis_layout":""},"product_brand":[],"product_cat":[915],"product_tag":[],"class_list":{"0":"post-55500","1":"product","2":"type-product","3":"status-publish","4":"has-post-thumbnail","6":"product_cat-future-maman","7":"entry","9":"first","10":"instock","11":"purchasable","12":"product-type-simple"},"yoast_head":"<!-- This site is optimized with the Yoast SEO plugin v25.6 - https:\/\/yoast.com\/wordpress\/plugins\/seo\/ -->\n<title>Post-Natal \u2022 Thalassoth\u00e9rapie La Perla \u2022 Saint-S\u00e9bastien<\/title>\n<meta name=\"description\" content=\"Post-Natal est un traitement personnalis\u00e9 qui att\u00e9nue et am\u00e9liore les cons\u00e9quences de l&#039;accouchement ou du post-partum.\" \/>\n<meta name=\"robots\" content=\"index, follow, max-snippet:-1, max-image-preview:large, max-video-preview:-1\" \/>\n<link rel=\"canonical\" href=\"https:\/\/la-perla.net\/fr\/produit\/post-natal\/\" \/>\n<meta property=\"og:locale\" content=\"fr_FR\" \/>\n<meta property=\"og:type\" content=\"article\" \/>\n<meta property=\"og:title\" content=\"Post-Natal \u2022 Thalassoth\u00e9rapie La Perla \u2022 Saint-S\u00e9bastien\" \/>\n<meta property=\"og:description\" content=\"Post-Natal est un traitement personnalis\u00e9 qui att\u00e9nue et am\u00e9liore les cons\u00e9quences de l&#039;accouchement ou du post-partum.\" \/>\n<meta property=\"og:url\" content=\"https:\/\/la-perla.net\/fr\/produit\/post-natal\/\" \/>\n<meta property=\"og:site_name\" content=\"Talasoterapia La Perla \u2022 San Sebasti\u00e1n - Donostia\" \/>\n<meta property=\"article:publisher\" content=\"https:\/\/www.facebook.com\/laperladonosti\/\" \/>\n<meta property=\"article:modified_time\" content=\"2026-05-15T12:07:23+00:00\" \/>\n<meta property=\"og:image\" content=\"https:\/\/la-perla.net\/wp-content\/uploads\/2013\/04\/post-natal.jpg\" \/>\n\t<meta property=\"og:image:width\" content=\"500\" \/>\n\t<meta property=\"og:image:height\" content=\"353\" \/>\n\t<meta property=\"og:image:type\" content=\"image\/jpeg\" \/>\n<meta name=\"twitter:card\" content=\"summary_large_image\" \/>\n<meta name=\"twitter:site\" content=\"@LaPerlaDonosti\" \/>\n<script type=\"application\/ld+json\" class=\"yoast-schema-graph\">{\"@context\":\"https:\/\/schema.org\",\"@graph\":[{\"@type\":\"WebPage\",\"@id\":\"https:\/\/la-perla.net\/fr\/produit\/post-natal\/\",\"url\":\"https:\/\/la-perla.net\/fr\/produit\/post-natal\/\",\"name\":\"Post-Natal \u2022 Thalassoth\u00e9rapie La Perla \u2022 Saint-S\u00e9bastien\",\"isPartOf\":{\"@id\":\"https:\/\/la-perla.net\/#website\"},\"primaryImageOfPage\":{\"@id\":\"https:\/\/la-perla.net\/fr\/produit\/post-natal\/#primaryimage\"},\"image\":{\"@id\":\"https:\/\/la-perla.net\/fr\/produit\/post-natal\/#primaryimage\"},\"thumbnailUrl\":\"https:\/\/la-perla.net\/wp-content\/uploads\/2013\/04\/post-natal.jpg\",\"datePublished\":\"2021-08-11T08:28:39+00:00\",\"dateModified\":\"2026-05-15T12:07:23+00:00\",\"description\":\"Post-Natal est un traitement personnalis\u00e9 qui att\u00e9nue et am\u00e9liore les cons\u00e9quences de l'accouchement ou du post-partum.\",\"breadcrumb\":{\"@id\":\"https:\/\/la-perla.net\/fr\/produit\/post-natal\/#breadcrumb\"},\"inLanguage\":\"fr-FR\",\"potentialAction\":[{\"@type\":\"ReadAction\",\"target\":[\"https:\/\/la-perla.net\/fr\/produit\/post-natal\/\"]}]},{\"@type\":\"ImageObject\",\"inLanguage\":\"fr-FR\",\"@id\":\"https:\/\/la-perla.net\/fr\/produit\/post-natal\/#primaryimage\",\"url\":\"https:\/\/la-perla.net\/wp-content\/uploads\/2013\/04\/post-natal.jpg\",\"contentUrl\":\"https:\/\/la-perla.net\/wp-content\/uploads\/2013\/04\/post-natal.jpg\",\"width\":500,\"height\":353,\"caption\":\"post natal\"},{\"@type\":\"BreadcrumbList\",\"@id\":\"https:\/\/la-perla.net\/fr\/produit\/post-natal\/#breadcrumb\",\"itemListElement\":[{\"@type\":\"ListItem\",\"position\":1,\"name\":\"Portada\",\"item\":\"https:\/\/la-perla.net\/fr\/\"},{\"@type\":\"ListItem\",\"position\":2,\"name\":\"Boutique\",\"item\":\"https:\/\/la-perla.net\/fr\/boutique\/\"},{\"@type\":\"ListItem\",\"position\":3,\"name\":\"Post-natal La Perla\"}]},{\"@type\":\"WebSite\",\"@id\":\"https:\/\/la-perla.net\/#website\",\"url\":\"https:\/\/la-perla.net\/\",\"name\":\"Talasoterapia La Perla \u2022 San Sebasti\u00e1n - Donostia\",\"description\":\"Talasoterapia en Guipuzcoa - Centro de salud, belleza y deporte\",\"publisher\":{\"@id\":\"https:\/\/la-perla.net\/#organization\"},\"potentialAction\":[{\"@type\":\"SearchAction\",\"target\":{\"@type\":\"EntryPoint\",\"urlTemplate\":\"https:\/\/la-perla.net\/?s={search_term_string}\"},\"query-input\":{\"@type\":\"PropertyValueSpecification\",\"valueRequired\":true,\"valueName\":\"search_term_string\"}}],\"inLanguage\":\"fr-FR\"},{\"@type\":\"Organization\",\"@id\":\"https:\/\/la-perla.net\/#organization\",\"name\":\"La Perla\",\"url\":\"https:\/\/la-perla.net\/\",\"logo\":{\"@type\":\"ImageObject\",\"inLanguage\":\"fr-FR\",\"@id\":\"https:\/\/la-perla.net\/#\/schema\/logo\/image\/\",\"url\":\"https:\/\/la-perla.net\/wp-content\/uploads\/2020\/09\/talasoterapia-la-perla.png\",\"contentUrl\":\"https:\/\/la-perla.net\/wp-content\/uploads\/2020\/09\/talasoterapia-la-perla.png\",\"width\":191,\"height\":51,\"caption\":\"La Perla\"},\"image\":{\"@id\":\"https:\/\/la-perla.net\/#\/schema\/logo\/image\/\"},\"sameAs\":[\"https:\/\/www.facebook.com\/laperladonosti\/\",\"https:\/\/x.com\/LaPerlaDonosti\",\"https:\/\/www.instagram.com\/laperladonosti\/?hl=es\",\"https:\/\/www.youtube.com\/channel\/UChQhp12N7Lg6ZrOcmAJAy4g\"]}]}<\/script>\n<!-- \/ Yoast SEO plugin. -->","yoast_head_json":{"title":"Post-Natal \u2022 Thalassoth\u00e9rapie La Perla \u2022 Saint-S\u00e9bastien","description":"Post-Natal est un traitement personnalis\u00e9 qui att\u00e9nue et am\u00e9liore les cons\u00e9quences de l'accouchement ou du post-partum.","robots":{"index":"index","follow":"follow","max-snippet":"max-snippet:-1","max-image-preview":"max-image-preview:large","max-video-preview":"max-video-preview:-1"},"canonical":"https:\/\/la-perla.net\/fr\/produit\/post-natal\/","og_locale":"fr_FR","og_type":"article","og_title":"Post-Natal \u2022 Thalassoth\u00e9rapie La Perla \u2022 Saint-S\u00e9bastien","og_description":"Post-Natal est un traitement personnalis\u00e9 qui att\u00e9nue et am\u00e9liore les cons\u00e9quences de l'accouchement ou du post-partum.","og_url":"https:\/\/la-perla.net\/fr\/produit\/post-natal\/","og_site_name":"Talasoterapia La Perla \u2022 San Sebasti\u00e1n - Donostia","article_publisher":"https:\/\/www.facebook.com\/laperladonosti\/","article_modified_time":"2026-05-15T12:07:23+00:00","og_image":[{"width":500,"height":353,"url":"https:\/\/la-perla.net\/wp-content\/uploads\/2013\/04\/post-natal.jpg","type":"image\/jpeg"}],"twitter_card":"summary_large_image","twitter_site":"@LaPerlaDonosti","schema":{"@context":"https:\/\/schema.org","@graph":[{"@type":"WebPage","@id":"https:\/\/la-perla.net\/fr\/produit\/post-natal\/","url":"https:\/\/la-perla.net\/fr\/produit\/post-natal\/","name":"Post-Natal \u2022 Thalassoth\u00e9rapie La Perla \u2022 Saint-S\u00e9bastien","isPartOf":{"@id":"https:\/\/la-perla.net\/#website"},"primaryImageOfPage":{"@id":"https:\/\/la-perla.net\/fr\/produit\/post-natal\/#primaryimage"},"image":{"@id":"https:\/\/la-perla.net\/fr\/produit\/post-natal\/#primaryimage"},"thumbnailUrl":"https:\/\/la-perla.net\/wp-content\/uploads\/2013\/04\/post-natal.jpg","datePublished":"2021-08-11T08:28:39+00:00","dateModified":"2026-05-15T12:07:23+00:00","description":"Post-Natal est un traitement personnalis\u00e9 qui att\u00e9nue et am\u00e9liore les cons\u00e9quences de l'accouchement ou du post-partum.","breadcrumb":{"@id":"https:\/\/la-perla.net\/fr\/produit\/post-natal\/#breadcrumb"},"inLanguage":"fr-FR","potentialAction":[{"@type":"ReadAction","target":["https:\/\/la-perla.net\/fr\/produit\/post-natal\/"]}]},{"@type":"ImageObject","inLanguage":"fr-FR","@id":"https:\/\/la-perla.net\/fr\/produit\/post-natal\/#primaryimage","url":"https:\/\/la-perla.net\/wp-content\/uploads\/2013\/04\/post-natal.jpg","contentUrl":"https:\/\/la-perla.net\/wp-content\/uploads\/2013\/04\/post-natal.jpg","width":500,"height":353,"caption":"post natal"},{"@type":"BreadcrumbList","@id":"https:\/\/la-perla.net\/fr\/produit\/post-natal\/#breadcrumb","itemListElement":[{"@type":"ListItem","position":1,"name":"Portada","item":"https:\/\/la-perla.net\/fr\/"},{"@type":"ListItem","position":2,"name":"Boutique","item":"https:\/\/la-perla.net\/fr\/boutique\/"},{"@type":"ListItem","position":3,"name":"Post-natal La Perla"}]},{"@type":"WebSite","@id":"https:\/\/la-perla.net\/#website","url":"https:\/\/la-perla.net\/","name":"Talasoterapia La Perla \u2022 San Sebasti\u00e1n - Donostia","description":"Talasoterapia en Guipuzcoa - Centro de salud, belleza y deporte","publisher":{"@id":"https:\/\/la-perla.net\/#organization"},"potentialAction":[{"@type":"SearchAction","target":{"@type":"EntryPoint","urlTemplate":"https:\/\/la-perla.net\/?s={search_term_string}"},"query-input":{"@type":"PropertyValueSpecification","valueRequired":true,"valueName":"search_term_string"}}],"inLanguage":"fr-FR"},{"@type":"Organization","@id":"https:\/\/la-perla.net\/#organization","name":"La Perla","url":"https:\/\/la-perla.net\/","logo":{"@type":"ImageObject","inLanguage":"fr-FR","@id":"https:\/\/la-perla.net\/#\/schema\/logo\/image\/","url":"https:\/\/la-perla.net\/wp-content\/uploads\/2020\/09\/talasoterapia-la-perla.png","contentUrl":"https:\/\/la-perla.net\/wp-content\/uploads\/2020\/09\/talasoterapia-la-perla.png","width":191,"height":51,"caption":"La Perla"},"image":{"@id":"https:\/\/la-perla.net\/#\/schema\/logo\/image\/"},"sameAs":["https:\/\/www.facebook.com\/laperladonosti\/","https:\/\/x.com\/LaPerlaDonosti","https:\/\/www.instagram.com\/laperladonosti\/?hl=es","https:\/\/www.youtube.com\/channel\/UChQhp12N7Lg6ZrOcmAJAy4g"]}]}},"_links":{"self":[{"href":"https:\/\/la-perla.net\/fr\/wp-json\/wp\/v2\/product\/55500"}],"collection":[{"href":"https:\/\/la-perla.net\/fr\/wp-json\/wp\/v2\/product"}],"about":[{"href":"https:\/\/la-perla.net\/fr\/wp-json\/wp\/v2\/types\/product"}],"wp:featuredmedia":[{"embeddable":true,"href":"https:\/\/la-perla.net\/fr\/wp-json\/wp\/v2\/media\/61276"}],"wp:attachment":[{"href":"https:\/\/la-perla.net\/fr\/wp-json\/wp\/v2\/media?parent=55500"}],"wp:term":[{"taxonomy":"product_brand","embeddable":true,"href":"https:\/\/la-perla.net\/fr\/wp-json\/wp\/v2\/product_brand?post=55500"},{"taxonomy":"product_cat","embeddable":true,"href":"https:\/\/la-perla.net\/fr\/wp-json\/wp\/v2\/product_cat?post=55500"},{"taxonomy":"product_tag","embeddable":true,"href":"https:\/\/la-perla.net\/fr\/wp-json\/wp\/v2\/product_tag?post=55500"}],"curies":[{"name":"wp","href":"https:\/\/api.w.org\/{rel}","templated":true}]}}