{"id":55530,"date":"2012-10-03T14:13:07","date_gmt":"2012-10-03T12:13:07","guid":{"rendered":"https:\/\/laperla21.wpengine.com\/la-perla-salud-estetica\/programme-jambes-lourdes\/"},"modified":"2025-03-13T13:45:48","modified_gmt":"2025-03-13T12:45:48","slug":"circulatoire-jambes-fatiguees-1h-30min","status":"publish","type":"product","link":"https:\/\/la-perla.net\/fr\/produit\/circulatoire-jambes-fatiguees-1h-30min\/","title":{"rendered":"Circulatoire Jambes Fatigu\u00e9es 1h 30min"},"content":{"rendered":"<p>Programme qui am\u00e9liore la circulation de retour veineux et qui procure un effet apaisant et de relax. Indiqu\u00e9 pour les personnes souffrant de r\u00e9tention de liquides, gonflements, lourdeur des extr\u00e9mit\u00e9s ou varices. <\/p>\n<p>Il comprend :<\/p>\n<p>-Bain d\u2019hydromassage drainant<br \/>\n-Enveloppement aux algues.<br \/>\n-Massage circulatoire.<\/p>\n<p>Dur\u00e9e : 1 heure et 30 minutes.<\/p>\n","protected":false},"excerpt":{"rendered":"<p>Programme indiqu\u00e9 pour les personnes souffrant de r\u00e9tention de liquides, gonflements, lourdeur, etc.<\/p>\n","protected":false},"featured_media":61326,"template":"","meta":{"_genesis_hide_title":false,"_genesis_hide_breadcrumbs":false,"_genesis_hide_singular_image":false,"_genesis_hide_footer_widgets":false,"_genesis_custom_body_class":"","_genesis_custom_post_class":"","_genesis_layout":""},"product_brand":[],"product_cat":[889],"product_tag":[],"class_list":{"0":"post-55530","1":"product","2":"type-product","3":"status-publish","4":"has-post-thumbnail","6":"product_cat-experiences-de-sante","7":"product_shipping_class-bonos-y-vales-fr","8":"entry","10":"first","11":"instock","12":"shipping-taxable","13":"purchasable","14":"product-type-simple"},"yoast_head":"<!-- This site is optimized with the Yoast SEO plugin v25.6 - https:\/\/yoast.com\/wordpress\/plugins\/seo\/ -->\n<title>Am\u00e9liorez la circulation de retour avec le Soulagement de la jambe de sport<\/title>\n<meta name=\"description\" content=\"Le Legs Unloader convient pour la post-comp\u00e9tition, la d\u00e9charge musculaire ou la pr\u00e9vention des blessures...\" \/>\n<meta name=\"robots\" content=\"index, follow, max-snippet:-1, max-image-preview:large, max-video-preview:-1\" \/>\n<link rel=\"canonical\" href=\"https:\/\/la-perla.net\/fr\/produit\/circulatoire-jambes-fatiguees-1h-30min\/\" \/>\n<meta property=\"og:locale\" content=\"fr_FR\" \/>\n<meta property=\"og:type\" content=\"article\" \/>\n<meta property=\"og:title\" content=\"Am\u00e9liorez la circulation de retour avec le Soulagement de la jambe de sport\" \/>\n<meta property=\"og:description\" content=\"Le Legs Unloader convient pour la post-comp\u00e9tition, la d\u00e9charge musculaire ou la pr\u00e9vention des blessures...\" \/>\n<meta property=\"og:url\" content=\"https:\/\/la-perla.net\/fr\/produit\/circulatoire-jambes-fatiguees-1h-30min\/\" \/>\n<meta property=\"og:site_name\" content=\"Talasoterapia La Perla \u2022 San Sebasti\u00e1n - Donostia\" \/>\n<meta property=\"article:publisher\" content=\"https:\/\/www.facebook.com\/laperladonosti\/\" \/>\n<meta property=\"article:modified_time\" content=\"2025-03-13T12:45:48+00:00\" \/>\n<meta property=\"og:image\" content=\"https:\/\/la-perla.net\/wp-content\/uploads\/2012\/10\/circulatorio-piernas-cansadas.jpg\" \/>\n\t<meta property=\"og:image:width\" content=\"842\" \/>\n\t<meta property=\"og:image:height\" content=\"595\" \/>\n\t<meta property=\"og:image:type\" content=\"image\/jpeg\" \/>\n<meta name=\"twitter:card\" content=\"summary_large_image\" \/>\n<meta name=\"twitter:site\" content=\"@LaPerlaDonosti\" \/>\n<script type=\"application\/ld+json\" class=\"yoast-schema-graph\">{\"@context\":\"https:\/\/schema.org\",\"@graph\":[{\"@type\":\"WebPage\",\"@id\":\"https:\/\/la-perla.net\/fr\/produit\/circulatoire-jambes-fatiguees-1h-30min\/\",\"url\":\"https:\/\/la-perla.net\/fr\/produit\/circulatoire-jambes-fatiguees-1h-30min\/\",\"name\":\"Am\u00e9liorez la circulation de retour avec le Soulagement de la jambe de sport\",\"isPartOf\":{\"@id\":\"https:\/\/la-perla.net\/#website\"},\"primaryImageOfPage\":{\"@id\":\"https:\/\/la-perla.net\/fr\/produit\/circulatoire-jambes-fatiguees-1h-30min\/#primaryimage\"},\"image\":{\"@id\":\"https:\/\/la-perla.net\/fr\/produit\/circulatoire-jambes-fatiguees-1h-30min\/#primaryimage\"},\"thumbnailUrl\":\"https:\/\/la-perla.net\/wp-content\/uploads\/2012\/10\/circulatorio-piernas-cansadas.jpg\",\"datePublished\":\"2012-10-03T12:13:07+00:00\",\"dateModified\":\"2025-03-13T12:45:48+00:00\",\"description\":\"Le Legs Unloader convient pour la post-comp\u00e9tition, la d\u00e9charge musculaire ou la pr\u00e9vention des blessures...\",\"breadcrumb\":{\"@id\":\"https:\/\/la-perla.net\/fr\/produit\/circulatoire-jambes-fatiguees-1h-30min\/#breadcrumb\"},\"inLanguage\":\"fr-FR\",\"potentialAction\":[{\"@type\":\"ReadAction\",\"target\":[\"https:\/\/la-perla.net\/fr\/produit\/circulatoire-jambes-fatiguees-1h-30min\/\"]}]},{\"@type\":\"ImageObject\",\"inLanguage\":\"fr-FR\",\"@id\":\"https:\/\/la-perla.net\/fr\/produit\/circulatoire-jambes-fatiguees-1h-30min\/#primaryimage\",\"url\":\"https:\/\/la-perla.net\/wp-content\/uploads\/2012\/10\/circulatorio-piernas-cansadas.jpg\",\"contentUrl\":\"https:\/\/la-perla.net\/wp-content\/uploads\/2012\/10\/circulatorio-piernas-cansadas.jpg\",\"width\":842,\"height\":595},{\"@type\":\"BreadcrumbList\",\"@id\":\"https:\/\/la-perla.net\/fr\/produit\/circulatoire-jambes-fatiguees-1h-30min\/#breadcrumb\",\"itemListElement\":[{\"@type\":\"ListItem\",\"position\":1,\"name\":\"Portada\",\"item\":\"https:\/\/la-perla.net\/fr\/\"},{\"@type\":\"ListItem\",\"position\":2,\"name\":\"Boutique\",\"item\":\"https:\/\/la-perla.net\/fr\/boutique\/\"},{\"@type\":\"ListItem\",\"position\":3,\"name\":\"Circulatoire Jambes Fatigu\u00e9es 1h 30min\"}]},{\"@type\":\"WebSite\",\"@id\":\"https:\/\/la-perla.net\/#website\",\"url\":\"https:\/\/la-perla.net\/\",\"name\":\"Talasoterapia La Perla \u2022 San Sebasti\u00e1n - Donostia\",\"description\":\"Talasoterapia en Guipuzcoa - Centro de salud, belleza y deporte\",\"publisher\":{\"@id\":\"https:\/\/la-perla.net\/#organization\"},\"potentialAction\":[{\"@type\":\"SearchAction\",\"target\":{\"@type\":\"EntryPoint\",\"urlTemplate\":\"https:\/\/la-perla.net\/?s={search_term_string}\"},\"query-input\":{\"@type\":\"PropertyValueSpecification\",\"valueRequired\":true,\"valueName\":\"search_term_string\"}}],\"inLanguage\":\"fr-FR\"},{\"@type\":\"Organization\",\"@id\":\"https:\/\/la-perla.net\/#organization\",\"name\":\"La Perla\",\"url\":\"https:\/\/la-perla.net\/\",\"logo\":{\"@type\":\"ImageObject\",\"inLanguage\":\"fr-FR\",\"@id\":\"https:\/\/la-perla.net\/#\/schema\/logo\/image\/\",\"url\":\"https:\/\/la-perla.net\/wp-content\/uploads\/2020\/09\/talasoterapia-la-perla.png\",\"contentUrl\":\"https:\/\/la-perla.net\/wp-content\/uploads\/2020\/09\/talasoterapia-la-perla.png\",\"width\":191,\"height\":51,\"caption\":\"La Perla\"},\"image\":{\"@id\":\"https:\/\/la-perla.net\/#\/schema\/logo\/image\/\"},\"sameAs\":[\"https:\/\/www.facebook.com\/laperladonosti\/\",\"https:\/\/x.com\/LaPerlaDonosti\",\"https:\/\/www.instagram.com\/laperladonosti\/?hl=es\",\"https:\/\/www.youtube.com\/channel\/UChQhp12N7Lg6ZrOcmAJAy4g\"]}]}<\/script>\n<!-- \/ Yoast SEO plugin. -->","yoast_head_json":{"title":"Am\u00e9liorez la circulation de retour avec le Soulagement de la jambe de sport","description":"Le Legs Unloader convient pour la post-comp\u00e9tition, la d\u00e9charge musculaire ou la pr\u00e9vention des blessures...","robots":{"index":"index","follow":"follow","max-snippet":"max-snippet:-1","max-image-preview":"max-image-preview:large","max-video-preview":"max-video-preview:-1"},"canonical":"https:\/\/la-perla.net\/fr\/produit\/circulatoire-jambes-fatiguees-1h-30min\/","og_locale":"fr_FR","og_type":"article","og_title":"Am\u00e9liorez la circulation de retour avec le Soulagement de la jambe de sport","og_description":"Le Legs Unloader convient pour la post-comp\u00e9tition, la d\u00e9charge musculaire ou la pr\u00e9vention des blessures...","og_url":"https:\/\/la-perla.net\/fr\/produit\/circulatoire-jambes-fatiguees-1h-30min\/","og_site_name":"Talasoterapia La Perla \u2022 San Sebasti\u00e1n - Donostia","article_publisher":"https:\/\/www.facebook.com\/laperladonosti\/","article_modified_time":"2025-03-13T12:45:48+00:00","og_image":[{"width":842,"height":595,"url":"https:\/\/la-perla.net\/wp-content\/uploads\/2012\/10\/circulatorio-piernas-cansadas.jpg","type":"image\/jpeg"}],"twitter_card":"summary_large_image","twitter_site":"@LaPerlaDonosti","schema":{"@context":"https:\/\/schema.org","@graph":[{"@type":"WebPage","@id":"https:\/\/la-perla.net\/fr\/produit\/circulatoire-jambes-fatiguees-1h-30min\/","url":"https:\/\/la-perla.net\/fr\/produit\/circulatoire-jambes-fatiguees-1h-30min\/","name":"Am\u00e9liorez la circulation de retour avec le Soulagement de la jambe de sport","isPartOf":{"@id":"https:\/\/la-perla.net\/#website"},"primaryImageOfPage":{"@id":"https:\/\/la-perla.net\/fr\/produit\/circulatoire-jambes-fatiguees-1h-30min\/#primaryimage"},"image":{"@id":"https:\/\/la-perla.net\/fr\/produit\/circulatoire-jambes-fatiguees-1h-30min\/#primaryimage"},"thumbnailUrl":"https:\/\/la-perla.net\/wp-content\/uploads\/2012\/10\/circulatorio-piernas-cansadas.jpg","datePublished":"2012-10-03T12:13:07+00:00","dateModified":"2025-03-13T12:45:48+00:00","description":"Le Legs Unloader convient pour la post-comp\u00e9tition, la d\u00e9charge musculaire ou la pr\u00e9vention des blessures...","breadcrumb":{"@id":"https:\/\/la-perla.net\/fr\/produit\/circulatoire-jambes-fatiguees-1h-30min\/#breadcrumb"},"inLanguage":"fr-FR","potentialAction":[{"@type":"ReadAction","target":["https:\/\/la-perla.net\/fr\/produit\/circulatoire-jambes-fatiguees-1h-30min\/"]}]},{"@type":"ImageObject","inLanguage":"fr-FR","@id":"https:\/\/la-perla.net\/fr\/produit\/circulatoire-jambes-fatiguees-1h-30min\/#primaryimage","url":"https:\/\/la-perla.net\/wp-content\/uploads\/2012\/10\/circulatorio-piernas-cansadas.jpg","contentUrl":"https:\/\/la-perla.net\/wp-content\/uploads\/2012\/10\/circulatorio-piernas-cansadas.jpg","width":842,"height":595},{"@type":"BreadcrumbList","@id":"https:\/\/la-perla.net\/fr\/produit\/circulatoire-jambes-fatiguees-1h-30min\/#breadcrumb","itemListElement":[{"@type":"ListItem","position":1,"name":"Portada","item":"https:\/\/la-perla.net\/fr\/"},{"@type":"ListItem","position":2,"name":"Boutique","item":"https:\/\/la-perla.net\/fr\/boutique\/"},{"@type":"ListItem","position":3,"name":"Circulatoire Jambes Fatigu\u00e9es 1h 30min"}]},{"@type":"WebSite","@id":"https:\/\/la-perla.net\/#website","url":"https:\/\/la-perla.net\/","name":"Talasoterapia La Perla \u2022 San Sebasti\u00e1n - Donostia","description":"Talasoterapia en Guipuzcoa - Centro de salud, belleza y deporte","publisher":{"@id":"https:\/\/la-perla.net\/#organization"},"potentialAction":[{"@type":"SearchAction","target":{"@type":"EntryPoint","urlTemplate":"https:\/\/la-perla.net\/?s={search_term_string}"},"query-input":{"@type":"PropertyValueSpecification","valueRequired":true,"valueName":"search_term_string"}}],"inLanguage":"fr-FR"},{"@type":"Organization","@id":"https:\/\/la-perla.net\/#organization","name":"La Perla","url":"https:\/\/la-perla.net\/","logo":{"@type":"ImageObject","inLanguage":"fr-FR","@id":"https:\/\/la-perla.net\/#\/schema\/logo\/image\/","url":"https:\/\/la-perla.net\/wp-content\/uploads\/2020\/09\/talasoterapia-la-perla.png","contentUrl":"https:\/\/la-perla.net\/wp-content\/uploads\/2020\/09\/talasoterapia-la-perla.png","width":191,"height":51,"caption":"La Perla"},"image":{"@id":"https:\/\/la-perla.net\/#\/schema\/logo\/image\/"},"sameAs":["https:\/\/www.facebook.com\/laperladonosti\/","https:\/\/x.com\/LaPerlaDonosti","https:\/\/www.instagram.com\/laperladonosti\/?hl=es","https:\/\/www.youtube.com\/channel\/UChQhp12N7Lg6ZrOcmAJAy4g"]}]}},"_links":{"self":[{"href":"https:\/\/la-perla.net\/fr\/wp-json\/wp\/v2\/product\/55530"}],"collection":[{"href":"https:\/\/la-perla.net\/fr\/wp-json\/wp\/v2\/product"}],"about":[{"href":"https:\/\/la-perla.net\/fr\/wp-json\/wp\/v2\/types\/product"}],"wp:featuredmedia":[{"embeddable":true,"href":"https:\/\/la-perla.net\/fr\/wp-json\/wp\/v2\/media\/61326"}],"wp:attachment":[{"href":"https:\/\/la-perla.net\/fr\/wp-json\/wp\/v2\/media?parent=55530"}],"wp:term":[{"taxonomy":"product_brand","embeddable":true,"href":"https:\/\/la-perla.net\/fr\/wp-json\/wp\/v2\/product_brand?post=55530"},{"taxonomy":"product_cat","embeddable":true,"href":"https:\/\/la-perla.net\/fr\/wp-json\/wp\/v2\/product_cat?post=55530"},{"taxonomy":"product_tag","embeddable":true,"href":"https:\/\/la-perla.net\/fr\/wp-json\/wp\/v2\/product_tag?post=55530"}],"curies":[{"name":"wp","href":"https:\/\/api.w.org\/{rel}","templated":true}]}}