{"id":55535,"date":"2012-10-03T13:52:02","date_gmt":"2012-10-03T11:52:02","guid":{"rendered":"https:\/\/laperla21.wpengine.com\/la-perla-salud-estetica\/massage-polynesien-aux-pochons-de-sable-chaud\/"},"modified":"2024-06-06T13:59:21","modified_gmt":"2024-06-06T11:59:21","slug":"massage-polynesien-avec-des-petits-sacs-de-sable-chaud","status":"publish","type":"product","link":"https:\/\/la-perla.net\/fr\/produit\/massage-polynesien-avec-des-petits-sacs-de-sable-chaud\/","title":{"rendered":"Massage Tahiti avec des petits sacs de sable chaud et de l&rsquo;huile Mono\u00ef"},"content":{"rendered":"<p>Massage polyn\u00e9sien avec tuiponos (petits sacs de sable chaud propres \u00e0 cette culture), coussins d\u2019eau chaude et huile Mahana. Il s\u2019agit d\u2019un massage traditionnel, lent et rythmique, qui agit en profondeur sur les muscles et qui allie diff\u00e9rentes techniques :<\/p>\n<p><strong>\u2022 Bercements Tamur\u00e9 :<\/strong><\/p>\n<p>Tout le corps se berce au rythme des vagues et des danses traditionnelles de Polyn\u00e9sie. Le corps se rel\u00e2che, les muscles se rel\u00e2chent. <\/p>\n<p><strong>\u2022 Spirales Oc\u00e9aniques :<\/strong><\/p>\n<p>Cette technique consiste \u00e0 r\u00e9aliser des mouvements profonds et rythmiques en \u00ab 8 \u00bb. <\/p>\n<p><strong>\u2022 P\u00e9trissage de Polyn\u00e9sie<\/strong><\/p>\n<p>Technique qui permet de d\u00e9contracter la musculature.<\/p>\n<p><strong>\u2022 Brise de Tahiti :<\/strong><\/p>\n<p>Technique qui permet de chauffer la zone et de stimuler l\u2019\u00e9nergie vitale. <\/p>\n<p><strong>\u2022 Lissages Lomi Lomi :<\/strong><\/p>\n<p>Technique ultra-d\u00e9contractante, qui invite \u00e0 l\u2019\u00e9vasion et \u00e0 la relaxation.<\/p>\n<p>&nbsp;<\/p>\n","protected":false},"excerpt":{"rendered":"<p>Massage traditionnel polyn\u00e9sien avec des petits sacs et des coussins d\u2019eau chaude.<\/p>\n","protected":false},"featured_media":87637,"template":"","meta":{"_genesis_hide_title":false,"_genesis_hide_breadcrumbs":false,"_genesis_hide_singular_image":false,"_genesis_hide_footer_widgets":false,"_genesis_custom_body_class":"","_genesis_custom_post_class":"","_genesis_layout":""},"product_brand":[],"product_cat":[927],"product_tag":[],"class_list":{"0":"post-55535","1":"product","2":"type-product","3":"status-publish","4":"has-post-thumbnail","6":"product_cat-massages-sensoriels-du-monde","7":"product_shipping_class-bonos-y-vales-fr","8":"entry","10":"first","11":"instock","12":"shipping-taxable","13":"purchasable","14":"product-type-simple"},"yoast_head":"<!-- This site is optimized with the Yoast SEO plugin v25.6 - https:\/\/yoast.com\/wordpress\/plugins\/seo\/ -->\n<title>Massage Tahiti \u2022 Thalassoth\u00e9rapie La Perla \u2022 Saint S\u00e9bastien<\/title>\n<meta name=\"description\" content=\"D\u00e9couvrez le massage polyn\u00e9sien avec les tuiponos, les coussins d&#039;eau chaude et l&#039;huile de Mahana. Il s&#039;agit d&#039;un massage traditionnel, lent et rythm\u00e9.\" \/>\n<meta name=\"robots\" content=\"index, follow, max-snippet:-1, max-image-preview:large, max-video-preview:-1\" \/>\n<link rel=\"canonical\" href=\"https:\/\/la-perla.net\/fr\/produit\/massage-polynesien-avec-des-petits-sacs-de-sable-chaud\/\" \/>\n<meta property=\"og:locale\" content=\"fr_FR\" \/>\n<meta property=\"og:type\" content=\"article\" \/>\n<meta property=\"og:title\" content=\"Massage Tahiti \u2022 Thalassoth\u00e9rapie La Perla \u2022 Saint S\u00e9bastien\" \/>\n<meta property=\"og:description\" content=\"D\u00e9couvrez le massage polyn\u00e9sien avec les tuiponos, les coussins d&#039;eau chaude et l&#039;huile de Mahana. Il s&#039;agit d&#039;un massage traditionnel, lent et rythm\u00e9.\" \/>\n<meta property=\"og:url\" content=\"https:\/\/la-perla.net\/fr\/produit\/massage-polynesien-avec-des-petits-sacs-de-sable-chaud\/\" \/>\n<meta property=\"og:site_name\" content=\"Talasoterapia La Perla \u2022 San Sebasti\u00e1n - Donostia\" \/>\n<meta property=\"article:publisher\" content=\"https:\/\/www.facebook.com\/laperladonosti\/\" \/>\n<meta property=\"article:modified_time\" content=\"2024-06-06T11:59:21+00:00\" \/>\n<meta property=\"og:image\" content=\"https:\/\/la-perla.net\/wp-content\/uploads\/2022\/04\/Tahiti-con-saquitos-de-arena-caliente.jpg\" \/>\n\t<meta property=\"og:image:width\" content=\"600\" \/>\n\t<meta property=\"og:image:height\" content=\"424\" \/>\n\t<meta property=\"og:image:type\" content=\"image\/jpeg\" \/>\n<meta name=\"twitter:card\" content=\"summary_large_image\" \/>\n<meta name=\"twitter:site\" content=\"@LaPerlaDonosti\" \/>\n<meta name=\"twitter:label1\" content=\"Dur\u00e9e de lecture estim\u00e9e\" \/>\n\t<meta name=\"twitter:data1\" content=\"1 minute\" \/>\n<script type=\"application\/ld+json\" class=\"yoast-schema-graph\">{\"@context\":\"https:\/\/schema.org\",\"@graph\":[{\"@type\":\"WebPage\",\"@id\":\"https:\/\/la-perla.net\/fr\/produit\/massage-polynesien-avec-des-petits-sacs-de-sable-chaud\/\",\"url\":\"https:\/\/la-perla.net\/fr\/produit\/massage-polynesien-avec-des-petits-sacs-de-sable-chaud\/\",\"name\":\"Massage Tahiti \u2022 Thalassoth\u00e9rapie La Perla \u2022 Saint S\u00e9bastien\",\"isPartOf\":{\"@id\":\"https:\/\/la-perla.net\/#website\"},\"primaryImageOfPage\":{\"@id\":\"https:\/\/la-perla.net\/fr\/produit\/massage-polynesien-avec-des-petits-sacs-de-sable-chaud\/#primaryimage\"},\"image\":{\"@id\":\"https:\/\/la-perla.net\/fr\/produit\/massage-polynesien-avec-des-petits-sacs-de-sable-chaud\/#primaryimage\"},\"thumbnailUrl\":\"https:\/\/la-perla.net\/wp-content\/uploads\/2022\/04\/Tahiti-con-saquitos-de-arena-caliente.jpg\",\"datePublished\":\"2012-10-03T11:52:02+00:00\",\"dateModified\":\"2024-06-06T11:59:21+00:00\",\"description\":\"D\u00e9couvrez le massage polyn\u00e9sien avec les tuiponos, les coussins d'eau chaude et l'huile de Mahana. Il s'agit d'un massage traditionnel, lent et rythm\u00e9.\",\"breadcrumb\":{\"@id\":\"https:\/\/la-perla.net\/fr\/produit\/massage-polynesien-avec-des-petits-sacs-de-sable-chaud\/#breadcrumb\"},\"inLanguage\":\"fr-FR\",\"potentialAction\":[{\"@type\":\"ReadAction\",\"target\":[\"https:\/\/la-perla.net\/fr\/produit\/massage-polynesien-avec-des-petits-sacs-de-sable-chaud\/\"]}]},{\"@type\":\"ImageObject\",\"inLanguage\":\"fr-FR\",\"@id\":\"https:\/\/la-perla.net\/fr\/produit\/massage-polynesien-avec-des-petits-sacs-de-sable-chaud\/#primaryimage\",\"url\":\"https:\/\/la-perla.net\/wp-content\/uploads\/2022\/04\/Tahiti-con-saquitos-de-arena-caliente.jpg\",\"contentUrl\":\"https:\/\/la-perla.net\/wp-content\/uploads\/2022\/04\/Tahiti-con-saquitos-de-arena-caliente.jpg\",\"width\":600,\"height\":424,\"caption\":\"Massage Tahiti\"},{\"@type\":\"BreadcrumbList\",\"@id\":\"https:\/\/la-perla.net\/fr\/produit\/massage-polynesien-avec-des-petits-sacs-de-sable-chaud\/#breadcrumb\",\"itemListElement\":[{\"@type\":\"ListItem\",\"position\":1,\"name\":\"Portada\",\"item\":\"https:\/\/la-perla.net\/fr\/\"},{\"@type\":\"ListItem\",\"position\":2,\"name\":\"Boutique\",\"item\":\"https:\/\/la-perla.net\/fr\/boutique\/\"},{\"@type\":\"ListItem\",\"position\":3,\"name\":\"Massage Tahiti avec des petits sacs de sable chaud et de l&#8217;huile Mono\u00ef\"}]},{\"@type\":\"WebSite\",\"@id\":\"https:\/\/la-perla.net\/#website\",\"url\":\"https:\/\/la-perla.net\/\",\"name\":\"Talasoterapia La Perla \u2022 San Sebasti\u00e1n - Donostia\",\"description\":\"Talasoterapia en Guipuzcoa - Centro de salud, belleza y deporte\",\"publisher\":{\"@id\":\"https:\/\/la-perla.net\/#organization\"},\"potentialAction\":[{\"@type\":\"SearchAction\",\"target\":{\"@type\":\"EntryPoint\",\"urlTemplate\":\"https:\/\/la-perla.net\/?s={search_term_string}\"},\"query-input\":{\"@type\":\"PropertyValueSpecification\",\"valueRequired\":true,\"valueName\":\"search_term_string\"}}],\"inLanguage\":\"fr-FR\"},{\"@type\":\"Organization\",\"@id\":\"https:\/\/la-perla.net\/#organization\",\"name\":\"La Perla\",\"url\":\"https:\/\/la-perla.net\/\",\"logo\":{\"@type\":\"ImageObject\",\"inLanguage\":\"fr-FR\",\"@id\":\"https:\/\/la-perla.net\/#\/schema\/logo\/image\/\",\"url\":\"https:\/\/la-perla.net\/wp-content\/uploads\/2020\/09\/talasoterapia-la-perla.png\",\"contentUrl\":\"https:\/\/la-perla.net\/wp-content\/uploads\/2020\/09\/talasoterapia-la-perla.png\",\"width\":191,\"height\":51,\"caption\":\"La Perla\"},\"image\":{\"@id\":\"https:\/\/la-perla.net\/#\/schema\/logo\/image\/\"},\"sameAs\":[\"https:\/\/www.facebook.com\/laperladonosti\/\",\"https:\/\/x.com\/LaPerlaDonosti\",\"https:\/\/www.instagram.com\/laperladonosti\/?hl=es\",\"https:\/\/www.youtube.com\/channel\/UChQhp12N7Lg6ZrOcmAJAy4g\"]}]}<\/script>\n<!-- \/ Yoast SEO plugin. -->","yoast_head_json":{"title":"Massage Tahiti \u2022 Thalassoth\u00e9rapie La Perla \u2022 Saint S\u00e9bastien","description":"D\u00e9couvrez le massage polyn\u00e9sien avec les tuiponos, les coussins d'eau chaude et l'huile de Mahana. Il s'agit d'un massage traditionnel, lent et rythm\u00e9.","robots":{"index":"index","follow":"follow","max-snippet":"max-snippet:-1","max-image-preview":"max-image-preview:large","max-video-preview":"max-video-preview:-1"},"canonical":"https:\/\/la-perla.net\/fr\/produit\/massage-polynesien-avec-des-petits-sacs-de-sable-chaud\/","og_locale":"fr_FR","og_type":"article","og_title":"Massage Tahiti \u2022 Thalassoth\u00e9rapie La Perla \u2022 Saint S\u00e9bastien","og_description":"D\u00e9couvrez le massage polyn\u00e9sien avec les tuiponos, les coussins d'eau chaude et l'huile de Mahana. Il s'agit d'un massage traditionnel, lent et rythm\u00e9.","og_url":"https:\/\/la-perla.net\/fr\/produit\/massage-polynesien-avec-des-petits-sacs-de-sable-chaud\/","og_site_name":"Talasoterapia La Perla \u2022 San Sebasti\u00e1n - Donostia","article_publisher":"https:\/\/www.facebook.com\/laperladonosti\/","article_modified_time":"2024-06-06T11:59:21+00:00","og_image":[{"width":600,"height":424,"url":"https:\/\/la-perla.net\/wp-content\/uploads\/2022\/04\/Tahiti-con-saquitos-de-arena-caliente.jpg","type":"image\/jpeg"}],"twitter_card":"summary_large_image","twitter_site":"@LaPerlaDonosti","twitter_misc":{"Dur\u00e9e de lecture estim\u00e9e":"1 minute"},"schema":{"@context":"https:\/\/schema.org","@graph":[{"@type":"WebPage","@id":"https:\/\/la-perla.net\/fr\/produit\/massage-polynesien-avec-des-petits-sacs-de-sable-chaud\/","url":"https:\/\/la-perla.net\/fr\/produit\/massage-polynesien-avec-des-petits-sacs-de-sable-chaud\/","name":"Massage Tahiti \u2022 Thalassoth\u00e9rapie La Perla \u2022 Saint S\u00e9bastien","isPartOf":{"@id":"https:\/\/la-perla.net\/#website"},"primaryImageOfPage":{"@id":"https:\/\/la-perla.net\/fr\/produit\/massage-polynesien-avec-des-petits-sacs-de-sable-chaud\/#primaryimage"},"image":{"@id":"https:\/\/la-perla.net\/fr\/produit\/massage-polynesien-avec-des-petits-sacs-de-sable-chaud\/#primaryimage"},"thumbnailUrl":"https:\/\/la-perla.net\/wp-content\/uploads\/2022\/04\/Tahiti-con-saquitos-de-arena-caliente.jpg","datePublished":"2012-10-03T11:52:02+00:00","dateModified":"2024-06-06T11:59:21+00:00","description":"D\u00e9couvrez le massage polyn\u00e9sien avec les tuiponos, les coussins d'eau chaude et l'huile de Mahana. Il s'agit d'un massage traditionnel, lent et rythm\u00e9.","breadcrumb":{"@id":"https:\/\/la-perla.net\/fr\/produit\/massage-polynesien-avec-des-petits-sacs-de-sable-chaud\/#breadcrumb"},"inLanguage":"fr-FR","potentialAction":[{"@type":"ReadAction","target":["https:\/\/la-perla.net\/fr\/produit\/massage-polynesien-avec-des-petits-sacs-de-sable-chaud\/"]}]},{"@type":"ImageObject","inLanguage":"fr-FR","@id":"https:\/\/la-perla.net\/fr\/produit\/massage-polynesien-avec-des-petits-sacs-de-sable-chaud\/#primaryimage","url":"https:\/\/la-perla.net\/wp-content\/uploads\/2022\/04\/Tahiti-con-saquitos-de-arena-caliente.jpg","contentUrl":"https:\/\/la-perla.net\/wp-content\/uploads\/2022\/04\/Tahiti-con-saquitos-de-arena-caliente.jpg","width":600,"height":424,"caption":"Massage Tahiti"},{"@type":"BreadcrumbList","@id":"https:\/\/la-perla.net\/fr\/produit\/massage-polynesien-avec-des-petits-sacs-de-sable-chaud\/#breadcrumb","itemListElement":[{"@type":"ListItem","position":1,"name":"Portada","item":"https:\/\/la-perla.net\/fr\/"},{"@type":"ListItem","position":2,"name":"Boutique","item":"https:\/\/la-perla.net\/fr\/boutique\/"},{"@type":"ListItem","position":3,"name":"Massage Tahiti avec des petits sacs de sable chaud et de l&#8217;huile Mono\u00ef"}]},{"@type":"WebSite","@id":"https:\/\/la-perla.net\/#website","url":"https:\/\/la-perla.net\/","name":"Talasoterapia La Perla \u2022 San Sebasti\u00e1n - Donostia","description":"Talasoterapia en Guipuzcoa - Centro de salud, belleza y deporte","publisher":{"@id":"https:\/\/la-perla.net\/#organization"},"potentialAction":[{"@type":"SearchAction","target":{"@type":"EntryPoint","urlTemplate":"https:\/\/la-perla.net\/?s={search_term_string}"},"query-input":{"@type":"PropertyValueSpecification","valueRequired":true,"valueName":"search_term_string"}}],"inLanguage":"fr-FR"},{"@type":"Organization","@id":"https:\/\/la-perla.net\/#organization","name":"La Perla","url":"https:\/\/la-perla.net\/","logo":{"@type":"ImageObject","inLanguage":"fr-FR","@id":"https:\/\/la-perla.net\/#\/schema\/logo\/image\/","url":"https:\/\/la-perla.net\/wp-content\/uploads\/2020\/09\/talasoterapia-la-perla.png","contentUrl":"https:\/\/la-perla.net\/wp-content\/uploads\/2020\/09\/talasoterapia-la-perla.png","width":191,"height":51,"caption":"La Perla"},"image":{"@id":"https:\/\/la-perla.net\/#\/schema\/logo\/image\/"},"sameAs":["https:\/\/www.facebook.com\/laperladonosti\/","https:\/\/x.com\/LaPerlaDonosti","https:\/\/www.instagram.com\/laperladonosti\/?hl=es","https:\/\/www.youtube.com\/channel\/UChQhp12N7Lg6ZrOcmAJAy4g"]}]}},"_links":{"self":[{"href":"https:\/\/la-perla.net\/fr\/wp-json\/wp\/v2\/product\/55535"}],"collection":[{"href":"https:\/\/la-perla.net\/fr\/wp-json\/wp\/v2\/product"}],"about":[{"href":"https:\/\/la-perla.net\/fr\/wp-json\/wp\/v2\/types\/product"}],"wp:featuredmedia":[{"embeddable":true,"href":"https:\/\/la-perla.net\/fr\/wp-json\/wp\/v2\/media\/87637"}],"wp:attachment":[{"href":"https:\/\/la-perla.net\/fr\/wp-json\/wp\/v2\/media?parent=55535"}],"wp:term":[{"taxonomy":"product_brand","embeddable":true,"href":"https:\/\/la-perla.net\/fr\/wp-json\/wp\/v2\/product_brand?post=55535"},{"taxonomy":"product_cat","embeddable":true,"href":"https:\/\/la-perla.net\/fr\/wp-json\/wp\/v2\/product_cat?post=55535"},{"taxonomy":"product_tag","embeddable":true,"href":"https:\/\/la-perla.net\/fr\/wp-json\/wp\/v2\/product_tag?post=55535"}],"curies":[{"name":"wp","href":"https:\/\/api.w.org\/{rel}","templated":true}]}}