{"id":55554,"date":"2012-02-27T17:21:39","date_gmt":"2012-02-27T16:21:39","guid":{"rendered":"https:\/\/laperla21.wpengine.com\/producto\/non%20class\u00e9\/soin-integral-la-perla\/"},"modified":"2024-06-06T14:00:10","modified_gmt":"2024-06-06T12:00:10","slug":"cure-integrale-la-perla","status":"publish","type":"product","link":"https:\/\/la-perla.net\/fr\/produit\/cure-integrale-la-perla\/","title":{"rendered":"Cure int\u00e9grale La Perla (1 semaine)"},"content":{"rendered":"","protected":false},"excerpt":{"rendered":"<p class=\"p1\" style=\"text-align: left;\"><span class=\"s2\">Objectifs :<\/span><\/p>\n<p style=\"text-align: left;\">\u2022 Atteindre le bien-\u00eatre physique et mental gr\u00e2ce \u00e0 la remise en forme.<br \/>\n\u2022 \u00c9limination des toxines cumul\u00e9es par le s\u00e9dentarisme et les mauvaises habitudes alimentaires.<br \/>\n\u2022 Obtenir un tonus musculaire optimal et une posture saine.<br \/>\n\u2022 Stimuler une bonne circulation veino-lymphatique.<br \/>\n\u2022 Perdre du poids et du volume corporel.<br \/>\n\u2022 Contr\u00f4le du stress et de l\u2019anxi\u00e9t\u00e9.<\/p>\n<p style=\"text-align: left;\">Techniques :<br \/>\n\u00c0 l\u2019issue d\u2019une premi\u00e8re \u00e9valuation (consultation m\u00e9dicale et di\u00e9t\u00e9tique ainsi que de la direction du service de la sant\u00e9 et beaut\u00e9) nous \u00e9laborons un programme personnalis\u00e9 qui combine diff\u00e9rents soins quotidiens.<br \/>\n\u2022 Circuit libre de Thalassoth\u00e9rapie<br \/>\n\u2022 S\u00e9ance d\u2019entrainement personnalis\u00e9e dans le Gymnase<br \/>\n\u2022 S\u00e9ance d\u2019entrainement personnalis\u00e9e dans l\u2019eau de mer<br \/>\n\u2022 Massages th\u00e9rapeutiques, relaxants ou sensoriels<br \/>\n\u2022 Techniques de thalassoth\u00e9rapie<br \/>\n\u2022 Soins de beaut\u00e9 du visage ou du corps<\/p>\n<p style=\"text-align: left;\">Dur\u00e9e :<br \/>\n\u2022 1 semaine.<br \/>\n\u2022 Soins du matin et du soir<br \/>\n\u2022 Petits-d\u00e9jeuners, d\u00e9jeuners et d\u00eeners compris dans le Restaurant La Perla, sous la supervision de notre \u00e9quipe di\u00e9t\u00e9tique<\/p>\n","protected":false},"featured_media":60837,"template":"","meta":{"_genesis_hide_title":false,"_genesis_hide_breadcrumbs":false,"_genesis_hide_singular_image":false,"_genesis_hide_footer_widgets":false,"_genesis_custom_body_class":"","_genesis_custom_post_class":"","_genesis_layout":""},"product_brand":[],"product_cat":[889],"product_tag":[],"class_list":{"0":"post-55554","1":"product","2":"type-product","3":"status-publish","4":"has-post-thumbnail","6":"product_cat-experiences-de-sante","7":"product_shipping_class-productos-fr","8":"entry","10":"first","11":"instock","12":"shipping-taxable","13":"purchasable","14":"product-type-simple"},"yoast_head":"<!-- This site is optimized with the Yoast SEO plugin v25.6 - https:\/\/yoast.com\/wordpress\/plugins\/seo\/ -->\n<title>Cure Int\u00e9grale \u2022 Thalassoth\u00e9rapie La Perla \u2022 Saint S\u00e9bastien<\/title>\n<meta name=\"description\" content=\"Atteindre le bien-\u00eatre physique et mental, en \u00e9liminant les toxines accumul\u00e9es par la s\u00e9dentarit\u00e9 et les mauvaises habitudes alimentaires.\" \/>\n<meta name=\"robots\" content=\"index, follow, max-snippet:-1, max-image-preview:large, max-video-preview:-1\" \/>\n<link rel=\"canonical\" href=\"https:\/\/la-perla.net\/fr\/produit\/cure-integrale-la-perla\/\" \/>\n<meta property=\"og:locale\" content=\"fr_FR\" \/>\n<meta property=\"og:type\" content=\"article\" \/>\n<meta property=\"og:title\" content=\"Cure Int\u00e9grale \u2022 Thalassoth\u00e9rapie La Perla \u2022 Saint S\u00e9bastien\" \/>\n<meta property=\"og:description\" content=\"Atteindre le bien-\u00eatre physique et mental, en \u00e9liminant les toxines accumul\u00e9es par la s\u00e9dentarit\u00e9 et les mauvaises habitudes alimentaires.\" \/>\n<meta property=\"og:url\" content=\"https:\/\/la-perla.net\/fr\/produit\/cure-integrale-la-perla\/\" \/>\n<meta property=\"og:site_name\" content=\"Talasoterapia La Perla \u2022 San Sebasti\u00e1n - Donostia\" \/>\n<meta property=\"article:publisher\" content=\"https:\/\/www.facebook.com\/laperladonosti\/\" \/>\n<meta property=\"article:modified_time\" content=\"2024-06-06T12:00:10+00:00\" \/>\n<meta property=\"og:image\" content=\"https:\/\/la-perla.net\/wp-content\/uploads\/2012\/02\/cura-integral-la-perla-1024x683.jpg\" \/>\n\t<meta property=\"og:image:width\" content=\"1024\" \/>\n\t<meta property=\"og:image:height\" content=\"683\" \/>\n\t<meta property=\"og:image:type\" content=\"image\/jpeg\" \/>\n<meta name=\"twitter:card\" content=\"summary_large_image\" \/>\n<meta name=\"twitter:site\" content=\"@LaPerlaDonosti\" \/>\n<script type=\"application\/ld+json\" class=\"yoast-schema-graph\">{\"@context\":\"https:\/\/schema.org\",\"@graph\":[{\"@type\":\"WebPage\",\"@id\":\"https:\/\/la-perla.net\/fr\/produit\/cure-integrale-la-perla\/\",\"url\":\"https:\/\/la-perla.net\/fr\/produit\/cure-integrale-la-perla\/\",\"name\":\"Cure Int\u00e9grale \u2022 Thalassoth\u00e9rapie La Perla \u2022 Saint S\u00e9bastien\",\"isPartOf\":{\"@id\":\"https:\/\/la-perla.net\/#website\"},\"primaryImageOfPage\":{\"@id\":\"https:\/\/la-perla.net\/fr\/produit\/cure-integrale-la-perla\/#primaryimage\"},\"image\":{\"@id\":\"https:\/\/la-perla.net\/fr\/produit\/cure-integrale-la-perla\/#primaryimage\"},\"thumbnailUrl\":\"https:\/\/la-perla.net\/wp-content\/uploads\/2012\/02\/cura-integral-la-perla.jpg\",\"datePublished\":\"2012-02-27T16:21:39+00:00\",\"dateModified\":\"2024-06-06T12:00:10+00:00\",\"description\":\"Atteindre le bien-\u00eatre physique et mental, en \u00e9liminant les toxines accumul\u00e9es par la s\u00e9dentarit\u00e9 et les mauvaises habitudes alimentaires.\",\"breadcrumb\":{\"@id\":\"https:\/\/la-perla.net\/fr\/produit\/cure-integrale-la-perla\/#breadcrumb\"},\"inLanguage\":\"fr-FR\",\"potentialAction\":[{\"@type\":\"ReadAction\",\"target\":[\"https:\/\/la-perla.net\/fr\/produit\/cure-integrale-la-perla\/\"]}]},{\"@type\":\"ImageObject\",\"inLanguage\":\"fr-FR\",\"@id\":\"https:\/\/la-perla.net\/fr\/produit\/cure-integrale-la-perla\/#primaryimage\",\"url\":\"https:\/\/la-perla.net\/wp-content\/uploads\/2012\/02\/cura-integral-la-perla.jpg\",\"contentUrl\":\"https:\/\/la-perla.net\/wp-content\/uploads\/2012\/02\/cura-integral-la-perla.jpg\",\"width\":2560,\"height\":1707,\"caption\":\"Cure int\u00e9grale\"},{\"@type\":\"BreadcrumbList\",\"@id\":\"https:\/\/la-perla.net\/fr\/produit\/cure-integrale-la-perla\/#breadcrumb\",\"itemListElement\":[{\"@type\":\"ListItem\",\"position\":1,\"name\":\"Portada\",\"item\":\"https:\/\/la-perla.net\/fr\/\"},{\"@type\":\"ListItem\",\"position\":2,\"name\":\"Boutique\",\"item\":\"https:\/\/la-perla.net\/fr\/boutique\/\"},{\"@type\":\"ListItem\",\"position\":3,\"name\":\"Cure int\u00e9grale La Perla (1 semaine)\"}]},{\"@type\":\"WebSite\",\"@id\":\"https:\/\/la-perla.net\/#website\",\"url\":\"https:\/\/la-perla.net\/\",\"name\":\"Talasoterapia La Perla \u2022 San Sebasti\u00e1n - Donostia\",\"description\":\"Talasoterapia en Guipuzcoa - Centro de salud, belleza y deporte\",\"publisher\":{\"@id\":\"https:\/\/la-perla.net\/#organization\"},\"potentialAction\":[{\"@type\":\"SearchAction\",\"target\":{\"@type\":\"EntryPoint\",\"urlTemplate\":\"https:\/\/la-perla.net\/?s={search_term_string}\"},\"query-input\":{\"@type\":\"PropertyValueSpecification\",\"valueRequired\":true,\"valueName\":\"search_term_string\"}}],\"inLanguage\":\"fr-FR\"},{\"@type\":\"Organization\",\"@id\":\"https:\/\/la-perla.net\/#organization\",\"name\":\"La Perla\",\"url\":\"https:\/\/la-perla.net\/\",\"logo\":{\"@type\":\"ImageObject\",\"inLanguage\":\"fr-FR\",\"@id\":\"https:\/\/la-perla.net\/#\/schema\/logo\/image\/\",\"url\":\"https:\/\/la-perla.net\/wp-content\/uploads\/2020\/09\/talasoterapia-la-perla.png\",\"contentUrl\":\"https:\/\/la-perla.net\/wp-content\/uploads\/2020\/09\/talasoterapia-la-perla.png\",\"width\":191,\"height\":51,\"caption\":\"La Perla\"},\"image\":{\"@id\":\"https:\/\/la-perla.net\/#\/schema\/logo\/image\/\"},\"sameAs\":[\"https:\/\/www.facebook.com\/laperladonosti\/\",\"https:\/\/x.com\/LaPerlaDonosti\",\"https:\/\/www.instagram.com\/laperladonosti\/?hl=es\",\"https:\/\/www.youtube.com\/channel\/UChQhp12N7Lg6ZrOcmAJAy4g\"]}]}<\/script>\n<!-- \/ Yoast SEO plugin. -->","yoast_head_json":{"title":"Cure Int\u00e9grale \u2022 Thalassoth\u00e9rapie La Perla \u2022 Saint S\u00e9bastien","description":"Atteindre le bien-\u00eatre physique et mental, en \u00e9liminant les toxines accumul\u00e9es par la s\u00e9dentarit\u00e9 et les mauvaises habitudes alimentaires.","robots":{"index":"index","follow":"follow","max-snippet":"max-snippet:-1","max-image-preview":"max-image-preview:large","max-video-preview":"max-video-preview:-1"},"canonical":"https:\/\/la-perla.net\/fr\/produit\/cure-integrale-la-perla\/","og_locale":"fr_FR","og_type":"article","og_title":"Cure Int\u00e9grale \u2022 Thalassoth\u00e9rapie La Perla \u2022 Saint S\u00e9bastien","og_description":"Atteindre le bien-\u00eatre physique et mental, en \u00e9liminant les toxines accumul\u00e9es par la s\u00e9dentarit\u00e9 et les mauvaises habitudes alimentaires.","og_url":"https:\/\/la-perla.net\/fr\/produit\/cure-integrale-la-perla\/","og_site_name":"Talasoterapia La Perla \u2022 San Sebasti\u00e1n - Donostia","article_publisher":"https:\/\/www.facebook.com\/laperladonosti\/","article_modified_time":"2024-06-06T12:00:10+00:00","og_image":[{"width":1024,"height":683,"url":"https:\/\/la-perla.net\/wp-content\/uploads\/2012\/02\/cura-integral-la-perla-1024x683.jpg","type":"image\/jpeg"}],"twitter_card":"summary_large_image","twitter_site":"@LaPerlaDonosti","schema":{"@context":"https:\/\/schema.org","@graph":[{"@type":"WebPage","@id":"https:\/\/la-perla.net\/fr\/produit\/cure-integrale-la-perla\/","url":"https:\/\/la-perla.net\/fr\/produit\/cure-integrale-la-perla\/","name":"Cure Int\u00e9grale \u2022 Thalassoth\u00e9rapie La Perla \u2022 Saint S\u00e9bastien","isPartOf":{"@id":"https:\/\/la-perla.net\/#website"},"primaryImageOfPage":{"@id":"https:\/\/la-perla.net\/fr\/produit\/cure-integrale-la-perla\/#primaryimage"},"image":{"@id":"https:\/\/la-perla.net\/fr\/produit\/cure-integrale-la-perla\/#primaryimage"},"thumbnailUrl":"https:\/\/la-perla.net\/wp-content\/uploads\/2012\/02\/cura-integral-la-perla.jpg","datePublished":"2012-02-27T16:21:39+00:00","dateModified":"2024-06-06T12:00:10+00:00","description":"Atteindre le bien-\u00eatre physique et mental, en \u00e9liminant les toxines accumul\u00e9es par la s\u00e9dentarit\u00e9 et les mauvaises habitudes alimentaires.","breadcrumb":{"@id":"https:\/\/la-perla.net\/fr\/produit\/cure-integrale-la-perla\/#breadcrumb"},"inLanguage":"fr-FR","potentialAction":[{"@type":"ReadAction","target":["https:\/\/la-perla.net\/fr\/produit\/cure-integrale-la-perla\/"]}]},{"@type":"ImageObject","inLanguage":"fr-FR","@id":"https:\/\/la-perla.net\/fr\/produit\/cure-integrale-la-perla\/#primaryimage","url":"https:\/\/la-perla.net\/wp-content\/uploads\/2012\/02\/cura-integral-la-perla.jpg","contentUrl":"https:\/\/la-perla.net\/wp-content\/uploads\/2012\/02\/cura-integral-la-perla.jpg","width":2560,"height":1707,"caption":"Cure int\u00e9grale"},{"@type":"BreadcrumbList","@id":"https:\/\/la-perla.net\/fr\/produit\/cure-integrale-la-perla\/#breadcrumb","itemListElement":[{"@type":"ListItem","position":1,"name":"Portada","item":"https:\/\/la-perla.net\/fr\/"},{"@type":"ListItem","position":2,"name":"Boutique","item":"https:\/\/la-perla.net\/fr\/boutique\/"},{"@type":"ListItem","position":3,"name":"Cure int\u00e9grale La Perla (1 semaine)"}]},{"@type":"WebSite","@id":"https:\/\/la-perla.net\/#website","url":"https:\/\/la-perla.net\/","name":"Talasoterapia La Perla \u2022 San Sebasti\u00e1n - Donostia","description":"Talasoterapia en Guipuzcoa - Centro de salud, belleza y deporte","publisher":{"@id":"https:\/\/la-perla.net\/#organization"},"potentialAction":[{"@type":"SearchAction","target":{"@type":"EntryPoint","urlTemplate":"https:\/\/la-perla.net\/?s={search_term_string}"},"query-input":{"@type":"PropertyValueSpecification","valueRequired":true,"valueName":"search_term_string"}}],"inLanguage":"fr-FR"},{"@type":"Organization","@id":"https:\/\/la-perla.net\/#organization","name":"La Perla","url":"https:\/\/la-perla.net\/","logo":{"@type":"ImageObject","inLanguage":"fr-FR","@id":"https:\/\/la-perla.net\/#\/schema\/logo\/image\/","url":"https:\/\/la-perla.net\/wp-content\/uploads\/2020\/09\/talasoterapia-la-perla.png","contentUrl":"https:\/\/la-perla.net\/wp-content\/uploads\/2020\/09\/talasoterapia-la-perla.png","width":191,"height":51,"caption":"La Perla"},"image":{"@id":"https:\/\/la-perla.net\/#\/schema\/logo\/image\/"},"sameAs":["https:\/\/www.facebook.com\/laperladonosti\/","https:\/\/x.com\/LaPerlaDonosti","https:\/\/www.instagram.com\/laperladonosti\/?hl=es","https:\/\/www.youtube.com\/channel\/UChQhp12N7Lg6ZrOcmAJAy4g"]}]}},"_links":{"self":[{"href":"https:\/\/la-perla.net\/fr\/wp-json\/wp\/v2\/product\/55554"}],"collection":[{"href":"https:\/\/la-perla.net\/fr\/wp-json\/wp\/v2\/product"}],"about":[{"href":"https:\/\/la-perla.net\/fr\/wp-json\/wp\/v2\/types\/product"}],"wp:featuredmedia":[{"embeddable":true,"href":"https:\/\/la-perla.net\/fr\/wp-json\/wp\/v2\/media\/60837"}],"wp:attachment":[{"href":"https:\/\/la-perla.net\/fr\/wp-json\/wp\/v2\/media?parent=55554"}],"wp:term":[{"taxonomy":"product_brand","embeddable":true,"href":"https:\/\/la-perla.net\/fr\/wp-json\/wp\/v2\/product_brand?post=55554"},{"taxonomy":"product_cat","embeddable":true,"href":"https:\/\/la-perla.net\/fr\/wp-json\/wp\/v2\/product_cat?post=55554"},{"taxonomy":"product_tag","embeddable":true,"href":"https:\/\/la-perla.net\/fr\/wp-json\/wp\/v2\/product_tag?post=55554"}],"curies":[{"name":"wp","href":"https:\/\/api.w.org\/{rel}","templated":true}]}}