{"id":55557,"date":"2012-02-27T17:19:04","date_gmt":"2012-02-27T16:19:04","guid":{"rendered":"https:\/\/laperla21.wpengine.com\/producto\/non%20class\u00e9\/soin-reducteur-anticellulite-integral\/"},"modified":"2024-06-06T14:00:12","modified_gmt":"2024-06-06T12:00:12","slug":"reducteur-anticellulite-integral","status":"publish","type":"product","link":"https:\/\/la-perla.net\/fr\/produit\/reducteur-anticellulite-integral\/","title":{"rendered":"Programme R\u00e9ducteur Anticellulite Int\u00e9gral"},"content":{"rendered":"","protected":false},"excerpt":{"rendered":"<p class=\"p1\" style=\"text-align: left;\"><span class=\"s2\"><strong>Objectifs :<\/strong><\/span><\/p>\n<p style=\"text-align: left;\">Programme r\u00e9ducteur int\u00e9gral associant l\u2019exercice au r\u00e9gime et aux soins esth\u00e9tiques, le tout contr\u00f4l\u00e9 par des sp\u00e9cialistes pendant 3 mois.<\/p>\n<p style=\"text-align: left;\"><strong>Techniques :<\/strong><br \/>\n\u00c0 l\u2019issue d\u2019une consultation m\u00e9dicale, di\u00e9t\u00e9tique et esth\u00e9tique, nous \u00e9laborons un programme personnalis\u00e9 qui combine diff\u00e9rents soins.<br \/>\n1. Programme Sportif Personnalis\u00e9 3 mois<br \/>\n2. Programme Nutritionnel avec des contr\u00f4les de suivi hebdomadaires r\u00e9alis\u00e9s par notre di\u00e9t\u00e9ticienne pendant 3 mois.<br \/>\n3. Programme R\u00e9ducteur-Anticellulite 10 s\u00e9ances de 1 heure<\/p>\n","protected":false},"featured_media":61330,"template":"","meta":{"_genesis_hide_title":false,"_genesis_hide_breadcrumbs":false,"_genesis_hide_singular_image":false,"_genesis_hide_footer_widgets":false,"_genesis_custom_body_class":"","_genesis_custom_post_class":"","_genesis_layout":""},"product_brand":[],"product_cat":[931],"product_tag":[],"class_list":{"0":"post-55557","1":"product","2":"type-product","3":"status-publish","4":"has-post-thumbnail","6":"product_cat-programmes-personnalises","7":"product_shipping_class-productos-fr","8":"entry","10":"first","11":"instock","12":"shipping-taxable","13":"purchasable","14":"product-type-simple"},"yoast_head":"<!-- This site is optimized with the Yoast SEO plugin v25.6 - https:\/\/yoast.com\/wordpress\/plugins\/seo\/ -->\n<title>Plan R\u00e9ducteur Anti-Cellulite Int\u00e9gral \u2022 Thalassoth\u00e9rapie La Perla<\/title>\n<meta name=\"description\" content=\"Plan r\u00e9ducteur anti-cellulite int\u00e9gral combinant exercice, alimentation et traitements esth\u00e9tiques contr\u00f4l\u00e9s par des sp\u00e9cialistes pendant 3 mois.\" \/>\n<meta name=\"robots\" content=\"index, follow, max-snippet:-1, max-image-preview:large, max-video-preview:-1\" \/>\n<link rel=\"canonical\" href=\"https:\/\/la-perla.net\/fr\/produit\/reducteur-anticellulite-integral\/\" \/>\n<meta property=\"og:locale\" content=\"fr_FR\" \/>\n<meta property=\"og:type\" content=\"article\" \/>\n<meta property=\"og:title\" content=\"Plan R\u00e9ducteur Anti-Cellulite Int\u00e9gral \u2022 Thalassoth\u00e9rapie La Perla\" \/>\n<meta property=\"og:description\" content=\"Plan r\u00e9ducteur anti-cellulite int\u00e9gral combinant exercice, alimentation et traitements esth\u00e9tiques contr\u00f4l\u00e9s par des sp\u00e9cialistes pendant 3 mois.\" \/>\n<meta property=\"og:url\" content=\"https:\/\/la-perla.net\/fr\/produit\/reducteur-anticellulite-integral\/\" \/>\n<meta property=\"og:site_name\" content=\"Talasoterapia La Perla \u2022 San Sebasti\u00e1n - Donostia\" \/>\n<meta property=\"article:publisher\" content=\"https:\/\/www.facebook.com\/laperladonosti\/\" \/>\n<meta property=\"article:modified_time\" content=\"2024-06-06T12:00:12+00:00\" \/>\n<meta property=\"og:image\" content=\"https:\/\/la-perla.net\/wp-content\/uploads\/2012\/02\/reductor-anticelul\u00edtico-integral.jpg\" \/>\n\t<meta property=\"og:image:width\" content=\"842\" \/>\n\t<meta property=\"og:image:height\" content=\"595\" \/>\n\t<meta property=\"og:image:type\" content=\"image\/jpeg\" \/>\n<meta name=\"twitter:card\" content=\"summary_large_image\" \/>\n<meta name=\"twitter:site\" content=\"@LaPerlaDonosti\" \/>\n<script type=\"application\/ld+json\" class=\"yoast-schema-graph\">{\"@context\":\"https:\/\/schema.org\",\"@graph\":[{\"@type\":\"WebPage\",\"@id\":\"https:\/\/la-perla.net\/fr\/produit\/reducteur-anticellulite-integral\/\",\"url\":\"https:\/\/la-perla.net\/fr\/produit\/reducteur-anticellulite-integral\/\",\"name\":\"Plan R\u00e9ducteur Anti-Cellulite Int\u00e9gral \u2022 Thalassoth\u00e9rapie La Perla\",\"isPartOf\":{\"@id\":\"https:\/\/la-perla.net\/#website\"},\"primaryImageOfPage\":{\"@id\":\"https:\/\/la-perla.net\/fr\/produit\/reducteur-anticellulite-integral\/#primaryimage\"},\"image\":{\"@id\":\"https:\/\/la-perla.net\/fr\/produit\/reducteur-anticellulite-integral\/#primaryimage\"},\"thumbnailUrl\":\"https:\/\/la-perla.net\/wp-content\/uploads\/2012\/02\/reductor-anticelul\u00edtico-integral.jpg\",\"datePublished\":\"2012-02-27T16:19:04+00:00\",\"dateModified\":\"2024-06-06T12:00:12+00:00\",\"description\":\"Plan r\u00e9ducteur anti-cellulite int\u00e9gral combinant exercice, alimentation et traitements esth\u00e9tiques contr\u00f4l\u00e9s par des sp\u00e9cialistes pendant 3 mois.\",\"breadcrumb\":{\"@id\":\"https:\/\/la-perla.net\/fr\/produit\/reducteur-anticellulite-integral\/#breadcrumb\"},\"inLanguage\":\"fr-FR\",\"potentialAction\":[{\"@type\":\"ReadAction\",\"target\":[\"https:\/\/la-perla.net\/fr\/produit\/reducteur-anticellulite-integral\/\"]}]},{\"@type\":\"ImageObject\",\"inLanguage\":\"fr-FR\",\"@id\":\"https:\/\/la-perla.net\/fr\/produit\/reducteur-anticellulite-integral\/#primaryimage\",\"url\":\"https:\/\/la-perla.net\/wp-content\/uploads\/2012\/02\/reductor-anticelul\u00edtico-integral.jpg\",\"contentUrl\":\"https:\/\/la-perla.net\/wp-content\/uploads\/2012\/02\/reductor-anticelul\u00edtico-integral.jpg\",\"width\":842,\"height\":595,\"caption\":\"Programme R\u00e9ducteur Anticellulite Int\u00e9gral\"},{\"@type\":\"BreadcrumbList\",\"@id\":\"https:\/\/la-perla.net\/fr\/produit\/reducteur-anticellulite-integral\/#breadcrumb\",\"itemListElement\":[{\"@type\":\"ListItem\",\"position\":1,\"name\":\"Portada\",\"item\":\"https:\/\/la-perla.net\/fr\/\"},{\"@type\":\"ListItem\",\"position\":2,\"name\":\"Boutique\",\"item\":\"https:\/\/la-perla.net\/fr\/boutique\/\"},{\"@type\":\"ListItem\",\"position\":3,\"name\":\"Programme R\u00e9ducteur Anticellulite Int\u00e9gral\"}]},{\"@type\":\"WebSite\",\"@id\":\"https:\/\/la-perla.net\/#website\",\"url\":\"https:\/\/la-perla.net\/\",\"name\":\"Talasoterapia La Perla \u2022 San Sebasti\u00e1n - Donostia\",\"description\":\"Talasoterapia en Guipuzcoa - Centro de salud, belleza y deporte\",\"publisher\":{\"@id\":\"https:\/\/la-perla.net\/#organization\"},\"potentialAction\":[{\"@type\":\"SearchAction\",\"target\":{\"@type\":\"EntryPoint\",\"urlTemplate\":\"https:\/\/la-perla.net\/?s={search_term_string}\"},\"query-input\":{\"@type\":\"PropertyValueSpecification\",\"valueRequired\":true,\"valueName\":\"search_term_string\"}}],\"inLanguage\":\"fr-FR\"},{\"@type\":\"Organization\",\"@id\":\"https:\/\/la-perla.net\/#organization\",\"name\":\"La Perla\",\"url\":\"https:\/\/la-perla.net\/\",\"logo\":{\"@type\":\"ImageObject\",\"inLanguage\":\"fr-FR\",\"@id\":\"https:\/\/la-perla.net\/#\/schema\/logo\/image\/\",\"url\":\"https:\/\/la-perla.net\/wp-content\/uploads\/2020\/09\/talasoterapia-la-perla.png\",\"contentUrl\":\"https:\/\/la-perla.net\/wp-content\/uploads\/2020\/09\/talasoterapia-la-perla.png\",\"width\":191,\"height\":51,\"caption\":\"La Perla\"},\"image\":{\"@id\":\"https:\/\/la-perla.net\/#\/schema\/logo\/image\/\"},\"sameAs\":[\"https:\/\/www.facebook.com\/laperladonosti\/\",\"https:\/\/x.com\/LaPerlaDonosti\",\"https:\/\/www.instagram.com\/laperladonosti\/?hl=es\",\"https:\/\/www.youtube.com\/channel\/UChQhp12N7Lg6ZrOcmAJAy4g\"]}]}<\/script>\n<!-- \/ Yoast SEO plugin. -->","yoast_head_json":{"title":"Plan R\u00e9ducteur Anti-Cellulite Int\u00e9gral \u2022 Thalassoth\u00e9rapie La Perla","description":"Plan r\u00e9ducteur anti-cellulite int\u00e9gral combinant exercice, alimentation et traitements esth\u00e9tiques contr\u00f4l\u00e9s par des sp\u00e9cialistes pendant 3 mois.","robots":{"index":"index","follow":"follow","max-snippet":"max-snippet:-1","max-image-preview":"max-image-preview:large","max-video-preview":"max-video-preview:-1"},"canonical":"https:\/\/la-perla.net\/fr\/produit\/reducteur-anticellulite-integral\/","og_locale":"fr_FR","og_type":"article","og_title":"Plan R\u00e9ducteur Anti-Cellulite Int\u00e9gral \u2022 Thalassoth\u00e9rapie La Perla","og_description":"Plan r\u00e9ducteur anti-cellulite int\u00e9gral combinant exercice, alimentation et traitements esth\u00e9tiques contr\u00f4l\u00e9s par des sp\u00e9cialistes pendant 3 mois.","og_url":"https:\/\/la-perla.net\/fr\/produit\/reducteur-anticellulite-integral\/","og_site_name":"Talasoterapia La Perla \u2022 San Sebasti\u00e1n - Donostia","article_publisher":"https:\/\/www.facebook.com\/laperladonosti\/","article_modified_time":"2024-06-06T12:00:12+00:00","og_image":[{"width":842,"height":595,"url":"https:\/\/la-perla.net\/wp-content\/uploads\/2012\/02\/reductor-anticelul\u00edtico-integral.jpg","type":"image\/jpeg"}],"twitter_card":"summary_large_image","twitter_site":"@LaPerlaDonosti","schema":{"@context":"https:\/\/schema.org","@graph":[{"@type":"WebPage","@id":"https:\/\/la-perla.net\/fr\/produit\/reducteur-anticellulite-integral\/","url":"https:\/\/la-perla.net\/fr\/produit\/reducteur-anticellulite-integral\/","name":"Plan R\u00e9ducteur Anti-Cellulite Int\u00e9gral \u2022 Thalassoth\u00e9rapie La Perla","isPartOf":{"@id":"https:\/\/la-perla.net\/#website"},"primaryImageOfPage":{"@id":"https:\/\/la-perla.net\/fr\/produit\/reducteur-anticellulite-integral\/#primaryimage"},"image":{"@id":"https:\/\/la-perla.net\/fr\/produit\/reducteur-anticellulite-integral\/#primaryimage"},"thumbnailUrl":"https:\/\/la-perla.net\/wp-content\/uploads\/2012\/02\/reductor-anticelul\u00edtico-integral.jpg","datePublished":"2012-02-27T16:19:04+00:00","dateModified":"2024-06-06T12:00:12+00:00","description":"Plan r\u00e9ducteur anti-cellulite int\u00e9gral combinant exercice, alimentation et traitements esth\u00e9tiques contr\u00f4l\u00e9s par des sp\u00e9cialistes pendant 3 mois.","breadcrumb":{"@id":"https:\/\/la-perla.net\/fr\/produit\/reducteur-anticellulite-integral\/#breadcrumb"},"inLanguage":"fr-FR","potentialAction":[{"@type":"ReadAction","target":["https:\/\/la-perla.net\/fr\/produit\/reducteur-anticellulite-integral\/"]}]},{"@type":"ImageObject","inLanguage":"fr-FR","@id":"https:\/\/la-perla.net\/fr\/produit\/reducteur-anticellulite-integral\/#primaryimage","url":"https:\/\/la-perla.net\/wp-content\/uploads\/2012\/02\/reductor-anticelul\u00edtico-integral.jpg","contentUrl":"https:\/\/la-perla.net\/wp-content\/uploads\/2012\/02\/reductor-anticelul\u00edtico-integral.jpg","width":842,"height":595,"caption":"Programme R\u00e9ducteur Anticellulite Int\u00e9gral"},{"@type":"BreadcrumbList","@id":"https:\/\/la-perla.net\/fr\/produit\/reducteur-anticellulite-integral\/#breadcrumb","itemListElement":[{"@type":"ListItem","position":1,"name":"Portada","item":"https:\/\/la-perla.net\/fr\/"},{"@type":"ListItem","position":2,"name":"Boutique","item":"https:\/\/la-perla.net\/fr\/boutique\/"},{"@type":"ListItem","position":3,"name":"Programme R\u00e9ducteur Anticellulite Int\u00e9gral"}]},{"@type":"WebSite","@id":"https:\/\/la-perla.net\/#website","url":"https:\/\/la-perla.net\/","name":"Talasoterapia La Perla \u2022 San Sebasti\u00e1n - Donostia","description":"Talasoterapia en Guipuzcoa - Centro de salud, belleza y deporte","publisher":{"@id":"https:\/\/la-perla.net\/#organization"},"potentialAction":[{"@type":"SearchAction","target":{"@type":"EntryPoint","urlTemplate":"https:\/\/la-perla.net\/?s={search_term_string}"},"query-input":{"@type":"PropertyValueSpecification","valueRequired":true,"valueName":"search_term_string"}}],"inLanguage":"fr-FR"},{"@type":"Organization","@id":"https:\/\/la-perla.net\/#organization","name":"La Perla","url":"https:\/\/la-perla.net\/","logo":{"@type":"ImageObject","inLanguage":"fr-FR","@id":"https:\/\/la-perla.net\/#\/schema\/logo\/image\/","url":"https:\/\/la-perla.net\/wp-content\/uploads\/2020\/09\/talasoterapia-la-perla.png","contentUrl":"https:\/\/la-perla.net\/wp-content\/uploads\/2020\/09\/talasoterapia-la-perla.png","width":191,"height":51,"caption":"La Perla"},"image":{"@id":"https:\/\/la-perla.net\/#\/schema\/logo\/image\/"},"sameAs":["https:\/\/www.facebook.com\/laperladonosti\/","https:\/\/x.com\/LaPerlaDonosti","https:\/\/www.instagram.com\/laperladonosti\/?hl=es","https:\/\/www.youtube.com\/channel\/UChQhp12N7Lg6ZrOcmAJAy4g"]}]}},"_links":{"self":[{"href":"https:\/\/la-perla.net\/fr\/wp-json\/wp\/v2\/product\/55557"}],"collection":[{"href":"https:\/\/la-perla.net\/fr\/wp-json\/wp\/v2\/product"}],"about":[{"href":"https:\/\/la-perla.net\/fr\/wp-json\/wp\/v2\/types\/product"}],"wp:featuredmedia":[{"embeddable":true,"href":"https:\/\/la-perla.net\/fr\/wp-json\/wp\/v2\/media\/61330"}],"wp:attachment":[{"href":"https:\/\/la-perla.net\/fr\/wp-json\/wp\/v2\/media?parent=55557"}],"wp:term":[{"taxonomy":"product_brand","embeddable":true,"href":"https:\/\/la-perla.net\/fr\/wp-json\/wp\/v2\/product_brand?post=55557"},{"taxonomy":"product_cat","embeddable":true,"href":"https:\/\/la-perla.net\/fr\/wp-json\/wp\/v2\/product_cat?post=55557"},{"taxonomy":"product_tag","embeddable":true,"href":"https:\/\/la-perla.net\/fr\/wp-json\/wp\/v2\/product_tag?post=55557"}],"curies":[{"name":"wp","href":"https:\/\/api.w.org\/{rel}","templated":true}]}}