{"id":55583,"date":"2012-02-27T16:58:06","date_gmt":"2012-02-27T15:58:06","guid":{"rendered":"https:\/\/laperla21.wpengine.com\/donostia-san-sebastian\/jet-subaquatique-en-baignoire-dhydromassage\/"},"modified":"2024-06-06T14:00:25","modified_gmt":"2024-06-06T12:00:25","slug":"jet-subaquatique-dans-baignoire-avec-sels-de-mer-morte","status":"publish","type":"product","link":"https:\/\/la-perla.net\/fr\/produit\/jet-subaquatique-dans-baignoire-avec-sels-de-mer-morte\/","title":{"rendered":"Massage subaquatique dans baignoire d\u2019hydromassage"},"content":{"rendered":"","protected":false},"excerpt":{"rendered":"<p style=\"text-align: left;\">Il associe les bienfaits d\u2019un bain hydratant d\u2019eau de mer chauff\u00e9e \u00e0 ceux d\u2019un massage par pression d\u2019un jet d\u2019eau r\u00e9alis\u00e9 par le th\u00e9rapeute sur tout le corps. Mouvements circulaires et ascendants, depuis les pieds jusqu\u2019au dos, en insistant sur les zones \u00e0 traiter.<\/p>\n<p style=\"text-align: left;\">Dur\u00e9e : 25 minutes.<\/p>\n","protected":false},"featured_media":60720,"template":"","meta":{"_genesis_hide_title":false,"_genesis_hide_breadcrumbs":false,"_genesis_hide_singular_image":false,"_genesis_hide_footer_widgets":false,"_genesis_custom_body_class":"","_genesis_custom_post_class":"","_genesis_layout":""},"product_brand":[],"product_cat":[976,940],"product_tag":[],"class_list":{"0":"post-55583","1":"product","2":"type-product","3":"status-publish","4":"has-post-thumbnail","6":"product_cat-jets-d-eau","7":"product_cat-anticellulite-reducteurs-raffermissants","8":"product_shipping_class-productos-fr","9":"entry","11":"first","12":"instock","13":"shipping-taxable","14":"purchasable","15":"product-type-simple"},"yoast_head":"<!-- This site is optimized with the Yoast SEO plugin v25.6 - https:\/\/yoast.com\/wordpress\/plugins\/seo\/ -->\n<title>Jet Sous-Marin dans un Bain \u2022 Thalassoth\u00e9rapie La Perla<\/title>\n<meta name=\"description\" content=\"D\u00e9couvrez les bienfaits d&#039;un bain bouillonnant d&#039;eau de mer chaude avec un massage utilisant la pression d&#039;un jet d&#039;eau.\" \/>\n<meta name=\"robots\" content=\"index, follow, max-snippet:-1, max-image-preview:large, max-video-preview:-1\" \/>\n<link rel=\"canonical\" href=\"https:\/\/la-perla.net\/fr\/produit\/jet-subaquatique-dans-baignoire-avec-sels-de-mer-morte\/\" \/>\n<meta property=\"og:locale\" content=\"fr_FR\" \/>\n<meta property=\"og:type\" content=\"article\" \/>\n<meta property=\"og:title\" content=\"Jet Sous-Marin dans un Bain \u2022 Thalassoth\u00e9rapie La Perla\" \/>\n<meta property=\"og:description\" content=\"D\u00e9couvrez les bienfaits d&#039;un bain bouillonnant d&#039;eau de mer chaude avec un massage utilisant la pression d&#039;un jet d&#039;eau.\" \/>\n<meta property=\"og:url\" content=\"https:\/\/la-perla.net\/fr\/produit\/jet-subaquatique-dans-baignoire-avec-sels-de-mer-morte\/\" \/>\n<meta property=\"og:site_name\" content=\"Talasoterapia La Perla \u2022 San Sebasti\u00e1n - Donostia\" \/>\n<meta property=\"article:publisher\" content=\"https:\/\/www.facebook.com\/laperladonosti\/\" \/>\n<meta property=\"article:modified_time\" content=\"2024-06-06T12:00:25+00:00\" \/>\n<meta property=\"og:image\" content=\"https:\/\/la-perla.net\/wp-content\/uploads\/2012\/02\/masaje-subacuatico-en-ba\u00f1o-drenante_-1024x683.jpg\" \/>\n\t<meta property=\"og:image:width\" content=\"1024\" \/>\n\t<meta property=\"og:image:height\" content=\"683\" \/>\n\t<meta property=\"og:image:type\" content=\"image\/jpeg\" \/>\n<meta name=\"twitter:card\" content=\"summary_large_image\" \/>\n<meta name=\"twitter:site\" content=\"@LaPerlaDonosti\" \/>\n<script type=\"application\/ld+json\" class=\"yoast-schema-graph\">{\"@context\":\"https:\/\/schema.org\",\"@graph\":[{\"@type\":\"WebPage\",\"@id\":\"https:\/\/la-perla.net\/fr\/produit\/jet-subaquatique-dans-baignoire-avec-sels-de-mer-morte\/\",\"url\":\"https:\/\/la-perla.net\/fr\/produit\/jet-subaquatique-dans-baignoire-avec-sels-de-mer-morte\/\",\"name\":\"Jet Sous-Marin dans un Bain \u2022 Thalassoth\u00e9rapie La Perla\",\"isPartOf\":{\"@id\":\"https:\/\/la-perla.net\/#website\"},\"primaryImageOfPage\":{\"@id\":\"https:\/\/la-perla.net\/fr\/produit\/jet-subaquatique-dans-baignoire-avec-sels-de-mer-morte\/#primaryimage\"},\"image\":{\"@id\":\"https:\/\/la-perla.net\/fr\/produit\/jet-subaquatique-dans-baignoire-avec-sels-de-mer-morte\/#primaryimage\"},\"thumbnailUrl\":\"https:\/\/la-perla.net\/wp-content\/uploads\/2012\/02\/masaje-subacuatico-en-ba\u00f1o-drenante_.jpg\",\"datePublished\":\"2012-02-27T15:58:06+00:00\",\"dateModified\":\"2024-06-06T12:00:25+00:00\",\"description\":\"D\u00e9couvrez les bienfaits d'un bain bouillonnant d'eau de mer chaude avec un massage utilisant la pression d'un jet d'eau.\",\"breadcrumb\":{\"@id\":\"https:\/\/la-perla.net\/fr\/produit\/jet-subaquatique-dans-baignoire-avec-sels-de-mer-morte\/#breadcrumb\"},\"inLanguage\":\"fr-FR\",\"potentialAction\":[{\"@type\":\"ReadAction\",\"target\":[\"https:\/\/la-perla.net\/fr\/produit\/jet-subaquatique-dans-baignoire-avec-sels-de-mer-morte\/\"]}]},{\"@type\":\"ImageObject\",\"inLanguage\":\"fr-FR\",\"@id\":\"https:\/\/la-perla.net\/fr\/produit\/jet-subaquatique-dans-baignoire-avec-sels-de-mer-morte\/#primaryimage\",\"url\":\"https:\/\/la-perla.net\/wp-content\/uploads\/2012\/02\/masaje-subacuatico-en-ba\u00f1o-drenante_.jpg\",\"contentUrl\":\"https:\/\/la-perla.net\/wp-content\/uploads\/2012\/02\/masaje-subacuatico-en-ba\u00f1o-drenante_.jpg\",\"width\":2560,\"height\":1707,\"caption\":\"Jet subaquatique\"},{\"@type\":\"BreadcrumbList\",\"@id\":\"https:\/\/la-perla.net\/fr\/produit\/jet-subaquatique-dans-baignoire-avec-sels-de-mer-morte\/#breadcrumb\",\"itemListElement\":[{\"@type\":\"ListItem\",\"position\":1,\"name\":\"Portada\",\"item\":\"https:\/\/la-perla.net\/fr\/\"},{\"@type\":\"ListItem\",\"position\":2,\"name\":\"Boutique\",\"item\":\"https:\/\/la-perla.net\/fr\/boutique\/\"},{\"@type\":\"ListItem\",\"position\":3,\"name\":\"Massage subaquatique dans baignoire d\u2019hydromassage\"}]},{\"@type\":\"WebSite\",\"@id\":\"https:\/\/la-perla.net\/#website\",\"url\":\"https:\/\/la-perla.net\/\",\"name\":\"Talasoterapia La Perla \u2022 San Sebasti\u00e1n - Donostia\",\"description\":\"Talasoterapia en Guipuzcoa - Centro de salud, belleza y deporte\",\"publisher\":{\"@id\":\"https:\/\/la-perla.net\/#organization\"},\"potentialAction\":[{\"@type\":\"SearchAction\",\"target\":{\"@type\":\"EntryPoint\",\"urlTemplate\":\"https:\/\/la-perla.net\/?s={search_term_string}\"},\"query-input\":{\"@type\":\"PropertyValueSpecification\",\"valueRequired\":true,\"valueName\":\"search_term_string\"}}],\"inLanguage\":\"fr-FR\"},{\"@type\":\"Organization\",\"@id\":\"https:\/\/la-perla.net\/#organization\",\"name\":\"La Perla\",\"url\":\"https:\/\/la-perla.net\/\",\"logo\":{\"@type\":\"ImageObject\",\"inLanguage\":\"fr-FR\",\"@id\":\"https:\/\/la-perla.net\/#\/schema\/logo\/image\/\",\"url\":\"https:\/\/la-perla.net\/wp-content\/uploads\/2020\/09\/talasoterapia-la-perla.png\",\"contentUrl\":\"https:\/\/la-perla.net\/wp-content\/uploads\/2020\/09\/talasoterapia-la-perla.png\",\"width\":191,\"height\":51,\"caption\":\"La Perla\"},\"image\":{\"@id\":\"https:\/\/la-perla.net\/#\/schema\/logo\/image\/\"},\"sameAs\":[\"https:\/\/www.facebook.com\/laperladonosti\/\",\"https:\/\/x.com\/LaPerlaDonosti\",\"https:\/\/www.instagram.com\/laperladonosti\/?hl=es\",\"https:\/\/www.youtube.com\/channel\/UChQhp12N7Lg6ZrOcmAJAy4g\"]}]}<\/script>\n<!-- \/ Yoast SEO plugin. -->","yoast_head_json":{"title":"Jet Sous-Marin dans un Bain \u2022 Thalassoth\u00e9rapie La Perla","description":"D\u00e9couvrez les bienfaits d'un bain bouillonnant d'eau de mer chaude avec un massage utilisant la pression d'un jet d'eau.","robots":{"index":"index","follow":"follow","max-snippet":"max-snippet:-1","max-image-preview":"max-image-preview:large","max-video-preview":"max-video-preview:-1"},"canonical":"https:\/\/la-perla.net\/fr\/produit\/jet-subaquatique-dans-baignoire-avec-sels-de-mer-morte\/","og_locale":"fr_FR","og_type":"article","og_title":"Jet Sous-Marin dans un Bain \u2022 Thalassoth\u00e9rapie La Perla","og_description":"D\u00e9couvrez les bienfaits d'un bain bouillonnant d'eau de mer chaude avec un massage utilisant la pression d'un jet d'eau.","og_url":"https:\/\/la-perla.net\/fr\/produit\/jet-subaquatique-dans-baignoire-avec-sels-de-mer-morte\/","og_site_name":"Talasoterapia La Perla \u2022 San Sebasti\u00e1n - Donostia","article_publisher":"https:\/\/www.facebook.com\/laperladonosti\/","article_modified_time":"2024-06-06T12:00:25+00:00","og_image":[{"width":1024,"height":683,"url":"https:\/\/la-perla.net\/wp-content\/uploads\/2012\/02\/masaje-subacuatico-en-ba\u00f1o-drenante_-1024x683.jpg","type":"image\/jpeg"}],"twitter_card":"summary_large_image","twitter_site":"@LaPerlaDonosti","schema":{"@context":"https:\/\/schema.org","@graph":[{"@type":"WebPage","@id":"https:\/\/la-perla.net\/fr\/produit\/jet-subaquatique-dans-baignoire-avec-sels-de-mer-morte\/","url":"https:\/\/la-perla.net\/fr\/produit\/jet-subaquatique-dans-baignoire-avec-sels-de-mer-morte\/","name":"Jet Sous-Marin dans un Bain \u2022 Thalassoth\u00e9rapie La Perla","isPartOf":{"@id":"https:\/\/la-perla.net\/#website"},"primaryImageOfPage":{"@id":"https:\/\/la-perla.net\/fr\/produit\/jet-subaquatique-dans-baignoire-avec-sels-de-mer-morte\/#primaryimage"},"image":{"@id":"https:\/\/la-perla.net\/fr\/produit\/jet-subaquatique-dans-baignoire-avec-sels-de-mer-morte\/#primaryimage"},"thumbnailUrl":"https:\/\/la-perla.net\/wp-content\/uploads\/2012\/02\/masaje-subacuatico-en-ba\u00f1o-drenante_.jpg","datePublished":"2012-02-27T15:58:06+00:00","dateModified":"2024-06-06T12:00:25+00:00","description":"D\u00e9couvrez les bienfaits d'un bain bouillonnant d'eau de mer chaude avec un massage utilisant la pression d'un jet d'eau.","breadcrumb":{"@id":"https:\/\/la-perla.net\/fr\/produit\/jet-subaquatique-dans-baignoire-avec-sels-de-mer-morte\/#breadcrumb"},"inLanguage":"fr-FR","potentialAction":[{"@type":"ReadAction","target":["https:\/\/la-perla.net\/fr\/produit\/jet-subaquatique-dans-baignoire-avec-sels-de-mer-morte\/"]}]},{"@type":"ImageObject","inLanguage":"fr-FR","@id":"https:\/\/la-perla.net\/fr\/produit\/jet-subaquatique-dans-baignoire-avec-sels-de-mer-morte\/#primaryimage","url":"https:\/\/la-perla.net\/wp-content\/uploads\/2012\/02\/masaje-subacuatico-en-ba\u00f1o-drenante_.jpg","contentUrl":"https:\/\/la-perla.net\/wp-content\/uploads\/2012\/02\/masaje-subacuatico-en-ba\u00f1o-drenante_.jpg","width":2560,"height":1707,"caption":"Jet subaquatique"},{"@type":"BreadcrumbList","@id":"https:\/\/la-perla.net\/fr\/produit\/jet-subaquatique-dans-baignoire-avec-sels-de-mer-morte\/#breadcrumb","itemListElement":[{"@type":"ListItem","position":1,"name":"Portada","item":"https:\/\/la-perla.net\/fr\/"},{"@type":"ListItem","position":2,"name":"Boutique","item":"https:\/\/la-perla.net\/fr\/boutique\/"},{"@type":"ListItem","position":3,"name":"Massage subaquatique dans baignoire d\u2019hydromassage"}]},{"@type":"WebSite","@id":"https:\/\/la-perla.net\/#website","url":"https:\/\/la-perla.net\/","name":"Talasoterapia La Perla \u2022 San Sebasti\u00e1n - Donostia","description":"Talasoterapia en Guipuzcoa - Centro de salud, belleza y deporte","publisher":{"@id":"https:\/\/la-perla.net\/#organization"},"potentialAction":[{"@type":"SearchAction","target":{"@type":"EntryPoint","urlTemplate":"https:\/\/la-perla.net\/?s={search_term_string}"},"query-input":{"@type":"PropertyValueSpecification","valueRequired":true,"valueName":"search_term_string"}}],"inLanguage":"fr-FR"},{"@type":"Organization","@id":"https:\/\/la-perla.net\/#organization","name":"La Perla","url":"https:\/\/la-perla.net\/","logo":{"@type":"ImageObject","inLanguage":"fr-FR","@id":"https:\/\/la-perla.net\/#\/schema\/logo\/image\/","url":"https:\/\/la-perla.net\/wp-content\/uploads\/2020\/09\/talasoterapia-la-perla.png","contentUrl":"https:\/\/la-perla.net\/wp-content\/uploads\/2020\/09\/talasoterapia-la-perla.png","width":191,"height":51,"caption":"La Perla"},"image":{"@id":"https:\/\/la-perla.net\/#\/schema\/logo\/image\/"},"sameAs":["https:\/\/www.facebook.com\/laperladonosti\/","https:\/\/x.com\/LaPerlaDonosti","https:\/\/www.instagram.com\/laperladonosti\/?hl=es","https:\/\/www.youtube.com\/channel\/UChQhp12N7Lg6ZrOcmAJAy4g"]}]}},"_links":{"self":[{"href":"https:\/\/la-perla.net\/fr\/wp-json\/wp\/v2\/product\/55583"}],"collection":[{"href":"https:\/\/la-perla.net\/fr\/wp-json\/wp\/v2\/product"}],"about":[{"href":"https:\/\/la-perla.net\/fr\/wp-json\/wp\/v2\/types\/product"}],"wp:featuredmedia":[{"embeddable":true,"href":"https:\/\/la-perla.net\/fr\/wp-json\/wp\/v2\/media\/60720"}],"wp:attachment":[{"href":"https:\/\/la-perla.net\/fr\/wp-json\/wp\/v2\/media?parent=55583"}],"wp:term":[{"taxonomy":"product_brand","embeddable":true,"href":"https:\/\/la-perla.net\/fr\/wp-json\/wp\/v2\/product_brand?post=55583"},{"taxonomy":"product_cat","embeddable":true,"href":"https:\/\/la-perla.net\/fr\/wp-json\/wp\/v2\/product_cat?post=55583"},{"taxonomy":"product_tag","embeddable":true,"href":"https:\/\/la-perla.net\/fr\/wp-json\/wp\/v2\/product_tag?post=55583"}],"curies":[{"name":"wp","href":"https:\/\/api.w.org\/{rel}","templated":true}]}}