{"id":55587,"date":"2012-02-27T16:56:56","date_gmt":"2012-02-27T15:56:56","guid":{"rendered":"https:\/\/laperla21.wpengine.com\/donostia-san-sebastian\/bronzage-dha\/"},"modified":"2024-06-06T14:00:27","modified_gmt":"2024-06-06T12:00:27","slug":"solaires-bronzage-dha","status":"publish","type":"product","link":"https:\/\/la-perla.net\/fr\/produit\/solaires-bronzage-dha\/","title":{"rendered":"Bronzage DHA"},"content":{"rendered":"<p>Bronzage par micropulv\u00e9risation de DHA, un extrait 100% naturel \u00e0 base de canne \u00e0 sucre qui r\u00e9agit avec les prot\u00e9ines de la peau et entra\u00eene imm\u00e9diatement un bronzage totalement naturel qui dure entre 5 et 9 jours. La formule corporelle ne contient aucune teinture ni pigment, raison pour laquelle le bronzage est totalement uniforme et naturel, sans tons jaun\u00e2tres ou orang\u00e9s. Test\u00e9 dermatologiquement et hypoallerg\u00e9nique.<\/p>\n<p>Le bronzage dispara\u00eetra en diminuant progressivement d\u2019intensit\u00e9, sans laisser de taches ou de traces au bout d\u2019une semaine. Indiqu\u00e9 pour toutes les personnes qui ne peuvent s\u2019exposer au soleil ou qui veulent se parer d\u2019un h\u00e2le dor\u00e9 pour une journ\u00e9e particuli\u00e8re. <\/p>\n<p>Dur\u00e9e : 10 minutes.<\/p>\n","protected":false},"excerpt":{"rendered":"<p>Bronzage instantan\u00e9 en 5 minutes, 100% naturel, et qui dure 1 semaine. <\/p>\n<p>Bronzage par micropulv\u00e9risation de DHA dont le r\u00e9sultat est uniforme et naturel, sans tons jaun\u00e2tres ou orang\u00e9s. Il dure 1 semaine.<\/p>\n","protected":false},"featured_media":86987,"template":"","meta":{"_genesis_hide_title":false,"_genesis_hide_breadcrumbs":false,"_genesis_hide_singular_image":false,"_genesis_hide_footer_widgets":false,"_genesis_custom_body_class":"","_genesis_custom_post_class":"","_genesis_layout":"content-sidebar"},"product_brand":[],"product_cat":[952],"product_tag":[],"class_list":{"0":"post-55587","1":"product","2":"type-product","3":"status-publish","4":"has-post-thumbnail","6":"product_cat-solaires-dha","7":"product_shipping_class-bonos-y-vales-fr","8":"entry","10":"first","11":"instock","12":"shipping-taxable","13":"purchasable","14":"product-type-simple"},"yoast_head":"<!-- This site is optimized with the Yoast SEO plugin v25.6 - https:\/\/yoast.com\/wordpress\/plugins\/seo\/ -->\n<title>Bronzage DHA instantan\u00e9, 100% naturel, en 10 minutes | La Perla<\/title>\n<meta name=\"description\" content=\"Gr\u00e2ce \u00e0 la micro-pulv\u00e9risation, vous obtenez un ton compl\u00e8tement uniforme et naturel, sans couleurs jaun\u00e2tres ou orang\u00e9es.\" \/>\n<meta name=\"robots\" content=\"index, follow, max-snippet:-1, max-image-preview:large, max-video-preview:-1\" \/>\n<link rel=\"canonical\" href=\"https:\/\/la-perla.net\/fr\/produit\/solaires-bronzage-dha\/\" \/>\n<meta property=\"og:locale\" content=\"fr_FR\" \/>\n<meta property=\"og:type\" content=\"article\" \/>\n<meta property=\"og:title\" content=\"Bronzage DHA instantan\u00e9, 100% naturel, en 10 minutes | La Perla\" \/>\n<meta property=\"og:description\" content=\"Gr\u00e2ce \u00e0 la micro-pulv\u00e9risation, vous obtenez un ton compl\u00e8tement uniforme et naturel, sans couleurs jaun\u00e2tres ou orang\u00e9es.\" \/>\n<meta property=\"og:url\" content=\"https:\/\/la-perla.net\/fr\/produit\/solaires-bronzage-dha\/\" \/>\n<meta property=\"og:site_name\" content=\"Talasoterapia La Perla \u2022 San Sebasti\u00e1n - Donostia\" \/>\n<meta property=\"article:publisher\" content=\"https:\/\/www.facebook.com\/laperladonosti\/\" \/>\n<meta property=\"article:modified_time\" content=\"2024-06-06T12:00:27+00:00\" \/>\n<meta property=\"og:image\" content=\"https:\/\/la-perla.net\/wp-content\/uploads\/2012\/02\/03_Bronceado.jpg\" \/>\n\t<meta property=\"og:image:width\" content=\"600\" \/>\n\t<meta property=\"og:image:height\" content=\"424\" \/>\n\t<meta property=\"og:image:type\" content=\"image\/jpeg\" \/>\n<meta name=\"twitter:card\" content=\"summary_large_image\" \/>\n<meta name=\"twitter:site\" content=\"@LaPerlaDonosti\" \/>\n<meta name=\"twitter:label1\" content=\"Dur\u00e9e de lecture estim\u00e9e\" \/>\n\t<meta name=\"twitter:data1\" content=\"1 minute\" \/>\n<script type=\"application\/ld+json\" class=\"yoast-schema-graph\">{\"@context\":\"https:\/\/schema.org\",\"@graph\":[{\"@type\":\"WebPage\",\"@id\":\"https:\/\/la-perla.net\/fr\/produit\/solaires-bronzage-dha\/\",\"url\":\"https:\/\/la-perla.net\/fr\/produit\/solaires-bronzage-dha\/\",\"name\":\"Bronzage DHA instantan\u00e9, 100% naturel, en 10 minutes | La Perla\",\"isPartOf\":{\"@id\":\"https:\/\/la-perla.net\/#website\"},\"primaryImageOfPage\":{\"@id\":\"https:\/\/la-perla.net\/fr\/produit\/solaires-bronzage-dha\/#primaryimage\"},\"image\":{\"@id\":\"https:\/\/la-perla.net\/fr\/produit\/solaires-bronzage-dha\/#primaryimage\"},\"thumbnailUrl\":\"https:\/\/la-perla.net\/wp-content\/uploads\/2012\/02\/03_Bronceado.jpg\",\"datePublished\":\"2012-02-27T15:56:56+00:00\",\"dateModified\":\"2024-06-06T12:00:27+00:00\",\"description\":\"Gr\u00e2ce \u00e0 la micro-pulv\u00e9risation, vous obtenez un ton compl\u00e8tement uniforme et naturel, sans couleurs jaun\u00e2tres ou orang\u00e9es.\",\"breadcrumb\":{\"@id\":\"https:\/\/la-perla.net\/fr\/produit\/solaires-bronzage-dha\/#breadcrumb\"},\"inLanguage\":\"fr-FR\",\"potentialAction\":[{\"@type\":\"ReadAction\",\"target\":[\"https:\/\/la-perla.net\/fr\/produit\/solaires-bronzage-dha\/\"]}]},{\"@type\":\"ImageObject\",\"inLanguage\":\"fr-FR\",\"@id\":\"https:\/\/la-perla.net\/fr\/produit\/solaires-bronzage-dha\/#primaryimage\",\"url\":\"https:\/\/la-perla.net\/wp-content\/uploads\/2012\/02\/03_Bronceado.jpg\",\"contentUrl\":\"https:\/\/la-perla.net\/wp-content\/uploads\/2012\/02\/03_Bronceado.jpg\",\"width\":600,\"height\":424},{\"@type\":\"BreadcrumbList\",\"@id\":\"https:\/\/la-perla.net\/fr\/produit\/solaires-bronzage-dha\/#breadcrumb\",\"itemListElement\":[{\"@type\":\"ListItem\",\"position\":1,\"name\":\"Portada\",\"item\":\"https:\/\/la-perla.net\/fr\/\"},{\"@type\":\"ListItem\",\"position\":2,\"name\":\"Boutique\",\"item\":\"https:\/\/la-perla.net\/fr\/boutique\/\"},{\"@type\":\"ListItem\",\"position\":3,\"name\":\"Bronzage DHA\"}]},{\"@type\":\"WebSite\",\"@id\":\"https:\/\/la-perla.net\/#website\",\"url\":\"https:\/\/la-perla.net\/\",\"name\":\"Talasoterapia La Perla \u2022 San Sebasti\u00e1n - Donostia\",\"description\":\"Talasoterapia en Guipuzcoa - Centro de salud, belleza y deporte\",\"publisher\":{\"@id\":\"https:\/\/la-perla.net\/#organization\"},\"potentialAction\":[{\"@type\":\"SearchAction\",\"target\":{\"@type\":\"EntryPoint\",\"urlTemplate\":\"https:\/\/la-perla.net\/?s={search_term_string}\"},\"query-input\":{\"@type\":\"PropertyValueSpecification\",\"valueRequired\":true,\"valueName\":\"search_term_string\"}}],\"inLanguage\":\"fr-FR\"},{\"@type\":\"Organization\",\"@id\":\"https:\/\/la-perla.net\/#organization\",\"name\":\"La Perla\",\"url\":\"https:\/\/la-perla.net\/\",\"logo\":{\"@type\":\"ImageObject\",\"inLanguage\":\"fr-FR\",\"@id\":\"https:\/\/la-perla.net\/#\/schema\/logo\/image\/\",\"url\":\"https:\/\/la-perla.net\/wp-content\/uploads\/2020\/09\/talasoterapia-la-perla.png\",\"contentUrl\":\"https:\/\/la-perla.net\/wp-content\/uploads\/2020\/09\/talasoterapia-la-perla.png\",\"width\":191,\"height\":51,\"caption\":\"La Perla\"},\"image\":{\"@id\":\"https:\/\/la-perla.net\/#\/schema\/logo\/image\/\"},\"sameAs\":[\"https:\/\/www.facebook.com\/laperladonosti\/\",\"https:\/\/x.com\/LaPerlaDonosti\",\"https:\/\/www.instagram.com\/laperladonosti\/?hl=es\",\"https:\/\/www.youtube.com\/channel\/UChQhp12N7Lg6ZrOcmAJAy4g\"]}]}<\/script>\n<!-- \/ Yoast SEO plugin. -->","yoast_head_json":{"title":"Bronzage DHA instantan\u00e9, 100% naturel, en 10 minutes | La Perla","description":"Gr\u00e2ce \u00e0 la micro-pulv\u00e9risation, vous obtenez un ton compl\u00e8tement uniforme et naturel, sans couleurs jaun\u00e2tres ou orang\u00e9es.","robots":{"index":"index","follow":"follow","max-snippet":"max-snippet:-1","max-image-preview":"max-image-preview:large","max-video-preview":"max-video-preview:-1"},"canonical":"https:\/\/la-perla.net\/fr\/produit\/solaires-bronzage-dha\/","og_locale":"fr_FR","og_type":"article","og_title":"Bronzage DHA instantan\u00e9, 100% naturel, en 10 minutes | La Perla","og_description":"Gr\u00e2ce \u00e0 la micro-pulv\u00e9risation, vous obtenez un ton compl\u00e8tement uniforme et naturel, sans couleurs jaun\u00e2tres ou orang\u00e9es.","og_url":"https:\/\/la-perla.net\/fr\/produit\/solaires-bronzage-dha\/","og_site_name":"Talasoterapia La Perla \u2022 San Sebasti\u00e1n - Donostia","article_publisher":"https:\/\/www.facebook.com\/laperladonosti\/","article_modified_time":"2024-06-06T12:00:27+00:00","og_image":[{"width":600,"height":424,"url":"https:\/\/la-perla.net\/wp-content\/uploads\/2012\/02\/03_Bronceado.jpg","type":"image\/jpeg"}],"twitter_card":"summary_large_image","twitter_site":"@LaPerlaDonosti","twitter_misc":{"Dur\u00e9e de lecture estim\u00e9e":"1 minute"},"schema":{"@context":"https:\/\/schema.org","@graph":[{"@type":"WebPage","@id":"https:\/\/la-perla.net\/fr\/produit\/solaires-bronzage-dha\/","url":"https:\/\/la-perla.net\/fr\/produit\/solaires-bronzage-dha\/","name":"Bronzage DHA instantan\u00e9, 100% naturel, en 10 minutes | La Perla","isPartOf":{"@id":"https:\/\/la-perla.net\/#website"},"primaryImageOfPage":{"@id":"https:\/\/la-perla.net\/fr\/produit\/solaires-bronzage-dha\/#primaryimage"},"image":{"@id":"https:\/\/la-perla.net\/fr\/produit\/solaires-bronzage-dha\/#primaryimage"},"thumbnailUrl":"https:\/\/la-perla.net\/wp-content\/uploads\/2012\/02\/03_Bronceado.jpg","datePublished":"2012-02-27T15:56:56+00:00","dateModified":"2024-06-06T12:00:27+00:00","description":"Gr\u00e2ce \u00e0 la micro-pulv\u00e9risation, vous obtenez un ton compl\u00e8tement uniforme et naturel, sans couleurs jaun\u00e2tres ou orang\u00e9es.","breadcrumb":{"@id":"https:\/\/la-perla.net\/fr\/produit\/solaires-bronzage-dha\/#breadcrumb"},"inLanguage":"fr-FR","potentialAction":[{"@type":"ReadAction","target":["https:\/\/la-perla.net\/fr\/produit\/solaires-bronzage-dha\/"]}]},{"@type":"ImageObject","inLanguage":"fr-FR","@id":"https:\/\/la-perla.net\/fr\/produit\/solaires-bronzage-dha\/#primaryimage","url":"https:\/\/la-perla.net\/wp-content\/uploads\/2012\/02\/03_Bronceado.jpg","contentUrl":"https:\/\/la-perla.net\/wp-content\/uploads\/2012\/02\/03_Bronceado.jpg","width":600,"height":424},{"@type":"BreadcrumbList","@id":"https:\/\/la-perla.net\/fr\/produit\/solaires-bronzage-dha\/#breadcrumb","itemListElement":[{"@type":"ListItem","position":1,"name":"Portada","item":"https:\/\/la-perla.net\/fr\/"},{"@type":"ListItem","position":2,"name":"Boutique","item":"https:\/\/la-perla.net\/fr\/boutique\/"},{"@type":"ListItem","position":3,"name":"Bronzage DHA"}]},{"@type":"WebSite","@id":"https:\/\/la-perla.net\/#website","url":"https:\/\/la-perla.net\/","name":"Talasoterapia La Perla \u2022 San Sebasti\u00e1n - Donostia","description":"Talasoterapia en Guipuzcoa - Centro de salud, belleza y deporte","publisher":{"@id":"https:\/\/la-perla.net\/#organization"},"potentialAction":[{"@type":"SearchAction","target":{"@type":"EntryPoint","urlTemplate":"https:\/\/la-perla.net\/?s={search_term_string}"},"query-input":{"@type":"PropertyValueSpecification","valueRequired":true,"valueName":"search_term_string"}}],"inLanguage":"fr-FR"},{"@type":"Organization","@id":"https:\/\/la-perla.net\/#organization","name":"La Perla","url":"https:\/\/la-perla.net\/","logo":{"@type":"ImageObject","inLanguage":"fr-FR","@id":"https:\/\/la-perla.net\/#\/schema\/logo\/image\/","url":"https:\/\/la-perla.net\/wp-content\/uploads\/2020\/09\/talasoterapia-la-perla.png","contentUrl":"https:\/\/la-perla.net\/wp-content\/uploads\/2020\/09\/talasoterapia-la-perla.png","width":191,"height":51,"caption":"La Perla"},"image":{"@id":"https:\/\/la-perla.net\/#\/schema\/logo\/image\/"},"sameAs":["https:\/\/www.facebook.com\/laperladonosti\/","https:\/\/x.com\/LaPerlaDonosti","https:\/\/www.instagram.com\/laperladonosti\/?hl=es","https:\/\/www.youtube.com\/channel\/UChQhp12N7Lg6ZrOcmAJAy4g"]}]}},"_links":{"self":[{"href":"https:\/\/la-perla.net\/fr\/wp-json\/wp\/v2\/product\/55587"}],"collection":[{"href":"https:\/\/la-perla.net\/fr\/wp-json\/wp\/v2\/product"}],"about":[{"href":"https:\/\/la-perla.net\/fr\/wp-json\/wp\/v2\/types\/product"}],"wp:featuredmedia":[{"embeddable":true,"href":"https:\/\/la-perla.net\/fr\/wp-json\/wp\/v2\/media\/86987"}],"wp:attachment":[{"href":"https:\/\/la-perla.net\/fr\/wp-json\/wp\/v2\/media?parent=55587"}],"wp:term":[{"taxonomy":"product_brand","embeddable":true,"href":"https:\/\/la-perla.net\/fr\/wp-json\/wp\/v2\/product_brand?post=55587"},{"taxonomy":"product_cat","embeddable":true,"href":"https:\/\/la-perla.net\/fr\/wp-json\/wp\/v2\/product_cat?post=55587"},{"taxonomy":"product_tag","embeddable":true,"href":"https:\/\/la-perla.net\/fr\/wp-json\/wp\/v2\/product_tag?post=55587"}],"curies":[{"name":"wp","href":"https:\/\/api.w.org\/{rel}","templated":true}]}}