{"id":55627,"date":"2012-02-27T16:52:41","date_gmt":"2012-02-27T15:52:41","guid":{"rendered":"https:\/\/laperla21.wpengine.com\/donostia-san-sebastian\/pressotherapie\/"},"modified":"2026-02-03T09:43:59","modified_gmt":"2026-02-03T08:43:59","slug":"anticellulite-pressotherapie-ballancer","status":"publish","type":"product","link":"https:\/\/la-perla.net\/fr\/produit\/anticellulite-pressotherapie-ballancer\/","title":{"rendered":"Pr\u00e9ssoth\u00e9rapie Ballancer"},"content":{"rendered":"<p class=\"p1\"><span class=\"s1\">Soin de drainage lymphatique m\u00e9canique qui, gr\u00e2ce \u00e0 la pression ascendante, mobilise les graisses et am\u00e9liore les probl\u00e8mes circulatoires et la r\u00e9tention d\u2019eau. <\/span><\/p>\n<p class=\"p1\"><span class=\"s1\">Dur\u00e9e : 40 minutes.<\/span><\/p>\n","protected":false},"excerpt":{"rendered":"<p class=\"p1\"><span class=\"s1\">Drainage lymphatique m\u00e9canique qui, gr\u00e2ce \u00e0 la pression ascendante, am\u00e9liore les probl\u00e8mes circulatoires.<\/span><\/p>\n","protected":false},"featured_media":60728,"template":"","meta":{"_genesis_hide_title":false,"_genesis_hide_breadcrumbs":false,"_genesis_hide_singular_image":false,"_genesis_hide_footer_widgets":false,"_genesis_custom_body_class":"","_genesis_custom_post_class":"","_genesis_layout":""},"product_brand":[],"product_cat":[940],"product_tag":[],"class_list":{"0":"post-55627","1":"product","2":"type-product","3":"status-publish","4":"has-post-thumbnail","6":"product_cat-anticellulite-reducteurs-raffermissants","7":"product_shipping_class-bonos-y-vales-fr","8":"entry","10":"first","11":"instock","12":"shipping-taxable","13":"purchasable","14":"product-type-simple"},"yoast_head":"<!-- This site is optimized with the Yoast SEO plugin v25.6 - https:\/\/yoast.com\/wordpress\/plugins\/seo\/ -->\n<title>Pr\u00e9ssoth\u00e9rapie Ballancer \u2022 Thalassoth\u00e9rapie La Perla \u2022 Saint S\u00e9bastien<\/title>\n<meta name=\"description\" content=\"Pressoth\u00e9rapie Ballancer est un traitement de drainage lymphatique m\u00e9canique qui utilise une pression vers le haut pour mobiliser les graisses.\" \/>\n<meta name=\"robots\" content=\"index, follow, max-snippet:-1, max-image-preview:large, max-video-preview:-1\" \/>\n<link rel=\"canonical\" href=\"https:\/\/la-perla.net\/fr\/produit\/anticellulite-pressotherapie-ballancer\/\" \/>\n<meta property=\"og:locale\" content=\"fr_FR\" \/>\n<meta property=\"og:type\" content=\"article\" \/>\n<meta property=\"og:title\" content=\"Pr\u00e9ssoth\u00e9rapie Ballancer \u2022 Thalassoth\u00e9rapie La Perla \u2022 Saint S\u00e9bastien\" \/>\n<meta property=\"og:description\" content=\"Pressoth\u00e9rapie Ballancer est un traitement de drainage lymphatique m\u00e9canique qui utilise une pression vers le haut pour mobiliser les graisses.\" \/>\n<meta property=\"og:url\" content=\"https:\/\/la-perla.net\/fr\/produit\/anticellulite-pressotherapie-ballancer\/\" \/>\n<meta property=\"og:site_name\" content=\"Talasoterapia La Perla \u2022 San Sebasti\u00e1n - Donostia\" \/>\n<meta property=\"article:publisher\" content=\"https:\/\/www.facebook.com\/laperladonosti\/\" \/>\n<meta property=\"article:modified_time\" content=\"2026-02-03T08:43:59+00:00\" \/>\n<meta property=\"og:image\" content=\"https:\/\/la-perla.net\/wp-content\/uploads\/2012\/02\/preso.jpg\" \/>\n\t<meta property=\"og:image:width\" content=\"1200\" \/>\n\t<meta property=\"og:image:height\" content=\"800\" \/>\n\t<meta property=\"og:image:type\" content=\"image\/jpeg\" \/>\n<meta name=\"twitter:card\" content=\"summary_large_image\" \/>\n<meta name=\"twitter:site\" content=\"@LaPerlaDonosti\" \/>\n<script type=\"application\/ld+json\" class=\"yoast-schema-graph\">{\"@context\":\"https:\/\/schema.org\",\"@graph\":[{\"@type\":\"WebPage\",\"@id\":\"https:\/\/la-perla.net\/fr\/produit\/anticellulite-pressotherapie-ballancer\/\",\"url\":\"https:\/\/la-perla.net\/fr\/produit\/anticellulite-pressotherapie-ballancer\/\",\"name\":\"Pr\u00e9ssoth\u00e9rapie Ballancer \u2022 Thalassoth\u00e9rapie La Perla \u2022 Saint S\u00e9bastien\",\"isPartOf\":{\"@id\":\"https:\/\/la-perla.net\/#website\"},\"primaryImageOfPage\":{\"@id\":\"https:\/\/la-perla.net\/fr\/produit\/anticellulite-pressotherapie-ballancer\/#primaryimage\"},\"image\":{\"@id\":\"https:\/\/la-perla.net\/fr\/produit\/anticellulite-pressotherapie-ballancer\/#primaryimage\"},\"thumbnailUrl\":\"https:\/\/la-perla.net\/wp-content\/uploads\/2012\/02\/preso.jpg\",\"datePublished\":\"2012-02-27T15:52:41+00:00\",\"dateModified\":\"2026-02-03T08:43:59+00:00\",\"description\":\"Pressoth\u00e9rapie Ballancer est un traitement de drainage lymphatique m\u00e9canique qui utilise une pression vers le haut pour mobiliser les graisses.\",\"breadcrumb\":{\"@id\":\"https:\/\/la-perla.net\/fr\/produit\/anticellulite-pressotherapie-ballancer\/#breadcrumb\"},\"inLanguage\":\"fr-FR\",\"potentialAction\":[{\"@type\":\"ReadAction\",\"target\":[\"https:\/\/la-perla.net\/fr\/produit\/anticellulite-pressotherapie-ballancer\/\"]}]},{\"@type\":\"ImageObject\",\"inLanguage\":\"fr-FR\",\"@id\":\"https:\/\/la-perla.net\/fr\/produit\/anticellulite-pressotherapie-ballancer\/#primaryimage\",\"url\":\"https:\/\/la-perla.net\/wp-content\/uploads\/2012\/02\/preso.jpg\",\"contentUrl\":\"https:\/\/la-perla.net\/wp-content\/uploads\/2012\/02\/preso.jpg\",\"width\":1200,\"height\":800,\"caption\":\"Pr\u00e9ssoth\u00e9rapie\"},{\"@type\":\"BreadcrumbList\",\"@id\":\"https:\/\/la-perla.net\/fr\/produit\/anticellulite-pressotherapie-ballancer\/#breadcrumb\",\"itemListElement\":[{\"@type\":\"ListItem\",\"position\":1,\"name\":\"Portada\",\"item\":\"https:\/\/la-perla.net\/fr\/\"},{\"@type\":\"ListItem\",\"position\":2,\"name\":\"Boutique\",\"item\":\"https:\/\/la-perla.net\/fr\/boutique\/\"},{\"@type\":\"ListItem\",\"position\":3,\"name\":\"Pr\u00e9ssoth\u00e9rapie Ballancer\"}]},{\"@type\":\"WebSite\",\"@id\":\"https:\/\/la-perla.net\/#website\",\"url\":\"https:\/\/la-perla.net\/\",\"name\":\"Talasoterapia La Perla \u2022 San Sebasti\u00e1n - Donostia\",\"description\":\"Talasoterapia en Guipuzcoa - Centro de salud, belleza y deporte\",\"publisher\":{\"@id\":\"https:\/\/la-perla.net\/#organization\"},\"potentialAction\":[{\"@type\":\"SearchAction\",\"target\":{\"@type\":\"EntryPoint\",\"urlTemplate\":\"https:\/\/la-perla.net\/?s={search_term_string}\"},\"query-input\":{\"@type\":\"PropertyValueSpecification\",\"valueRequired\":true,\"valueName\":\"search_term_string\"}}],\"inLanguage\":\"fr-FR\"},{\"@type\":\"Organization\",\"@id\":\"https:\/\/la-perla.net\/#organization\",\"name\":\"La Perla\",\"url\":\"https:\/\/la-perla.net\/\",\"logo\":{\"@type\":\"ImageObject\",\"inLanguage\":\"fr-FR\",\"@id\":\"https:\/\/la-perla.net\/#\/schema\/logo\/image\/\",\"url\":\"https:\/\/la-perla.net\/wp-content\/uploads\/2020\/09\/talasoterapia-la-perla.png\",\"contentUrl\":\"https:\/\/la-perla.net\/wp-content\/uploads\/2020\/09\/talasoterapia-la-perla.png\",\"width\":191,\"height\":51,\"caption\":\"La Perla\"},\"image\":{\"@id\":\"https:\/\/la-perla.net\/#\/schema\/logo\/image\/\"},\"sameAs\":[\"https:\/\/www.facebook.com\/laperladonosti\/\",\"https:\/\/x.com\/LaPerlaDonosti\",\"https:\/\/www.instagram.com\/laperladonosti\/?hl=es\",\"https:\/\/www.youtube.com\/channel\/UChQhp12N7Lg6ZrOcmAJAy4g\"]}]}<\/script>\n<!-- \/ Yoast SEO plugin. -->","yoast_head_json":{"title":"Pr\u00e9ssoth\u00e9rapie Ballancer \u2022 Thalassoth\u00e9rapie La Perla \u2022 Saint S\u00e9bastien","description":"Pressoth\u00e9rapie Ballancer est un traitement de drainage lymphatique m\u00e9canique qui utilise une pression vers le haut pour mobiliser les graisses.","robots":{"index":"index","follow":"follow","max-snippet":"max-snippet:-1","max-image-preview":"max-image-preview:large","max-video-preview":"max-video-preview:-1"},"canonical":"https:\/\/la-perla.net\/fr\/produit\/anticellulite-pressotherapie-ballancer\/","og_locale":"fr_FR","og_type":"article","og_title":"Pr\u00e9ssoth\u00e9rapie Ballancer \u2022 Thalassoth\u00e9rapie La Perla \u2022 Saint S\u00e9bastien","og_description":"Pressoth\u00e9rapie Ballancer est un traitement de drainage lymphatique m\u00e9canique qui utilise une pression vers le haut pour mobiliser les graisses.","og_url":"https:\/\/la-perla.net\/fr\/produit\/anticellulite-pressotherapie-ballancer\/","og_site_name":"Talasoterapia La Perla \u2022 San Sebasti\u00e1n - Donostia","article_publisher":"https:\/\/www.facebook.com\/laperladonosti\/","article_modified_time":"2026-02-03T08:43:59+00:00","og_image":[{"width":1200,"height":800,"url":"https:\/\/la-perla.net\/wp-content\/uploads\/2012\/02\/preso.jpg","type":"image\/jpeg"}],"twitter_card":"summary_large_image","twitter_site":"@LaPerlaDonosti","schema":{"@context":"https:\/\/schema.org","@graph":[{"@type":"WebPage","@id":"https:\/\/la-perla.net\/fr\/produit\/anticellulite-pressotherapie-ballancer\/","url":"https:\/\/la-perla.net\/fr\/produit\/anticellulite-pressotherapie-ballancer\/","name":"Pr\u00e9ssoth\u00e9rapie Ballancer \u2022 Thalassoth\u00e9rapie La Perla \u2022 Saint S\u00e9bastien","isPartOf":{"@id":"https:\/\/la-perla.net\/#website"},"primaryImageOfPage":{"@id":"https:\/\/la-perla.net\/fr\/produit\/anticellulite-pressotherapie-ballancer\/#primaryimage"},"image":{"@id":"https:\/\/la-perla.net\/fr\/produit\/anticellulite-pressotherapie-ballancer\/#primaryimage"},"thumbnailUrl":"https:\/\/la-perla.net\/wp-content\/uploads\/2012\/02\/preso.jpg","datePublished":"2012-02-27T15:52:41+00:00","dateModified":"2026-02-03T08:43:59+00:00","description":"Pressoth\u00e9rapie Ballancer est un traitement de drainage lymphatique m\u00e9canique qui utilise une pression vers le haut pour mobiliser les graisses.","breadcrumb":{"@id":"https:\/\/la-perla.net\/fr\/produit\/anticellulite-pressotherapie-ballancer\/#breadcrumb"},"inLanguage":"fr-FR","potentialAction":[{"@type":"ReadAction","target":["https:\/\/la-perla.net\/fr\/produit\/anticellulite-pressotherapie-ballancer\/"]}]},{"@type":"ImageObject","inLanguage":"fr-FR","@id":"https:\/\/la-perla.net\/fr\/produit\/anticellulite-pressotherapie-ballancer\/#primaryimage","url":"https:\/\/la-perla.net\/wp-content\/uploads\/2012\/02\/preso.jpg","contentUrl":"https:\/\/la-perla.net\/wp-content\/uploads\/2012\/02\/preso.jpg","width":1200,"height":800,"caption":"Pr\u00e9ssoth\u00e9rapie"},{"@type":"BreadcrumbList","@id":"https:\/\/la-perla.net\/fr\/produit\/anticellulite-pressotherapie-ballancer\/#breadcrumb","itemListElement":[{"@type":"ListItem","position":1,"name":"Portada","item":"https:\/\/la-perla.net\/fr\/"},{"@type":"ListItem","position":2,"name":"Boutique","item":"https:\/\/la-perla.net\/fr\/boutique\/"},{"@type":"ListItem","position":3,"name":"Pr\u00e9ssoth\u00e9rapie Ballancer"}]},{"@type":"WebSite","@id":"https:\/\/la-perla.net\/#website","url":"https:\/\/la-perla.net\/","name":"Talasoterapia La Perla \u2022 San Sebasti\u00e1n - Donostia","description":"Talasoterapia en Guipuzcoa - Centro de salud, belleza y deporte","publisher":{"@id":"https:\/\/la-perla.net\/#organization"},"potentialAction":[{"@type":"SearchAction","target":{"@type":"EntryPoint","urlTemplate":"https:\/\/la-perla.net\/?s={search_term_string}"},"query-input":{"@type":"PropertyValueSpecification","valueRequired":true,"valueName":"search_term_string"}}],"inLanguage":"fr-FR"},{"@type":"Organization","@id":"https:\/\/la-perla.net\/#organization","name":"La Perla","url":"https:\/\/la-perla.net\/","logo":{"@type":"ImageObject","inLanguage":"fr-FR","@id":"https:\/\/la-perla.net\/#\/schema\/logo\/image\/","url":"https:\/\/la-perla.net\/wp-content\/uploads\/2020\/09\/talasoterapia-la-perla.png","contentUrl":"https:\/\/la-perla.net\/wp-content\/uploads\/2020\/09\/talasoterapia-la-perla.png","width":191,"height":51,"caption":"La Perla"},"image":{"@id":"https:\/\/la-perla.net\/#\/schema\/logo\/image\/"},"sameAs":["https:\/\/www.facebook.com\/laperladonosti\/","https:\/\/x.com\/LaPerlaDonosti","https:\/\/www.instagram.com\/laperladonosti\/?hl=es","https:\/\/www.youtube.com\/channel\/UChQhp12N7Lg6ZrOcmAJAy4g"]}]}},"_links":{"self":[{"href":"https:\/\/la-perla.net\/fr\/wp-json\/wp\/v2\/product\/55627"}],"collection":[{"href":"https:\/\/la-perla.net\/fr\/wp-json\/wp\/v2\/product"}],"about":[{"href":"https:\/\/la-perla.net\/fr\/wp-json\/wp\/v2\/types\/product"}],"wp:featuredmedia":[{"embeddable":true,"href":"https:\/\/la-perla.net\/fr\/wp-json\/wp\/v2\/media\/60728"}],"wp:attachment":[{"href":"https:\/\/la-perla.net\/fr\/wp-json\/wp\/v2\/media?parent=55627"}],"wp:term":[{"taxonomy":"product_brand","embeddable":true,"href":"https:\/\/la-perla.net\/fr\/wp-json\/wp\/v2\/product_brand?post=55627"},{"taxonomy":"product_cat","embeddable":true,"href":"https:\/\/la-perla.net\/fr\/wp-json\/wp\/v2\/product_cat?post=55627"},{"taxonomy":"product_tag","embeddable":true,"href":"https:\/\/la-perla.net\/fr\/wp-json\/wp\/v2\/product_tag?post=55627"}],"curies":[{"name":"wp","href":"https:\/\/api.w.org\/{rel}","templated":true}]}}