{"id":55755,"date":"2012-02-27T16:50:44","date_gmt":"2012-02-27T15:50:44","guid":{"rendered":"https:\/\/laperla21.wpengine.com\/donostia-san-sebastian\/modelage-corporel-et-drainage\/"},"modified":"2024-06-06T14:00:46","modified_gmt":"2024-06-06T12:00:46","slug":"remodelage-du-corps-par-drainage-anticellulite","status":"publish","type":"product","link":"https:\/\/la-perla.net\/fr\/produit\/remodelage-du-corps-par-drainage-anticellulite\/","title":{"rendered":"Remodelage du Corps par Drainage"},"content":{"rendered":"<p class=\"p1\"><span class=\"s1\">Soin associant la philosophie orientale (digitopuncture, canaux \u00e9nerg\u00e9tiques\u2026) aux techniques de l\u2019esth\u00e9tique actuelle (aromath\u00e9rapie, appareils sophistiqu\u00e9s\u2026), afin de combattre la cellulite et remodeler le corps. Il corrige diff\u00e9rentes <\/span><span class=\"s1\">imperfections du corps comme la cellulite, la r\u00e9tention d\u2019eau ou le rel\u00e2chement de la peau.<\/span><\/p>\n<p style=\"text-align: justify;\">Dur\u00e9e : 55 minutes.<\/p>\n","protected":false},"excerpt":{"rendered":"<p class=\"p1\"><span class=\"s1\">Soin avec ventouses pour combattre la cellulite et remodeler le corps.<\/span><\/p>\n","protected":false},"featured_media":89053,"template":"","meta":{"_genesis_hide_title":false,"_genesis_hide_breadcrumbs":false,"_genesis_hide_singular_image":false,"_genesis_hide_footer_widgets":false,"_genesis_custom_body_class":"","_genesis_custom_post_class":"","_genesis_layout":""},"product_brand":[],"product_cat":[940],"product_tag":[],"class_list":{"0":"post-55755","1":"product","2":"type-product","3":"status-publish","4":"has-post-thumbnail","6":"product_cat-anticellulite-reducteurs-raffermissants","7":"product_shipping_class-bonos-y-vales-fr","8":"entry","10":"first","11":"instock","12":"shipping-taxable","13":"purchasable","14":"product-type-simple"},"yoast_head":"<!-- This site is optimized with the Yoast SEO plugin v25.6 - https:\/\/yoast.com\/wordpress\/plugins\/seo\/ -->\n<title>Remodelage du Corps par Drainage \u2022 Thalassoth\u00e9rapie La Perla<\/title>\n<meta name=\"description\" content=\"Traitement qui associe la philosophie orientale aux techniques esth\u00e9tiques modernes pour corriger la cellulite et remodeler le corps.\" \/>\n<meta name=\"robots\" content=\"index, follow, max-snippet:-1, max-image-preview:large, max-video-preview:-1\" \/>\n<link rel=\"canonical\" href=\"https:\/\/la-perla.net\/produit\/anticeluliticos-reductores-reafirmantes-modelaje-corporal-con-drenaje\/\" \/>\n<meta property=\"og:locale\" content=\"fr_FR\" \/>\n<meta property=\"og:type\" content=\"article\" \/>\n<meta property=\"og:title\" content=\"Remodelage du Corps par Drainage \u2022 Thalassoth\u00e9rapie La Perla\" \/>\n<meta property=\"og:description\" content=\"Traitement qui associe la philosophie orientale aux techniques esth\u00e9tiques modernes pour corriger la cellulite et remodeler le corps.\" \/>\n<meta property=\"og:url\" content=\"https:\/\/la-perla.net\/produit\/anticeluliticos-reductores-reafirmantes-modelaje-corporal-con-drenaje\/\" \/>\n<meta property=\"og:site_name\" content=\"Talasoterapia La Perla \u2022 San Sebasti\u00e1n - Donostia\" \/>\n<meta property=\"article:publisher\" content=\"https:\/\/www.facebook.com\/laperladonosti\/\" \/>\n<meta property=\"article:modified_time\" content=\"2024-06-06T12:00:46+00:00\" \/>\n<meta property=\"og:image\" content=\"https:\/\/la-perla.net\/wp-content\/uploads\/2012\/02\/modelaje-corporal.jpg\" \/>\n\t<meta property=\"og:image:width\" content=\"600\" \/>\n\t<meta property=\"og:image:height\" content=\"424\" \/>\n\t<meta property=\"og:image:type\" content=\"image\/jpeg\" \/>\n<meta name=\"twitter:card\" content=\"summary_large_image\" \/>\n<meta name=\"twitter:site\" content=\"@LaPerlaDonosti\" \/>\n<script type=\"application\/ld+json\" class=\"yoast-schema-graph\">{\"@context\":\"https:\/\/schema.org\",\"@graph\":[{\"@type\":\"WebPage\",\"@id\":\"https:\/\/la-perla.net\/produit\/anticeluliticos-reductores-reafirmantes-modelaje-corporal-con-drenaje\/\",\"url\":\"https:\/\/la-perla.net\/produit\/anticeluliticos-reductores-reafirmantes-modelaje-corporal-con-drenaje\/\",\"name\":\"Remodelage du Corps par Drainage \u2022 Thalassoth\u00e9rapie La Perla\",\"isPartOf\":{\"@id\":\"https:\/\/la-perla.net\/#website\"},\"primaryImageOfPage\":{\"@id\":\"https:\/\/la-perla.net\/produit\/anticeluliticos-reductores-reafirmantes-modelaje-corporal-con-drenaje\/#primaryimage\"},\"image\":{\"@id\":\"https:\/\/la-perla.net\/produit\/anticeluliticos-reductores-reafirmantes-modelaje-corporal-con-drenaje\/#primaryimage\"},\"thumbnailUrl\":\"https:\/\/la-perla.net\/wp-content\/uploads\/2012\/02\/modelaje-corporal.jpg\",\"datePublished\":\"2012-02-27T15:50:44+00:00\",\"dateModified\":\"2024-06-06T12:00:46+00:00\",\"description\":\"Traitement qui associe la philosophie orientale aux techniques esth\u00e9tiques modernes pour corriger la cellulite et remodeler le corps.\",\"breadcrumb\":{\"@id\":\"https:\/\/la-perla.net\/produit\/anticeluliticos-reductores-reafirmantes-modelaje-corporal-con-drenaje\/#breadcrumb\"},\"inLanguage\":\"fr-FR\",\"potentialAction\":[{\"@type\":\"ReadAction\",\"target\":[\"https:\/\/la-perla.net\/produit\/anticeluliticos-reductores-reafirmantes-modelaje-corporal-con-drenaje\/\"]}]},{\"@type\":\"ImageObject\",\"inLanguage\":\"fr-FR\",\"@id\":\"https:\/\/la-perla.net\/produit\/anticeluliticos-reductores-reafirmantes-modelaje-corporal-con-drenaje\/#primaryimage\",\"url\":\"https:\/\/la-perla.net\/wp-content\/uploads\/2012\/02\/modelaje-corporal.jpg\",\"contentUrl\":\"https:\/\/la-perla.net\/wp-content\/uploads\/2012\/02\/modelaje-corporal.jpg\",\"width\":600,\"height\":424,\"caption\":\"Remodelage du Corps par Drainage\"},{\"@type\":\"BreadcrumbList\",\"@id\":\"https:\/\/la-perla.net\/produit\/anticeluliticos-reductores-reafirmantes-modelaje-corporal-con-drenaje\/#breadcrumb\",\"itemListElement\":[{\"@type\":\"ListItem\",\"position\":1,\"name\":\"Portada\",\"item\":\"https:\/\/la-perla.net\/fr\/\"},{\"@type\":\"ListItem\",\"position\":2,\"name\":\"Boutique\",\"item\":\"https:\/\/la-perla.net\/fr\/boutique\/\"},{\"@type\":\"ListItem\",\"position\":3,\"name\":\"Remodelage du Corps par Drainage\"}]},{\"@type\":\"WebSite\",\"@id\":\"https:\/\/la-perla.net\/#website\",\"url\":\"https:\/\/la-perla.net\/\",\"name\":\"Talasoterapia La Perla \u2022 San Sebasti\u00e1n - Donostia\",\"description\":\"Talasoterapia en Guipuzcoa - Centro de salud, belleza y deporte\",\"publisher\":{\"@id\":\"https:\/\/la-perla.net\/#organization\"},\"potentialAction\":[{\"@type\":\"SearchAction\",\"target\":{\"@type\":\"EntryPoint\",\"urlTemplate\":\"https:\/\/la-perla.net\/?s={search_term_string}\"},\"query-input\":{\"@type\":\"PropertyValueSpecification\",\"valueRequired\":true,\"valueName\":\"search_term_string\"}}],\"inLanguage\":\"fr-FR\"},{\"@type\":\"Organization\",\"@id\":\"https:\/\/la-perla.net\/#organization\",\"name\":\"La Perla\",\"url\":\"https:\/\/la-perla.net\/\",\"logo\":{\"@type\":\"ImageObject\",\"inLanguage\":\"fr-FR\",\"@id\":\"https:\/\/la-perla.net\/#\/schema\/logo\/image\/\",\"url\":\"https:\/\/la-perla.net\/wp-content\/uploads\/2020\/09\/talasoterapia-la-perla.png\",\"contentUrl\":\"https:\/\/la-perla.net\/wp-content\/uploads\/2020\/09\/talasoterapia-la-perla.png\",\"width\":191,\"height\":51,\"caption\":\"La Perla\"},\"image\":{\"@id\":\"https:\/\/la-perla.net\/#\/schema\/logo\/image\/\"},\"sameAs\":[\"https:\/\/www.facebook.com\/laperladonosti\/\",\"https:\/\/x.com\/LaPerlaDonosti\",\"https:\/\/www.instagram.com\/laperladonosti\/?hl=es\",\"https:\/\/www.youtube.com\/channel\/UChQhp12N7Lg6ZrOcmAJAy4g\"]}]}<\/script>\n<!-- \/ Yoast SEO plugin. -->","yoast_head_json":{"title":"Remodelage du Corps par Drainage \u2022 Thalassoth\u00e9rapie La Perla","description":"Traitement qui associe la philosophie orientale aux techniques esth\u00e9tiques modernes pour corriger la cellulite et remodeler le corps.","robots":{"index":"index","follow":"follow","max-snippet":"max-snippet:-1","max-image-preview":"max-image-preview:large","max-video-preview":"max-video-preview:-1"},"canonical":"https:\/\/la-perla.net\/produit\/anticeluliticos-reductores-reafirmantes-modelaje-corporal-con-drenaje\/","og_locale":"fr_FR","og_type":"article","og_title":"Remodelage du Corps par Drainage \u2022 Thalassoth\u00e9rapie La Perla","og_description":"Traitement qui associe la philosophie orientale aux techniques esth\u00e9tiques modernes pour corriger la cellulite et remodeler le corps.","og_url":"https:\/\/la-perla.net\/produit\/anticeluliticos-reductores-reafirmantes-modelaje-corporal-con-drenaje\/","og_site_name":"Talasoterapia La Perla \u2022 San Sebasti\u00e1n - Donostia","article_publisher":"https:\/\/www.facebook.com\/laperladonosti\/","article_modified_time":"2024-06-06T12:00:46+00:00","og_image":[{"width":600,"height":424,"url":"https:\/\/la-perla.net\/wp-content\/uploads\/2012\/02\/modelaje-corporal.jpg","type":"image\/jpeg"}],"twitter_card":"summary_large_image","twitter_site":"@LaPerlaDonosti","schema":{"@context":"https:\/\/schema.org","@graph":[{"@type":"WebPage","@id":"https:\/\/la-perla.net\/produit\/anticeluliticos-reductores-reafirmantes-modelaje-corporal-con-drenaje\/","url":"https:\/\/la-perla.net\/produit\/anticeluliticos-reductores-reafirmantes-modelaje-corporal-con-drenaje\/","name":"Remodelage du Corps par Drainage \u2022 Thalassoth\u00e9rapie La Perla","isPartOf":{"@id":"https:\/\/la-perla.net\/#website"},"primaryImageOfPage":{"@id":"https:\/\/la-perla.net\/produit\/anticeluliticos-reductores-reafirmantes-modelaje-corporal-con-drenaje\/#primaryimage"},"image":{"@id":"https:\/\/la-perla.net\/produit\/anticeluliticos-reductores-reafirmantes-modelaje-corporal-con-drenaje\/#primaryimage"},"thumbnailUrl":"https:\/\/la-perla.net\/wp-content\/uploads\/2012\/02\/modelaje-corporal.jpg","datePublished":"2012-02-27T15:50:44+00:00","dateModified":"2024-06-06T12:00:46+00:00","description":"Traitement qui associe la philosophie orientale aux techniques esth\u00e9tiques modernes pour corriger la cellulite et remodeler le corps.","breadcrumb":{"@id":"https:\/\/la-perla.net\/produit\/anticeluliticos-reductores-reafirmantes-modelaje-corporal-con-drenaje\/#breadcrumb"},"inLanguage":"fr-FR","potentialAction":[{"@type":"ReadAction","target":["https:\/\/la-perla.net\/produit\/anticeluliticos-reductores-reafirmantes-modelaje-corporal-con-drenaje\/"]}]},{"@type":"ImageObject","inLanguage":"fr-FR","@id":"https:\/\/la-perla.net\/produit\/anticeluliticos-reductores-reafirmantes-modelaje-corporal-con-drenaje\/#primaryimage","url":"https:\/\/la-perla.net\/wp-content\/uploads\/2012\/02\/modelaje-corporal.jpg","contentUrl":"https:\/\/la-perla.net\/wp-content\/uploads\/2012\/02\/modelaje-corporal.jpg","width":600,"height":424,"caption":"Remodelage du Corps par Drainage"},{"@type":"BreadcrumbList","@id":"https:\/\/la-perla.net\/produit\/anticeluliticos-reductores-reafirmantes-modelaje-corporal-con-drenaje\/#breadcrumb","itemListElement":[{"@type":"ListItem","position":1,"name":"Portada","item":"https:\/\/la-perla.net\/fr\/"},{"@type":"ListItem","position":2,"name":"Boutique","item":"https:\/\/la-perla.net\/fr\/boutique\/"},{"@type":"ListItem","position":3,"name":"Remodelage du Corps par Drainage"}]},{"@type":"WebSite","@id":"https:\/\/la-perla.net\/#website","url":"https:\/\/la-perla.net\/","name":"Talasoterapia La Perla \u2022 San Sebasti\u00e1n - Donostia","description":"Talasoterapia en Guipuzcoa - Centro de salud, belleza y deporte","publisher":{"@id":"https:\/\/la-perla.net\/#organization"},"potentialAction":[{"@type":"SearchAction","target":{"@type":"EntryPoint","urlTemplate":"https:\/\/la-perla.net\/?s={search_term_string}"},"query-input":{"@type":"PropertyValueSpecification","valueRequired":true,"valueName":"search_term_string"}}],"inLanguage":"fr-FR"},{"@type":"Organization","@id":"https:\/\/la-perla.net\/#organization","name":"La Perla","url":"https:\/\/la-perla.net\/","logo":{"@type":"ImageObject","inLanguage":"fr-FR","@id":"https:\/\/la-perla.net\/#\/schema\/logo\/image\/","url":"https:\/\/la-perla.net\/wp-content\/uploads\/2020\/09\/talasoterapia-la-perla.png","contentUrl":"https:\/\/la-perla.net\/wp-content\/uploads\/2020\/09\/talasoterapia-la-perla.png","width":191,"height":51,"caption":"La Perla"},"image":{"@id":"https:\/\/la-perla.net\/#\/schema\/logo\/image\/"},"sameAs":["https:\/\/www.facebook.com\/laperladonosti\/","https:\/\/x.com\/LaPerlaDonosti","https:\/\/www.instagram.com\/laperladonosti\/?hl=es","https:\/\/www.youtube.com\/channel\/UChQhp12N7Lg6ZrOcmAJAy4g"]}]}},"_links":{"self":[{"href":"https:\/\/la-perla.net\/fr\/wp-json\/wp\/v2\/product\/55755"}],"collection":[{"href":"https:\/\/la-perla.net\/fr\/wp-json\/wp\/v2\/product"}],"about":[{"href":"https:\/\/la-perla.net\/fr\/wp-json\/wp\/v2\/types\/product"}],"wp:featuredmedia":[{"embeddable":true,"href":"https:\/\/la-perla.net\/fr\/wp-json\/wp\/v2\/media\/89053"}],"wp:attachment":[{"href":"https:\/\/la-perla.net\/fr\/wp-json\/wp\/v2\/media?parent=55755"}],"wp:term":[{"taxonomy":"product_brand","embeddable":true,"href":"https:\/\/la-perla.net\/fr\/wp-json\/wp\/v2\/product_brand?post=55755"},{"taxonomy":"product_cat","embeddable":true,"href":"https:\/\/la-perla.net\/fr\/wp-json\/wp\/v2\/product_cat?post=55755"},{"taxonomy":"product_tag","embeddable":true,"href":"https:\/\/la-perla.net\/fr\/wp-json\/wp\/v2\/product_tag?post=55755"}],"curies":[{"name":"wp","href":"https:\/\/api.w.org\/{rel}","templated":true}]}}