{"id":55779,"date":"2021-08-11T10:21:49","date_gmt":"2021-08-11T08:21:49","guid":{"rendered":"https:\/\/laperla21.wpengine.com\/donostia-san-sebastian\/diamond-lifting-multisensorial\/"},"modified":"2024-06-06T13:53:31","modified_gmt":"2024-06-06T11:53:31","slug":"diamond-experience-by-natura-bisse","status":"publish","type":"product","link":"https:\/\/la-perla.net\/fr\/produit\/diamond-experience-by-natura-bisse\/","title":{"rendered":"Diamond Experience by Natura Biss\u00e9"},"content":{"rendered":"<p>Exp\u00e9rience multisensorielle bas\u00e9e sur l&rsquo;extrait de p\u00e9pins de raisin, capable de stimuler, restructurer et prot\u00e9ger la peau. Il s\u2019agit d\u2019un massage \u00e9nerg\u00e9tique sur diff\u00e9rents points de digitopuncture et d\u2019un masque en forme de gaze humect\u00e9e d\u2019extrait de p\u00e9pins de raisin, d\u2019art\u00e9mie saline et d\u2019un m\u00e9lange d\u2019oligo-collag\u00e8nes. \u00c0 la fin du soin, on applique une silicone volatile sur chaque ride, ce qui provoque un effet lissant imm\u00e9diat. <\/p>\n<p>Dur\u00e9e : 85 minutes.<\/p>\n","protected":false},"excerpt":{"rendered":"<p>Rituel de soin du visage multisensoriel bas\u00e9 sur l&rsquo;extrait de p\u00e9pins de raisin capable de stimuler, restructurer et prot\u00e9ger la peau.<\/p>\n","protected":false},"featured_media":87658,"template":"","meta":{"_genesis_hide_title":false,"_genesis_hide_breadcrumbs":false,"_genesis_hide_singular_image":false,"_genesis_hide_footer_widgets":false,"_genesis_custom_body_class":"","_genesis_custom_post_class":"","_genesis_layout":""},"product_brand":[],"product_cat":[957],"product_tag":[],"class_list":{"0":"post-55779","1":"product","2":"type-product","3":"status-publish","4":"has-post-thumbnail","6":"product_cat-antirides-raffermissants","7":"entry","9":"first","10":"instock","11":"purchasable","12":"product-type-simple"},"yoast_head":"<!-- This site is optimized with the Yoast SEO plugin v25.6 - https:\/\/yoast.com\/wordpress\/plugins\/seo\/ -->\n<title>Diamond Experience by Natura Biss\u00e9 \u2022 Thalassoth\u00e9rapie La Perla<\/title>\n<meta name=\"description\" content=\"Diamond Experience de Natura Biss\u00e9 est un rituel facial multi-sensoriel \u00e0 l&#039;extrait de p\u00e9pins de raisin qui stimule la peau.\" \/>\n<meta name=\"robots\" content=\"index, follow, max-snippet:-1, max-image-preview:large, max-video-preview:-1\" \/>\n<link rel=\"canonical\" href=\"https:\/\/la-perla.net\/fr\/produit\/diamond-experience-by-natura-bisse\/\" \/>\n<meta property=\"og:locale\" content=\"fr_FR\" \/>\n<meta property=\"og:type\" content=\"article\" \/>\n<meta property=\"og:title\" content=\"Diamond Experience by Natura Biss\u00e9 \u2022 Thalassoth\u00e9rapie La Perla\" \/>\n<meta property=\"og:description\" content=\"Diamond Experience de Natura Biss\u00e9 est un rituel facial multi-sensoriel \u00e0 l&#039;extrait de p\u00e9pins de raisin qui stimule la peau.\" \/>\n<meta property=\"og:url\" content=\"https:\/\/la-perla.net\/fr\/produit\/diamond-experience-by-natura-bisse\/\" \/>\n<meta property=\"og:site_name\" content=\"Talasoterapia La Perla \u2022 San Sebasti\u00e1n - Donostia\" \/>\n<meta property=\"article:publisher\" content=\"https:\/\/www.facebook.com\/laperladonosti\/\" \/>\n<meta property=\"article:modified_time\" content=\"2024-06-06T11:53:31+00:00\" \/>\n<meta property=\"og:image\" content=\"https:\/\/la-perla.net\/wp-content\/uploads\/2021\/08\/Diamond-experience-by-NB.jpg\" \/>\n\t<meta property=\"og:image:width\" content=\"600\" \/>\n\t<meta property=\"og:image:height\" content=\"424\" \/>\n\t<meta property=\"og:image:type\" content=\"image\/jpeg\" \/>\n<meta name=\"twitter:card\" content=\"summary_large_image\" \/>\n<meta name=\"twitter:site\" content=\"@LaPerlaDonosti\" \/>\n<script type=\"application\/ld+json\" class=\"yoast-schema-graph\">{\"@context\":\"https:\/\/schema.org\",\"@graph\":[{\"@type\":\"WebPage\",\"@id\":\"https:\/\/la-perla.net\/fr\/produit\/diamond-experience-by-natura-bisse\/\",\"url\":\"https:\/\/la-perla.net\/fr\/produit\/diamond-experience-by-natura-bisse\/\",\"name\":\"Diamond Experience by Natura Biss\u00e9 \u2022 Thalassoth\u00e9rapie La Perla\",\"isPartOf\":{\"@id\":\"https:\/\/la-perla.net\/#website\"},\"primaryImageOfPage\":{\"@id\":\"https:\/\/la-perla.net\/fr\/produit\/diamond-experience-by-natura-bisse\/#primaryimage\"},\"image\":{\"@id\":\"https:\/\/la-perla.net\/fr\/produit\/diamond-experience-by-natura-bisse\/#primaryimage\"},\"thumbnailUrl\":\"https:\/\/la-perla.net\/wp-content\/uploads\/2021\/08\/Diamond-experience-by-NB.jpg\",\"datePublished\":\"2021-08-11T08:21:49+00:00\",\"dateModified\":\"2024-06-06T11:53:31+00:00\",\"description\":\"Diamond Experience de Natura Biss\u00e9 est un rituel facial multi-sensoriel \u00e0 l'extrait de p\u00e9pins de raisin qui stimule la peau.\",\"breadcrumb\":{\"@id\":\"https:\/\/la-perla.net\/fr\/produit\/diamond-experience-by-natura-bisse\/#breadcrumb\"},\"inLanguage\":\"fr-FR\",\"potentialAction\":[{\"@type\":\"ReadAction\",\"target\":[\"https:\/\/la-perla.net\/fr\/produit\/diamond-experience-by-natura-bisse\/\"]}]},{\"@type\":\"ImageObject\",\"inLanguage\":\"fr-FR\",\"@id\":\"https:\/\/la-perla.net\/fr\/produit\/diamond-experience-by-natura-bisse\/#primaryimage\",\"url\":\"https:\/\/la-perla.net\/wp-content\/uploads\/2021\/08\/Diamond-experience-by-NB.jpg\",\"contentUrl\":\"https:\/\/la-perla.net\/wp-content\/uploads\/2021\/08\/Diamond-experience-by-NB.jpg\",\"width\":600,\"height\":424,\"caption\":\"Diamond experience\"},{\"@type\":\"BreadcrumbList\",\"@id\":\"https:\/\/la-perla.net\/fr\/produit\/diamond-experience-by-natura-bisse\/#breadcrumb\",\"itemListElement\":[{\"@type\":\"ListItem\",\"position\":1,\"name\":\"Portada\",\"item\":\"https:\/\/la-perla.net\/fr\/\"},{\"@type\":\"ListItem\",\"position\":2,\"name\":\"Boutique\",\"item\":\"https:\/\/la-perla.net\/fr\/boutique\/\"},{\"@type\":\"ListItem\",\"position\":3,\"name\":\"Diamond Experience by Natura Biss\u00e9\"}]},{\"@type\":\"WebSite\",\"@id\":\"https:\/\/la-perla.net\/#website\",\"url\":\"https:\/\/la-perla.net\/\",\"name\":\"Talasoterapia La Perla \u2022 San Sebasti\u00e1n - Donostia\",\"description\":\"Talasoterapia en Guipuzcoa - Centro de salud, belleza y deporte\",\"publisher\":{\"@id\":\"https:\/\/la-perla.net\/#organization\"},\"potentialAction\":[{\"@type\":\"SearchAction\",\"target\":{\"@type\":\"EntryPoint\",\"urlTemplate\":\"https:\/\/la-perla.net\/?s={search_term_string}\"},\"query-input\":{\"@type\":\"PropertyValueSpecification\",\"valueRequired\":true,\"valueName\":\"search_term_string\"}}],\"inLanguage\":\"fr-FR\"},{\"@type\":\"Organization\",\"@id\":\"https:\/\/la-perla.net\/#organization\",\"name\":\"La Perla\",\"url\":\"https:\/\/la-perla.net\/\",\"logo\":{\"@type\":\"ImageObject\",\"inLanguage\":\"fr-FR\",\"@id\":\"https:\/\/la-perla.net\/#\/schema\/logo\/image\/\",\"url\":\"https:\/\/la-perla.net\/wp-content\/uploads\/2020\/09\/talasoterapia-la-perla.png\",\"contentUrl\":\"https:\/\/la-perla.net\/wp-content\/uploads\/2020\/09\/talasoterapia-la-perla.png\",\"width\":191,\"height\":51,\"caption\":\"La Perla\"},\"image\":{\"@id\":\"https:\/\/la-perla.net\/#\/schema\/logo\/image\/\"},\"sameAs\":[\"https:\/\/www.facebook.com\/laperladonosti\/\",\"https:\/\/x.com\/LaPerlaDonosti\",\"https:\/\/www.instagram.com\/laperladonosti\/?hl=es\",\"https:\/\/www.youtube.com\/channel\/UChQhp12N7Lg6ZrOcmAJAy4g\"]}]}<\/script>\n<!-- \/ Yoast SEO plugin. -->","yoast_head_json":{"title":"Diamond Experience by Natura Biss\u00e9 \u2022 Thalassoth\u00e9rapie La Perla","description":"Diamond Experience de Natura Biss\u00e9 est un rituel facial multi-sensoriel \u00e0 l'extrait de p\u00e9pins de raisin qui stimule la peau.","robots":{"index":"index","follow":"follow","max-snippet":"max-snippet:-1","max-image-preview":"max-image-preview:large","max-video-preview":"max-video-preview:-1"},"canonical":"https:\/\/la-perla.net\/fr\/produit\/diamond-experience-by-natura-bisse\/","og_locale":"fr_FR","og_type":"article","og_title":"Diamond Experience by Natura Biss\u00e9 \u2022 Thalassoth\u00e9rapie La Perla","og_description":"Diamond Experience de Natura Biss\u00e9 est un rituel facial multi-sensoriel \u00e0 l'extrait de p\u00e9pins de raisin qui stimule la peau.","og_url":"https:\/\/la-perla.net\/fr\/produit\/diamond-experience-by-natura-bisse\/","og_site_name":"Talasoterapia La Perla \u2022 San Sebasti\u00e1n - Donostia","article_publisher":"https:\/\/www.facebook.com\/laperladonosti\/","article_modified_time":"2024-06-06T11:53:31+00:00","og_image":[{"width":600,"height":424,"url":"https:\/\/la-perla.net\/wp-content\/uploads\/2021\/08\/Diamond-experience-by-NB.jpg","type":"image\/jpeg"}],"twitter_card":"summary_large_image","twitter_site":"@LaPerlaDonosti","schema":{"@context":"https:\/\/schema.org","@graph":[{"@type":"WebPage","@id":"https:\/\/la-perla.net\/fr\/produit\/diamond-experience-by-natura-bisse\/","url":"https:\/\/la-perla.net\/fr\/produit\/diamond-experience-by-natura-bisse\/","name":"Diamond Experience by Natura Biss\u00e9 \u2022 Thalassoth\u00e9rapie La Perla","isPartOf":{"@id":"https:\/\/la-perla.net\/#website"},"primaryImageOfPage":{"@id":"https:\/\/la-perla.net\/fr\/produit\/diamond-experience-by-natura-bisse\/#primaryimage"},"image":{"@id":"https:\/\/la-perla.net\/fr\/produit\/diamond-experience-by-natura-bisse\/#primaryimage"},"thumbnailUrl":"https:\/\/la-perla.net\/wp-content\/uploads\/2021\/08\/Diamond-experience-by-NB.jpg","datePublished":"2021-08-11T08:21:49+00:00","dateModified":"2024-06-06T11:53:31+00:00","description":"Diamond Experience de Natura Biss\u00e9 est un rituel facial multi-sensoriel \u00e0 l'extrait de p\u00e9pins de raisin qui stimule la peau.","breadcrumb":{"@id":"https:\/\/la-perla.net\/fr\/produit\/diamond-experience-by-natura-bisse\/#breadcrumb"},"inLanguage":"fr-FR","potentialAction":[{"@type":"ReadAction","target":["https:\/\/la-perla.net\/fr\/produit\/diamond-experience-by-natura-bisse\/"]}]},{"@type":"ImageObject","inLanguage":"fr-FR","@id":"https:\/\/la-perla.net\/fr\/produit\/diamond-experience-by-natura-bisse\/#primaryimage","url":"https:\/\/la-perla.net\/wp-content\/uploads\/2021\/08\/Diamond-experience-by-NB.jpg","contentUrl":"https:\/\/la-perla.net\/wp-content\/uploads\/2021\/08\/Diamond-experience-by-NB.jpg","width":600,"height":424,"caption":"Diamond experience"},{"@type":"BreadcrumbList","@id":"https:\/\/la-perla.net\/fr\/produit\/diamond-experience-by-natura-bisse\/#breadcrumb","itemListElement":[{"@type":"ListItem","position":1,"name":"Portada","item":"https:\/\/la-perla.net\/fr\/"},{"@type":"ListItem","position":2,"name":"Boutique","item":"https:\/\/la-perla.net\/fr\/boutique\/"},{"@type":"ListItem","position":3,"name":"Diamond Experience by Natura Biss\u00e9"}]},{"@type":"WebSite","@id":"https:\/\/la-perla.net\/#website","url":"https:\/\/la-perla.net\/","name":"Talasoterapia La Perla \u2022 San Sebasti\u00e1n - Donostia","description":"Talasoterapia en Guipuzcoa - Centro de salud, belleza y deporte","publisher":{"@id":"https:\/\/la-perla.net\/#organization"},"potentialAction":[{"@type":"SearchAction","target":{"@type":"EntryPoint","urlTemplate":"https:\/\/la-perla.net\/?s={search_term_string}"},"query-input":{"@type":"PropertyValueSpecification","valueRequired":true,"valueName":"search_term_string"}}],"inLanguage":"fr-FR"},{"@type":"Organization","@id":"https:\/\/la-perla.net\/#organization","name":"La Perla","url":"https:\/\/la-perla.net\/","logo":{"@type":"ImageObject","inLanguage":"fr-FR","@id":"https:\/\/la-perla.net\/#\/schema\/logo\/image\/","url":"https:\/\/la-perla.net\/wp-content\/uploads\/2020\/09\/talasoterapia-la-perla.png","contentUrl":"https:\/\/la-perla.net\/wp-content\/uploads\/2020\/09\/talasoterapia-la-perla.png","width":191,"height":51,"caption":"La Perla"},"image":{"@id":"https:\/\/la-perla.net\/#\/schema\/logo\/image\/"},"sameAs":["https:\/\/www.facebook.com\/laperladonosti\/","https:\/\/x.com\/LaPerlaDonosti","https:\/\/www.instagram.com\/laperladonosti\/?hl=es","https:\/\/www.youtube.com\/channel\/UChQhp12N7Lg6ZrOcmAJAy4g"]}]}},"_links":{"self":[{"href":"https:\/\/la-perla.net\/fr\/wp-json\/wp\/v2\/product\/55779"}],"collection":[{"href":"https:\/\/la-perla.net\/fr\/wp-json\/wp\/v2\/product"}],"about":[{"href":"https:\/\/la-perla.net\/fr\/wp-json\/wp\/v2\/types\/product"}],"wp:featuredmedia":[{"embeddable":true,"href":"https:\/\/la-perla.net\/fr\/wp-json\/wp\/v2\/media\/87658"}],"wp:attachment":[{"href":"https:\/\/la-perla.net\/fr\/wp-json\/wp\/v2\/media?parent=55779"}],"wp:term":[{"taxonomy":"product_brand","embeddable":true,"href":"https:\/\/la-perla.net\/fr\/wp-json\/wp\/v2\/product_brand?post=55779"},{"taxonomy":"product_cat","embeddable":true,"href":"https:\/\/la-perla.net\/fr\/wp-json\/wp\/v2\/product_cat?post=55779"},{"taxonomy":"product_tag","embeddable":true,"href":"https:\/\/la-perla.net\/fr\/wp-json\/wp\/v2\/product_tag?post=55779"}],"curies":[{"name":"wp","href":"https:\/\/api.w.org\/{rel}","templated":true}]}}