{"id":55816,"date":"2012-02-27T16:39:42","date_gmt":"2012-02-27T15:39:42","guid":{"rendered":"https:\/\/laperla21.wpengine.com\/donostia-san-sebastian\/soin-hyaluronique-marin-comblement-des-rides\/"},"modified":"2025-06-14T00:00:51","modified_gmt":"2025-06-13T22:00:51","slug":"soins-antiage-hyalu-marin","status":"publish","type":"product","link":"https:\/\/la-perla.net\/fr\/produit\/soins-antiage-hyalu-marin\/","title":{"rendered":"Anti-rides Hyalu Procollag\u00e8ne"},"content":{"rendered":"<p><span class=\"s1\">Soin du visage qui att\u00e9nue les rides d\u2019expression et maintient la densit\u00e9 de la peau. <\/span><span class=\"s1\">\u00c0 base d\u2019acide hyaluronique, ce soin retient l\u2019eau, le teint est plus lumineux et les rides moins marqu\u00e9es.<\/span><\/p>\n<p class=\"p1\"><span class=\"s1\">Dur\u00e9e : 55 minutes. <\/span><\/p>\n","protected":false},"excerpt":{"rendered":"<p class=\"p1\"><span class=\"s1\">Soin du visage indiqu\u00e9 pour les rides d\u2019expression et la densit\u00e9 de la peau.<\/span><\/p>\n","protected":false},"featured_media":87662,"template":"","meta":{"_genesis_hide_title":false,"_genesis_hide_breadcrumbs":false,"_genesis_hide_singular_image":false,"_genesis_hide_footer_widgets":false,"_genesis_custom_body_class":"","_genesis_custom_post_class":"","_genesis_layout":""},"product_brand":[],"product_cat":[960],"product_tag":[],"class_list":{"0":"post-55816","1":"product","2":"type-product","3":"status-publish","4":"has-post-thumbnail","6":"product_cat-soins-antivieillissement","7":"product_shipping_class-bonos-y-vales-fr","8":"entry","10":"first","11":"instock","12":"shipping-taxable","13":"purchasable","14":"product-type-simple"},"yoast_head":"<!-- This site is optimized with the Yoast SEO plugin v25.6 - https:\/\/yoast.com\/wordpress\/plugins\/seo\/ -->\n<title>Hyalu Pro-Collagene Marine \u2022 Thalassoth\u00e9rapie La Perla \u2022 Saint-S\u00e9bastien<\/title>\n<meta name=\"description\" content=\"Hyalu Pro-Collagene Marine est un traitement du visage indiqu\u00e9 pour att\u00e9nuer les rides d&#039;expression et maintenir la densit\u00e9 de la peau.\" \/>\n<meta name=\"robots\" content=\"index, follow, max-snippet:-1, max-image-preview:large, max-video-preview:-1\" \/>\n<link rel=\"canonical\" href=\"https:\/\/la-perla.net\/fr\/produit\/soins-antiage-hyalu-marin\/\" \/>\n<meta property=\"og:locale\" content=\"fr_FR\" \/>\n<meta property=\"og:type\" content=\"article\" \/>\n<meta property=\"og:title\" content=\"Hyalu Pro-Collagene Marine \u2022 Thalassoth\u00e9rapie La Perla \u2022 Saint-S\u00e9bastien\" \/>\n<meta property=\"og:description\" content=\"Hyalu Pro-Collagene Marine est un traitement du visage indiqu\u00e9 pour att\u00e9nuer les rides d&#039;expression et maintenir la densit\u00e9 de la peau.\" \/>\n<meta property=\"og:url\" content=\"https:\/\/la-perla.net\/fr\/produit\/soins-antiage-hyalu-marin\/\" \/>\n<meta property=\"og:site_name\" content=\"Talasoterapia La Perla \u2022 San Sebasti\u00e1n - Donostia\" \/>\n<meta property=\"article:publisher\" content=\"https:\/\/www.facebook.com\/laperladonosti\/\" \/>\n<meta property=\"article:modified_time\" content=\"2025-06-13T22:00:51+00:00\" \/>\n<meta property=\"og:image\" content=\"https:\/\/la-perla.net\/wp-content\/uploads\/2012\/02\/hyalu-pro-collagene-marin.jpg\" \/>\n\t<meta property=\"og:image:width\" content=\"600\" \/>\n\t<meta property=\"og:image:height\" content=\"424\" \/>\n\t<meta property=\"og:image:type\" content=\"image\/jpeg\" \/>\n<meta name=\"twitter:card\" content=\"summary_large_image\" \/>\n<meta name=\"twitter:site\" content=\"@LaPerlaDonosti\" \/>\n<script type=\"application\/ld+json\" class=\"yoast-schema-graph\">{\"@context\":\"https:\/\/schema.org\",\"@graph\":[{\"@type\":\"WebPage\",\"@id\":\"https:\/\/la-perla.net\/fr\/produit\/soins-antiage-hyalu-marin\/\",\"url\":\"https:\/\/la-perla.net\/fr\/produit\/soins-antiage-hyalu-marin\/\",\"name\":\"Hyalu Pro-Collagene Marine \u2022 Thalassoth\u00e9rapie La Perla \u2022 Saint-S\u00e9bastien\",\"isPartOf\":{\"@id\":\"https:\/\/la-perla.net\/#website\"},\"primaryImageOfPage\":{\"@id\":\"https:\/\/la-perla.net\/fr\/produit\/soins-antiage-hyalu-marin\/#primaryimage\"},\"image\":{\"@id\":\"https:\/\/la-perla.net\/fr\/produit\/soins-antiage-hyalu-marin\/#primaryimage\"},\"thumbnailUrl\":\"https:\/\/la-perla.net\/wp-content\/uploads\/2012\/02\/hyalu-pro-collagene-marin.jpg\",\"datePublished\":\"2012-02-27T15:39:42+00:00\",\"dateModified\":\"2025-06-13T22:00:51+00:00\",\"description\":\"Hyalu Pro-Collagene Marine est un traitement du visage indiqu\u00e9 pour att\u00e9nuer les rides d'expression et maintenir la densit\u00e9 de la peau.\",\"breadcrumb\":{\"@id\":\"https:\/\/la-perla.net\/fr\/produit\/soins-antiage-hyalu-marin\/#breadcrumb\"},\"inLanguage\":\"fr-FR\",\"potentialAction\":[{\"@type\":\"ReadAction\",\"target\":[\"https:\/\/la-perla.net\/fr\/produit\/soins-antiage-hyalu-marin\/\"]}]},{\"@type\":\"ImageObject\",\"inLanguage\":\"fr-FR\",\"@id\":\"https:\/\/la-perla.net\/fr\/produit\/soins-antiage-hyalu-marin\/#primaryimage\",\"url\":\"https:\/\/la-perla.net\/wp-content\/uploads\/2012\/02\/hyalu-pro-collagene-marin.jpg\",\"contentUrl\":\"https:\/\/la-perla.net\/wp-content\/uploads\/2012\/02\/hyalu-pro-collagene-marin.jpg\",\"width\":600,\"height\":424,\"caption\":\"Hyalu Pro-Collag\u00e8ne Marin\"},{\"@type\":\"BreadcrumbList\",\"@id\":\"https:\/\/la-perla.net\/fr\/produit\/soins-antiage-hyalu-marin\/#breadcrumb\",\"itemListElement\":[{\"@type\":\"ListItem\",\"position\":1,\"name\":\"Portada\",\"item\":\"https:\/\/la-perla.net\/fr\/\"},{\"@type\":\"ListItem\",\"position\":2,\"name\":\"Boutique\",\"item\":\"https:\/\/la-perla.net\/fr\/boutique\/\"},{\"@type\":\"ListItem\",\"position\":3,\"name\":\"Anti-rides Hyalu Procollag\u00e8ne\"}]},{\"@type\":\"WebSite\",\"@id\":\"https:\/\/la-perla.net\/#website\",\"url\":\"https:\/\/la-perla.net\/\",\"name\":\"Talasoterapia La Perla \u2022 San Sebasti\u00e1n - Donostia\",\"description\":\"Talasoterapia en Guipuzcoa - Centro de salud, belleza y deporte\",\"publisher\":{\"@id\":\"https:\/\/la-perla.net\/#organization\"},\"potentialAction\":[{\"@type\":\"SearchAction\",\"target\":{\"@type\":\"EntryPoint\",\"urlTemplate\":\"https:\/\/la-perla.net\/?s={search_term_string}\"},\"query-input\":{\"@type\":\"PropertyValueSpecification\",\"valueRequired\":true,\"valueName\":\"search_term_string\"}}],\"inLanguage\":\"fr-FR\"},{\"@type\":\"Organization\",\"@id\":\"https:\/\/la-perla.net\/#organization\",\"name\":\"La Perla\",\"url\":\"https:\/\/la-perla.net\/\",\"logo\":{\"@type\":\"ImageObject\",\"inLanguage\":\"fr-FR\",\"@id\":\"https:\/\/la-perla.net\/#\/schema\/logo\/image\/\",\"url\":\"https:\/\/la-perla.net\/wp-content\/uploads\/2020\/09\/talasoterapia-la-perla.png\",\"contentUrl\":\"https:\/\/la-perla.net\/wp-content\/uploads\/2020\/09\/talasoterapia-la-perla.png\",\"width\":191,\"height\":51,\"caption\":\"La Perla\"},\"image\":{\"@id\":\"https:\/\/la-perla.net\/#\/schema\/logo\/image\/\"},\"sameAs\":[\"https:\/\/www.facebook.com\/laperladonosti\/\",\"https:\/\/x.com\/LaPerlaDonosti\",\"https:\/\/www.instagram.com\/laperladonosti\/?hl=es\",\"https:\/\/www.youtube.com\/channel\/UChQhp12N7Lg6ZrOcmAJAy4g\"]}]}<\/script>\n<!-- \/ Yoast SEO plugin. -->","yoast_head_json":{"title":"Hyalu Pro-Collagene Marine \u2022 Thalassoth\u00e9rapie La Perla \u2022 Saint-S\u00e9bastien","description":"Hyalu Pro-Collagene Marine est un traitement du visage indiqu\u00e9 pour att\u00e9nuer les rides d'expression et maintenir la densit\u00e9 de la peau.","robots":{"index":"index","follow":"follow","max-snippet":"max-snippet:-1","max-image-preview":"max-image-preview:large","max-video-preview":"max-video-preview:-1"},"canonical":"https:\/\/la-perla.net\/fr\/produit\/soins-antiage-hyalu-marin\/","og_locale":"fr_FR","og_type":"article","og_title":"Hyalu Pro-Collagene Marine \u2022 Thalassoth\u00e9rapie La Perla \u2022 Saint-S\u00e9bastien","og_description":"Hyalu Pro-Collagene Marine est un traitement du visage indiqu\u00e9 pour att\u00e9nuer les rides d'expression et maintenir la densit\u00e9 de la peau.","og_url":"https:\/\/la-perla.net\/fr\/produit\/soins-antiage-hyalu-marin\/","og_site_name":"Talasoterapia La Perla \u2022 San Sebasti\u00e1n - Donostia","article_publisher":"https:\/\/www.facebook.com\/laperladonosti\/","article_modified_time":"2025-06-13T22:00:51+00:00","og_image":[{"width":600,"height":424,"url":"https:\/\/la-perla.net\/wp-content\/uploads\/2012\/02\/hyalu-pro-collagene-marin.jpg","type":"image\/jpeg"}],"twitter_card":"summary_large_image","twitter_site":"@LaPerlaDonosti","schema":{"@context":"https:\/\/schema.org","@graph":[{"@type":"WebPage","@id":"https:\/\/la-perla.net\/fr\/produit\/soins-antiage-hyalu-marin\/","url":"https:\/\/la-perla.net\/fr\/produit\/soins-antiage-hyalu-marin\/","name":"Hyalu Pro-Collagene Marine \u2022 Thalassoth\u00e9rapie La Perla \u2022 Saint-S\u00e9bastien","isPartOf":{"@id":"https:\/\/la-perla.net\/#website"},"primaryImageOfPage":{"@id":"https:\/\/la-perla.net\/fr\/produit\/soins-antiage-hyalu-marin\/#primaryimage"},"image":{"@id":"https:\/\/la-perla.net\/fr\/produit\/soins-antiage-hyalu-marin\/#primaryimage"},"thumbnailUrl":"https:\/\/la-perla.net\/wp-content\/uploads\/2012\/02\/hyalu-pro-collagene-marin.jpg","datePublished":"2012-02-27T15:39:42+00:00","dateModified":"2025-06-13T22:00:51+00:00","description":"Hyalu Pro-Collagene Marine est un traitement du visage indiqu\u00e9 pour att\u00e9nuer les rides d'expression et maintenir la densit\u00e9 de la peau.","breadcrumb":{"@id":"https:\/\/la-perla.net\/fr\/produit\/soins-antiage-hyalu-marin\/#breadcrumb"},"inLanguage":"fr-FR","potentialAction":[{"@type":"ReadAction","target":["https:\/\/la-perla.net\/fr\/produit\/soins-antiage-hyalu-marin\/"]}]},{"@type":"ImageObject","inLanguage":"fr-FR","@id":"https:\/\/la-perla.net\/fr\/produit\/soins-antiage-hyalu-marin\/#primaryimage","url":"https:\/\/la-perla.net\/wp-content\/uploads\/2012\/02\/hyalu-pro-collagene-marin.jpg","contentUrl":"https:\/\/la-perla.net\/wp-content\/uploads\/2012\/02\/hyalu-pro-collagene-marin.jpg","width":600,"height":424,"caption":"Hyalu Pro-Collag\u00e8ne Marin"},{"@type":"BreadcrumbList","@id":"https:\/\/la-perla.net\/fr\/produit\/soins-antiage-hyalu-marin\/#breadcrumb","itemListElement":[{"@type":"ListItem","position":1,"name":"Portada","item":"https:\/\/la-perla.net\/fr\/"},{"@type":"ListItem","position":2,"name":"Boutique","item":"https:\/\/la-perla.net\/fr\/boutique\/"},{"@type":"ListItem","position":3,"name":"Anti-rides Hyalu Procollag\u00e8ne"}]},{"@type":"WebSite","@id":"https:\/\/la-perla.net\/#website","url":"https:\/\/la-perla.net\/","name":"Talasoterapia La Perla \u2022 San Sebasti\u00e1n - Donostia","description":"Talasoterapia en Guipuzcoa - Centro de salud, belleza y deporte","publisher":{"@id":"https:\/\/la-perla.net\/#organization"},"potentialAction":[{"@type":"SearchAction","target":{"@type":"EntryPoint","urlTemplate":"https:\/\/la-perla.net\/?s={search_term_string}"},"query-input":{"@type":"PropertyValueSpecification","valueRequired":true,"valueName":"search_term_string"}}],"inLanguage":"fr-FR"},{"@type":"Organization","@id":"https:\/\/la-perla.net\/#organization","name":"La Perla","url":"https:\/\/la-perla.net\/","logo":{"@type":"ImageObject","inLanguage":"fr-FR","@id":"https:\/\/la-perla.net\/#\/schema\/logo\/image\/","url":"https:\/\/la-perla.net\/wp-content\/uploads\/2020\/09\/talasoterapia-la-perla.png","contentUrl":"https:\/\/la-perla.net\/wp-content\/uploads\/2020\/09\/talasoterapia-la-perla.png","width":191,"height":51,"caption":"La Perla"},"image":{"@id":"https:\/\/la-perla.net\/#\/schema\/logo\/image\/"},"sameAs":["https:\/\/www.facebook.com\/laperladonosti\/","https:\/\/x.com\/LaPerlaDonosti","https:\/\/www.instagram.com\/laperladonosti\/?hl=es","https:\/\/www.youtube.com\/channel\/UChQhp12N7Lg6ZrOcmAJAy4g"]}]}},"_links":{"self":[{"href":"https:\/\/la-perla.net\/fr\/wp-json\/wp\/v2\/product\/55816"}],"collection":[{"href":"https:\/\/la-perla.net\/fr\/wp-json\/wp\/v2\/product"}],"about":[{"href":"https:\/\/la-perla.net\/fr\/wp-json\/wp\/v2\/types\/product"}],"wp:featuredmedia":[{"embeddable":true,"href":"https:\/\/la-perla.net\/fr\/wp-json\/wp\/v2\/media\/87662"}],"wp:attachment":[{"href":"https:\/\/la-perla.net\/fr\/wp-json\/wp\/v2\/media?parent=55816"}],"wp:term":[{"taxonomy":"product_brand","embeddable":true,"href":"https:\/\/la-perla.net\/fr\/wp-json\/wp\/v2\/product_brand?post=55816"},{"taxonomy":"product_cat","embeddable":true,"href":"https:\/\/la-perla.net\/fr\/wp-json\/wp\/v2\/product_cat?post=55816"},{"taxonomy":"product_tag","embeddable":true,"href":"https:\/\/la-perla.net\/fr\/wp-json\/wp\/v2\/product_tag?post=55816"}],"curies":[{"name":"wp","href":"https:\/\/api.w.org\/{rel}","templated":true}]}}