{"id":55848,"date":"2012-02-27T16:33:26","date_gmt":"2012-02-27T15:33:26","guid":{"rendered":"https:\/\/laperla21.wpengine.com\/donostia-san-sebastian\/the-cure-soin-nettoyant-de-luxe-de-natura-bisse\/"},"modified":"2024-06-06T14:01:21","modified_gmt":"2024-06-06T12:01:21","slug":"soins-essentiels-the-cure-hygiene-carboxi-natura-bisse","status":"publish","type":"product","link":"https:\/\/la-perla.net\/fr\/produit\/soins-essentiels-the-cure-hygiene-carboxi-natura-bisse\/","title":{"rendered":"Hygi\u00e8ne Carboxi The Cure"},"content":{"rendered":"<p>Soin The Cure \u201cHygi\u00e8ne de Luxe\u201d de la prestigieuse marque Natura Biss\u00e9 qui \u00e9limine les impuret\u00e9s internes de la peau, hydrate, restaure et donne de l\u2019\u00e9clat \u00e0 la peau. <\/p>\n<p>Dur\u00e9e : 55 minutes.<\/p>\n","protected":false},"excerpt":{"rendered":"<p>Soin de la prestigieuse marque Natura Biss\u00e9 qui \u00e9limine les impuret\u00e9s internes de la peau et donne de l\u2019\u00e9clat \u00e0 la peau.<\/p>\n","protected":false},"featured_media":65558,"template":"","meta":{"_genesis_hide_title":false,"_genesis_hide_breadcrumbs":false,"_genesis_hide_singular_image":false,"_genesis_hide_footer_widgets":false,"_genesis_custom_body_class":"","_genesis_custom_post_class":"","_genesis_layout":""},"product_brand":[],"product_cat":[968],"product_tag":[],"class_list":{"0":"post-55848","1":"product","2":"type-product","3":"status-publish","4":"has-post-thumbnail","6":"product_cat-peeling-hygiene","7":"product_shipping_class-bonos-y-vales-fr","8":"entry","10":"first","11":"instock","12":"shipping-taxable","13":"purchasable","14":"product-type-simple"},"yoast_head":"<!-- This site is optimized with the Yoast SEO plugin v25.6 - https:\/\/yoast.com\/wordpress\/plugins\/seo\/ -->\n<title>Offrez-vous une hygi\u00e8ne faciale luxueuse avec &quot;The Cure&quot; de Natura Biss\u00e9 - Donostia<\/title>\n<meta name=\"description\" content=\"\u00c0 La Perla, nous vous proposons The Cure, le produit nettoyant de luxe de Natura Biss\u00e9 pour \u00e9liminer les impuret\u00e9s, hydrater, restaurer et \u00e9claircir votre visage...\" \/>\n<meta name=\"robots\" content=\"index, follow, max-snippet:-1, max-image-preview:large, max-video-preview:-1\" \/>\n<link rel=\"canonical\" href=\"https:\/\/la-perla.net\/fr\/produit\/soins-essentiels-the-cure-hygiene-carboxi-natura-bisse\/\" \/>\n<meta property=\"og:locale\" content=\"fr_FR\" \/>\n<meta property=\"og:type\" content=\"article\" \/>\n<meta property=\"og:title\" content=\"Offrez-vous une hygi\u00e8ne faciale luxueuse avec &quot;The Cure&quot; de Natura Biss\u00e9 - Donostia\" \/>\n<meta property=\"og:description\" content=\"\u00c0 La Perla, nous vous proposons The Cure, le produit nettoyant de luxe de Natura Biss\u00e9 pour \u00e9liminer les impuret\u00e9s, hydrater, restaurer et \u00e9claircir votre visage...\" \/>\n<meta property=\"og:url\" content=\"https:\/\/la-perla.net\/fr\/produit\/soins-essentiels-the-cure-hygiene-carboxi-natura-bisse\/\" \/>\n<meta property=\"og:site_name\" content=\"Talasoterapia La Perla \u2022 San Sebasti\u00e1n - Donostia\" \/>\n<meta property=\"article:publisher\" content=\"https:\/\/www.facebook.com\/laperladonosti\/\" \/>\n<meta property=\"article:modified_time\" content=\"2024-06-06T12:01:21+00:00\" \/>\n<meta property=\"og:image\" content=\"https:\/\/la-perla.net\/wp-content\/uploads\/2019\/04\/Higiene-limpieza-de-cutis-Natura-Bisse.jpg\" \/>\n\t<meta property=\"og:image:width\" content=\"500\" \/>\n\t<meta property=\"og:image:height\" content=\"358\" \/>\n\t<meta property=\"og:image:type\" content=\"image\/jpeg\" \/>\n<meta name=\"twitter:card\" content=\"summary_large_image\" \/>\n<meta name=\"twitter:site\" content=\"@LaPerlaDonosti\" \/>\n<script type=\"application\/ld+json\" class=\"yoast-schema-graph\">{\"@context\":\"https:\/\/schema.org\",\"@graph\":[{\"@type\":\"WebPage\",\"@id\":\"https:\/\/la-perla.net\/fr\/produit\/soins-essentiels-the-cure-hygiene-carboxi-natura-bisse\/\",\"url\":\"https:\/\/la-perla.net\/fr\/produit\/soins-essentiels-the-cure-hygiene-carboxi-natura-bisse\/\",\"name\":\"Offrez-vous une hygi\u00e8ne faciale luxueuse avec \\\"The Cure\\\" de Natura Biss\u00e9 - Donostia\",\"isPartOf\":{\"@id\":\"https:\/\/la-perla.net\/#website\"},\"primaryImageOfPage\":{\"@id\":\"https:\/\/la-perla.net\/fr\/produit\/soins-essentiels-the-cure-hygiene-carboxi-natura-bisse\/#primaryimage\"},\"image\":{\"@id\":\"https:\/\/la-perla.net\/fr\/produit\/soins-essentiels-the-cure-hygiene-carboxi-natura-bisse\/#primaryimage\"},\"thumbnailUrl\":\"https:\/\/la-perla.net\/wp-content\/uploads\/2019\/04\/Higiene-limpieza-de-cutis-Natura-Bisse.jpg\",\"datePublished\":\"2012-02-27T15:33:26+00:00\",\"dateModified\":\"2024-06-06T12:01:21+00:00\",\"description\":\"\u00c0 La Perla, nous vous proposons The Cure, le produit nettoyant de luxe de Natura Biss\u00e9 pour \u00e9liminer les impuret\u00e9s, hydrater, restaurer et \u00e9claircir votre visage...\",\"breadcrumb\":{\"@id\":\"https:\/\/la-perla.net\/fr\/produit\/soins-essentiels-the-cure-hygiene-carboxi-natura-bisse\/#breadcrumb\"},\"inLanguage\":\"fr-FR\",\"potentialAction\":[{\"@type\":\"ReadAction\",\"target\":[\"https:\/\/la-perla.net\/fr\/produit\/soins-essentiels-the-cure-hygiene-carboxi-natura-bisse\/\"]}]},{\"@type\":\"ImageObject\",\"inLanguage\":\"fr-FR\",\"@id\":\"https:\/\/la-perla.net\/fr\/produit\/soins-essentiels-the-cure-hygiene-carboxi-natura-bisse\/#primaryimage\",\"url\":\"https:\/\/la-perla.net\/wp-content\/uploads\/2019\/04\/Higiene-limpieza-de-cutis-Natura-Bisse.jpg\",\"contentUrl\":\"https:\/\/la-perla.net\/wp-content\/uploads\/2019\/04\/Higiene-limpieza-de-cutis-Natura-Bisse.jpg\",\"width\":500,\"height\":358,\"caption\":\"Traitement nettoyant pour la peau Natura Bisse\"},{\"@type\":\"BreadcrumbList\",\"@id\":\"https:\/\/la-perla.net\/fr\/produit\/soins-essentiels-the-cure-hygiene-carboxi-natura-bisse\/#breadcrumb\",\"itemListElement\":[{\"@type\":\"ListItem\",\"position\":1,\"name\":\"Portada\",\"item\":\"https:\/\/la-perla.net\/fr\/\"},{\"@type\":\"ListItem\",\"position\":2,\"name\":\"Boutique\",\"item\":\"https:\/\/la-perla.net\/fr\/boutique\/\"},{\"@type\":\"ListItem\",\"position\":3,\"name\":\"Hygi\u00e8ne Carboxi The Cure\"}]},{\"@type\":\"WebSite\",\"@id\":\"https:\/\/la-perla.net\/#website\",\"url\":\"https:\/\/la-perla.net\/\",\"name\":\"Talasoterapia La Perla \u2022 San Sebasti\u00e1n - Donostia\",\"description\":\"Talasoterapia en Guipuzcoa - Centro de salud, belleza y deporte\",\"publisher\":{\"@id\":\"https:\/\/la-perla.net\/#organization\"},\"potentialAction\":[{\"@type\":\"SearchAction\",\"target\":{\"@type\":\"EntryPoint\",\"urlTemplate\":\"https:\/\/la-perla.net\/?s={search_term_string}\"},\"query-input\":{\"@type\":\"PropertyValueSpecification\",\"valueRequired\":true,\"valueName\":\"search_term_string\"}}],\"inLanguage\":\"fr-FR\"},{\"@type\":\"Organization\",\"@id\":\"https:\/\/la-perla.net\/#organization\",\"name\":\"La Perla\",\"url\":\"https:\/\/la-perla.net\/\",\"logo\":{\"@type\":\"ImageObject\",\"inLanguage\":\"fr-FR\",\"@id\":\"https:\/\/la-perla.net\/#\/schema\/logo\/image\/\",\"url\":\"https:\/\/la-perla.net\/wp-content\/uploads\/2020\/09\/talasoterapia-la-perla.png\",\"contentUrl\":\"https:\/\/la-perla.net\/wp-content\/uploads\/2020\/09\/talasoterapia-la-perla.png\",\"width\":191,\"height\":51,\"caption\":\"La Perla\"},\"image\":{\"@id\":\"https:\/\/la-perla.net\/#\/schema\/logo\/image\/\"},\"sameAs\":[\"https:\/\/www.facebook.com\/laperladonosti\/\",\"https:\/\/x.com\/LaPerlaDonosti\",\"https:\/\/www.instagram.com\/laperladonosti\/?hl=es\",\"https:\/\/www.youtube.com\/channel\/UChQhp12N7Lg6ZrOcmAJAy4g\"]}]}<\/script>\n<!-- \/ Yoast SEO plugin. -->","yoast_head_json":{"title":"Offrez-vous une hygi\u00e8ne faciale luxueuse avec \"The Cure\" de Natura Biss\u00e9 - Donostia","description":"\u00c0 La Perla, nous vous proposons The Cure, le produit nettoyant de luxe de Natura Biss\u00e9 pour \u00e9liminer les impuret\u00e9s, hydrater, restaurer et \u00e9claircir votre visage...","robots":{"index":"index","follow":"follow","max-snippet":"max-snippet:-1","max-image-preview":"max-image-preview:large","max-video-preview":"max-video-preview:-1"},"canonical":"https:\/\/la-perla.net\/fr\/produit\/soins-essentiels-the-cure-hygiene-carboxi-natura-bisse\/","og_locale":"fr_FR","og_type":"article","og_title":"Offrez-vous une hygi\u00e8ne faciale luxueuse avec \"The Cure\" de Natura Biss\u00e9 - Donostia","og_description":"\u00c0 La Perla, nous vous proposons The Cure, le produit nettoyant de luxe de Natura Biss\u00e9 pour \u00e9liminer les impuret\u00e9s, hydrater, restaurer et \u00e9claircir votre visage...","og_url":"https:\/\/la-perla.net\/fr\/produit\/soins-essentiels-the-cure-hygiene-carboxi-natura-bisse\/","og_site_name":"Talasoterapia La Perla \u2022 San Sebasti\u00e1n - Donostia","article_publisher":"https:\/\/www.facebook.com\/laperladonosti\/","article_modified_time":"2024-06-06T12:01:21+00:00","og_image":[{"width":500,"height":358,"url":"https:\/\/la-perla.net\/wp-content\/uploads\/2019\/04\/Higiene-limpieza-de-cutis-Natura-Bisse.jpg","type":"image\/jpeg"}],"twitter_card":"summary_large_image","twitter_site":"@LaPerlaDonosti","schema":{"@context":"https:\/\/schema.org","@graph":[{"@type":"WebPage","@id":"https:\/\/la-perla.net\/fr\/produit\/soins-essentiels-the-cure-hygiene-carboxi-natura-bisse\/","url":"https:\/\/la-perla.net\/fr\/produit\/soins-essentiels-the-cure-hygiene-carboxi-natura-bisse\/","name":"Offrez-vous une hygi\u00e8ne faciale luxueuse avec \"The Cure\" de Natura Biss\u00e9 - Donostia","isPartOf":{"@id":"https:\/\/la-perla.net\/#website"},"primaryImageOfPage":{"@id":"https:\/\/la-perla.net\/fr\/produit\/soins-essentiels-the-cure-hygiene-carboxi-natura-bisse\/#primaryimage"},"image":{"@id":"https:\/\/la-perla.net\/fr\/produit\/soins-essentiels-the-cure-hygiene-carboxi-natura-bisse\/#primaryimage"},"thumbnailUrl":"https:\/\/la-perla.net\/wp-content\/uploads\/2019\/04\/Higiene-limpieza-de-cutis-Natura-Bisse.jpg","datePublished":"2012-02-27T15:33:26+00:00","dateModified":"2024-06-06T12:01:21+00:00","description":"\u00c0 La Perla, nous vous proposons The Cure, le produit nettoyant de luxe de Natura Biss\u00e9 pour \u00e9liminer les impuret\u00e9s, hydrater, restaurer et \u00e9claircir votre visage...","breadcrumb":{"@id":"https:\/\/la-perla.net\/fr\/produit\/soins-essentiels-the-cure-hygiene-carboxi-natura-bisse\/#breadcrumb"},"inLanguage":"fr-FR","potentialAction":[{"@type":"ReadAction","target":["https:\/\/la-perla.net\/fr\/produit\/soins-essentiels-the-cure-hygiene-carboxi-natura-bisse\/"]}]},{"@type":"ImageObject","inLanguage":"fr-FR","@id":"https:\/\/la-perla.net\/fr\/produit\/soins-essentiels-the-cure-hygiene-carboxi-natura-bisse\/#primaryimage","url":"https:\/\/la-perla.net\/wp-content\/uploads\/2019\/04\/Higiene-limpieza-de-cutis-Natura-Bisse.jpg","contentUrl":"https:\/\/la-perla.net\/wp-content\/uploads\/2019\/04\/Higiene-limpieza-de-cutis-Natura-Bisse.jpg","width":500,"height":358,"caption":"Traitement nettoyant pour la peau Natura Bisse"},{"@type":"BreadcrumbList","@id":"https:\/\/la-perla.net\/fr\/produit\/soins-essentiels-the-cure-hygiene-carboxi-natura-bisse\/#breadcrumb","itemListElement":[{"@type":"ListItem","position":1,"name":"Portada","item":"https:\/\/la-perla.net\/fr\/"},{"@type":"ListItem","position":2,"name":"Boutique","item":"https:\/\/la-perla.net\/fr\/boutique\/"},{"@type":"ListItem","position":3,"name":"Hygi\u00e8ne Carboxi The Cure"}]},{"@type":"WebSite","@id":"https:\/\/la-perla.net\/#website","url":"https:\/\/la-perla.net\/","name":"Talasoterapia La Perla \u2022 San Sebasti\u00e1n - Donostia","description":"Talasoterapia en Guipuzcoa - Centro de salud, belleza y deporte","publisher":{"@id":"https:\/\/la-perla.net\/#organization"},"potentialAction":[{"@type":"SearchAction","target":{"@type":"EntryPoint","urlTemplate":"https:\/\/la-perla.net\/?s={search_term_string}"},"query-input":{"@type":"PropertyValueSpecification","valueRequired":true,"valueName":"search_term_string"}}],"inLanguage":"fr-FR"},{"@type":"Organization","@id":"https:\/\/la-perla.net\/#organization","name":"La Perla","url":"https:\/\/la-perla.net\/","logo":{"@type":"ImageObject","inLanguage":"fr-FR","@id":"https:\/\/la-perla.net\/#\/schema\/logo\/image\/","url":"https:\/\/la-perla.net\/wp-content\/uploads\/2020\/09\/talasoterapia-la-perla.png","contentUrl":"https:\/\/la-perla.net\/wp-content\/uploads\/2020\/09\/talasoterapia-la-perla.png","width":191,"height":51,"caption":"La Perla"},"image":{"@id":"https:\/\/la-perla.net\/#\/schema\/logo\/image\/"},"sameAs":["https:\/\/www.facebook.com\/laperladonosti\/","https:\/\/x.com\/LaPerlaDonosti","https:\/\/www.instagram.com\/laperladonosti\/?hl=es","https:\/\/www.youtube.com\/channel\/UChQhp12N7Lg6ZrOcmAJAy4g"]}]}},"_links":{"self":[{"href":"https:\/\/la-perla.net\/fr\/wp-json\/wp\/v2\/product\/55848"}],"collection":[{"href":"https:\/\/la-perla.net\/fr\/wp-json\/wp\/v2\/product"}],"about":[{"href":"https:\/\/la-perla.net\/fr\/wp-json\/wp\/v2\/types\/product"}],"wp:featuredmedia":[{"embeddable":true,"href":"https:\/\/la-perla.net\/fr\/wp-json\/wp\/v2\/media\/65558"}],"wp:attachment":[{"href":"https:\/\/la-perla.net\/fr\/wp-json\/wp\/v2\/media?parent=55848"}],"wp:term":[{"taxonomy":"product_brand","embeddable":true,"href":"https:\/\/la-perla.net\/fr\/wp-json\/wp\/v2\/product_brand?post=55848"},{"taxonomy":"product_cat","embeddable":true,"href":"https:\/\/la-perla.net\/fr\/wp-json\/wp\/v2\/product_cat?post=55848"},{"taxonomy":"product_tag","embeddable":true,"href":"https:\/\/la-perla.net\/fr\/wp-json\/wp\/v2\/product_tag?post=55848"}],"curies":[{"name":"wp","href":"https:\/\/api.w.org\/{rel}","templated":true}]}}