{"id":55862,"date":"2012-02-27T16:17:28","date_gmt":"2012-02-27T15:17:28","guid":{"rendered":"https:\/\/laperla21.wpengine.com\/donostia-san-sebastian\/soin-oriental-aux-huiles-chaudes\/"},"modified":"2024-06-06T14:01:26","modified_gmt":"2024-06-06T12:01:26","slug":"massage-orienta-aux-huiles-chaudes","status":"publish","type":"product","link":"https:\/\/la-perla.net\/fr\/produit\/massage-orienta-aux-huiles-chaudes\/","title":{"rendered":"Massage oriental aux huiles chaudes"},"content":{"rendered":"<p>Massage oriental qui associe des techniques traditionnelles de l\u2019Inde, des p\u00e9trissages occidentaux, des percussions japonaises, des \u00e9tirements tha\u00eflandais et des frictions indiennes afin de retrouver un \u00e9tat de relaxation g\u00e9n\u00e9ral et un sommeil r\u00e9parateur.<\/p>\n<p>Le Qi-Baume aux extraits de c\u00e8dre et de patchouli, l\u2019huile voluptueuse de santal et l\u2019huile de Neem indienne offrent une sensation de bien-\u00eatre.<\/p>\n<p>Dur\u00e9e : 50 minutes.<\/p>\n","protected":false},"excerpt":{"rendered":"<p style=\"text-align: justify;\">D\u00e9tente maximale gr\u00e2ce \u00e0 des massages, p\u00e9trissages, \u00e9tirements, etc. de diff\u00e9rentes cultures. Vous retrouverez un \u00e9tat de relaxation g\u00e9n\u00e9ral et un sommeil r\u00e9parateur.<\/p>\n","protected":false},"featured_media":61095,"template":"","meta":{"_genesis_hide_title":false,"_genesis_hide_breadcrumbs":false,"_genesis_hide_singular_image":false,"_genesis_hide_footer_widgets":false,"_genesis_custom_body_class":"","_genesis_custom_post_class":"","_genesis_layout":""},"product_brand":[],"product_cat":[927],"product_tag":[],"class_list":{"0":"post-55862","1":"product","2":"type-product","3":"status-publish","4":"has-post-thumbnail","6":"product_cat-massages-sensoriels-du-monde","7":"product_shipping_class-productos-fr","8":"entry","10":"first","11":"instock","12":"shipping-taxable","13":"purchasable","14":"product-type-simple"},"yoast_head":"<!-- This site is optimized with the Yoast SEO plugin v25.6 - https:\/\/yoast.com\/wordpress\/plugins\/seo\/ -->\n<title>Massage oriental aux huiles chaudes | La Perla<\/title>\n<meta name=\"description\" content=\"Massage oriental qui combine des techniques traditionnelles indiennes, des p\u00e9trissages occidentaux, des percussions japonaises, des \u00e9tirements tha\u00eflandais...\" \/>\n<meta name=\"robots\" content=\"index, follow, max-snippet:-1, max-image-preview:large, max-video-preview:-1\" \/>\n<link rel=\"canonical\" href=\"https:\/\/la-perla.net\/fr\/produit\/massage-orienta-aux-huiles-chaudes\/\" \/>\n<meta property=\"og:locale\" content=\"fr_FR\" \/>\n<meta property=\"og:type\" content=\"article\" \/>\n<meta property=\"og:title\" content=\"Massage oriental aux huiles chaudes | La Perla\" \/>\n<meta property=\"og:description\" content=\"Massage oriental qui combine des techniques traditionnelles indiennes, des p\u00e9trissages occidentaux, des percussions japonaises, des \u00e9tirements tha\u00eflandais...\" \/>\n<meta property=\"og:url\" content=\"https:\/\/la-perla.net\/fr\/produit\/massage-orienta-aux-huiles-chaudes\/\" \/>\n<meta property=\"og:site_name\" content=\"Talasoterapia La Perla \u2022 San Sebasti\u00e1n - Donostia\" \/>\n<meta property=\"article:publisher\" content=\"https:\/\/www.facebook.com\/laperladonosti\/\" \/>\n<meta property=\"article:modified_time\" content=\"2024-06-06T12:01:26+00:00\" \/>\n<meta property=\"og:image\" content=\"https:\/\/la-perla.net\/wp-content\/uploads\/2012\/02\/masaje-oriental.jpg\" \/>\n\t<meta property=\"og:image:width\" content=\"500\" \/>\n\t<meta property=\"og:image:height\" content=\"353\" \/>\n\t<meta property=\"og:image:type\" content=\"image\/jpeg\" \/>\n<meta name=\"twitter:card\" content=\"summary_large_image\" \/>\n<meta name=\"twitter:site\" content=\"@LaPerlaDonosti\" \/>\n<script type=\"application\/ld+json\" class=\"yoast-schema-graph\">{\"@context\":\"https:\/\/schema.org\",\"@graph\":[{\"@type\":\"WebPage\",\"@id\":\"https:\/\/la-perla.net\/fr\/produit\/massage-orienta-aux-huiles-chaudes\/\",\"url\":\"https:\/\/la-perla.net\/fr\/produit\/massage-orienta-aux-huiles-chaudes\/\",\"name\":\"Massage oriental aux huiles chaudes | La Perla\",\"isPartOf\":{\"@id\":\"https:\/\/la-perla.net\/#website\"},\"primaryImageOfPage\":{\"@id\":\"https:\/\/la-perla.net\/fr\/produit\/massage-orienta-aux-huiles-chaudes\/#primaryimage\"},\"image\":{\"@id\":\"https:\/\/la-perla.net\/fr\/produit\/massage-orienta-aux-huiles-chaudes\/#primaryimage\"},\"thumbnailUrl\":\"https:\/\/la-perla.net\/wp-content\/uploads\/2012\/02\/masaje-oriental.jpg\",\"datePublished\":\"2012-02-27T15:17:28+00:00\",\"dateModified\":\"2024-06-06T12:01:26+00:00\",\"description\":\"Massage oriental qui combine des techniques traditionnelles indiennes, des p\u00e9trissages occidentaux, des percussions japonaises, des \u00e9tirements tha\u00eflandais...\",\"breadcrumb\":{\"@id\":\"https:\/\/la-perla.net\/fr\/produit\/massage-orienta-aux-huiles-chaudes\/#breadcrumb\"},\"inLanguage\":\"fr-FR\",\"potentialAction\":[{\"@type\":\"ReadAction\",\"target\":[\"https:\/\/la-perla.net\/fr\/produit\/massage-orienta-aux-huiles-chaudes\/\"]}]},{\"@type\":\"ImageObject\",\"inLanguage\":\"fr-FR\",\"@id\":\"https:\/\/la-perla.net\/fr\/produit\/massage-orienta-aux-huiles-chaudes\/#primaryimage\",\"url\":\"https:\/\/la-perla.net\/wp-content\/uploads\/2012\/02\/masaje-oriental.jpg\",\"contentUrl\":\"https:\/\/la-perla.net\/wp-content\/uploads\/2012\/02\/masaje-oriental.jpg\",\"width\":500,\"height\":353,\"caption\":\"Massage oriental aux huiles chaudes \u00e0 Gipuzkoa\"},{\"@type\":\"BreadcrumbList\",\"@id\":\"https:\/\/la-perla.net\/fr\/produit\/massage-orienta-aux-huiles-chaudes\/#breadcrumb\",\"itemListElement\":[{\"@type\":\"ListItem\",\"position\":1,\"name\":\"Portada\",\"item\":\"https:\/\/la-perla.net\/fr\/\"},{\"@type\":\"ListItem\",\"position\":2,\"name\":\"Boutique\",\"item\":\"https:\/\/la-perla.net\/fr\/boutique\/\"},{\"@type\":\"ListItem\",\"position\":3,\"name\":\"Massage oriental aux huiles chaudes\"}]},{\"@type\":\"WebSite\",\"@id\":\"https:\/\/la-perla.net\/#website\",\"url\":\"https:\/\/la-perla.net\/\",\"name\":\"Talasoterapia La Perla \u2022 San Sebasti\u00e1n - Donostia\",\"description\":\"Talasoterapia en Guipuzcoa - Centro de salud, belleza y deporte\",\"publisher\":{\"@id\":\"https:\/\/la-perla.net\/#organization\"},\"potentialAction\":[{\"@type\":\"SearchAction\",\"target\":{\"@type\":\"EntryPoint\",\"urlTemplate\":\"https:\/\/la-perla.net\/?s={search_term_string}\"},\"query-input\":{\"@type\":\"PropertyValueSpecification\",\"valueRequired\":true,\"valueName\":\"search_term_string\"}}],\"inLanguage\":\"fr-FR\"},{\"@type\":\"Organization\",\"@id\":\"https:\/\/la-perla.net\/#organization\",\"name\":\"La Perla\",\"url\":\"https:\/\/la-perla.net\/\",\"logo\":{\"@type\":\"ImageObject\",\"inLanguage\":\"fr-FR\",\"@id\":\"https:\/\/la-perla.net\/#\/schema\/logo\/image\/\",\"url\":\"https:\/\/la-perla.net\/wp-content\/uploads\/2020\/09\/talasoterapia-la-perla.png\",\"contentUrl\":\"https:\/\/la-perla.net\/wp-content\/uploads\/2020\/09\/talasoterapia-la-perla.png\",\"width\":191,\"height\":51,\"caption\":\"La Perla\"},\"image\":{\"@id\":\"https:\/\/la-perla.net\/#\/schema\/logo\/image\/\"},\"sameAs\":[\"https:\/\/www.facebook.com\/laperladonosti\/\",\"https:\/\/x.com\/LaPerlaDonosti\",\"https:\/\/www.instagram.com\/laperladonosti\/?hl=es\",\"https:\/\/www.youtube.com\/channel\/UChQhp12N7Lg6ZrOcmAJAy4g\"]}]}<\/script>\n<!-- \/ Yoast SEO plugin. -->","yoast_head_json":{"title":"Massage oriental aux huiles chaudes | La Perla","description":"Massage oriental qui combine des techniques traditionnelles indiennes, des p\u00e9trissages occidentaux, des percussions japonaises, des \u00e9tirements tha\u00eflandais...","robots":{"index":"index","follow":"follow","max-snippet":"max-snippet:-1","max-image-preview":"max-image-preview:large","max-video-preview":"max-video-preview:-1"},"canonical":"https:\/\/la-perla.net\/fr\/produit\/massage-orienta-aux-huiles-chaudes\/","og_locale":"fr_FR","og_type":"article","og_title":"Massage oriental aux huiles chaudes | La Perla","og_description":"Massage oriental qui combine des techniques traditionnelles indiennes, des p\u00e9trissages occidentaux, des percussions japonaises, des \u00e9tirements tha\u00eflandais...","og_url":"https:\/\/la-perla.net\/fr\/produit\/massage-orienta-aux-huiles-chaudes\/","og_site_name":"Talasoterapia La Perla \u2022 San Sebasti\u00e1n - Donostia","article_publisher":"https:\/\/www.facebook.com\/laperladonosti\/","article_modified_time":"2024-06-06T12:01:26+00:00","og_image":[{"width":500,"height":353,"url":"https:\/\/la-perla.net\/wp-content\/uploads\/2012\/02\/masaje-oriental.jpg","type":"image\/jpeg"}],"twitter_card":"summary_large_image","twitter_site":"@LaPerlaDonosti","schema":{"@context":"https:\/\/schema.org","@graph":[{"@type":"WebPage","@id":"https:\/\/la-perla.net\/fr\/produit\/massage-orienta-aux-huiles-chaudes\/","url":"https:\/\/la-perla.net\/fr\/produit\/massage-orienta-aux-huiles-chaudes\/","name":"Massage oriental aux huiles chaudes | La Perla","isPartOf":{"@id":"https:\/\/la-perla.net\/#website"},"primaryImageOfPage":{"@id":"https:\/\/la-perla.net\/fr\/produit\/massage-orienta-aux-huiles-chaudes\/#primaryimage"},"image":{"@id":"https:\/\/la-perla.net\/fr\/produit\/massage-orienta-aux-huiles-chaudes\/#primaryimage"},"thumbnailUrl":"https:\/\/la-perla.net\/wp-content\/uploads\/2012\/02\/masaje-oriental.jpg","datePublished":"2012-02-27T15:17:28+00:00","dateModified":"2024-06-06T12:01:26+00:00","description":"Massage oriental qui combine des techniques traditionnelles indiennes, des p\u00e9trissages occidentaux, des percussions japonaises, des \u00e9tirements tha\u00eflandais...","breadcrumb":{"@id":"https:\/\/la-perla.net\/fr\/produit\/massage-orienta-aux-huiles-chaudes\/#breadcrumb"},"inLanguage":"fr-FR","potentialAction":[{"@type":"ReadAction","target":["https:\/\/la-perla.net\/fr\/produit\/massage-orienta-aux-huiles-chaudes\/"]}]},{"@type":"ImageObject","inLanguage":"fr-FR","@id":"https:\/\/la-perla.net\/fr\/produit\/massage-orienta-aux-huiles-chaudes\/#primaryimage","url":"https:\/\/la-perla.net\/wp-content\/uploads\/2012\/02\/masaje-oriental.jpg","contentUrl":"https:\/\/la-perla.net\/wp-content\/uploads\/2012\/02\/masaje-oriental.jpg","width":500,"height":353,"caption":"Massage oriental aux huiles chaudes \u00e0 Gipuzkoa"},{"@type":"BreadcrumbList","@id":"https:\/\/la-perla.net\/fr\/produit\/massage-orienta-aux-huiles-chaudes\/#breadcrumb","itemListElement":[{"@type":"ListItem","position":1,"name":"Portada","item":"https:\/\/la-perla.net\/fr\/"},{"@type":"ListItem","position":2,"name":"Boutique","item":"https:\/\/la-perla.net\/fr\/boutique\/"},{"@type":"ListItem","position":3,"name":"Massage oriental aux huiles chaudes"}]},{"@type":"WebSite","@id":"https:\/\/la-perla.net\/#website","url":"https:\/\/la-perla.net\/","name":"Talasoterapia La Perla \u2022 San Sebasti\u00e1n - Donostia","description":"Talasoterapia en Guipuzcoa - Centro de salud, belleza y deporte","publisher":{"@id":"https:\/\/la-perla.net\/#organization"},"potentialAction":[{"@type":"SearchAction","target":{"@type":"EntryPoint","urlTemplate":"https:\/\/la-perla.net\/?s={search_term_string}"},"query-input":{"@type":"PropertyValueSpecification","valueRequired":true,"valueName":"search_term_string"}}],"inLanguage":"fr-FR"},{"@type":"Organization","@id":"https:\/\/la-perla.net\/#organization","name":"La Perla","url":"https:\/\/la-perla.net\/","logo":{"@type":"ImageObject","inLanguage":"fr-FR","@id":"https:\/\/la-perla.net\/#\/schema\/logo\/image\/","url":"https:\/\/la-perla.net\/wp-content\/uploads\/2020\/09\/talasoterapia-la-perla.png","contentUrl":"https:\/\/la-perla.net\/wp-content\/uploads\/2020\/09\/talasoterapia-la-perla.png","width":191,"height":51,"caption":"La Perla"},"image":{"@id":"https:\/\/la-perla.net\/#\/schema\/logo\/image\/"},"sameAs":["https:\/\/www.facebook.com\/laperladonosti\/","https:\/\/x.com\/LaPerlaDonosti","https:\/\/www.instagram.com\/laperladonosti\/?hl=es","https:\/\/www.youtube.com\/channel\/UChQhp12N7Lg6ZrOcmAJAy4g"]}]}},"_links":{"self":[{"href":"https:\/\/la-perla.net\/fr\/wp-json\/wp\/v2\/product\/55862"}],"collection":[{"href":"https:\/\/la-perla.net\/fr\/wp-json\/wp\/v2\/product"}],"about":[{"href":"https:\/\/la-perla.net\/fr\/wp-json\/wp\/v2\/types\/product"}],"wp:featuredmedia":[{"embeddable":true,"href":"https:\/\/la-perla.net\/fr\/wp-json\/wp\/v2\/media\/61095"}],"wp:attachment":[{"href":"https:\/\/la-perla.net\/fr\/wp-json\/wp\/v2\/media?parent=55862"}],"wp:term":[{"taxonomy":"product_brand","embeddable":true,"href":"https:\/\/la-perla.net\/fr\/wp-json\/wp\/v2\/product_brand?post=55862"},{"taxonomy":"product_cat","embeddable":true,"href":"https:\/\/la-perla.net\/fr\/wp-json\/wp\/v2\/product_cat?post=55862"},{"taxonomy":"product_tag","embeddable":true,"href":"https:\/\/la-perla.net\/fr\/wp-json\/wp\/v2\/product_tag?post=55862"}],"curies":[{"name":"wp","href":"https:\/\/api.w.org\/{rel}","templated":true}]}}