{"id":55888,"date":"2012-02-27T16:11:05","date_gmt":"2012-02-27T15:11:05","guid":{"rendered":"https:\/\/laperla21.wpengine.com\/donostia-san-sebastian\/soin-relaxant-des-pieds\/"},"modified":"2024-06-06T14:01:35","modified_gmt":"2024-06-06T12:01:35","slug":"massage-relaxant-des-pieds","status":"publish","type":"product","link":"https:\/\/la-perla.net\/fr\/produit\/massage-relaxant-des-pieds\/","title":{"rendered":"Massage relaxant des pieds"},"content":{"rendered":"<p style=\"text-align: justify;\" align=\"left\">Massage relaxant des pieds associant la technique de p\u00e9trissage avec les doigts ou les articulations des doigts et des \u00e9tirements, avec application d\u2019huiles et d\u2019oshiboris chauds.<\/p>\n<p style=\"text-align: justify;\" align=\"left\">Dur\u00e9e : 25 minutes.<\/p>\n","protected":false},"excerpt":{"rendered":"<p class=\"p1\"><span class=\"s1\">Massage relaxant et th\u00e9rapeutique des pieds.<\/span><\/p>\n","protected":false},"featured_media":68150,"template":"","meta":{"_genesis_hide_title":false,"_genesis_hide_breadcrumbs":false,"_genesis_hide_singular_image":false,"_genesis_hide_footer_widgets":false,"_genesis_custom_body_class":"","_genesis_custom_post_class":"","_genesis_layout":""},"product_brand":[],"product_cat":[922],"product_tag":[],"class_list":{"0":"post-55888","1":"product","2":"type-product","3":"status-publish","4":"has-post-thumbnail","6":"product_cat-massages-relaxants","7":"product_shipping_class-bonos-y-vales-fr","8":"entry","10":"first","11":"instock","12":"shipping-taxable","13":"purchasable","14":"product-type-simple"},"yoast_head":"<!-- This site is optimized with the Yoast SEO plugin v25.6 - https:\/\/yoast.com\/wordpress\/plugins\/seo\/ -->\n<title>Avez-vous les pieds fatigu\u00e9s ? R\u00e9servez un massage th\u00e9rapeutique relaxant \u00e0 La Perla<\/title>\n<meta name=\"description\" content=\"Si ce dont vous avez besoin est de sentir vos pieds d\u00e9tendus et lib\u00e9r\u00e9s de toute tension, nous vous proposons un massage relaxant et th\u00e9rapeutique pour que rien ne vous arr\u00eate et que vous puissiez continuer...\" \/>\n<meta name=\"robots\" content=\"index, follow, max-snippet:-1, max-image-preview:large, max-video-preview:-1\" \/>\n<link rel=\"canonical\" href=\"https:\/\/la-perla.net\/fr\/produit\/massage-relaxant-des-pieds\/\" \/>\n<meta property=\"og:locale\" content=\"fr_FR\" \/>\n<meta property=\"og:type\" content=\"article\" \/>\n<meta property=\"og:title\" content=\"Avez-vous les pieds fatigu\u00e9s ? R\u00e9servez un massage th\u00e9rapeutique relaxant \u00e0 La Perla\" \/>\n<meta property=\"og:description\" content=\"Si ce dont vous avez besoin est de sentir vos pieds d\u00e9tendus et lib\u00e9r\u00e9s de toute tension, nous vous proposons un massage relaxant et th\u00e9rapeutique pour que rien ne vous arr\u00eate et que vous puissiez continuer...\" \/>\n<meta property=\"og:url\" content=\"https:\/\/la-perla.net\/fr\/produit\/massage-relaxant-des-pieds\/\" \/>\n<meta property=\"og:site_name\" content=\"Talasoterapia La Perla \u2022 San Sebasti\u00e1n - Donostia\" \/>\n<meta property=\"article:publisher\" content=\"https:\/\/www.facebook.com\/laperladonosti\/\" \/>\n<meta property=\"article:modified_time\" content=\"2024-06-06T12:01:35+00:00\" \/>\n<meta property=\"og:image\" content=\"https:\/\/la-perla.net\/wp-content\/uploads\/2012\/02\/pies-cansados-masaje-relajante-en-Donostia.jpg\" \/>\n\t<meta property=\"og:image:width\" content=\"500\" \/>\n\t<meta property=\"og:image:height\" content=\"353\" \/>\n\t<meta property=\"og:image:type\" content=\"image\/jpeg\" \/>\n<meta name=\"twitter:card\" content=\"summary_large_image\" \/>\n<meta name=\"twitter:site\" content=\"@LaPerlaDonosti\" \/>\n<script type=\"application\/ld+json\" class=\"yoast-schema-graph\">{\"@context\":\"https:\/\/schema.org\",\"@graph\":[{\"@type\":\"WebPage\",\"@id\":\"https:\/\/la-perla.net\/fr\/produit\/massage-relaxant-des-pieds\/\",\"url\":\"https:\/\/la-perla.net\/fr\/produit\/massage-relaxant-des-pieds\/\",\"name\":\"Avez-vous les pieds fatigu\u00e9s ? R\u00e9servez un massage th\u00e9rapeutique relaxant \u00e0 La Perla\",\"isPartOf\":{\"@id\":\"https:\/\/la-perla.net\/#website\"},\"primaryImageOfPage\":{\"@id\":\"https:\/\/la-perla.net\/fr\/produit\/massage-relaxant-des-pieds\/#primaryimage\"},\"image\":{\"@id\":\"https:\/\/la-perla.net\/fr\/produit\/massage-relaxant-des-pieds\/#primaryimage\"},\"thumbnailUrl\":\"https:\/\/la-perla.net\/wp-content\/uploads\/2012\/02\/pies-cansados-masaje-relajante-en-Donostia.jpg\",\"datePublished\":\"2012-02-27T15:11:05+00:00\",\"dateModified\":\"2024-06-06T12:01:35+00:00\",\"description\":\"Si ce dont vous avez besoin est de sentir vos pieds d\u00e9tendus et lib\u00e9r\u00e9s de toute tension, nous vous proposons un massage relaxant et th\u00e9rapeutique pour que rien ne vous arr\u00eate et que vous puissiez continuer...\",\"breadcrumb\":{\"@id\":\"https:\/\/la-perla.net\/fr\/produit\/massage-relaxant-des-pieds\/#breadcrumb\"},\"inLanguage\":\"fr-FR\",\"potentialAction\":[{\"@type\":\"ReadAction\",\"target\":[\"https:\/\/la-perla.net\/fr\/produit\/massage-relaxant-des-pieds\/\"]}]},{\"@type\":\"ImageObject\",\"inLanguage\":\"fr-FR\",\"@id\":\"https:\/\/la-perla.net\/fr\/produit\/massage-relaxant-des-pieds\/#primaryimage\",\"url\":\"https:\/\/la-perla.net\/wp-content\/uploads\/2012\/02\/pies-cansados-masaje-relajante-en-Donostia.jpg\",\"contentUrl\":\"https:\/\/la-perla.net\/wp-content\/uploads\/2012\/02\/pies-cansados-masaje-relajante-en-Donostia.jpg\",\"width\":500,\"height\":353,\"caption\":\"Pour les pieds fatigu\u00e9s r\u00e9servez un massage th\u00e9rapeutique relaxant \u00e0 La Perla\"},{\"@type\":\"BreadcrumbList\",\"@id\":\"https:\/\/la-perla.net\/fr\/produit\/massage-relaxant-des-pieds\/#breadcrumb\",\"itemListElement\":[{\"@type\":\"ListItem\",\"position\":1,\"name\":\"Portada\",\"item\":\"https:\/\/la-perla.net\/fr\/\"},{\"@type\":\"ListItem\",\"position\":2,\"name\":\"Boutique\",\"item\":\"https:\/\/la-perla.net\/fr\/boutique\/\"},{\"@type\":\"ListItem\",\"position\":3,\"name\":\"Massage relaxant des pieds\"}]},{\"@type\":\"WebSite\",\"@id\":\"https:\/\/la-perla.net\/#website\",\"url\":\"https:\/\/la-perla.net\/\",\"name\":\"Talasoterapia La Perla \u2022 San Sebasti\u00e1n - Donostia\",\"description\":\"Talasoterapia en Guipuzcoa - Centro de salud, belleza y deporte\",\"publisher\":{\"@id\":\"https:\/\/la-perla.net\/#organization\"},\"potentialAction\":[{\"@type\":\"SearchAction\",\"target\":{\"@type\":\"EntryPoint\",\"urlTemplate\":\"https:\/\/la-perla.net\/?s={search_term_string}\"},\"query-input\":{\"@type\":\"PropertyValueSpecification\",\"valueRequired\":true,\"valueName\":\"search_term_string\"}}],\"inLanguage\":\"fr-FR\"},{\"@type\":\"Organization\",\"@id\":\"https:\/\/la-perla.net\/#organization\",\"name\":\"La Perla\",\"url\":\"https:\/\/la-perla.net\/\",\"logo\":{\"@type\":\"ImageObject\",\"inLanguage\":\"fr-FR\",\"@id\":\"https:\/\/la-perla.net\/#\/schema\/logo\/image\/\",\"url\":\"https:\/\/la-perla.net\/wp-content\/uploads\/2020\/09\/talasoterapia-la-perla.png\",\"contentUrl\":\"https:\/\/la-perla.net\/wp-content\/uploads\/2020\/09\/talasoterapia-la-perla.png\",\"width\":191,\"height\":51,\"caption\":\"La Perla\"},\"image\":{\"@id\":\"https:\/\/la-perla.net\/#\/schema\/logo\/image\/\"},\"sameAs\":[\"https:\/\/www.facebook.com\/laperladonosti\/\",\"https:\/\/x.com\/LaPerlaDonosti\",\"https:\/\/www.instagram.com\/laperladonosti\/?hl=es\",\"https:\/\/www.youtube.com\/channel\/UChQhp12N7Lg6ZrOcmAJAy4g\"]}]}<\/script>\n<!-- \/ Yoast SEO plugin. -->","yoast_head_json":{"title":"Avez-vous les pieds fatigu\u00e9s ? R\u00e9servez un massage th\u00e9rapeutique relaxant \u00e0 La Perla","description":"Si ce dont vous avez besoin est de sentir vos pieds d\u00e9tendus et lib\u00e9r\u00e9s de toute tension, nous vous proposons un massage relaxant et th\u00e9rapeutique pour que rien ne vous arr\u00eate et que vous puissiez continuer...","robots":{"index":"index","follow":"follow","max-snippet":"max-snippet:-1","max-image-preview":"max-image-preview:large","max-video-preview":"max-video-preview:-1"},"canonical":"https:\/\/la-perla.net\/fr\/produit\/massage-relaxant-des-pieds\/","og_locale":"fr_FR","og_type":"article","og_title":"Avez-vous les pieds fatigu\u00e9s ? R\u00e9servez un massage th\u00e9rapeutique relaxant \u00e0 La Perla","og_description":"Si ce dont vous avez besoin est de sentir vos pieds d\u00e9tendus et lib\u00e9r\u00e9s de toute tension, nous vous proposons un massage relaxant et th\u00e9rapeutique pour que rien ne vous arr\u00eate et que vous puissiez continuer...","og_url":"https:\/\/la-perla.net\/fr\/produit\/massage-relaxant-des-pieds\/","og_site_name":"Talasoterapia La Perla \u2022 San Sebasti\u00e1n - Donostia","article_publisher":"https:\/\/www.facebook.com\/laperladonosti\/","article_modified_time":"2024-06-06T12:01:35+00:00","og_image":[{"width":500,"height":353,"url":"https:\/\/la-perla.net\/wp-content\/uploads\/2012\/02\/pies-cansados-masaje-relajante-en-Donostia.jpg","type":"image\/jpeg"}],"twitter_card":"summary_large_image","twitter_site":"@LaPerlaDonosti","schema":{"@context":"https:\/\/schema.org","@graph":[{"@type":"WebPage","@id":"https:\/\/la-perla.net\/fr\/produit\/massage-relaxant-des-pieds\/","url":"https:\/\/la-perla.net\/fr\/produit\/massage-relaxant-des-pieds\/","name":"Avez-vous les pieds fatigu\u00e9s ? R\u00e9servez un massage th\u00e9rapeutique relaxant \u00e0 La Perla","isPartOf":{"@id":"https:\/\/la-perla.net\/#website"},"primaryImageOfPage":{"@id":"https:\/\/la-perla.net\/fr\/produit\/massage-relaxant-des-pieds\/#primaryimage"},"image":{"@id":"https:\/\/la-perla.net\/fr\/produit\/massage-relaxant-des-pieds\/#primaryimage"},"thumbnailUrl":"https:\/\/la-perla.net\/wp-content\/uploads\/2012\/02\/pies-cansados-masaje-relajante-en-Donostia.jpg","datePublished":"2012-02-27T15:11:05+00:00","dateModified":"2024-06-06T12:01:35+00:00","description":"Si ce dont vous avez besoin est de sentir vos pieds d\u00e9tendus et lib\u00e9r\u00e9s de toute tension, nous vous proposons un massage relaxant et th\u00e9rapeutique pour que rien ne vous arr\u00eate et que vous puissiez continuer...","breadcrumb":{"@id":"https:\/\/la-perla.net\/fr\/produit\/massage-relaxant-des-pieds\/#breadcrumb"},"inLanguage":"fr-FR","potentialAction":[{"@type":"ReadAction","target":["https:\/\/la-perla.net\/fr\/produit\/massage-relaxant-des-pieds\/"]}]},{"@type":"ImageObject","inLanguage":"fr-FR","@id":"https:\/\/la-perla.net\/fr\/produit\/massage-relaxant-des-pieds\/#primaryimage","url":"https:\/\/la-perla.net\/wp-content\/uploads\/2012\/02\/pies-cansados-masaje-relajante-en-Donostia.jpg","contentUrl":"https:\/\/la-perla.net\/wp-content\/uploads\/2012\/02\/pies-cansados-masaje-relajante-en-Donostia.jpg","width":500,"height":353,"caption":"Pour les pieds fatigu\u00e9s r\u00e9servez un massage th\u00e9rapeutique relaxant \u00e0 La Perla"},{"@type":"BreadcrumbList","@id":"https:\/\/la-perla.net\/fr\/produit\/massage-relaxant-des-pieds\/#breadcrumb","itemListElement":[{"@type":"ListItem","position":1,"name":"Portada","item":"https:\/\/la-perla.net\/fr\/"},{"@type":"ListItem","position":2,"name":"Boutique","item":"https:\/\/la-perla.net\/fr\/boutique\/"},{"@type":"ListItem","position":3,"name":"Massage relaxant des pieds"}]},{"@type":"WebSite","@id":"https:\/\/la-perla.net\/#website","url":"https:\/\/la-perla.net\/","name":"Talasoterapia La Perla \u2022 San Sebasti\u00e1n - Donostia","description":"Talasoterapia en Guipuzcoa - Centro de salud, belleza y deporte","publisher":{"@id":"https:\/\/la-perla.net\/#organization"},"potentialAction":[{"@type":"SearchAction","target":{"@type":"EntryPoint","urlTemplate":"https:\/\/la-perla.net\/?s={search_term_string}"},"query-input":{"@type":"PropertyValueSpecification","valueRequired":true,"valueName":"search_term_string"}}],"inLanguage":"fr-FR"},{"@type":"Organization","@id":"https:\/\/la-perla.net\/#organization","name":"La Perla","url":"https:\/\/la-perla.net\/","logo":{"@type":"ImageObject","inLanguage":"fr-FR","@id":"https:\/\/la-perla.net\/#\/schema\/logo\/image\/","url":"https:\/\/la-perla.net\/wp-content\/uploads\/2020\/09\/talasoterapia-la-perla.png","contentUrl":"https:\/\/la-perla.net\/wp-content\/uploads\/2020\/09\/talasoterapia-la-perla.png","width":191,"height":51,"caption":"La Perla"},"image":{"@id":"https:\/\/la-perla.net\/#\/schema\/logo\/image\/"},"sameAs":["https:\/\/www.facebook.com\/laperladonosti\/","https:\/\/x.com\/LaPerlaDonosti","https:\/\/www.instagram.com\/laperladonosti\/?hl=es","https:\/\/www.youtube.com\/channel\/UChQhp12N7Lg6ZrOcmAJAy4g"]}]}},"_links":{"self":[{"href":"https:\/\/la-perla.net\/fr\/wp-json\/wp\/v2\/product\/55888"}],"collection":[{"href":"https:\/\/la-perla.net\/fr\/wp-json\/wp\/v2\/product"}],"about":[{"href":"https:\/\/la-perla.net\/fr\/wp-json\/wp\/v2\/types\/product"}],"wp:featuredmedia":[{"embeddable":true,"href":"https:\/\/la-perla.net\/fr\/wp-json\/wp\/v2\/media\/68150"}],"wp:attachment":[{"href":"https:\/\/la-perla.net\/fr\/wp-json\/wp\/v2\/media?parent=55888"}],"wp:term":[{"taxonomy":"product_brand","embeddable":true,"href":"https:\/\/la-perla.net\/fr\/wp-json\/wp\/v2\/product_brand?post=55888"},{"taxonomy":"product_cat","embeddable":true,"href":"https:\/\/la-perla.net\/fr\/wp-json\/wp\/v2\/product_cat?post=55888"},{"taxonomy":"product_tag","embeddable":true,"href":"https:\/\/la-perla.net\/fr\/wp-json\/wp\/v2\/product_tag?post=55888"}],"curies":[{"name":"wp","href":"https:\/\/api.w.org\/{rel}","templated":true}]}}