{"id":60097,"date":"2019-11-28T12:27:49","date_gmt":"2019-11-28T11:27:49","guid":{"rendered":"https:\/\/laperla21.wpengine.com\/san-sebastian\/menu-gastronomique-la-perla\/"},"modified":"2025-11-17T12:07:24","modified_gmt":"2025-11-17T11:07:24","slug":"menu-degustation-la-perla","status":"publish","type":"product","link":"https:\/\/la-perla.net\/fr\/produit\/menu-degustation-la-perla\/","title":{"rendered":"Menu D\u00e9gustation La Perla"},"content":{"rendered":"<h3 class=\"has-text-align-center\" style=\"text-align: center;\"><\/h3>\r\n<h3 class=\"wp-block-heading has-text-align-center\" style=\"text-align: center;\"><\/h3>\r\n<h3 class=\"wp-block-heading has-text-align-center\" style=\"text-align: center;\">Menu D\u00e9gustation<\/h3>\r\n<h3 class=\"wp-block-heading has-text-align-center\" style=\"text-align: center;\"><\/h3>\r\n<p class=\"has-text-align-center\" style=\"text-align: center;\">Ap\u00e9ritif de la maison\r\n\u2026..\r\nCr\u00e8me de topinambours aux champignons et au jambon\r\n\u2026..\r\n\u0152uf truff\u00e9 basse temp\u00e9rature avec cr\u00e8me de champignons et trompettes de la mort\r\n\u2026..\r\nPoisson de saison, houmous et vinaigrette de tomate\r\n\u2026..\r\nFilet de boeuf, cr\u00e8me d\u2019\u00e9pinards, champignons \u00e0 la sauce de c\u00e8pes et demi-glace\r\n\u2026..\r\nSoupe froide au fruit de la passion\r\n\u2026..\r\nFondant au chocolat avec glace \u00e0 la confiture de lait<\/p>\r\n<p class=\"has-text-align-center\" style=\"text-align: center;\">\u2026..<\/p>\r\n\r\n<h3 class=\"wp-block-heading has-text-align-center\" style=\"text-align: center;\"><\/h3>\r\n<h3 class=\"wp-block-heading has-text-align-center\" style=\"text-align: center;\"><\/h3>\r\n<h3 class=\"wp-block-heading has-text-align-center\" style=\"text-align: center;\"><\/h3>\r\n<p class=\"has-text-align-center\" style=\"text-align: center;\">Eau et caf\u00e9 compris<\/p>\r\n\r\n<h3 class=\"wp-block-heading has-text-align-center\" style=\"text-align: center;\"><\/h3>","protected":false},"excerpt":{"rendered":"<p style=\"text-align: center;\">Menu d\u00e9gustation au Restaurant La Perla.<\/p>\n<p style=\"text-align: center;\">Tous les jours, y compris les jours f\u00e9ri\u00e9s.<\/p>\n","protected":false},"featured_media":87155,"template":"","meta":{"_genesis_hide_title":false,"_genesis_hide_breadcrumbs":false,"_genesis_hide_singular_image":false,"_genesis_hide_footer_widgets":false,"_genesis_custom_body_class":"","_genesis_custom_post_class":"","_genesis_layout":""},"product_brand":[],"product_cat":[892],"product_tag":[],"class_list":{"0":"post-60097","1":"product","2":"type-product","3":"status-publish","4":"has-post-thumbnail","6":"product_cat-gastronomie-basque-saint-sebastian","7":"entry","9":"first","10":"instock","11":"shipping-taxable","12":"purchasable","13":"product-type-variable"},"yoast_head":"<!-- This site is optimized with the Yoast SEO plugin v25.6 - https:\/\/yoast.com\/wordpress\/plugins\/seo\/ -->\n<title>Menu D\u00e9gustation \u2022 Thalassoth\u00e9rapie La Perla \u2022 Saint S\u00e9bastien<\/title>\n<meta name=\"description\" content=\"D\u00e9couvrez le menu d\u00e9gustation La Perla. Le menu est offert tous les jours de la semaine\" \/>\n<meta name=\"robots\" content=\"index, follow, max-snippet:-1, max-image-preview:large, max-video-preview:-1\" \/>\n<link rel=\"canonical\" href=\"https:\/\/la-perla.net\/fr\/produit\/menu-degustation-la-perla\/\" \/>\n<meta property=\"og:locale\" content=\"fr_FR\" \/>\n<meta property=\"og:type\" content=\"article\" \/>\n<meta property=\"og:title\" content=\"Menu D\u00e9gustation \u2022 Thalassoth\u00e9rapie La Perla \u2022 Saint S\u00e9bastien\" \/>\n<meta property=\"og:description\" content=\"D\u00e9couvrez le menu d\u00e9gustation La Perla. Le menu est offert tous les jours de la semaine\" \/>\n<meta property=\"og:url\" content=\"https:\/\/la-perla.net\/fr\/produit\/menu-degustation-la-perla\/\" \/>\n<meta property=\"og:site_name\" content=\"Talasoterapia La Perla \u2022 San Sebasti\u00e1n - Donostia\" \/>\n<meta property=\"article:publisher\" content=\"https:\/\/www.facebook.com\/laperladonosti\/\" \/>\n<meta property=\"article:modified_time\" content=\"2025-11-17T11:07:24+00:00\" \/>\n<meta property=\"og:image\" content=\"https:\/\/la-perla.net\/wp-content\/uploads\/2019\/11\/01_Menu-degusta.jpg\" \/>\n\t<meta property=\"og:image:width\" content=\"600\" \/>\n\t<meta property=\"og:image:height\" content=\"424\" \/>\n\t<meta property=\"og:image:type\" content=\"image\/jpeg\" \/>\n<meta name=\"twitter:card\" content=\"summary_large_image\" \/>\n<meta name=\"twitter:site\" content=\"@LaPerlaDonosti\" \/>\n<meta name=\"twitter:label1\" content=\"Dur\u00e9e de lecture estim\u00e9e\" \/>\n\t<meta name=\"twitter:data1\" content=\"1 minute\" \/>\n<script type=\"application\/ld+json\" class=\"yoast-schema-graph\">{\"@context\":\"https:\/\/schema.org\",\"@graph\":[{\"@type\":\"WebPage\",\"@id\":\"https:\/\/la-perla.net\/fr\/produit\/menu-degustation-la-perla\/\",\"url\":\"https:\/\/la-perla.net\/fr\/produit\/menu-degustation-la-perla\/\",\"name\":\"Menu D\u00e9gustation \u2022 Thalassoth\u00e9rapie La Perla \u2022 Saint S\u00e9bastien\",\"isPartOf\":{\"@id\":\"https:\/\/la-perla.net\/#website\"},\"primaryImageOfPage\":{\"@id\":\"https:\/\/la-perla.net\/fr\/produit\/menu-degustation-la-perla\/#primaryimage\"},\"image\":{\"@id\":\"https:\/\/la-perla.net\/fr\/produit\/menu-degustation-la-perla\/#primaryimage\"},\"thumbnailUrl\":\"https:\/\/la-perla.net\/wp-content\/uploads\/2019\/11\/01_Menu-degusta.jpg\",\"datePublished\":\"2019-11-28T11:27:49+00:00\",\"dateModified\":\"2025-11-17T11:07:24+00:00\",\"description\":\"D\u00e9couvrez le menu d\u00e9gustation La Perla. Le menu est offert tous les jours de la semaine\",\"breadcrumb\":{\"@id\":\"https:\/\/la-perla.net\/fr\/produit\/menu-degustation-la-perla\/#breadcrumb\"},\"inLanguage\":\"fr-FR\",\"potentialAction\":[{\"@type\":\"ReadAction\",\"target\":[\"https:\/\/la-perla.net\/fr\/produit\/menu-degustation-la-perla\/\"]}]},{\"@type\":\"ImageObject\",\"inLanguage\":\"fr-FR\",\"@id\":\"https:\/\/la-perla.net\/fr\/produit\/menu-degustation-la-perla\/#primaryimage\",\"url\":\"https:\/\/la-perla.net\/wp-content\/uploads\/2019\/11\/01_Menu-degusta.jpg\",\"contentUrl\":\"https:\/\/la-perla.net\/wp-content\/uploads\/2019\/11\/01_Menu-degusta.jpg\",\"width\":600,\"height\":424,\"caption\":\"Menu D\u00e9gustation La Perla\"},{\"@type\":\"BreadcrumbList\",\"@id\":\"https:\/\/la-perla.net\/fr\/produit\/menu-degustation-la-perla\/#breadcrumb\",\"itemListElement\":[{\"@type\":\"ListItem\",\"position\":1,\"name\":\"Portada\",\"item\":\"https:\/\/la-perla.net\/fr\/\"},{\"@type\":\"ListItem\",\"position\":2,\"name\":\"Boutique\",\"item\":\"https:\/\/la-perla.net\/fr\/boutique\/\"},{\"@type\":\"ListItem\",\"position\":3,\"name\":\"Menu D\u00e9gustation La Perla\"}]},{\"@type\":\"WebSite\",\"@id\":\"https:\/\/la-perla.net\/#website\",\"url\":\"https:\/\/la-perla.net\/\",\"name\":\"Talasoterapia La Perla \u2022 San Sebasti\u00e1n - Donostia\",\"description\":\"Talasoterapia en Guipuzcoa - Centro de salud, belleza y deporte\",\"publisher\":{\"@id\":\"https:\/\/la-perla.net\/#organization\"},\"potentialAction\":[{\"@type\":\"SearchAction\",\"target\":{\"@type\":\"EntryPoint\",\"urlTemplate\":\"https:\/\/la-perla.net\/?s={search_term_string}\"},\"query-input\":{\"@type\":\"PropertyValueSpecification\",\"valueRequired\":true,\"valueName\":\"search_term_string\"}}],\"inLanguage\":\"fr-FR\"},{\"@type\":\"Organization\",\"@id\":\"https:\/\/la-perla.net\/#organization\",\"name\":\"La Perla\",\"url\":\"https:\/\/la-perla.net\/\",\"logo\":{\"@type\":\"ImageObject\",\"inLanguage\":\"fr-FR\",\"@id\":\"https:\/\/la-perla.net\/#\/schema\/logo\/image\/\",\"url\":\"https:\/\/la-perla.net\/wp-content\/uploads\/2020\/09\/talasoterapia-la-perla.png\",\"contentUrl\":\"https:\/\/la-perla.net\/wp-content\/uploads\/2020\/09\/talasoterapia-la-perla.png\",\"width\":191,\"height\":51,\"caption\":\"La Perla\"},\"image\":{\"@id\":\"https:\/\/la-perla.net\/#\/schema\/logo\/image\/\"},\"sameAs\":[\"https:\/\/www.facebook.com\/laperladonosti\/\",\"https:\/\/x.com\/LaPerlaDonosti\",\"https:\/\/www.instagram.com\/laperladonosti\/?hl=es\",\"https:\/\/www.youtube.com\/channel\/UChQhp12N7Lg6ZrOcmAJAy4g\"]}]}<\/script>\n<!-- \/ Yoast SEO plugin. -->","yoast_head_json":{"title":"Menu D\u00e9gustation \u2022 Thalassoth\u00e9rapie La Perla \u2022 Saint S\u00e9bastien","description":"D\u00e9couvrez le menu d\u00e9gustation La Perla. Le menu est offert tous les jours de la semaine","robots":{"index":"index","follow":"follow","max-snippet":"max-snippet:-1","max-image-preview":"max-image-preview:large","max-video-preview":"max-video-preview:-1"},"canonical":"https:\/\/la-perla.net\/fr\/produit\/menu-degustation-la-perla\/","og_locale":"fr_FR","og_type":"article","og_title":"Menu D\u00e9gustation \u2022 Thalassoth\u00e9rapie La Perla \u2022 Saint S\u00e9bastien","og_description":"D\u00e9couvrez le menu d\u00e9gustation La Perla. Le menu est offert tous les jours de la semaine","og_url":"https:\/\/la-perla.net\/fr\/produit\/menu-degustation-la-perla\/","og_site_name":"Talasoterapia La Perla \u2022 San Sebasti\u00e1n - Donostia","article_publisher":"https:\/\/www.facebook.com\/laperladonosti\/","article_modified_time":"2025-11-17T11:07:24+00:00","og_image":[{"width":600,"height":424,"url":"https:\/\/la-perla.net\/wp-content\/uploads\/2019\/11\/01_Menu-degusta.jpg","type":"image\/jpeg"}],"twitter_card":"summary_large_image","twitter_site":"@LaPerlaDonosti","twitter_misc":{"Dur\u00e9e de lecture estim\u00e9e":"1 minute"},"schema":{"@context":"https:\/\/schema.org","@graph":[{"@type":"WebPage","@id":"https:\/\/la-perla.net\/fr\/produit\/menu-degustation-la-perla\/","url":"https:\/\/la-perla.net\/fr\/produit\/menu-degustation-la-perla\/","name":"Menu D\u00e9gustation \u2022 Thalassoth\u00e9rapie La Perla \u2022 Saint S\u00e9bastien","isPartOf":{"@id":"https:\/\/la-perla.net\/#website"},"primaryImageOfPage":{"@id":"https:\/\/la-perla.net\/fr\/produit\/menu-degustation-la-perla\/#primaryimage"},"image":{"@id":"https:\/\/la-perla.net\/fr\/produit\/menu-degustation-la-perla\/#primaryimage"},"thumbnailUrl":"https:\/\/la-perla.net\/wp-content\/uploads\/2019\/11\/01_Menu-degusta.jpg","datePublished":"2019-11-28T11:27:49+00:00","dateModified":"2025-11-17T11:07:24+00:00","description":"D\u00e9couvrez le menu d\u00e9gustation La Perla. Le menu est offert tous les jours de la semaine","breadcrumb":{"@id":"https:\/\/la-perla.net\/fr\/produit\/menu-degustation-la-perla\/#breadcrumb"},"inLanguage":"fr-FR","potentialAction":[{"@type":"ReadAction","target":["https:\/\/la-perla.net\/fr\/produit\/menu-degustation-la-perla\/"]}]},{"@type":"ImageObject","inLanguage":"fr-FR","@id":"https:\/\/la-perla.net\/fr\/produit\/menu-degustation-la-perla\/#primaryimage","url":"https:\/\/la-perla.net\/wp-content\/uploads\/2019\/11\/01_Menu-degusta.jpg","contentUrl":"https:\/\/la-perla.net\/wp-content\/uploads\/2019\/11\/01_Menu-degusta.jpg","width":600,"height":424,"caption":"Menu D\u00e9gustation La Perla"},{"@type":"BreadcrumbList","@id":"https:\/\/la-perla.net\/fr\/produit\/menu-degustation-la-perla\/#breadcrumb","itemListElement":[{"@type":"ListItem","position":1,"name":"Portada","item":"https:\/\/la-perla.net\/fr\/"},{"@type":"ListItem","position":2,"name":"Boutique","item":"https:\/\/la-perla.net\/fr\/boutique\/"},{"@type":"ListItem","position":3,"name":"Menu D\u00e9gustation La Perla"}]},{"@type":"WebSite","@id":"https:\/\/la-perla.net\/#website","url":"https:\/\/la-perla.net\/","name":"Talasoterapia La Perla \u2022 San Sebasti\u00e1n - Donostia","description":"Talasoterapia en Guipuzcoa - Centro de salud, belleza y deporte","publisher":{"@id":"https:\/\/la-perla.net\/#organization"},"potentialAction":[{"@type":"SearchAction","target":{"@type":"EntryPoint","urlTemplate":"https:\/\/la-perla.net\/?s={search_term_string}"},"query-input":{"@type":"PropertyValueSpecification","valueRequired":true,"valueName":"search_term_string"}}],"inLanguage":"fr-FR"},{"@type":"Organization","@id":"https:\/\/la-perla.net\/#organization","name":"La Perla","url":"https:\/\/la-perla.net\/","logo":{"@type":"ImageObject","inLanguage":"fr-FR","@id":"https:\/\/la-perla.net\/#\/schema\/logo\/image\/","url":"https:\/\/la-perla.net\/wp-content\/uploads\/2020\/09\/talasoterapia-la-perla.png","contentUrl":"https:\/\/la-perla.net\/wp-content\/uploads\/2020\/09\/talasoterapia-la-perla.png","width":191,"height":51,"caption":"La Perla"},"image":{"@id":"https:\/\/la-perla.net\/#\/schema\/logo\/image\/"},"sameAs":["https:\/\/www.facebook.com\/laperladonosti\/","https:\/\/x.com\/LaPerlaDonosti","https:\/\/www.instagram.com\/laperladonosti\/?hl=es","https:\/\/www.youtube.com\/channel\/UChQhp12N7Lg6ZrOcmAJAy4g"]}]}},"_links":{"self":[{"href":"https:\/\/la-perla.net\/fr\/wp-json\/wp\/v2\/product\/60097"}],"collection":[{"href":"https:\/\/la-perla.net\/fr\/wp-json\/wp\/v2\/product"}],"about":[{"href":"https:\/\/la-perla.net\/fr\/wp-json\/wp\/v2\/types\/product"}],"wp:featuredmedia":[{"embeddable":true,"href":"https:\/\/la-perla.net\/fr\/wp-json\/wp\/v2\/media\/87155"}],"wp:attachment":[{"href":"https:\/\/la-perla.net\/fr\/wp-json\/wp\/v2\/media?parent=60097"}],"wp:term":[{"taxonomy":"product_brand","embeddable":true,"href":"https:\/\/la-perla.net\/fr\/wp-json\/wp\/v2\/product_brand?post=60097"},{"taxonomy":"product_cat","embeddable":true,"href":"https:\/\/la-perla.net\/fr\/wp-json\/wp\/v2\/product_cat?post=60097"},{"taxonomy":"product_tag","embeddable":true,"href":"https:\/\/la-perla.net\/fr\/wp-json\/wp\/v2\/product_tag?post=60097"}],"curies":[{"name":"wp","href":"https:\/\/api.w.org\/{rel}","templated":true}]}}