{"id":71666,"date":"2021-08-11T10:25:31","date_gmt":"2021-08-11T08:25:31","guid":{"rendered":"https:\/\/la-perla.net\/san-sebastian\/inhibit-tensolif-neck-serum\/"},"modified":"2025-12-01T23:00:16","modified_gmt":"2025-12-01T22:00:16","slug":"inhibit-tensolif-neck-serum","status":"publish","type":"product","link":"https:\/\/la-perla.net\/fr\/produit\/inhibit-tensolif-neck-serum\/","title":{"rendered":"Inhibit Tensolif Neck Serum"},"content":{"rendered":"<p><strong>C\u00d3MO SE USA <\/strong><\/p>\n<p>Utilizar ma\u00f1ana y\/o noche tras tu ritual habitual de limpieza. Despu\u00e9s de aplicarlo, usar la crema para cuello y escote Inhibit Tensolift Neck Cream.<\/p>\n<p><strong>TRUCOS DE BELLEZA<\/strong><\/p>\n<ul>\n<li>No olvides aplicarlo tambi\u00e9n en la parte posterior del cuello.<\/li>\n<li>Completa tu rutina de belleza para cuello y escote aplicando a diario Inhibit Tensolift Neck Cream y una vez por semana Inhibit Tensolift Neck Mask.<\/li>\n<\/ul>\n","protected":false},"excerpt":{"rendered":"<p><strong>S\u00e9rum espec\u00edfico con resultados perceptibles de inmediato y a largo plazo<\/strong><\/p>\n<p>Este s\u00e9rum de efecto lifting ha sido dise\u00f1ado espec\u00edficamente para la delicada y vulnerable zona de cuello y escote. Una f\u00f3rmula concentrada con ingredientes activos que ayudan a minimizar flacidez, l\u00edneas y arrugas, as\u00ed como a tensar la l\u00ednea de la mand\u00edbula y el doble ment\u00f3n. Renueva tu cuello y escote, y luce de unos \u00e1ngulos m\u00e1s definidos.<\/p>\n<p>60 ml<\/p>\n","protected":false},"featured_media":64665,"template":"","meta":{"_genesis_hide_title":false,"_genesis_hide_breadcrumbs":false,"_genesis_hide_singular_image":false,"_genesis_hide_footer_widgets":false,"_genesis_custom_body_class":"","_genesis_custom_post_class":"","_genesis_layout":""},"product_brand":[],"product_cat":[1065],"product_tag":[],"class_list":{"0":"post-71666","1":"product","2":"type-product","3":"status-publish","4":"has-post-thumbnail","6":"product_cat-natura-bisse-serums-fr","7":"entry","9":"first","10":"instock","11":"purchasable","12":"product-type-simple"},"yoast_head":"<!-- This site is optimized with the Yoast SEO plugin v25.6 - https:\/\/yoast.com\/wordpress\/plugins\/seo\/ -->\n<title>Inhibit Tensolif Neck Serum \u2022 La Perla Thalassoth\u00e9rapie<\/title>\n<meta name=\"description\" content=\"Essayez le s\u00e9rum liftant de Natura Biss\u00e9 pour des r\u00e9sultats \u00e0 long terme. D\u00e9couvrez tous ses bienfaits sur le site La Perla.\" \/>\n<meta name=\"robots\" content=\"index, follow, max-snippet:-1, max-image-preview:large, max-video-preview:-1\" \/>\n<link rel=\"canonical\" href=\"https:\/\/la-perla.net\/produit\/inhibit-tensolif-neck-serum\/\" \/>\n<meta property=\"og:locale\" content=\"fr_FR\" \/>\n<meta property=\"og:type\" content=\"article\" \/>\n<meta property=\"og:title\" content=\"Inhibit Tensolif Neck Serum \u2022 La Perla Thalassoth\u00e9rapie\" \/>\n<meta property=\"og:description\" content=\"Essayez le s\u00e9rum liftant de Natura Biss\u00e9 pour des r\u00e9sultats \u00e0 long terme. D\u00e9couvrez tous ses bienfaits sur le site La Perla.\" \/>\n<meta property=\"og:url\" content=\"https:\/\/la-perla.net\/produit\/inhibit-tensolif-neck-serum\/\" \/>\n<meta property=\"og:site_name\" content=\"Talasoterapia La Perla \u2022 San Sebasti\u00e1n - Donostia\" \/>\n<meta property=\"article:publisher\" content=\"https:\/\/www.facebook.com\/laperladonosti\/\" \/>\n<meta property=\"article:modified_time\" content=\"2025-12-01T22:00:16+00:00\" \/>\n<meta property=\"og:image\" content=\"https:\/\/la-perla.net\/wp-content\/uploads\/2020\/11\/inhibitit-serum.jpg\" \/>\n\t<meta property=\"og:image:width\" content=\"1701\" \/>\n\t<meta property=\"og:image:height\" content=\"1417\" \/>\n\t<meta property=\"og:image:type\" content=\"image\/jpeg\" \/>\n<meta name=\"twitter:card\" content=\"summary_large_image\" \/>\n<meta name=\"twitter:site\" content=\"@LaPerlaDonosti\" \/>\n<meta name=\"twitter:label1\" content=\"Dur\u00e9e de lecture estim\u00e9e\" \/>\n\t<meta name=\"twitter:data1\" content=\"1 minute\" \/>\n<script type=\"application\/ld+json\" class=\"yoast-schema-graph\">{\"@context\":\"https:\/\/schema.org\",\"@graph\":[{\"@type\":\"WebPage\",\"@id\":\"https:\/\/la-perla.net\/produit\/inhibit-tensolif-neck-serum\/\",\"url\":\"https:\/\/la-perla.net\/produit\/inhibit-tensolif-neck-serum\/\",\"name\":\"Inhibit Tensolif Neck Serum \u2022 La Perla Thalassoth\u00e9rapie\",\"isPartOf\":{\"@id\":\"https:\/\/la-perla.net\/#website\"},\"primaryImageOfPage\":{\"@id\":\"https:\/\/la-perla.net\/produit\/inhibit-tensolif-neck-serum\/#primaryimage\"},\"image\":{\"@id\":\"https:\/\/la-perla.net\/produit\/inhibit-tensolif-neck-serum\/#primaryimage\"},\"thumbnailUrl\":\"https:\/\/la-perla.net\/wp-content\/uploads\/2020\/11\/inhibitit-serum.jpg\",\"datePublished\":\"2021-08-11T08:25:31+00:00\",\"dateModified\":\"2025-12-01T22:00:16+00:00\",\"description\":\"Essayez le s\u00e9rum liftant de Natura Biss\u00e9 pour des r\u00e9sultats \u00e0 long terme. D\u00e9couvrez tous ses bienfaits sur le site La Perla.\",\"breadcrumb\":{\"@id\":\"https:\/\/la-perla.net\/produit\/inhibit-tensolif-neck-serum\/#breadcrumb\"},\"inLanguage\":\"fr-FR\",\"potentialAction\":[{\"@type\":\"ReadAction\",\"target\":[\"https:\/\/la-perla.net\/produit\/inhibit-tensolif-neck-serum\/\"]}]},{\"@type\":\"ImageObject\",\"inLanguage\":\"fr-FR\",\"@id\":\"https:\/\/la-perla.net\/produit\/inhibit-tensolif-neck-serum\/#primaryimage\",\"url\":\"https:\/\/la-perla.net\/wp-content\/uploads\/2020\/11\/inhibitit-serum.jpg\",\"contentUrl\":\"https:\/\/la-perla.net\/wp-content\/uploads\/2020\/11\/inhibitit-serum.jpg\",\"width\":1701,\"height\":1417,\"caption\":\"Inhibit Tensolif Neck Serum\"},{\"@type\":\"BreadcrumbList\",\"@id\":\"https:\/\/la-perla.net\/produit\/inhibit-tensolif-neck-serum\/#breadcrumb\",\"itemListElement\":[{\"@type\":\"ListItem\",\"position\":1,\"name\":\"Portada\",\"item\":\"https:\/\/la-perla.net\/fr\/\"},{\"@type\":\"ListItem\",\"position\":2,\"name\":\"Boutique\",\"item\":\"https:\/\/la-perla.net\/fr\/boutique\/\"},{\"@type\":\"ListItem\",\"position\":3,\"name\":\"Inhibit Tensolif Neck Serum\"}]},{\"@type\":\"WebSite\",\"@id\":\"https:\/\/la-perla.net\/#website\",\"url\":\"https:\/\/la-perla.net\/\",\"name\":\"Talasoterapia La Perla \u2022 San Sebasti\u00e1n - Donostia\",\"description\":\"Talasoterapia en Guipuzcoa - Centro de salud, belleza y deporte\",\"publisher\":{\"@id\":\"https:\/\/la-perla.net\/#organization\"},\"potentialAction\":[{\"@type\":\"SearchAction\",\"target\":{\"@type\":\"EntryPoint\",\"urlTemplate\":\"https:\/\/la-perla.net\/?s={search_term_string}\"},\"query-input\":{\"@type\":\"PropertyValueSpecification\",\"valueRequired\":true,\"valueName\":\"search_term_string\"}}],\"inLanguage\":\"fr-FR\"},{\"@type\":\"Organization\",\"@id\":\"https:\/\/la-perla.net\/#organization\",\"name\":\"La Perla\",\"url\":\"https:\/\/la-perla.net\/\",\"logo\":{\"@type\":\"ImageObject\",\"inLanguage\":\"fr-FR\",\"@id\":\"https:\/\/la-perla.net\/#\/schema\/logo\/image\/\",\"url\":\"https:\/\/la-perla.net\/wp-content\/uploads\/2020\/09\/talasoterapia-la-perla.png\",\"contentUrl\":\"https:\/\/la-perla.net\/wp-content\/uploads\/2020\/09\/talasoterapia-la-perla.png\",\"width\":191,\"height\":51,\"caption\":\"La Perla\"},\"image\":{\"@id\":\"https:\/\/la-perla.net\/#\/schema\/logo\/image\/\"},\"sameAs\":[\"https:\/\/www.facebook.com\/laperladonosti\/\",\"https:\/\/x.com\/LaPerlaDonosti\",\"https:\/\/www.instagram.com\/laperladonosti\/?hl=es\",\"https:\/\/www.youtube.com\/channel\/UChQhp12N7Lg6ZrOcmAJAy4g\"]}]}<\/script>\n<!-- \/ Yoast SEO plugin. -->","yoast_head_json":{"title":"Inhibit Tensolif Neck Serum \u2022 La Perla Thalassoth\u00e9rapie","description":"Essayez le s\u00e9rum liftant de Natura Biss\u00e9 pour des r\u00e9sultats \u00e0 long terme. D\u00e9couvrez tous ses bienfaits sur le site La Perla.","robots":{"index":"index","follow":"follow","max-snippet":"max-snippet:-1","max-image-preview":"max-image-preview:large","max-video-preview":"max-video-preview:-1"},"canonical":"https:\/\/la-perla.net\/produit\/inhibit-tensolif-neck-serum\/","og_locale":"fr_FR","og_type":"article","og_title":"Inhibit Tensolif Neck Serum \u2022 La Perla Thalassoth\u00e9rapie","og_description":"Essayez le s\u00e9rum liftant de Natura Biss\u00e9 pour des r\u00e9sultats \u00e0 long terme. D\u00e9couvrez tous ses bienfaits sur le site La Perla.","og_url":"https:\/\/la-perla.net\/produit\/inhibit-tensolif-neck-serum\/","og_site_name":"Talasoterapia La Perla \u2022 San Sebasti\u00e1n - Donostia","article_publisher":"https:\/\/www.facebook.com\/laperladonosti\/","article_modified_time":"2025-12-01T22:00:16+00:00","og_image":[{"width":1701,"height":1417,"url":"https:\/\/la-perla.net\/wp-content\/uploads\/2020\/11\/inhibitit-serum.jpg","type":"image\/jpeg"}],"twitter_card":"summary_large_image","twitter_site":"@LaPerlaDonosti","twitter_misc":{"Dur\u00e9e de lecture estim\u00e9e":"1 minute"},"schema":{"@context":"https:\/\/schema.org","@graph":[{"@type":"WebPage","@id":"https:\/\/la-perla.net\/produit\/inhibit-tensolif-neck-serum\/","url":"https:\/\/la-perla.net\/produit\/inhibit-tensolif-neck-serum\/","name":"Inhibit Tensolif Neck Serum \u2022 La Perla Thalassoth\u00e9rapie","isPartOf":{"@id":"https:\/\/la-perla.net\/#website"},"primaryImageOfPage":{"@id":"https:\/\/la-perla.net\/produit\/inhibit-tensolif-neck-serum\/#primaryimage"},"image":{"@id":"https:\/\/la-perla.net\/produit\/inhibit-tensolif-neck-serum\/#primaryimage"},"thumbnailUrl":"https:\/\/la-perla.net\/wp-content\/uploads\/2020\/11\/inhibitit-serum.jpg","datePublished":"2021-08-11T08:25:31+00:00","dateModified":"2025-12-01T22:00:16+00:00","description":"Essayez le s\u00e9rum liftant de Natura Biss\u00e9 pour des r\u00e9sultats \u00e0 long terme. D\u00e9couvrez tous ses bienfaits sur le site La Perla.","breadcrumb":{"@id":"https:\/\/la-perla.net\/produit\/inhibit-tensolif-neck-serum\/#breadcrumb"},"inLanguage":"fr-FR","potentialAction":[{"@type":"ReadAction","target":["https:\/\/la-perla.net\/produit\/inhibit-tensolif-neck-serum\/"]}]},{"@type":"ImageObject","inLanguage":"fr-FR","@id":"https:\/\/la-perla.net\/produit\/inhibit-tensolif-neck-serum\/#primaryimage","url":"https:\/\/la-perla.net\/wp-content\/uploads\/2020\/11\/inhibitit-serum.jpg","contentUrl":"https:\/\/la-perla.net\/wp-content\/uploads\/2020\/11\/inhibitit-serum.jpg","width":1701,"height":1417,"caption":"Inhibit Tensolif Neck Serum"},{"@type":"BreadcrumbList","@id":"https:\/\/la-perla.net\/produit\/inhibit-tensolif-neck-serum\/#breadcrumb","itemListElement":[{"@type":"ListItem","position":1,"name":"Portada","item":"https:\/\/la-perla.net\/fr\/"},{"@type":"ListItem","position":2,"name":"Boutique","item":"https:\/\/la-perla.net\/fr\/boutique\/"},{"@type":"ListItem","position":3,"name":"Inhibit Tensolif Neck Serum"}]},{"@type":"WebSite","@id":"https:\/\/la-perla.net\/#website","url":"https:\/\/la-perla.net\/","name":"Talasoterapia La Perla \u2022 San Sebasti\u00e1n - Donostia","description":"Talasoterapia en Guipuzcoa - Centro de salud, belleza y deporte","publisher":{"@id":"https:\/\/la-perla.net\/#organization"},"potentialAction":[{"@type":"SearchAction","target":{"@type":"EntryPoint","urlTemplate":"https:\/\/la-perla.net\/?s={search_term_string}"},"query-input":{"@type":"PropertyValueSpecification","valueRequired":true,"valueName":"search_term_string"}}],"inLanguage":"fr-FR"},{"@type":"Organization","@id":"https:\/\/la-perla.net\/#organization","name":"La Perla","url":"https:\/\/la-perla.net\/","logo":{"@type":"ImageObject","inLanguage":"fr-FR","@id":"https:\/\/la-perla.net\/#\/schema\/logo\/image\/","url":"https:\/\/la-perla.net\/wp-content\/uploads\/2020\/09\/talasoterapia-la-perla.png","contentUrl":"https:\/\/la-perla.net\/wp-content\/uploads\/2020\/09\/talasoterapia-la-perla.png","width":191,"height":51,"caption":"La Perla"},"image":{"@id":"https:\/\/la-perla.net\/#\/schema\/logo\/image\/"},"sameAs":["https:\/\/www.facebook.com\/laperladonosti\/","https:\/\/x.com\/LaPerlaDonosti","https:\/\/www.instagram.com\/laperladonosti\/?hl=es","https:\/\/www.youtube.com\/channel\/UChQhp12N7Lg6ZrOcmAJAy4g"]}]}},"_links":{"self":[{"href":"https:\/\/la-perla.net\/fr\/wp-json\/wp\/v2\/product\/71666"}],"collection":[{"href":"https:\/\/la-perla.net\/fr\/wp-json\/wp\/v2\/product"}],"about":[{"href":"https:\/\/la-perla.net\/fr\/wp-json\/wp\/v2\/types\/product"}],"wp:featuredmedia":[{"embeddable":true,"href":"https:\/\/la-perla.net\/fr\/wp-json\/wp\/v2\/media\/64665"}],"wp:attachment":[{"href":"https:\/\/la-perla.net\/fr\/wp-json\/wp\/v2\/media?parent=71666"}],"wp:term":[{"taxonomy":"product_brand","embeddable":true,"href":"https:\/\/la-perla.net\/fr\/wp-json\/wp\/v2\/product_brand?post=71666"},{"taxonomy":"product_cat","embeddable":true,"href":"https:\/\/la-perla.net\/fr\/wp-json\/wp\/v2\/product_cat?post=71666"},{"taxonomy":"product_tag","embeddable":true,"href":"https:\/\/la-perla.net\/fr\/wp-json\/wp\/v2\/product_tag?post=71666"}],"curies":[{"name":"wp","href":"https:\/\/api.w.org\/{rel}","templated":true}]}}