{"id":71698,"date":"2021-08-11T10:22:52","date_gmt":"2021-08-11T08:22:52","guid":{"rendered":"https:\/\/la-perla.net\/san-sebastian\/diamond-extreme-oil\/"},"modified":"2025-12-01T23:00:20","modified_gmt":"2025-12-01T22:00:20","slug":"diamond-extreme-oil","status":"publish","type":"product","link":"https:\/\/la-perla.net\/fr\/produit\/diamond-extreme-oil\/","title":{"rendered":"Diamond Extreme Oil"},"content":{"rendered":"<p><strong>C\u00d3MO SE USA<\/strong><br \/>\nAplica DIAMOND EXTREME OIL despu\u00e9s del s\u00e9rum habitual en rostro, cuello y escote realizando un suave masaje con el exclusivo HIGH DEFINITION MASSAGE TOOL (consultar naturabisse.com para ver el v\u00eddeo tutorial con el paso a paso del masaje). Para potenciar sus beneficios, seguidamente aplica DIAMOND EXTREME MASK (mascarilla nocturna con ADN marino y retinol). Usa DIAMOND EXTREME OIL junto a DIAMOND EXTREME MASK 2 o 3 veces a la semana, por la noche. Como tratamiento intensivo nutritivo y reparador, aplica DIAMOND EXTREME OIL junto a DIAMOND EXTREME MASK durante dos semanas, cada noche.<\/p>\n<p><strong>TRUCOS DE BELLEZA<\/strong><\/p>\n<p>Si sientes la piel especialmente desvitalizada o deshidratada, puedes a\u00f1adir unas gotas a tu crema de tratamiento habitual o incluso a tu crema de manos.<br \/>\nPara un rostro luminoso durante el d\u00eda, puedes a\u00f1adir unas gotas de este aceite a tu base de maquillaje.<\/p>\n","protected":false},"excerpt":{"rendered":"<p><strong>Aceite seco que ayuda a potenciar la regeneraci\u00f3n de la piel <\/strong><\/p>\n<p>Rico al tacto y ligero en tu piel, este aceite altamente sofisticado combina una suntuosa fusi\u00f3n de aceites \u2014ch\u00eda, amaranto, cal\u00e9ndula\u2014 y el potente \u00e1cido pun\u00edcico (omega 5) que renueva la piel, aportando nutrici\u00f3n y firmeza. Esta poderosa f\u00f3rmula con ingredientes de vanguardia te ayudar\u00e1 a despertar con la piel incre\u00edblemente nutrida y tersa. Este producto incluye el HIGH DEFINITION MASSAGER TOOL, la perfecta herramienta para realizarte un masaje de belleza que estimula la piel y mejora la penetraci\u00f3n de los activos.<\/p>\n","protected":false},"featured_media":64730,"template":"","meta":{"_genesis_hide_title":false,"_genesis_hide_breadcrumbs":false,"_genesis_hide_singular_image":false,"_genesis_hide_footer_widgets":false,"_genesis_custom_body_class":"","_genesis_custom_post_class":"","_genesis_layout":""},"product_brand":[],"product_cat":[1065],"product_tag":[],"class_list":{"0":"post-71698","1":"product","2":"type-product","3":"status-publish","4":"has-post-thumbnail","6":"product_cat-natura-bisse-serums-fr","7":"entry","9":"first","10":"instock","11":"purchasable","12":"product-type-simple"},"yoast_head":"<!-- This site is optimized with the Yoast SEO plugin v25.6 - https:\/\/yoast.com\/wordpress\/plugins\/seo\/ -->\n<title>Diamond Extreme Oil \u2022 La Perla Thalassoth\u00e9rapie \u2022 Saint S\u00e9bastien<\/title>\n<meta name=\"description\" content=\"D\u00e9couvrez le luxe de l&#039;huile Diamond Extreme, une huile nourrissante pour le visage qui procure une hydratation intense et aide \u00e0 revitaliser la peau.\" \/>\n<meta name=\"robots\" content=\"index, follow, max-snippet:-1, max-image-preview:large, max-video-preview:-1\" \/>\n<link rel=\"canonical\" href=\"https:\/\/la-perla.net\/produit\/diamond-extreme-oil\/\" \/>\n<meta property=\"og:locale\" content=\"fr_FR\" \/>\n<meta property=\"og:type\" content=\"article\" \/>\n<meta property=\"og:title\" content=\"Diamond Extreme Oil \u2022 La Perla Thalassoth\u00e9rapie \u2022 Saint S\u00e9bastien\" \/>\n<meta property=\"og:description\" content=\"D\u00e9couvrez le luxe de l&#039;huile Diamond Extreme, une huile nourrissante pour le visage qui procure une hydratation intense et aide \u00e0 revitaliser la peau.\" \/>\n<meta property=\"og:url\" content=\"https:\/\/la-perla.net\/produit\/diamond-extreme-oil\/\" \/>\n<meta property=\"og:site_name\" content=\"Talasoterapia La Perla \u2022 San Sebasti\u00e1n - Donostia\" \/>\n<meta property=\"article:publisher\" content=\"https:\/\/www.facebook.com\/laperladonosti\/\" \/>\n<meta property=\"article:modified_time\" content=\"2025-12-01T22:00:20+00:00\" \/>\n<meta property=\"og:image\" content=\"https:\/\/la-perla.net\/wp-content\/uploads\/2020\/11\/diamond-extreme-oil.jpg\" \/>\n\t<meta property=\"og:image:width\" content=\"1701\" \/>\n\t<meta property=\"og:image:height\" content=\"1417\" \/>\n\t<meta property=\"og:image:type\" content=\"image\/jpeg\" \/>\n<meta name=\"twitter:card\" content=\"summary_large_image\" \/>\n<meta name=\"twitter:site\" content=\"@LaPerlaDonosti\" \/>\n<meta name=\"twitter:label1\" content=\"Dur\u00e9e de lecture estim\u00e9e\" \/>\n\t<meta name=\"twitter:data1\" content=\"1 minute\" \/>\n<script type=\"application\/ld+json\" class=\"yoast-schema-graph\">{\"@context\":\"https:\/\/schema.org\",\"@graph\":[{\"@type\":\"WebPage\",\"@id\":\"https:\/\/la-perla.net\/produit\/diamond-extreme-oil\/\",\"url\":\"https:\/\/la-perla.net\/produit\/diamond-extreme-oil\/\",\"name\":\"Diamond Extreme Oil \u2022 La Perla Thalassoth\u00e9rapie \u2022 Saint S\u00e9bastien\",\"isPartOf\":{\"@id\":\"https:\/\/la-perla.net\/#website\"},\"primaryImageOfPage\":{\"@id\":\"https:\/\/la-perla.net\/produit\/diamond-extreme-oil\/#primaryimage\"},\"image\":{\"@id\":\"https:\/\/la-perla.net\/produit\/diamond-extreme-oil\/#primaryimage\"},\"thumbnailUrl\":\"https:\/\/la-perla.net\/wp-content\/uploads\/2020\/11\/diamond-extreme-oil.jpg\",\"datePublished\":\"2021-08-11T08:22:52+00:00\",\"dateModified\":\"2025-12-01T22:00:20+00:00\",\"description\":\"D\u00e9couvrez le luxe de l'huile Diamond Extreme, une huile nourrissante pour le visage qui procure une hydratation intense et aide \u00e0 revitaliser la peau.\",\"breadcrumb\":{\"@id\":\"https:\/\/la-perla.net\/produit\/diamond-extreme-oil\/#breadcrumb\"},\"inLanguage\":\"fr-FR\",\"potentialAction\":[{\"@type\":\"ReadAction\",\"target\":[\"https:\/\/la-perla.net\/produit\/diamond-extreme-oil\/\"]}]},{\"@type\":\"ImageObject\",\"inLanguage\":\"fr-FR\",\"@id\":\"https:\/\/la-perla.net\/produit\/diamond-extreme-oil\/#primaryimage\",\"url\":\"https:\/\/la-perla.net\/wp-content\/uploads\/2020\/11\/diamond-extreme-oil.jpg\",\"contentUrl\":\"https:\/\/la-perla.net\/wp-content\/uploads\/2020\/11\/diamond-extreme-oil.jpg\",\"width\":1701,\"height\":1417,\"caption\":\"Diamond Extreme Oil\"},{\"@type\":\"BreadcrumbList\",\"@id\":\"https:\/\/la-perla.net\/produit\/diamond-extreme-oil\/#breadcrumb\",\"itemListElement\":[{\"@type\":\"ListItem\",\"position\":1,\"name\":\"Portada\",\"item\":\"https:\/\/la-perla.net\/fr\/\"},{\"@type\":\"ListItem\",\"position\":2,\"name\":\"Boutique\",\"item\":\"https:\/\/la-perla.net\/fr\/boutique\/\"},{\"@type\":\"ListItem\",\"position\":3,\"name\":\"Diamond Extreme Oil\"}]},{\"@type\":\"WebSite\",\"@id\":\"https:\/\/la-perla.net\/#website\",\"url\":\"https:\/\/la-perla.net\/\",\"name\":\"Talasoterapia La Perla \u2022 San Sebasti\u00e1n - Donostia\",\"description\":\"Talasoterapia en Guipuzcoa - Centro de salud, belleza y deporte\",\"publisher\":{\"@id\":\"https:\/\/la-perla.net\/#organization\"},\"potentialAction\":[{\"@type\":\"SearchAction\",\"target\":{\"@type\":\"EntryPoint\",\"urlTemplate\":\"https:\/\/la-perla.net\/?s={search_term_string}\"},\"query-input\":{\"@type\":\"PropertyValueSpecification\",\"valueRequired\":true,\"valueName\":\"search_term_string\"}}],\"inLanguage\":\"fr-FR\"},{\"@type\":\"Organization\",\"@id\":\"https:\/\/la-perla.net\/#organization\",\"name\":\"La Perla\",\"url\":\"https:\/\/la-perla.net\/\",\"logo\":{\"@type\":\"ImageObject\",\"inLanguage\":\"fr-FR\",\"@id\":\"https:\/\/la-perla.net\/#\/schema\/logo\/image\/\",\"url\":\"https:\/\/la-perla.net\/wp-content\/uploads\/2020\/09\/talasoterapia-la-perla.png\",\"contentUrl\":\"https:\/\/la-perla.net\/wp-content\/uploads\/2020\/09\/talasoterapia-la-perla.png\",\"width\":191,\"height\":51,\"caption\":\"La Perla\"},\"image\":{\"@id\":\"https:\/\/la-perla.net\/#\/schema\/logo\/image\/\"},\"sameAs\":[\"https:\/\/www.facebook.com\/laperladonosti\/\",\"https:\/\/x.com\/LaPerlaDonosti\",\"https:\/\/www.instagram.com\/laperladonosti\/?hl=es\",\"https:\/\/www.youtube.com\/channel\/UChQhp12N7Lg6ZrOcmAJAy4g\"]}]}<\/script>\n<!-- \/ Yoast SEO plugin. -->","yoast_head_json":{"title":"Diamond Extreme Oil \u2022 La Perla Thalassoth\u00e9rapie \u2022 Saint S\u00e9bastien","description":"D\u00e9couvrez le luxe de l'huile Diamond Extreme, une huile nourrissante pour le visage qui procure une hydratation intense et aide \u00e0 revitaliser la peau.","robots":{"index":"index","follow":"follow","max-snippet":"max-snippet:-1","max-image-preview":"max-image-preview:large","max-video-preview":"max-video-preview:-1"},"canonical":"https:\/\/la-perla.net\/produit\/diamond-extreme-oil\/","og_locale":"fr_FR","og_type":"article","og_title":"Diamond Extreme Oil \u2022 La Perla Thalassoth\u00e9rapie \u2022 Saint S\u00e9bastien","og_description":"D\u00e9couvrez le luxe de l'huile Diamond Extreme, une huile nourrissante pour le visage qui procure une hydratation intense et aide \u00e0 revitaliser la peau.","og_url":"https:\/\/la-perla.net\/produit\/diamond-extreme-oil\/","og_site_name":"Talasoterapia La Perla \u2022 San Sebasti\u00e1n - Donostia","article_publisher":"https:\/\/www.facebook.com\/laperladonosti\/","article_modified_time":"2025-12-01T22:00:20+00:00","og_image":[{"width":1701,"height":1417,"url":"https:\/\/la-perla.net\/wp-content\/uploads\/2020\/11\/diamond-extreme-oil.jpg","type":"image\/jpeg"}],"twitter_card":"summary_large_image","twitter_site":"@LaPerlaDonosti","twitter_misc":{"Dur\u00e9e de lecture estim\u00e9e":"1 minute"},"schema":{"@context":"https:\/\/schema.org","@graph":[{"@type":"WebPage","@id":"https:\/\/la-perla.net\/produit\/diamond-extreme-oil\/","url":"https:\/\/la-perla.net\/produit\/diamond-extreme-oil\/","name":"Diamond Extreme Oil \u2022 La Perla Thalassoth\u00e9rapie \u2022 Saint S\u00e9bastien","isPartOf":{"@id":"https:\/\/la-perla.net\/#website"},"primaryImageOfPage":{"@id":"https:\/\/la-perla.net\/produit\/diamond-extreme-oil\/#primaryimage"},"image":{"@id":"https:\/\/la-perla.net\/produit\/diamond-extreme-oil\/#primaryimage"},"thumbnailUrl":"https:\/\/la-perla.net\/wp-content\/uploads\/2020\/11\/diamond-extreme-oil.jpg","datePublished":"2021-08-11T08:22:52+00:00","dateModified":"2025-12-01T22:00:20+00:00","description":"D\u00e9couvrez le luxe de l'huile Diamond Extreme, une huile nourrissante pour le visage qui procure une hydratation intense et aide \u00e0 revitaliser la peau.","breadcrumb":{"@id":"https:\/\/la-perla.net\/produit\/diamond-extreme-oil\/#breadcrumb"},"inLanguage":"fr-FR","potentialAction":[{"@type":"ReadAction","target":["https:\/\/la-perla.net\/produit\/diamond-extreme-oil\/"]}]},{"@type":"ImageObject","inLanguage":"fr-FR","@id":"https:\/\/la-perla.net\/produit\/diamond-extreme-oil\/#primaryimage","url":"https:\/\/la-perla.net\/wp-content\/uploads\/2020\/11\/diamond-extreme-oil.jpg","contentUrl":"https:\/\/la-perla.net\/wp-content\/uploads\/2020\/11\/diamond-extreme-oil.jpg","width":1701,"height":1417,"caption":"Diamond Extreme Oil"},{"@type":"BreadcrumbList","@id":"https:\/\/la-perla.net\/produit\/diamond-extreme-oil\/#breadcrumb","itemListElement":[{"@type":"ListItem","position":1,"name":"Portada","item":"https:\/\/la-perla.net\/fr\/"},{"@type":"ListItem","position":2,"name":"Boutique","item":"https:\/\/la-perla.net\/fr\/boutique\/"},{"@type":"ListItem","position":3,"name":"Diamond Extreme Oil"}]},{"@type":"WebSite","@id":"https:\/\/la-perla.net\/#website","url":"https:\/\/la-perla.net\/","name":"Talasoterapia La Perla \u2022 San Sebasti\u00e1n - Donostia","description":"Talasoterapia en Guipuzcoa - Centro de salud, belleza y deporte","publisher":{"@id":"https:\/\/la-perla.net\/#organization"},"potentialAction":[{"@type":"SearchAction","target":{"@type":"EntryPoint","urlTemplate":"https:\/\/la-perla.net\/?s={search_term_string}"},"query-input":{"@type":"PropertyValueSpecification","valueRequired":true,"valueName":"search_term_string"}}],"inLanguage":"fr-FR"},{"@type":"Organization","@id":"https:\/\/la-perla.net\/#organization","name":"La Perla","url":"https:\/\/la-perla.net\/","logo":{"@type":"ImageObject","inLanguage":"fr-FR","@id":"https:\/\/la-perla.net\/#\/schema\/logo\/image\/","url":"https:\/\/la-perla.net\/wp-content\/uploads\/2020\/09\/talasoterapia-la-perla.png","contentUrl":"https:\/\/la-perla.net\/wp-content\/uploads\/2020\/09\/talasoterapia-la-perla.png","width":191,"height":51,"caption":"La Perla"},"image":{"@id":"https:\/\/la-perla.net\/#\/schema\/logo\/image\/"},"sameAs":["https:\/\/www.facebook.com\/laperladonosti\/","https:\/\/x.com\/LaPerlaDonosti","https:\/\/www.instagram.com\/laperladonosti\/?hl=es","https:\/\/www.youtube.com\/channel\/UChQhp12N7Lg6ZrOcmAJAy4g"]}]}},"_links":{"self":[{"href":"https:\/\/la-perla.net\/fr\/wp-json\/wp\/v2\/product\/71698"}],"collection":[{"href":"https:\/\/la-perla.net\/fr\/wp-json\/wp\/v2\/product"}],"about":[{"href":"https:\/\/la-perla.net\/fr\/wp-json\/wp\/v2\/types\/product"}],"wp:featuredmedia":[{"embeddable":true,"href":"https:\/\/la-perla.net\/fr\/wp-json\/wp\/v2\/media\/64730"}],"wp:attachment":[{"href":"https:\/\/la-perla.net\/fr\/wp-json\/wp\/v2\/media?parent=71698"}],"wp:term":[{"taxonomy":"product_brand","embeddable":true,"href":"https:\/\/la-perla.net\/fr\/wp-json\/wp\/v2\/product_brand?post=71698"},{"taxonomy":"product_cat","embeddable":true,"href":"https:\/\/la-perla.net\/fr\/wp-json\/wp\/v2\/product_cat?post=71698"},{"taxonomy":"product_tag","embeddable":true,"href":"https:\/\/la-perla.net\/fr\/wp-json\/wp\/v2\/product_tag?post=71698"}],"curies":[{"name":"wp","href":"https:\/\/api.w.org\/{rel}","templated":true}]}}