{"id":71700,"date":"2021-08-11T10:22:52","date_gmt":"2021-08-11T08:22:52","guid":{"rendered":"https:\/\/la-perla.net\/san-sebastian\/diamond-instant-glow\/"},"modified":"2025-12-01T23:00:20","modified_gmt":"2025-12-01T22:00:20","slug":"diamond-instant-glow","status":"publish","type":"product","link":"https:\/\/la-perla.net\/fr\/produit\/diamond-instant-glow\/","title":{"rendered":"Diamond Instant Glow"},"content":{"rendered":"<p><strong>C\u00d3MO SE USA<\/strong><\/p>\n<p><strong>Paso 1 &#8211; PEEL:<\/strong><br \/>\nAbre la ampolla y aplica todo el contenido sobre la piel limpia y tonificada. D\u00e9jalo actuar 8 minutos y retira con agua tibia y las esponjas limpiadoras de Natura Biss\u00e9.<\/p>\n<p><strong>Paso 2 &#8211; RADIANCE:<\/strong><br \/>\nAbre la ampolla y aplica todo su contenido sobre rostro, cuello y escote realizando maniobras lifting hasta conseguir su total absorci\u00f3n. D\u00e9jalo actuar 1 minuto. No retirar.<\/p>\n<p><strong>Paso 3 &#8211; LIFT:<\/strong><br \/>\nAbre la ampolla y extiende todo el producto de manera uniforme con suaves maniobras lifting, desde la frente hasta el escote. Finaliza con unos suaves golpecitos por toda la zona para fijar el film, hasta sentir la piel completamente seca. Aplica el maquillaje o protector solar escogido.<\/p>\n<p><strong>TRUCOS DE BELLEZA<\/strong><\/p>\n<ul>\n<li>Utiliza DIAMOND INSTANT GLOW antes de un evento importante ya que minimiza los signos de fatiga de tu piel y difumina las arrugas, a la vez que realza y fija el maquillaje.<\/li>\n<li>Su pr\u00e1ctico formato lo hace ideal para llevarlo de viaje o en el bolso, podr\u00e1s llevar tu peeling profesional all\u00ed donde vayas.<\/li>\n<\/ul>\n","protected":false},"excerpt":{"rendered":"<p><strong>Mini tratamiento para una piel radiante en solo 10 minutos <\/strong><\/p>\n<p>Este mini-lift express en 3 fases (exfolia, ilumina y tensa) transforma tu piel en tiempo r\u00e9cord dej\u00e1ndola incre\u00edblemente suave, firme y luminosa. Aporta unos resultados profesionales en casa: los signos de cansancio y las l\u00edneas de expresi\u00f3n se reducen y, gracias a su efecto reafirmante, las arrugas se difuminan y tu piel recupera toda su belleza. As\u00ed, se convierte en la base perfecta para un maquillaje impecable durante horas. \u00a1Tu aliado de belleza ideal antes de una cita importante!<\/p>\n","protected":false},"featured_media":64734,"template":"","meta":{"_genesis_hide_title":false,"_genesis_hide_breadcrumbs":false,"_genesis_hide_singular_image":false,"_genesis_hide_footer_widgets":false,"_genesis_custom_body_class":"","_genesis_custom_post_class":"","_genesis_layout":""},"product_brand":[],"product_cat":[1065],"product_tag":[],"class_list":{"0":"post-71700","1":"product","2":"type-product","3":"status-publish","4":"has-post-thumbnail","6":"product_cat-natura-bisse-serums-fr","7":"entry","9":"first","10":"instock","11":"purchasable","12":"product-type-simple"},"yoast_head":"<!-- This site is optimized with the Yoast SEO plugin v25.6 - https:\/\/yoast.com\/wordpress\/plugins\/seo\/ -->\n<title>Diamond Instant Glow \u2022 La Perla Thalassoth\u00e9rapie<\/title>\n<meta name=\"description\" content=\"Obtenez un \u00e9clat instantan\u00e9 et radieux avec Diamond Instant Glow, un mini-lifting express en trois phases.\" \/>\n<meta name=\"robots\" content=\"index, follow, max-snippet:-1, max-image-preview:large, max-video-preview:-1\" \/>\n<link rel=\"canonical\" href=\"https:\/\/la-perla.net\/produit\/diamond-instant-glow\/\" \/>\n<meta property=\"og:locale\" content=\"fr_FR\" \/>\n<meta property=\"og:type\" content=\"article\" \/>\n<meta property=\"og:title\" content=\"Diamond Instant Glow \u2022 La Perla Thalassoth\u00e9rapie\" \/>\n<meta property=\"og:description\" content=\"Obtenez un \u00e9clat instantan\u00e9 et radieux avec Diamond Instant Glow, un mini-lifting express en trois phases.\" \/>\n<meta property=\"og:url\" content=\"https:\/\/la-perla.net\/produit\/diamond-instant-glow\/\" \/>\n<meta property=\"og:site_name\" content=\"Talasoterapia La Perla \u2022 San Sebasti\u00e1n - Donostia\" \/>\n<meta property=\"article:publisher\" content=\"https:\/\/www.facebook.com\/laperladonosti\/\" \/>\n<meta property=\"article:modified_time\" content=\"2025-12-01T22:00:20+00:00\" \/>\n<meta property=\"og:image\" content=\"https:\/\/la-perla.net\/wp-content\/uploads\/2020\/11\/diamond-instant-glow.jpg\" \/>\n\t<meta property=\"og:image:width\" content=\"1701\" \/>\n\t<meta property=\"og:image:height\" content=\"1417\" \/>\n\t<meta property=\"og:image:type\" content=\"image\/jpeg\" \/>\n<meta name=\"twitter:card\" content=\"summary_large_image\" \/>\n<meta name=\"twitter:site\" content=\"@LaPerlaDonosti\" \/>\n<meta name=\"twitter:label1\" content=\"Dur\u00e9e de lecture estim\u00e9e\" \/>\n\t<meta name=\"twitter:data1\" content=\"1 minute\" \/>\n<script type=\"application\/ld+json\" class=\"yoast-schema-graph\">{\"@context\":\"https:\/\/schema.org\",\"@graph\":[{\"@type\":\"WebPage\",\"@id\":\"https:\/\/la-perla.net\/produit\/diamond-instant-glow\/\",\"url\":\"https:\/\/la-perla.net\/produit\/diamond-instant-glow\/\",\"name\":\"Diamond Instant Glow \u2022 La Perla Thalassoth\u00e9rapie\",\"isPartOf\":{\"@id\":\"https:\/\/la-perla.net\/#website\"},\"primaryImageOfPage\":{\"@id\":\"https:\/\/la-perla.net\/produit\/diamond-instant-glow\/#primaryimage\"},\"image\":{\"@id\":\"https:\/\/la-perla.net\/produit\/diamond-instant-glow\/#primaryimage\"},\"thumbnailUrl\":\"https:\/\/la-perla.net\/wp-content\/uploads\/2020\/11\/diamond-instant-glow.jpg\",\"datePublished\":\"2021-08-11T08:22:52+00:00\",\"dateModified\":\"2025-12-01T22:00:20+00:00\",\"description\":\"Obtenez un \u00e9clat instantan\u00e9 et radieux avec Diamond Instant Glow, un mini-lifting express en trois phases.\",\"breadcrumb\":{\"@id\":\"https:\/\/la-perla.net\/produit\/diamond-instant-glow\/#breadcrumb\"},\"inLanguage\":\"fr-FR\",\"potentialAction\":[{\"@type\":\"ReadAction\",\"target\":[\"https:\/\/la-perla.net\/produit\/diamond-instant-glow\/\"]}]},{\"@type\":\"ImageObject\",\"inLanguage\":\"fr-FR\",\"@id\":\"https:\/\/la-perla.net\/produit\/diamond-instant-glow\/#primaryimage\",\"url\":\"https:\/\/la-perla.net\/wp-content\/uploads\/2020\/11\/diamond-instant-glow.jpg\",\"contentUrl\":\"https:\/\/la-perla.net\/wp-content\/uploads\/2020\/11\/diamond-instant-glow.jpg\",\"width\":1701,\"height\":1417,\"caption\":\"Diamond Instant Glow\"},{\"@type\":\"BreadcrumbList\",\"@id\":\"https:\/\/la-perla.net\/produit\/diamond-instant-glow\/#breadcrumb\",\"itemListElement\":[{\"@type\":\"ListItem\",\"position\":1,\"name\":\"Portada\",\"item\":\"https:\/\/la-perla.net\/fr\/\"},{\"@type\":\"ListItem\",\"position\":2,\"name\":\"Boutique\",\"item\":\"https:\/\/la-perla.net\/fr\/boutique\/\"},{\"@type\":\"ListItem\",\"position\":3,\"name\":\"Diamond Instant Glow\"}]},{\"@type\":\"WebSite\",\"@id\":\"https:\/\/la-perla.net\/#website\",\"url\":\"https:\/\/la-perla.net\/\",\"name\":\"Talasoterapia La Perla \u2022 San Sebasti\u00e1n - Donostia\",\"description\":\"Talasoterapia en Guipuzcoa - Centro de salud, belleza y deporte\",\"publisher\":{\"@id\":\"https:\/\/la-perla.net\/#organization\"},\"potentialAction\":[{\"@type\":\"SearchAction\",\"target\":{\"@type\":\"EntryPoint\",\"urlTemplate\":\"https:\/\/la-perla.net\/?s={search_term_string}\"},\"query-input\":{\"@type\":\"PropertyValueSpecification\",\"valueRequired\":true,\"valueName\":\"search_term_string\"}}],\"inLanguage\":\"fr-FR\"},{\"@type\":\"Organization\",\"@id\":\"https:\/\/la-perla.net\/#organization\",\"name\":\"La Perla\",\"url\":\"https:\/\/la-perla.net\/\",\"logo\":{\"@type\":\"ImageObject\",\"inLanguage\":\"fr-FR\",\"@id\":\"https:\/\/la-perla.net\/#\/schema\/logo\/image\/\",\"url\":\"https:\/\/la-perla.net\/wp-content\/uploads\/2020\/09\/talasoterapia-la-perla.png\",\"contentUrl\":\"https:\/\/la-perla.net\/wp-content\/uploads\/2020\/09\/talasoterapia-la-perla.png\",\"width\":191,\"height\":51,\"caption\":\"La Perla\"},\"image\":{\"@id\":\"https:\/\/la-perla.net\/#\/schema\/logo\/image\/\"},\"sameAs\":[\"https:\/\/www.facebook.com\/laperladonosti\/\",\"https:\/\/x.com\/LaPerlaDonosti\",\"https:\/\/www.instagram.com\/laperladonosti\/?hl=es\",\"https:\/\/www.youtube.com\/channel\/UChQhp12N7Lg6ZrOcmAJAy4g\"]}]}<\/script>\n<!-- \/ Yoast SEO plugin. -->","yoast_head_json":{"title":"Diamond Instant Glow \u2022 La Perla Thalassoth\u00e9rapie","description":"Obtenez un \u00e9clat instantan\u00e9 et radieux avec Diamond Instant Glow, un mini-lifting express en trois phases.","robots":{"index":"index","follow":"follow","max-snippet":"max-snippet:-1","max-image-preview":"max-image-preview:large","max-video-preview":"max-video-preview:-1"},"canonical":"https:\/\/la-perla.net\/produit\/diamond-instant-glow\/","og_locale":"fr_FR","og_type":"article","og_title":"Diamond Instant Glow \u2022 La Perla Thalassoth\u00e9rapie","og_description":"Obtenez un \u00e9clat instantan\u00e9 et radieux avec Diamond Instant Glow, un mini-lifting express en trois phases.","og_url":"https:\/\/la-perla.net\/produit\/diamond-instant-glow\/","og_site_name":"Talasoterapia La Perla \u2022 San Sebasti\u00e1n - Donostia","article_publisher":"https:\/\/www.facebook.com\/laperladonosti\/","article_modified_time":"2025-12-01T22:00:20+00:00","og_image":[{"width":1701,"height":1417,"url":"https:\/\/la-perla.net\/wp-content\/uploads\/2020\/11\/diamond-instant-glow.jpg","type":"image\/jpeg"}],"twitter_card":"summary_large_image","twitter_site":"@LaPerlaDonosti","twitter_misc":{"Dur\u00e9e de lecture estim\u00e9e":"1 minute"},"schema":{"@context":"https:\/\/schema.org","@graph":[{"@type":"WebPage","@id":"https:\/\/la-perla.net\/produit\/diamond-instant-glow\/","url":"https:\/\/la-perla.net\/produit\/diamond-instant-glow\/","name":"Diamond Instant Glow \u2022 La Perla Thalassoth\u00e9rapie","isPartOf":{"@id":"https:\/\/la-perla.net\/#website"},"primaryImageOfPage":{"@id":"https:\/\/la-perla.net\/produit\/diamond-instant-glow\/#primaryimage"},"image":{"@id":"https:\/\/la-perla.net\/produit\/diamond-instant-glow\/#primaryimage"},"thumbnailUrl":"https:\/\/la-perla.net\/wp-content\/uploads\/2020\/11\/diamond-instant-glow.jpg","datePublished":"2021-08-11T08:22:52+00:00","dateModified":"2025-12-01T22:00:20+00:00","description":"Obtenez un \u00e9clat instantan\u00e9 et radieux avec Diamond Instant Glow, un mini-lifting express en trois phases.","breadcrumb":{"@id":"https:\/\/la-perla.net\/produit\/diamond-instant-glow\/#breadcrumb"},"inLanguage":"fr-FR","potentialAction":[{"@type":"ReadAction","target":["https:\/\/la-perla.net\/produit\/diamond-instant-glow\/"]}]},{"@type":"ImageObject","inLanguage":"fr-FR","@id":"https:\/\/la-perla.net\/produit\/diamond-instant-glow\/#primaryimage","url":"https:\/\/la-perla.net\/wp-content\/uploads\/2020\/11\/diamond-instant-glow.jpg","contentUrl":"https:\/\/la-perla.net\/wp-content\/uploads\/2020\/11\/diamond-instant-glow.jpg","width":1701,"height":1417,"caption":"Diamond Instant Glow"},{"@type":"BreadcrumbList","@id":"https:\/\/la-perla.net\/produit\/diamond-instant-glow\/#breadcrumb","itemListElement":[{"@type":"ListItem","position":1,"name":"Portada","item":"https:\/\/la-perla.net\/fr\/"},{"@type":"ListItem","position":2,"name":"Boutique","item":"https:\/\/la-perla.net\/fr\/boutique\/"},{"@type":"ListItem","position":3,"name":"Diamond Instant Glow"}]},{"@type":"WebSite","@id":"https:\/\/la-perla.net\/#website","url":"https:\/\/la-perla.net\/","name":"Talasoterapia La Perla \u2022 San Sebasti\u00e1n - Donostia","description":"Talasoterapia en Guipuzcoa - Centro de salud, belleza y deporte","publisher":{"@id":"https:\/\/la-perla.net\/#organization"},"potentialAction":[{"@type":"SearchAction","target":{"@type":"EntryPoint","urlTemplate":"https:\/\/la-perla.net\/?s={search_term_string}"},"query-input":{"@type":"PropertyValueSpecification","valueRequired":true,"valueName":"search_term_string"}}],"inLanguage":"fr-FR"},{"@type":"Organization","@id":"https:\/\/la-perla.net\/#organization","name":"La Perla","url":"https:\/\/la-perla.net\/","logo":{"@type":"ImageObject","inLanguage":"fr-FR","@id":"https:\/\/la-perla.net\/#\/schema\/logo\/image\/","url":"https:\/\/la-perla.net\/wp-content\/uploads\/2020\/09\/talasoterapia-la-perla.png","contentUrl":"https:\/\/la-perla.net\/wp-content\/uploads\/2020\/09\/talasoterapia-la-perla.png","width":191,"height":51,"caption":"La Perla"},"image":{"@id":"https:\/\/la-perla.net\/#\/schema\/logo\/image\/"},"sameAs":["https:\/\/www.facebook.com\/laperladonosti\/","https:\/\/x.com\/LaPerlaDonosti","https:\/\/www.instagram.com\/laperladonosti\/?hl=es","https:\/\/www.youtube.com\/channel\/UChQhp12N7Lg6ZrOcmAJAy4g"]}]}},"_links":{"self":[{"href":"https:\/\/la-perla.net\/fr\/wp-json\/wp\/v2\/product\/71700"}],"collection":[{"href":"https:\/\/la-perla.net\/fr\/wp-json\/wp\/v2\/product"}],"about":[{"href":"https:\/\/la-perla.net\/fr\/wp-json\/wp\/v2\/types\/product"}],"wp:featuredmedia":[{"embeddable":true,"href":"https:\/\/la-perla.net\/fr\/wp-json\/wp\/v2\/media\/64734"}],"wp:attachment":[{"href":"https:\/\/la-perla.net\/fr\/wp-json\/wp\/v2\/media?parent=71700"}],"wp:term":[{"taxonomy":"product_brand","embeddable":true,"href":"https:\/\/la-perla.net\/fr\/wp-json\/wp\/v2\/product_brand?post=71700"},{"taxonomy":"product_cat","embeddable":true,"href":"https:\/\/la-perla.net\/fr\/wp-json\/wp\/v2\/product_cat?post=71700"},{"taxonomy":"product_tag","embeddable":true,"href":"https:\/\/la-perla.net\/fr\/wp-json\/wp\/v2\/product_tag?post=71700"}],"curies":[{"name":"wp","href":"https:\/\/api.w.org\/{rel}","templated":true}]}}