{"id":71706,"date":"2021-08-11T11:19:32","date_gmt":"2021-08-11T09:19:32","guid":{"rendered":"https:\/\/la-perla.net\/san-sebastian\/cc-vitamin-summer-lotion\/"},"modified":"2025-12-01T23:00:16","modified_gmt":"2025-12-01T22:00:16","slug":"cc-vitamin-summer-lotion","status":"publish","type":"product","link":"https:\/\/la-perla.net\/fr\/produit\/cc-vitamin-summer-lotion\/","title":{"rendered":"C+C Vitamin Summer Lotion"},"content":{"rendered":"<p><strong>C\u00d3MO SE USA<\/strong><\/p>\n<p>Aplica abundantemente despu\u00e9s de la exposici\u00f3n al sol o a condiciones climatol\u00f3gicas adversas. Realiza un suave masaje hasta su total absorci\u00f3n.<\/p>\n<p><strong>TRUCOS DE BELLEZA<\/strong><\/p>\n<ul>\n<li>\u00dasalo siempre despu\u00e9s de estar al aire libre, aunque no sientas tu piel tirante o enrojecida, para prevenir el da\u00f1o causado por la radiaci\u00f3n solar.<\/li>\n<\/ul>\n<ul>\n<li>Gracias a su textura de r\u00e1pida absorci\u00f3n es un producto ideal para llevar a cualquier lugar: playa, gimnasio, pistas de esqu\u00ed\u2026<\/li>\n<\/ul>\n<ul>\n<li>Su textura ligera enamora a cualquiera, incluso a hombres y j\u00f3venes.<\/li>\n<\/ul>\n","protected":false},"excerpt":{"rendered":"<p><strong>C\u00f3ctel de vitaminas perfecto para los amantes de las actividades al aire libre<\/strong><\/p>\n<p>Refrescante y revitalizante loci\u00f3n para rostro y cuerpo que refresca la piel al instante despu\u00e9s de la exposici\u00f3n al sol, el viento o el fr\u00edo. De textura ligera, hidrata intensamente y ayuda a aliviar cualquier incomodidad cut\u00e1nea de inmediato, devolviendo la sensaci\u00f3n de bienestar a la piel. De poderosa acci\u00f3n antioxidante, esta f\u00f3rmula ayuda a prevenir los efectos nocivos del sol y los radicales libres, y protege la piel frente a las agresiones externas. \u00bfOtro beneficio? \u00a1Tambi\u00e9n ayuda a prolongar el bronceado!<\/p>\n<p>200 ml<\/p>\n","protected":false},"featured_media":64746,"template":"","meta":{"_genesis_hide_title":false,"_genesis_hide_breadcrumbs":false,"_genesis_hide_singular_image":false,"_genesis_hide_footer_widgets":false,"_genesis_custom_body_class":"","_genesis_custom_post_class":"","_genesis_layout":""},"product_brand":[],"product_cat":[1073],"product_tag":[],"class_list":{"0":"post-71706","1":"product","2":"type-product","3":"status-publish","4":"has-post-thumbnail","6":"product_cat-natura-bisse-solares-fr","7":"entry","9":"first","10":"instock","11":"purchasable","12":"product-type-simple"},"yoast_head":"<!-- This site is optimized with the Yoast SEO plugin v25.6 - https:\/\/yoast.com\/wordpress\/plugins\/seo\/ -->\n<title>C+C Vitamin Summer Lotion \u2022 La Perla Thalassoth\u00e9rapie<\/title>\n<meta name=\"description\" content=\"Essayez la lotion rafra\u00eechissante et revitalisante pour le visage et le corps de Natura Biss\u00e9. Texture l\u00e9g\u00e8re et hydratation instantan\u00e9e.\" \/>\n<meta name=\"robots\" content=\"index, follow, max-snippet:-1, max-image-preview:large, max-video-preview:-1\" \/>\n<link rel=\"canonical\" href=\"https:\/\/la-perla.net\/produit\/cc-vitamin-summer-lotion\/\" \/>\n<meta property=\"og:locale\" content=\"fr_FR\" \/>\n<meta property=\"og:type\" content=\"article\" \/>\n<meta property=\"og:title\" content=\"C+C Vitamin Summer Lotion \u2022 La Perla Thalassoth\u00e9rapie\" \/>\n<meta property=\"og:description\" content=\"Essayez la lotion rafra\u00eechissante et revitalisante pour le visage et le corps de Natura Biss\u00e9. Texture l\u00e9g\u00e8re et hydratation instantan\u00e9e.\" \/>\n<meta property=\"og:url\" content=\"https:\/\/la-perla.net\/produit\/cc-vitamin-summer-lotion\/\" \/>\n<meta property=\"og:site_name\" content=\"Talasoterapia La Perla \u2022 San Sebasti\u00e1n - Donostia\" \/>\n<meta property=\"article:publisher\" content=\"https:\/\/www.facebook.com\/laperladonosti\/\" \/>\n<meta property=\"article:modified_time\" content=\"2025-12-01T22:00:16+00:00\" \/>\n<meta property=\"og:image\" content=\"https:\/\/la-perla.net\/wp-content\/uploads\/2020\/11\/vitamin-summer-lotion.jpg\" \/>\n\t<meta property=\"og:image:width\" content=\"1701\" \/>\n\t<meta property=\"og:image:height\" content=\"1417\" \/>\n\t<meta property=\"og:image:type\" content=\"image\/jpeg\" \/>\n<meta name=\"twitter:card\" content=\"summary_large_image\" \/>\n<meta name=\"twitter:site\" content=\"@LaPerlaDonosti\" \/>\n<meta name=\"twitter:label1\" content=\"Dur\u00e9e de lecture estim\u00e9e\" \/>\n\t<meta name=\"twitter:data1\" content=\"1 minute\" \/>\n<script type=\"application\/ld+json\" class=\"yoast-schema-graph\">{\"@context\":\"https:\/\/schema.org\",\"@graph\":[{\"@type\":\"WebPage\",\"@id\":\"https:\/\/la-perla.net\/produit\/cc-vitamin-summer-lotion\/\",\"url\":\"https:\/\/la-perla.net\/produit\/cc-vitamin-summer-lotion\/\",\"name\":\"C+C Vitamin Summer Lotion \u2022 La Perla Thalassoth\u00e9rapie\",\"isPartOf\":{\"@id\":\"https:\/\/la-perla.net\/#website\"},\"primaryImageOfPage\":{\"@id\":\"https:\/\/la-perla.net\/produit\/cc-vitamin-summer-lotion\/#primaryimage\"},\"image\":{\"@id\":\"https:\/\/la-perla.net\/produit\/cc-vitamin-summer-lotion\/#primaryimage\"},\"thumbnailUrl\":\"https:\/\/la-perla.net\/wp-content\/uploads\/2020\/11\/vitamin-summer-lotion.jpg\",\"datePublished\":\"2021-08-11T09:19:32+00:00\",\"dateModified\":\"2025-12-01T22:00:16+00:00\",\"description\":\"Essayez la lotion rafra\u00eechissante et revitalisante pour le visage et le corps de Natura Biss\u00e9. Texture l\u00e9g\u00e8re et hydratation instantan\u00e9e.\",\"breadcrumb\":{\"@id\":\"https:\/\/la-perla.net\/produit\/cc-vitamin-summer-lotion\/#breadcrumb\"},\"inLanguage\":\"fr-FR\",\"potentialAction\":[{\"@type\":\"ReadAction\",\"target\":[\"https:\/\/la-perla.net\/produit\/cc-vitamin-summer-lotion\/\"]}]},{\"@type\":\"ImageObject\",\"inLanguage\":\"fr-FR\",\"@id\":\"https:\/\/la-perla.net\/produit\/cc-vitamin-summer-lotion\/#primaryimage\",\"url\":\"https:\/\/la-perla.net\/wp-content\/uploads\/2020\/11\/vitamin-summer-lotion.jpg\",\"contentUrl\":\"https:\/\/la-perla.net\/wp-content\/uploads\/2020\/11\/vitamin-summer-lotion.jpg\",\"width\":1701,\"height\":1417,\"caption\":\"Vitamin Summer Lotion\"},{\"@type\":\"BreadcrumbList\",\"@id\":\"https:\/\/la-perla.net\/produit\/cc-vitamin-summer-lotion\/#breadcrumb\",\"itemListElement\":[{\"@type\":\"ListItem\",\"position\":1,\"name\":\"Portada\",\"item\":\"https:\/\/la-perla.net\/fr\/\"},{\"@type\":\"ListItem\",\"position\":2,\"name\":\"Boutique\",\"item\":\"https:\/\/la-perla.net\/fr\/boutique\/\"},{\"@type\":\"ListItem\",\"position\":3,\"name\":\"C+C Vitamin Summer Lotion\"}]},{\"@type\":\"WebSite\",\"@id\":\"https:\/\/la-perla.net\/#website\",\"url\":\"https:\/\/la-perla.net\/\",\"name\":\"Talasoterapia La Perla \u2022 San Sebasti\u00e1n - Donostia\",\"description\":\"Talasoterapia en Guipuzcoa - Centro de salud, belleza y deporte\",\"publisher\":{\"@id\":\"https:\/\/la-perla.net\/#organization\"},\"potentialAction\":[{\"@type\":\"SearchAction\",\"target\":{\"@type\":\"EntryPoint\",\"urlTemplate\":\"https:\/\/la-perla.net\/?s={search_term_string}\"},\"query-input\":{\"@type\":\"PropertyValueSpecification\",\"valueRequired\":true,\"valueName\":\"search_term_string\"}}],\"inLanguage\":\"fr-FR\"},{\"@type\":\"Organization\",\"@id\":\"https:\/\/la-perla.net\/#organization\",\"name\":\"La Perla\",\"url\":\"https:\/\/la-perla.net\/\",\"logo\":{\"@type\":\"ImageObject\",\"inLanguage\":\"fr-FR\",\"@id\":\"https:\/\/la-perla.net\/#\/schema\/logo\/image\/\",\"url\":\"https:\/\/la-perla.net\/wp-content\/uploads\/2020\/09\/talasoterapia-la-perla.png\",\"contentUrl\":\"https:\/\/la-perla.net\/wp-content\/uploads\/2020\/09\/talasoterapia-la-perla.png\",\"width\":191,\"height\":51,\"caption\":\"La Perla\"},\"image\":{\"@id\":\"https:\/\/la-perla.net\/#\/schema\/logo\/image\/\"},\"sameAs\":[\"https:\/\/www.facebook.com\/laperladonosti\/\",\"https:\/\/x.com\/LaPerlaDonosti\",\"https:\/\/www.instagram.com\/laperladonosti\/?hl=es\",\"https:\/\/www.youtube.com\/channel\/UChQhp12N7Lg6ZrOcmAJAy4g\"]}]}<\/script>\n<!-- \/ Yoast SEO plugin. -->","yoast_head_json":{"title":"C+C Vitamin Summer Lotion \u2022 La Perla Thalassoth\u00e9rapie","description":"Essayez la lotion rafra\u00eechissante et revitalisante pour le visage et le corps de Natura Biss\u00e9. Texture l\u00e9g\u00e8re et hydratation instantan\u00e9e.","robots":{"index":"index","follow":"follow","max-snippet":"max-snippet:-1","max-image-preview":"max-image-preview:large","max-video-preview":"max-video-preview:-1"},"canonical":"https:\/\/la-perla.net\/produit\/cc-vitamin-summer-lotion\/","og_locale":"fr_FR","og_type":"article","og_title":"C+C Vitamin Summer Lotion \u2022 La Perla Thalassoth\u00e9rapie","og_description":"Essayez la lotion rafra\u00eechissante et revitalisante pour le visage et le corps de Natura Biss\u00e9. Texture l\u00e9g\u00e8re et hydratation instantan\u00e9e.","og_url":"https:\/\/la-perla.net\/produit\/cc-vitamin-summer-lotion\/","og_site_name":"Talasoterapia La Perla \u2022 San Sebasti\u00e1n - Donostia","article_publisher":"https:\/\/www.facebook.com\/laperladonosti\/","article_modified_time":"2025-12-01T22:00:16+00:00","og_image":[{"width":1701,"height":1417,"url":"https:\/\/la-perla.net\/wp-content\/uploads\/2020\/11\/vitamin-summer-lotion.jpg","type":"image\/jpeg"}],"twitter_card":"summary_large_image","twitter_site":"@LaPerlaDonosti","twitter_misc":{"Dur\u00e9e de lecture estim\u00e9e":"1 minute"},"schema":{"@context":"https:\/\/schema.org","@graph":[{"@type":"WebPage","@id":"https:\/\/la-perla.net\/produit\/cc-vitamin-summer-lotion\/","url":"https:\/\/la-perla.net\/produit\/cc-vitamin-summer-lotion\/","name":"C+C Vitamin Summer Lotion \u2022 La Perla Thalassoth\u00e9rapie","isPartOf":{"@id":"https:\/\/la-perla.net\/#website"},"primaryImageOfPage":{"@id":"https:\/\/la-perla.net\/produit\/cc-vitamin-summer-lotion\/#primaryimage"},"image":{"@id":"https:\/\/la-perla.net\/produit\/cc-vitamin-summer-lotion\/#primaryimage"},"thumbnailUrl":"https:\/\/la-perla.net\/wp-content\/uploads\/2020\/11\/vitamin-summer-lotion.jpg","datePublished":"2021-08-11T09:19:32+00:00","dateModified":"2025-12-01T22:00:16+00:00","description":"Essayez la lotion rafra\u00eechissante et revitalisante pour le visage et le corps de Natura Biss\u00e9. Texture l\u00e9g\u00e8re et hydratation instantan\u00e9e.","breadcrumb":{"@id":"https:\/\/la-perla.net\/produit\/cc-vitamin-summer-lotion\/#breadcrumb"},"inLanguage":"fr-FR","potentialAction":[{"@type":"ReadAction","target":["https:\/\/la-perla.net\/produit\/cc-vitamin-summer-lotion\/"]}]},{"@type":"ImageObject","inLanguage":"fr-FR","@id":"https:\/\/la-perla.net\/produit\/cc-vitamin-summer-lotion\/#primaryimage","url":"https:\/\/la-perla.net\/wp-content\/uploads\/2020\/11\/vitamin-summer-lotion.jpg","contentUrl":"https:\/\/la-perla.net\/wp-content\/uploads\/2020\/11\/vitamin-summer-lotion.jpg","width":1701,"height":1417,"caption":"Vitamin Summer Lotion"},{"@type":"BreadcrumbList","@id":"https:\/\/la-perla.net\/produit\/cc-vitamin-summer-lotion\/#breadcrumb","itemListElement":[{"@type":"ListItem","position":1,"name":"Portada","item":"https:\/\/la-perla.net\/fr\/"},{"@type":"ListItem","position":2,"name":"Boutique","item":"https:\/\/la-perla.net\/fr\/boutique\/"},{"@type":"ListItem","position":3,"name":"C+C Vitamin Summer Lotion"}]},{"@type":"WebSite","@id":"https:\/\/la-perla.net\/#website","url":"https:\/\/la-perla.net\/","name":"Talasoterapia La Perla \u2022 San Sebasti\u00e1n - Donostia","description":"Talasoterapia en Guipuzcoa - Centro de salud, belleza y deporte","publisher":{"@id":"https:\/\/la-perla.net\/#organization"},"potentialAction":[{"@type":"SearchAction","target":{"@type":"EntryPoint","urlTemplate":"https:\/\/la-perla.net\/?s={search_term_string}"},"query-input":{"@type":"PropertyValueSpecification","valueRequired":true,"valueName":"search_term_string"}}],"inLanguage":"fr-FR"},{"@type":"Organization","@id":"https:\/\/la-perla.net\/#organization","name":"La Perla","url":"https:\/\/la-perla.net\/","logo":{"@type":"ImageObject","inLanguage":"fr-FR","@id":"https:\/\/la-perla.net\/#\/schema\/logo\/image\/","url":"https:\/\/la-perla.net\/wp-content\/uploads\/2020\/09\/talasoterapia-la-perla.png","contentUrl":"https:\/\/la-perla.net\/wp-content\/uploads\/2020\/09\/talasoterapia-la-perla.png","width":191,"height":51,"caption":"La Perla"},"image":{"@id":"https:\/\/la-perla.net\/#\/schema\/logo\/image\/"},"sameAs":["https:\/\/www.facebook.com\/laperladonosti\/","https:\/\/x.com\/LaPerlaDonosti","https:\/\/www.instagram.com\/laperladonosti\/?hl=es","https:\/\/www.youtube.com\/channel\/UChQhp12N7Lg6ZrOcmAJAy4g"]}]}},"_links":{"self":[{"href":"https:\/\/la-perla.net\/fr\/wp-json\/wp\/v2\/product\/71706"}],"collection":[{"href":"https:\/\/la-perla.net\/fr\/wp-json\/wp\/v2\/product"}],"about":[{"href":"https:\/\/la-perla.net\/fr\/wp-json\/wp\/v2\/types\/product"}],"wp:featuredmedia":[{"embeddable":true,"href":"https:\/\/la-perla.net\/fr\/wp-json\/wp\/v2\/media\/64746"}],"wp:attachment":[{"href":"https:\/\/la-perla.net\/fr\/wp-json\/wp\/v2\/media?parent=71706"}],"wp:term":[{"taxonomy":"product_brand","embeddable":true,"href":"https:\/\/la-perla.net\/fr\/wp-json\/wp\/v2\/product_brand?post=71706"},{"taxonomy":"product_cat","embeddable":true,"href":"https:\/\/la-perla.net\/fr\/wp-json\/wp\/v2\/product_cat?post=71706"},{"taxonomy":"product_tag","embeddable":true,"href":"https:\/\/la-perla.net\/fr\/wp-json\/wp\/v2\/product_tag?post=71706"}],"curies":[{"name":"wp","href":"https:\/\/api.w.org\/{rel}","templated":true}]}}