{"id":71713,"date":"2021-08-11T11:19:32","date_gmt":"2021-08-11T09:19:32","guid":{"rendered":"https:\/\/la-perla.net\/san-sebastian\/cc-vitamin-complex\/"},"modified":"2025-12-01T23:00:15","modified_gmt":"2025-12-01T22:00:15","slug":"cc-vitamin-complex","status":"publish","type":"product","link":"https:\/\/la-perla.net\/fr\/produit\/cc-vitamin-complex\/","title":{"rendered":"C+C Vitamin 20% Antiox Solution"},"content":{"rendered":"<p><strong>C\u00d3MO SE USA<\/strong><br \/>\nApl\u00edcalo a diario, ma\u00f1ana y\/o noche, sobre la piel limpia. Realiza un suave masaje sobre rostro, cuello y escote hasta su total absorci\u00f3n.<\/p>\n<p><strong>TRUCOS DE BELLEZA<\/strong><\/p>\n<ul>\n<li>Su efectivo poder antioxidante lo convierte en un excelente tratamiento de choque antes y despu\u00e9s de la exposici\u00f3n solar.<\/li>\n<li>Los d\u00edas en los que tu piel est\u00e9 extremadamente apagada y necesites de un extra de luminosidad, aplica una capa m\u00e1s generosa y d\u00e9jala actuar cinco minutos.<\/li>\n<li>Si eres fumador se convertir\u00e1 en tu mejor aliado para evitar el tono opaco en tu piel.<\/li>\n<\/ul>\n","protected":false},"excerpt":{"rendered":"<p><strong>Tratamiento antioxidante para tu piel con propiedades antiedad <\/strong><\/p>\n<p><strong>C+C Vitamin 20% Antiox Solution de Natura Biss\u00e9<\/strong>\u00a0es un serum concentrado reafirmante con vitamina C.\u00a0<em><strong>\u00a1NOVEDAD!<\/strong><\/em>\u00a0Suero de \u00faltima generaci\u00f3n con vitamina C pura, ultra concentrada y reforzada. Este tratamiento impulsa la firmeza y la luminosidad de la piel. Formulado con una textura especialmente ligera.<\/p>\n<ul>\n<li>Gotero de 30ml.<\/li>\n<li>Serum concentrado.<\/li>\n<li>Contiene vitamina C 12%.<\/li>\n<li>F\u00f3rmula antioxidante.<\/li>\n<li>Acci\u00f3n rejuvenecedora.<\/li>\n<li>Piel m\u00e1s tersa e hidratada.<\/li>\n<\/ul>\n","protected":false},"featured_media":91749,"template":"","meta":{"_genesis_hide_title":false,"_genesis_hide_breadcrumbs":false,"_genesis_hide_singular_image":false,"_genesis_hide_footer_widgets":false,"_genesis_custom_body_class":"","_genesis_custom_post_class":"","_genesis_layout":""},"product_brand":[],"product_cat":[1065],"product_tag":[],"class_list":{"0":"post-71713","1":"product","2":"type-product","3":"status-publish","4":"has-post-thumbnail","6":"product_cat-natura-bisse-serums-fr","7":"entry","9":"first","10":"instock","11":"purchasable","12":"product-type-simple"},"yoast_head":"<!-- This site is optimized with the Yoast SEO plugin v25.6 - https:\/\/yoast.com\/wordpress\/plugins\/seo\/ -->\n<title>C+C Vitamin 20% Antiox Solution \u2022 La Perla Thalassoth\u00e9rapie<\/title>\n<meta name=\"description\" content=\"D\u00e9couvrez le pouvoir du s\u00e9rum vitamin\u00e9 avec CC Vitamin Complex, une formule innovante qui nourrit, prot\u00e8ge et revitalise votre peau.\" \/>\n<meta name=\"robots\" content=\"index, follow, max-snippet:-1, max-image-preview:large, max-video-preview:-1\" \/>\n<link rel=\"canonical\" href=\"https:\/\/la-perla.net\/produit\/cc-vitamin-complex\/\" \/>\n<meta property=\"og:locale\" content=\"fr_FR\" \/>\n<meta property=\"og:type\" content=\"article\" \/>\n<meta property=\"og:title\" content=\"C+C Vitamin 20% Antiox Solution \u2022 La Perla Thalassoth\u00e9rapie\" \/>\n<meta property=\"og:description\" content=\"D\u00e9couvrez le pouvoir du s\u00e9rum vitamin\u00e9 avec CC Vitamin Complex, une formule innovante qui nourrit, prot\u00e8ge et revitalise votre peau.\" \/>\n<meta property=\"og:url\" content=\"https:\/\/la-perla.net\/produit\/cc-vitamin-complex\/\" \/>\n<meta property=\"og:site_name\" content=\"Talasoterapia La Perla \u2022 San Sebasti\u00e1n - Donostia\" \/>\n<meta property=\"article:publisher\" content=\"https:\/\/www.facebook.com\/laperladonosti\/\" \/>\n<meta property=\"article:modified_time\" content=\"2025-12-01T22:00:15+00:00\" \/>\n<meta property=\"og:image\" content=\"https:\/\/la-perla.net\/wp-content\/uploads\/2021\/08\/antiox.png\" \/>\n\t<meta property=\"og:image:width\" content=\"700\" \/>\n\t<meta property=\"og:image:height\" content=\"771\" \/>\n\t<meta property=\"og:image:type\" content=\"image\/png\" \/>\n<meta name=\"twitter:card\" content=\"summary_large_image\" \/>\n<meta name=\"twitter:site\" content=\"@LaPerlaDonosti\" \/>\n<meta name=\"twitter:label1\" content=\"Dur\u00e9e de lecture estim\u00e9e\" \/>\n\t<meta name=\"twitter:data1\" content=\"1 minute\" \/>\n<script type=\"application\/ld+json\" class=\"yoast-schema-graph\">{\"@context\":\"https:\/\/schema.org\",\"@graph\":[{\"@type\":\"WebPage\",\"@id\":\"https:\/\/la-perla.net\/produit\/cc-vitamin-complex\/\",\"url\":\"https:\/\/la-perla.net\/produit\/cc-vitamin-complex\/\",\"name\":\"C+C Vitamin 20% Antiox Solution \u2022 La Perla Thalassoth\u00e9rapie\",\"isPartOf\":{\"@id\":\"https:\/\/la-perla.net\/#website\"},\"primaryImageOfPage\":{\"@id\":\"https:\/\/la-perla.net\/produit\/cc-vitamin-complex\/#primaryimage\"},\"image\":{\"@id\":\"https:\/\/la-perla.net\/produit\/cc-vitamin-complex\/#primaryimage\"},\"thumbnailUrl\":\"https:\/\/la-perla.net\/wp-content\/uploads\/2021\/08\/antiox.png\",\"datePublished\":\"2021-08-11T09:19:32+00:00\",\"dateModified\":\"2025-12-01T22:00:15+00:00\",\"description\":\"D\u00e9couvrez le pouvoir du s\u00e9rum vitamin\u00e9 avec CC Vitamin Complex, une formule innovante qui nourrit, prot\u00e8ge et revitalise votre peau.\",\"breadcrumb\":{\"@id\":\"https:\/\/la-perla.net\/produit\/cc-vitamin-complex\/#breadcrumb\"},\"inLanguage\":\"fr-FR\",\"potentialAction\":[{\"@type\":\"ReadAction\",\"target\":[\"https:\/\/la-perla.net\/produit\/cc-vitamin-complex\/\"]}]},{\"@type\":\"ImageObject\",\"inLanguage\":\"fr-FR\",\"@id\":\"https:\/\/la-perla.net\/produit\/cc-vitamin-complex\/#primaryimage\",\"url\":\"https:\/\/la-perla.net\/wp-content\/uploads\/2021\/08\/antiox.png\",\"contentUrl\":\"https:\/\/la-perla.net\/wp-content\/uploads\/2021\/08\/antiox.png\",\"width\":700,\"height\":771,\"caption\":\"C+C Vitamin\"},{\"@type\":\"BreadcrumbList\",\"@id\":\"https:\/\/la-perla.net\/produit\/cc-vitamin-complex\/#breadcrumb\",\"itemListElement\":[{\"@type\":\"ListItem\",\"position\":1,\"name\":\"Portada\",\"item\":\"https:\/\/la-perla.net\/fr\/\"},{\"@type\":\"ListItem\",\"position\":2,\"name\":\"Boutique\",\"item\":\"https:\/\/la-perla.net\/fr\/boutique\/\"},{\"@type\":\"ListItem\",\"position\":3,\"name\":\"C+C Vitamin 20% Antiox Solution\"}]},{\"@type\":\"WebSite\",\"@id\":\"https:\/\/la-perla.net\/#website\",\"url\":\"https:\/\/la-perla.net\/\",\"name\":\"Talasoterapia La Perla \u2022 San Sebasti\u00e1n - Donostia\",\"description\":\"Talasoterapia en Guipuzcoa - Centro de salud, belleza y deporte\",\"publisher\":{\"@id\":\"https:\/\/la-perla.net\/#organization\"},\"potentialAction\":[{\"@type\":\"SearchAction\",\"target\":{\"@type\":\"EntryPoint\",\"urlTemplate\":\"https:\/\/la-perla.net\/?s={search_term_string}\"},\"query-input\":{\"@type\":\"PropertyValueSpecification\",\"valueRequired\":true,\"valueName\":\"search_term_string\"}}],\"inLanguage\":\"fr-FR\"},{\"@type\":\"Organization\",\"@id\":\"https:\/\/la-perla.net\/#organization\",\"name\":\"La Perla\",\"url\":\"https:\/\/la-perla.net\/\",\"logo\":{\"@type\":\"ImageObject\",\"inLanguage\":\"fr-FR\",\"@id\":\"https:\/\/la-perla.net\/#\/schema\/logo\/image\/\",\"url\":\"https:\/\/la-perla.net\/wp-content\/uploads\/2020\/09\/talasoterapia-la-perla.png\",\"contentUrl\":\"https:\/\/la-perla.net\/wp-content\/uploads\/2020\/09\/talasoterapia-la-perla.png\",\"width\":191,\"height\":51,\"caption\":\"La Perla\"},\"image\":{\"@id\":\"https:\/\/la-perla.net\/#\/schema\/logo\/image\/\"},\"sameAs\":[\"https:\/\/www.facebook.com\/laperladonosti\/\",\"https:\/\/x.com\/LaPerlaDonosti\",\"https:\/\/www.instagram.com\/laperladonosti\/?hl=es\",\"https:\/\/www.youtube.com\/channel\/UChQhp12N7Lg6ZrOcmAJAy4g\"]}]}<\/script>\n<!-- \/ Yoast SEO plugin. -->","yoast_head_json":{"title":"C+C Vitamin 20% Antiox Solution \u2022 La Perla Thalassoth\u00e9rapie","description":"D\u00e9couvrez le pouvoir du s\u00e9rum vitamin\u00e9 avec CC Vitamin Complex, une formule innovante qui nourrit, prot\u00e8ge et revitalise votre peau.","robots":{"index":"index","follow":"follow","max-snippet":"max-snippet:-1","max-image-preview":"max-image-preview:large","max-video-preview":"max-video-preview:-1"},"canonical":"https:\/\/la-perla.net\/produit\/cc-vitamin-complex\/","og_locale":"fr_FR","og_type":"article","og_title":"C+C Vitamin 20% Antiox Solution \u2022 La Perla Thalassoth\u00e9rapie","og_description":"D\u00e9couvrez le pouvoir du s\u00e9rum vitamin\u00e9 avec CC Vitamin Complex, une formule innovante qui nourrit, prot\u00e8ge et revitalise votre peau.","og_url":"https:\/\/la-perla.net\/produit\/cc-vitamin-complex\/","og_site_name":"Talasoterapia La Perla \u2022 San Sebasti\u00e1n - Donostia","article_publisher":"https:\/\/www.facebook.com\/laperladonosti\/","article_modified_time":"2025-12-01T22:00:15+00:00","og_image":[{"width":700,"height":771,"url":"https:\/\/la-perla.net\/wp-content\/uploads\/2021\/08\/antiox.png","type":"image\/png"}],"twitter_card":"summary_large_image","twitter_site":"@LaPerlaDonosti","twitter_misc":{"Dur\u00e9e de lecture estim\u00e9e":"1 minute"},"schema":{"@context":"https:\/\/schema.org","@graph":[{"@type":"WebPage","@id":"https:\/\/la-perla.net\/produit\/cc-vitamin-complex\/","url":"https:\/\/la-perla.net\/produit\/cc-vitamin-complex\/","name":"C+C Vitamin 20% Antiox Solution \u2022 La Perla Thalassoth\u00e9rapie","isPartOf":{"@id":"https:\/\/la-perla.net\/#website"},"primaryImageOfPage":{"@id":"https:\/\/la-perla.net\/produit\/cc-vitamin-complex\/#primaryimage"},"image":{"@id":"https:\/\/la-perla.net\/produit\/cc-vitamin-complex\/#primaryimage"},"thumbnailUrl":"https:\/\/la-perla.net\/wp-content\/uploads\/2021\/08\/antiox.png","datePublished":"2021-08-11T09:19:32+00:00","dateModified":"2025-12-01T22:00:15+00:00","description":"D\u00e9couvrez le pouvoir du s\u00e9rum vitamin\u00e9 avec CC Vitamin Complex, une formule innovante qui nourrit, prot\u00e8ge et revitalise votre peau.","breadcrumb":{"@id":"https:\/\/la-perla.net\/produit\/cc-vitamin-complex\/#breadcrumb"},"inLanguage":"fr-FR","potentialAction":[{"@type":"ReadAction","target":["https:\/\/la-perla.net\/produit\/cc-vitamin-complex\/"]}]},{"@type":"ImageObject","inLanguage":"fr-FR","@id":"https:\/\/la-perla.net\/produit\/cc-vitamin-complex\/#primaryimage","url":"https:\/\/la-perla.net\/wp-content\/uploads\/2021\/08\/antiox.png","contentUrl":"https:\/\/la-perla.net\/wp-content\/uploads\/2021\/08\/antiox.png","width":700,"height":771,"caption":"C+C Vitamin"},{"@type":"BreadcrumbList","@id":"https:\/\/la-perla.net\/produit\/cc-vitamin-complex\/#breadcrumb","itemListElement":[{"@type":"ListItem","position":1,"name":"Portada","item":"https:\/\/la-perla.net\/fr\/"},{"@type":"ListItem","position":2,"name":"Boutique","item":"https:\/\/la-perla.net\/fr\/boutique\/"},{"@type":"ListItem","position":3,"name":"C+C Vitamin 20% Antiox Solution"}]},{"@type":"WebSite","@id":"https:\/\/la-perla.net\/#website","url":"https:\/\/la-perla.net\/","name":"Talasoterapia La Perla \u2022 San Sebasti\u00e1n - Donostia","description":"Talasoterapia en Guipuzcoa - Centro de salud, belleza y deporte","publisher":{"@id":"https:\/\/la-perla.net\/#organization"},"potentialAction":[{"@type":"SearchAction","target":{"@type":"EntryPoint","urlTemplate":"https:\/\/la-perla.net\/?s={search_term_string}"},"query-input":{"@type":"PropertyValueSpecification","valueRequired":true,"valueName":"search_term_string"}}],"inLanguage":"fr-FR"},{"@type":"Organization","@id":"https:\/\/la-perla.net\/#organization","name":"La Perla","url":"https:\/\/la-perla.net\/","logo":{"@type":"ImageObject","inLanguage":"fr-FR","@id":"https:\/\/la-perla.net\/#\/schema\/logo\/image\/","url":"https:\/\/la-perla.net\/wp-content\/uploads\/2020\/09\/talasoterapia-la-perla.png","contentUrl":"https:\/\/la-perla.net\/wp-content\/uploads\/2020\/09\/talasoterapia-la-perla.png","width":191,"height":51,"caption":"La Perla"},"image":{"@id":"https:\/\/la-perla.net\/#\/schema\/logo\/image\/"},"sameAs":["https:\/\/www.facebook.com\/laperladonosti\/","https:\/\/x.com\/LaPerlaDonosti","https:\/\/www.instagram.com\/laperladonosti\/?hl=es","https:\/\/www.youtube.com\/channel\/UChQhp12N7Lg6ZrOcmAJAy4g"]}]}},"_links":{"self":[{"href":"https:\/\/la-perla.net\/fr\/wp-json\/wp\/v2\/product\/71713"}],"collection":[{"href":"https:\/\/la-perla.net\/fr\/wp-json\/wp\/v2\/product"}],"about":[{"href":"https:\/\/la-perla.net\/fr\/wp-json\/wp\/v2\/types\/product"}],"wp:featuredmedia":[{"embeddable":true,"href":"https:\/\/la-perla.net\/fr\/wp-json\/wp\/v2\/media\/91749"}],"wp:attachment":[{"href":"https:\/\/la-perla.net\/fr\/wp-json\/wp\/v2\/media?parent=71713"}],"wp:term":[{"taxonomy":"product_brand","embeddable":true,"href":"https:\/\/la-perla.net\/fr\/wp-json\/wp\/v2\/product_brand?post=71713"},{"taxonomy":"product_cat","embeddable":true,"href":"https:\/\/la-perla.net\/fr\/wp-json\/wp\/v2\/product_cat?post=71713"},{"taxonomy":"product_tag","embeddable":true,"href":"https:\/\/la-perla.net\/fr\/wp-json\/wp\/v2\/product_tag?post=71713"}],"curies":[{"name":"wp","href":"https:\/\/api.w.org\/{rel}","templated":true}]}}