{"id":71716,"date":"2021-08-11T11:19:32","date_gmt":"2021-08-11T09:19:32","guid":{"rendered":"https:\/\/la-perla.net\/san-sebastian\/cc-vitamin-scrub\/"},"modified":"2025-12-01T23:00:15","modified_gmt":"2025-12-01T22:00:15","slug":"cc-vitamin-scrub","status":"publish","type":"product","link":"https:\/\/la-perla.net\/fr\/produit\/cc-vitamin-scrub\/","title":{"rendered":"C+C Vitamin Scrub"},"content":{"rendered":"<p><strong>C\u00d3MO SE USA<\/strong><br \/>\nAplica una capa homog\u00e9nea sobre la piel limpia, una o dos veces por semana. Realiza suaves movimientos circulares con las yemas de los dedos o con un cepillo facial\/corporal. Ret\u00edralo con agua.<\/p>\n<p><strong>TRUCOS DE BELLEZA<\/strong><\/p>\n<ul>\n<li>Si quieres lucir una piel luminosa y suave en un evento especial, exf\u00f3liala con C+C VITAMIN SCRUB y a continuaci\u00f3n aplica C+C VITAMIN COMPLEX. Te sorprender\u00e1s y se sorprender\u00e1n.<\/li>\n<li>Si utilizas C+C VITAMIN SCRUB una vez por semana de forma regular en tus pies y talones evitar\u00e1s que se resequen.<\/li>\n<\/ul>\n","protected":false},"excerpt":{"rendered":"<p><strong>Ayuda a renovar tu piel con este eficaz pero suave exfoliante<\/strong><\/p>\n<p>Convierte la exfoliaci\u00f3n de rostro y cuerpo en un aut\u00e9ntico ritual de renovaci\u00f3n con esta f\u00f3rmula de aroma c\u00edtrico. Su textura microgranulada ayuda a renovar la superficie de la epidermis, proporcionando luminosidad al instante y revelando una piel aterciopelada. Con vitamina C, semillas de rosa mosqueta, y alfa-hidroxi\u00e1cidos, este exfoliante elimina las impurezas y minimiza la apariencia de los poros, a la vez que hidrata y protege la barrera cut\u00e1nea.<\/p>\n<p>100 ml<\/p>\n","protected":false},"featured_media":64772,"template":"","meta":{"_genesis_hide_title":false,"_genesis_hide_breadcrumbs":false,"_genesis_hide_singular_image":false,"_genesis_hide_footer_widgets":false,"_genesis_custom_body_class":"","_genesis_custom_post_class":"","_genesis_layout":""},"product_brand":[],"product_cat":[1075],"product_tag":[],"class_list":{"0":"post-71716","1":"product","2":"type-product","3":"status-publish","4":"has-post-thumbnail","6":"product_cat-natura-bisse-exfoliante-fr","7":"entry","9":"first","10":"instock","11":"purchasable","12":"product-type-simple"},"yoast_head":"<!-- This site is optimized with the Yoast SEO plugin v25.6 - https:\/\/yoast.com\/wordpress\/plugins\/seo\/ -->\n<title>C+C Vitamin Scrub \u2022 La Perla Thalassoth\u00e9rapie \u2022 Saint S\u00e9bastien<\/title>\n<meta name=\"description\" content=\"Renouvelez votre peau avec le gommage CC Vitamin Scrub. D\u00e9couvrez une formule enrichie en vitamines qui \u00e9limine les impuret\u00e9s en douceur.\" \/>\n<meta name=\"robots\" content=\"index, follow, max-snippet:-1, max-image-preview:large, max-video-preview:-1\" \/>\n<link rel=\"canonical\" href=\"https:\/\/la-perla.net\/produit\/cc-vitamin-scrub\/\" \/>\n<meta property=\"og:locale\" content=\"fr_FR\" \/>\n<meta property=\"og:type\" content=\"article\" \/>\n<meta property=\"og:title\" content=\"C+C Vitamin Scrub \u2022 La Perla Thalassoth\u00e9rapie \u2022 Saint S\u00e9bastien\" \/>\n<meta property=\"og:description\" content=\"Renouvelez votre peau avec le gommage CC Vitamin Scrub. D\u00e9couvrez une formule enrichie en vitamines qui \u00e9limine les impuret\u00e9s en douceur.\" \/>\n<meta property=\"og:url\" content=\"https:\/\/la-perla.net\/produit\/cc-vitamin-scrub\/\" \/>\n<meta property=\"og:site_name\" content=\"Talasoterapia La Perla \u2022 San Sebasti\u00e1n - Donostia\" \/>\n<meta property=\"article:publisher\" content=\"https:\/\/www.facebook.com\/laperladonosti\/\" \/>\n<meta property=\"article:modified_time\" content=\"2025-12-01T22:00:15+00:00\" \/>\n<meta property=\"og:image\" content=\"https:\/\/la-perla.net\/wp-content\/uploads\/2020\/11\/vitamin-scrub.jpg\" \/>\n\t<meta property=\"og:image:width\" content=\"1701\" \/>\n\t<meta property=\"og:image:height\" content=\"1417\" \/>\n\t<meta property=\"og:image:type\" content=\"image\/jpeg\" \/>\n<meta name=\"twitter:card\" content=\"summary_large_image\" \/>\n<meta name=\"twitter:site\" content=\"@LaPerlaDonosti\" \/>\n<meta name=\"twitter:label1\" content=\"Dur\u00e9e de lecture estim\u00e9e\" \/>\n\t<meta name=\"twitter:data1\" content=\"1 minute\" \/>\n<script type=\"application\/ld+json\" class=\"yoast-schema-graph\">{\"@context\":\"https:\/\/schema.org\",\"@graph\":[{\"@type\":\"WebPage\",\"@id\":\"https:\/\/la-perla.net\/produit\/cc-vitamin-scrub\/\",\"url\":\"https:\/\/la-perla.net\/produit\/cc-vitamin-scrub\/\",\"name\":\"C+C Vitamin Scrub \u2022 La Perla Thalassoth\u00e9rapie \u2022 Saint S\u00e9bastien\",\"isPartOf\":{\"@id\":\"https:\/\/la-perla.net\/#website\"},\"primaryImageOfPage\":{\"@id\":\"https:\/\/la-perla.net\/produit\/cc-vitamin-scrub\/#primaryimage\"},\"image\":{\"@id\":\"https:\/\/la-perla.net\/produit\/cc-vitamin-scrub\/#primaryimage\"},\"thumbnailUrl\":\"https:\/\/la-perla.net\/wp-content\/uploads\/2020\/11\/vitamin-scrub.jpg\",\"datePublished\":\"2021-08-11T09:19:32+00:00\",\"dateModified\":\"2025-12-01T22:00:15+00:00\",\"description\":\"Renouvelez votre peau avec le gommage CC Vitamin Scrub. D\u00e9couvrez une formule enrichie en vitamines qui \u00e9limine les impuret\u00e9s en douceur.\",\"breadcrumb\":{\"@id\":\"https:\/\/la-perla.net\/produit\/cc-vitamin-scrub\/#breadcrumb\"},\"inLanguage\":\"fr-FR\",\"potentialAction\":[{\"@type\":\"ReadAction\",\"target\":[\"https:\/\/la-perla.net\/produit\/cc-vitamin-scrub\/\"]}]},{\"@type\":\"ImageObject\",\"inLanguage\":\"fr-FR\",\"@id\":\"https:\/\/la-perla.net\/produit\/cc-vitamin-scrub\/#primaryimage\",\"url\":\"https:\/\/la-perla.net\/wp-content\/uploads\/2020\/11\/vitamin-scrub.jpg\",\"contentUrl\":\"https:\/\/la-perla.net\/wp-content\/uploads\/2020\/11\/vitamin-scrub.jpg\",\"width\":1701,\"height\":1417,\"caption\":\"C+C Vitamin Scrub\"},{\"@type\":\"BreadcrumbList\",\"@id\":\"https:\/\/la-perla.net\/produit\/cc-vitamin-scrub\/#breadcrumb\",\"itemListElement\":[{\"@type\":\"ListItem\",\"position\":1,\"name\":\"Portada\",\"item\":\"https:\/\/la-perla.net\/fr\/\"},{\"@type\":\"ListItem\",\"position\":2,\"name\":\"Boutique\",\"item\":\"https:\/\/la-perla.net\/fr\/boutique\/\"},{\"@type\":\"ListItem\",\"position\":3,\"name\":\"C+C Vitamin Scrub\"}]},{\"@type\":\"WebSite\",\"@id\":\"https:\/\/la-perla.net\/#website\",\"url\":\"https:\/\/la-perla.net\/\",\"name\":\"Talasoterapia La Perla \u2022 San Sebasti\u00e1n - Donostia\",\"description\":\"Talasoterapia en Guipuzcoa - Centro de salud, belleza y deporte\",\"publisher\":{\"@id\":\"https:\/\/la-perla.net\/#organization\"},\"potentialAction\":[{\"@type\":\"SearchAction\",\"target\":{\"@type\":\"EntryPoint\",\"urlTemplate\":\"https:\/\/la-perla.net\/?s={search_term_string}\"},\"query-input\":{\"@type\":\"PropertyValueSpecification\",\"valueRequired\":true,\"valueName\":\"search_term_string\"}}],\"inLanguage\":\"fr-FR\"},{\"@type\":\"Organization\",\"@id\":\"https:\/\/la-perla.net\/#organization\",\"name\":\"La Perla\",\"url\":\"https:\/\/la-perla.net\/\",\"logo\":{\"@type\":\"ImageObject\",\"inLanguage\":\"fr-FR\",\"@id\":\"https:\/\/la-perla.net\/#\/schema\/logo\/image\/\",\"url\":\"https:\/\/la-perla.net\/wp-content\/uploads\/2020\/09\/talasoterapia-la-perla.png\",\"contentUrl\":\"https:\/\/la-perla.net\/wp-content\/uploads\/2020\/09\/talasoterapia-la-perla.png\",\"width\":191,\"height\":51,\"caption\":\"La Perla\"},\"image\":{\"@id\":\"https:\/\/la-perla.net\/#\/schema\/logo\/image\/\"},\"sameAs\":[\"https:\/\/www.facebook.com\/laperladonosti\/\",\"https:\/\/x.com\/LaPerlaDonosti\",\"https:\/\/www.instagram.com\/laperladonosti\/?hl=es\",\"https:\/\/www.youtube.com\/channel\/UChQhp12N7Lg6ZrOcmAJAy4g\"]}]}<\/script>\n<!-- \/ Yoast SEO plugin. -->","yoast_head_json":{"title":"C+C Vitamin Scrub \u2022 La Perla Thalassoth\u00e9rapie \u2022 Saint S\u00e9bastien","description":"Renouvelez votre peau avec le gommage CC Vitamin Scrub. D\u00e9couvrez une formule enrichie en vitamines qui \u00e9limine les impuret\u00e9s en douceur.","robots":{"index":"index","follow":"follow","max-snippet":"max-snippet:-1","max-image-preview":"max-image-preview:large","max-video-preview":"max-video-preview:-1"},"canonical":"https:\/\/la-perla.net\/produit\/cc-vitamin-scrub\/","og_locale":"fr_FR","og_type":"article","og_title":"C+C Vitamin Scrub \u2022 La Perla Thalassoth\u00e9rapie \u2022 Saint S\u00e9bastien","og_description":"Renouvelez votre peau avec le gommage CC Vitamin Scrub. D\u00e9couvrez une formule enrichie en vitamines qui \u00e9limine les impuret\u00e9s en douceur.","og_url":"https:\/\/la-perla.net\/produit\/cc-vitamin-scrub\/","og_site_name":"Talasoterapia La Perla \u2022 San Sebasti\u00e1n - Donostia","article_publisher":"https:\/\/www.facebook.com\/laperladonosti\/","article_modified_time":"2025-12-01T22:00:15+00:00","og_image":[{"width":1701,"height":1417,"url":"https:\/\/la-perla.net\/wp-content\/uploads\/2020\/11\/vitamin-scrub.jpg","type":"image\/jpeg"}],"twitter_card":"summary_large_image","twitter_site":"@LaPerlaDonosti","twitter_misc":{"Dur\u00e9e de lecture estim\u00e9e":"1 minute"},"schema":{"@context":"https:\/\/schema.org","@graph":[{"@type":"WebPage","@id":"https:\/\/la-perla.net\/produit\/cc-vitamin-scrub\/","url":"https:\/\/la-perla.net\/produit\/cc-vitamin-scrub\/","name":"C+C Vitamin Scrub \u2022 La Perla Thalassoth\u00e9rapie \u2022 Saint S\u00e9bastien","isPartOf":{"@id":"https:\/\/la-perla.net\/#website"},"primaryImageOfPage":{"@id":"https:\/\/la-perla.net\/produit\/cc-vitamin-scrub\/#primaryimage"},"image":{"@id":"https:\/\/la-perla.net\/produit\/cc-vitamin-scrub\/#primaryimage"},"thumbnailUrl":"https:\/\/la-perla.net\/wp-content\/uploads\/2020\/11\/vitamin-scrub.jpg","datePublished":"2021-08-11T09:19:32+00:00","dateModified":"2025-12-01T22:00:15+00:00","description":"Renouvelez votre peau avec le gommage CC Vitamin Scrub. D\u00e9couvrez une formule enrichie en vitamines qui \u00e9limine les impuret\u00e9s en douceur.","breadcrumb":{"@id":"https:\/\/la-perla.net\/produit\/cc-vitamin-scrub\/#breadcrumb"},"inLanguage":"fr-FR","potentialAction":[{"@type":"ReadAction","target":["https:\/\/la-perla.net\/produit\/cc-vitamin-scrub\/"]}]},{"@type":"ImageObject","inLanguage":"fr-FR","@id":"https:\/\/la-perla.net\/produit\/cc-vitamin-scrub\/#primaryimage","url":"https:\/\/la-perla.net\/wp-content\/uploads\/2020\/11\/vitamin-scrub.jpg","contentUrl":"https:\/\/la-perla.net\/wp-content\/uploads\/2020\/11\/vitamin-scrub.jpg","width":1701,"height":1417,"caption":"C+C Vitamin Scrub"},{"@type":"BreadcrumbList","@id":"https:\/\/la-perla.net\/produit\/cc-vitamin-scrub\/#breadcrumb","itemListElement":[{"@type":"ListItem","position":1,"name":"Portada","item":"https:\/\/la-perla.net\/fr\/"},{"@type":"ListItem","position":2,"name":"Boutique","item":"https:\/\/la-perla.net\/fr\/boutique\/"},{"@type":"ListItem","position":3,"name":"C+C Vitamin Scrub"}]},{"@type":"WebSite","@id":"https:\/\/la-perla.net\/#website","url":"https:\/\/la-perla.net\/","name":"Talasoterapia La Perla \u2022 San Sebasti\u00e1n - Donostia","description":"Talasoterapia en Guipuzcoa - Centro de salud, belleza y deporte","publisher":{"@id":"https:\/\/la-perla.net\/#organization"},"potentialAction":[{"@type":"SearchAction","target":{"@type":"EntryPoint","urlTemplate":"https:\/\/la-perla.net\/?s={search_term_string}"},"query-input":{"@type":"PropertyValueSpecification","valueRequired":true,"valueName":"search_term_string"}}],"inLanguage":"fr-FR"},{"@type":"Organization","@id":"https:\/\/la-perla.net\/#organization","name":"La Perla","url":"https:\/\/la-perla.net\/","logo":{"@type":"ImageObject","inLanguage":"fr-FR","@id":"https:\/\/la-perla.net\/#\/schema\/logo\/image\/","url":"https:\/\/la-perla.net\/wp-content\/uploads\/2020\/09\/talasoterapia-la-perla.png","contentUrl":"https:\/\/la-perla.net\/wp-content\/uploads\/2020\/09\/talasoterapia-la-perla.png","width":191,"height":51,"caption":"La Perla"},"image":{"@id":"https:\/\/la-perla.net\/#\/schema\/logo\/image\/"},"sameAs":["https:\/\/www.facebook.com\/laperladonosti\/","https:\/\/x.com\/LaPerlaDonosti","https:\/\/www.instagram.com\/laperladonosti\/?hl=es","https:\/\/www.youtube.com\/channel\/UChQhp12N7Lg6ZrOcmAJAy4g"]}]}},"_links":{"self":[{"href":"https:\/\/la-perla.net\/fr\/wp-json\/wp\/v2\/product\/71716"}],"collection":[{"href":"https:\/\/la-perla.net\/fr\/wp-json\/wp\/v2\/product"}],"about":[{"href":"https:\/\/la-perla.net\/fr\/wp-json\/wp\/v2\/types\/product"}],"wp:featuredmedia":[{"embeddable":true,"href":"https:\/\/la-perla.net\/fr\/wp-json\/wp\/v2\/media\/64772"}],"wp:attachment":[{"href":"https:\/\/la-perla.net\/fr\/wp-json\/wp\/v2\/media?parent=71716"}],"wp:term":[{"taxonomy":"product_brand","embeddable":true,"href":"https:\/\/la-perla.net\/fr\/wp-json\/wp\/v2\/product_brand?post=71716"},{"taxonomy":"product_cat","embeddable":true,"href":"https:\/\/la-perla.net\/fr\/wp-json\/wp\/v2\/product_cat?post=71716"},{"taxonomy":"product_tag","embeddable":true,"href":"https:\/\/la-perla.net\/fr\/wp-json\/wp\/v2\/product_tag?post=71716"}],"curies":[{"name":"wp","href":"https:\/\/api.w.org\/{rel}","templated":true}]}}