{"id":71732,"date":"2020-10-29T16:31:12","date_gmt":"2020-10-29T15:31:12","guid":{"rendered":"https:\/\/la-perla.net\/san-sebastian\/plan-desayuno-talaso\/"},"modified":"2025-04-15T09:52:01","modified_gmt":"2025-04-15T07:52:01","slug":"programme-petit-dejeuner-thalasso","status":"publish","type":"product","link":"https:\/\/la-perla.net\/fr\/produit\/programme-petit-dejeuner-thalasso\/","title":{"rendered":"Thalasso + Petit D\u00e9jeuner"},"content":{"rendered":"<p style=\"text-align: left; padding-left: 80px;\">&#8211; Circuit de Thalassoth\u00e9rapie 2h.<br \/>\n&#8211; Petit D\u00e9jeuner Gourmet : Caf\u00e9 ou infusion + tartines ou viennoiseries + jus d\u2019orange naturel<\/p>\n<p style=\"text-align: left;\">Du lundi au vendredi, hors jours f\u00e9ri\u00e9s<br \/>\n\u00c0 consommer dans l\u2019ordre de votre choix.<\/p>\n","protected":false},"excerpt":{"rendered":"<p style=\"text-align: left;\">Circuit de Thalassoth\u00e9rapie + Petit D\u00e9jeuner Gourmet<\/p>\n<p style=\"text-align: left;\">\n","protected":false},"featured_media":96409,"template":"","meta":{"_genesis_hide_title":false,"_genesis_hide_breadcrumbs":false,"_genesis_hide_singular_image":false,"_genesis_hide_footer_widgets":false,"_genesis_custom_body_class":"","_genesis_custom_post_class":"","_genesis_layout":""},"product_brand":[],"product_cat":[1483,877],"product_tag":[],"class_list":{"0":"post-71732","1":"product","2":"type-product","3":"status-publish","4":"has-post-thumbnail","6":"product_cat-special-paques","7":"product_cat-experiences-delicatessen-fr","8":"entry","10":"first","11":"instock","12":"shipping-taxable","13":"purchasable","14":"product-type-simple"},"yoast_head":"<!-- This site is optimized with the Yoast SEO plugin v25.6 - https:\/\/yoast.com\/wordpress\/plugins\/seo\/ -->\n<title>Plan Petit-d\u00e9jeuner + Thalasso \u2022 Thalassoth\u00e9rapie La Perla<\/title>\n<meta name=\"description\" content=\"Plan compos\u00e9 de circuit de Thalassoth\u00e9rapie et Petit-d\u00e9jeuner Gourmet: Caf\u00e9 ou infusion + tartines ou P\u00e2tisserie + jus d&#039;orange naturel.\" \/>\n<meta name=\"robots\" content=\"index, follow, max-snippet:-1, max-image-preview:large, max-video-preview:-1\" \/>\n<link rel=\"canonical\" href=\"https:\/\/la-perla.net\/fr\/produit\/programme-petit-dejeuner-thalasso\/\" \/>\n<meta property=\"og:locale\" content=\"fr_FR\" \/>\n<meta property=\"og:type\" content=\"article\" \/>\n<meta property=\"og:title\" content=\"Plan Petit-d\u00e9jeuner + Thalasso \u2022 Thalassoth\u00e9rapie La Perla\" \/>\n<meta property=\"og:description\" content=\"Plan compos\u00e9 de circuit de Thalassoth\u00e9rapie et Petit-d\u00e9jeuner Gourmet: Caf\u00e9 ou infusion + tartines ou P\u00e2tisserie + jus d&#039;orange naturel.\" \/>\n<meta property=\"og:url\" content=\"https:\/\/la-perla.net\/fr\/produit\/programme-petit-dejeuner-thalasso\/\" \/>\n<meta property=\"og:site_name\" content=\"Talasoterapia La Perla \u2022 San Sebasti\u00e1n - Donostia\" \/>\n<meta property=\"article:publisher\" content=\"https:\/\/www.facebook.com\/laperladonosti\/\" \/>\n<meta property=\"article:modified_time\" content=\"2025-04-15T07:52:01+00:00\" \/>\n<meta property=\"og:image\" content=\"https:\/\/la-perla.net\/wp-content\/uploads\/2020\/10\/talaso-desayuno-1.jpg\" \/>\n\t<meta property=\"og:image:width\" content=\"842\" \/>\n\t<meta property=\"og:image:height\" content=\"595\" \/>\n\t<meta property=\"og:image:type\" content=\"image\/jpeg\" \/>\n<meta name=\"twitter:card\" content=\"summary_large_image\" \/>\n<meta name=\"twitter:site\" content=\"@LaPerlaDonosti\" \/>\n<script type=\"application\/ld+json\" class=\"yoast-schema-graph\">{\"@context\":\"https:\/\/schema.org\",\"@graph\":[{\"@type\":\"WebPage\",\"@id\":\"https:\/\/la-perla.net\/fr\/produit\/programme-petit-dejeuner-thalasso\/\",\"url\":\"https:\/\/la-perla.net\/fr\/produit\/programme-petit-dejeuner-thalasso\/\",\"name\":\"Plan Petit-d\u00e9jeuner + Thalasso \u2022 Thalassoth\u00e9rapie La Perla\",\"isPartOf\":{\"@id\":\"https:\/\/la-perla.net\/#website\"},\"primaryImageOfPage\":{\"@id\":\"https:\/\/la-perla.net\/fr\/produit\/programme-petit-dejeuner-thalasso\/#primaryimage\"},\"image\":{\"@id\":\"https:\/\/la-perla.net\/fr\/produit\/programme-petit-dejeuner-thalasso\/#primaryimage\"},\"thumbnailUrl\":\"https:\/\/la-perla.net\/wp-content\/uploads\/2020\/10\/talaso-desayuno-1.jpg\",\"datePublished\":\"2020-10-29T15:31:12+00:00\",\"dateModified\":\"2025-04-15T07:52:01+00:00\",\"description\":\"Plan compos\u00e9 de circuit de Thalassoth\u00e9rapie et Petit-d\u00e9jeuner Gourmet: Caf\u00e9 ou infusion + tartines ou P\u00e2tisserie + jus d'orange naturel.\",\"breadcrumb\":{\"@id\":\"https:\/\/la-perla.net\/fr\/produit\/programme-petit-dejeuner-thalasso\/#breadcrumb\"},\"inLanguage\":\"fr-FR\",\"potentialAction\":[{\"@type\":\"ReadAction\",\"target\":[\"https:\/\/la-perla.net\/fr\/produit\/programme-petit-dejeuner-thalasso\/\"]}]},{\"@type\":\"ImageObject\",\"inLanguage\":\"fr-FR\",\"@id\":\"https:\/\/la-perla.net\/fr\/produit\/programme-petit-dejeuner-thalasso\/#primaryimage\",\"url\":\"https:\/\/la-perla.net\/wp-content\/uploads\/2020\/10\/talaso-desayuno-1.jpg\",\"contentUrl\":\"https:\/\/la-perla.net\/wp-content\/uploads\/2020\/10\/talaso-desayuno-1.jpg\",\"width\":842,\"height\":595,\"caption\":\"Petit D\u00e9jeuner et Thalasso\"},{\"@type\":\"BreadcrumbList\",\"@id\":\"https:\/\/la-perla.net\/fr\/produit\/programme-petit-dejeuner-thalasso\/#breadcrumb\",\"itemListElement\":[{\"@type\":\"ListItem\",\"position\":1,\"name\":\"Portada\",\"item\":\"https:\/\/la-perla.net\/fr\/\"},{\"@type\":\"ListItem\",\"position\":2,\"name\":\"Boutique\",\"item\":\"https:\/\/la-perla.net\/fr\/boutique\/\"},{\"@type\":\"ListItem\",\"position\":3,\"name\":\"Thalasso + Petit D\u00e9jeuner\"}]},{\"@type\":\"WebSite\",\"@id\":\"https:\/\/la-perla.net\/#website\",\"url\":\"https:\/\/la-perla.net\/\",\"name\":\"Talasoterapia La Perla \u2022 San Sebasti\u00e1n - Donostia\",\"description\":\"Talasoterapia en Guipuzcoa - Centro de salud, belleza y deporte\",\"publisher\":{\"@id\":\"https:\/\/la-perla.net\/#organization\"},\"potentialAction\":[{\"@type\":\"SearchAction\",\"target\":{\"@type\":\"EntryPoint\",\"urlTemplate\":\"https:\/\/la-perla.net\/?s={search_term_string}\"},\"query-input\":{\"@type\":\"PropertyValueSpecification\",\"valueRequired\":true,\"valueName\":\"search_term_string\"}}],\"inLanguage\":\"fr-FR\"},{\"@type\":\"Organization\",\"@id\":\"https:\/\/la-perla.net\/#organization\",\"name\":\"La Perla\",\"url\":\"https:\/\/la-perla.net\/\",\"logo\":{\"@type\":\"ImageObject\",\"inLanguage\":\"fr-FR\",\"@id\":\"https:\/\/la-perla.net\/#\/schema\/logo\/image\/\",\"url\":\"https:\/\/la-perla.net\/wp-content\/uploads\/2020\/09\/talasoterapia-la-perla.png\",\"contentUrl\":\"https:\/\/la-perla.net\/wp-content\/uploads\/2020\/09\/talasoterapia-la-perla.png\",\"width\":191,\"height\":51,\"caption\":\"La Perla\"},\"image\":{\"@id\":\"https:\/\/la-perla.net\/#\/schema\/logo\/image\/\"},\"sameAs\":[\"https:\/\/www.facebook.com\/laperladonosti\/\",\"https:\/\/x.com\/LaPerlaDonosti\",\"https:\/\/www.instagram.com\/laperladonosti\/?hl=es\",\"https:\/\/www.youtube.com\/channel\/UChQhp12N7Lg6ZrOcmAJAy4g\"]}]}<\/script>\n<!-- \/ Yoast SEO plugin. -->","yoast_head_json":{"title":"Plan Petit-d\u00e9jeuner + Thalasso \u2022 Thalassoth\u00e9rapie La Perla","description":"Plan compos\u00e9 de circuit de Thalassoth\u00e9rapie et Petit-d\u00e9jeuner Gourmet: Caf\u00e9 ou infusion + tartines ou P\u00e2tisserie + jus d'orange naturel.","robots":{"index":"index","follow":"follow","max-snippet":"max-snippet:-1","max-image-preview":"max-image-preview:large","max-video-preview":"max-video-preview:-1"},"canonical":"https:\/\/la-perla.net\/fr\/produit\/programme-petit-dejeuner-thalasso\/","og_locale":"fr_FR","og_type":"article","og_title":"Plan Petit-d\u00e9jeuner + Thalasso \u2022 Thalassoth\u00e9rapie La Perla","og_description":"Plan compos\u00e9 de circuit de Thalassoth\u00e9rapie et Petit-d\u00e9jeuner Gourmet: Caf\u00e9 ou infusion + tartines ou P\u00e2tisserie + jus d'orange naturel.","og_url":"https:\/\/la-perla.net\/fr\/produit\/programme-petit-dejeuner-thalasso\/","og_site_name":"Talasoterapia La Perla \u2022 San Sebasti\u00e1n - Donostia","article_publisher":"https:\/\/www.facebook.com\/laperladonosti\/","article_modified_time":"2025-04-15T07:52:01+00:00","og_image":[{"width":842,"height":595,"url":"https:\/\/la-perla.net\/wp-content\/uploads\/2020\/10\/talaso-desayuno-1.jpg","type":"image\/jpeg"}],"twitter_card":"summary_large_image","twitter_site":"@LaPerlaDonosti","schema":{"@context":"https:\/\/schema.org","@graph":[{"@type":"WebPage","@id":"https:\/\/la-perla.net\/fr\/produit\/programme-petit-dejeuner-thalasso\/","url":"https:\/\/la-perla.net\/fr\/produit\/programme-petit-dejeuner-thalasso\/","name":"Plan Petit-d\u00e9jeuner + Thalasso \u2022 Thalassoth\u00e9rapie La Perla","isPartOf":{"@id":"https:\/\/la-perla.net\/#website"},"primaryImageOfPage":{"@id":"https:\/\/la-perla.net\/fr\/produit\/programme-petit-dejeuner-thalasso\/#primaryimage"},"image":{"@id":"https:\/\/la-perla.net\/fr\/produit\/programme-petit-dejeuner-thalasso\/#primaryimage"},"thumbnailUrl":"https:\/\/la-perla.net\/wp-content\/uploads\/2020\/10\/talaso-desayuno-1.jpg","datePublished":"2020-10-29T15:31:12+00:00","dateModified":"2025-04-15T07:52:01+00:00","description":"Plan compos\u00e9 de circuit de Thalassoth\u00e9rapie et Petit-d\u00e9jeuner Gourmet: Caf\u00e9 ou infusion + tartines ou P\u00e2tisserie + jus d'orange naturel.","breadcrumb":{"@id":"https:\/\/la-perla.net\/fr\/produit\/programme-petit-dejeuner-thalasso\/#breadcrumb"},"inLanguage":"fr-FR","potentialAction":[{"@type":"ReadAction","target":["https:\/\/la-perla.net\/fr\/produit\/programme-petit-dejeuner-thalasso\/"]}]},{"@type":"ImageObject","inLanguage":"fr-FR","@id":"https:\/\/la-perla.net\/fr\/produit\/programme-petit-dejeuner-thalasso\/#primaryimage","url":"https:\/\/la-perla.net\/wp-content\/uploads\/2020\/10\/talaso-desayuno-1.jpg","contentUrl":"https:\/\/la-perla.net\/wp-content\/uploads\/2020\/10\/talaso-desayuno-1.jpg","width":842,"height":595,"caption":"Petit D\u00e9jeuner et Thalasso"},{"@type":"BreadcrumbList","@id":"https:\/\/la-perla.net\/fr\/produit\/programme-petit-dejeuner-thalasso\/#breadcrumb","itemListElement":[{"@type":"ListItem","position":1,"name":"Portada","item":"https:\/\/la-perla.net\/fr\/"},{"@type":"ListItem","position":2,"name":"Boutique","item":"https:\/\/la-perla.net\/fr\/boutique\/"},{"@type":"ListItem","position":3,"name":"Thalasso + Petit D\u00e9jeuner"}]},{"@type":"WebSite","@id":"https:\/\/la-perla.net\/#website","url":"https:\/\/la-perla.net\/","name":"Talasoterapia La Perla \u2022 San Sebasti\u00e1n - Donostia","description":"Talasoterapia en Guipuzcoa - Centro de salud, belleza y deporte","publisher":{"@id":"https:\/\/la-perla.net\/#organization"},"potentialAction":[{"@type":"SearchAction","target":{"@type":"EntryPoint","urlTemplate":"https:\/\/la-perla.net\/?s={search_term_string}"},"query-input":{"@type":"PropertyValueSpecification","valueRequired":true,"valueName":"search_term_string"}}],"inLanguage":"fr-FR"},{"@type":"Organization","@id":"https:\/\/la-perla.net\/#organization","name":"La Perla","url":"https:\/\/la-perla.net\/","logo":{"@type":"ImageObject","inLanguage":"fr-FR","@id":"https:\/\/la-perla.net\/#\/schema\/logo\/image\/","url":"https:\/\/la-perla.net\/wp-content\/uploads\/2020\/09\/talasoterapia-la-perla.png","contentUrl":"https:\/\/la-perla.net\/wp-content\/uploads\/2020\/09\/talasoterapia-la-perla.png","width":191,"height":51,"caption":"La Perla"},"image":{"@id":"https:\/\/la-perla.net\/#\/schema\/logo\/image\/"},"sameAs":["https:\/\/www.facebook.com\/laperladonosti\/","https:\/\/x.com\/LaPerlaDonosti","https:\/\/www.instagram.com\/laperladonosti\/?hl=es","https:\/\/www.youtube.com\/channel\/UChQhp12N7Lg6ZrOcmAJAy4g"]}]}},"_links":{"self":[{"href":"https:\/\/la-perla.net\/fr\/wp-json\/wp\/v2\/product\/71732"}],"collection":[{"href":"https:\/\/la-perla.net\/fr\/wp-json\/wp\/v2\/product"}],"about":[{"href":"https:\/\/la-perla.net\/fr\/wp-json\/wp\/v2\/types\/product"}],"wp:featuredmedia":[{"embeddable":true,"href":"https:\/\/la-perla.net\/fr\/wp-json\/wp\/v2\/media\/96409"}],"wp:attachment":[{"href":"https:\/\/la-perla.net\/fr\/wp-json\/wp\/v2\/media?parent=71732"}],"wp:term":[{"taxonomy":"product_brand","embeddable":true,"href":"https:\/\/la-perla.net\/fr\/wp-json\/wp\/v2\/product_brand?post=71732"},{"taxonomy":"product_cat","embeddable":true,"href":"https:\/\/la-perla.net\/fr\/wp-json\/wp\/v2\/product_cat?post=71732"},{"taxonomy":"product_tag","embeddable":true,"href":"https:\/\/la-perla.net\/fr\/wp-json\/wp\/v2\/product_tag?post=71732"}],"curies":[{"name":"wp","href":"https:\/\/api.w.org\/{rel}","templated":true}]}}