{"id":71757,"date":"2021-08-11T11:20:37","date_gmt":"2021-08-11T09:20:37","guid":{"rendered":"https:\/\/la-perla.net\/san-sebastian\/creme-resurfacante\/"},"modified":"2025-12-01T23:00:24","modified_gmt":"2025-12-01T22:00:24","slug":"creme-resurfacante","status":"publish","type":"product","link":"https:\/\/la-perla.net\/fr\/produit\/creme-resurfacante\/","title":{"rendered":"Cr\u00e8me resurfa\u00e7ante"},"content":{"rendered":"<p><strong>Consejo Experto:<\/strong><\/p>\n<p>Aplicar una peque\u00f1a cantidad de\u00a0Crema Renovadora sobre la piel limpia y h\u00fameda, evitando el contorno de ojos y\u00a0labios. Masajear uno a\u00a0dos minutos con suaves movimientos circulares desde el interior hacia el exterior del rostro. Terminar con movimientos energizantes, alisando nariz y ment\u00f3n. Aclarar con agua tibia manteniendo los ojos cerrados y secar delicadamente la piel con una toalla limpia y seca. Aplicar su crema de tratamiento diaria Thalgo y a continuaci\u00f3n una crema solar con una protecci\u00f3n m\u00ednima SPF15.<\/p>\n<p>Utilizar una vez por semana.<\/p>\n<p><strong>Principios Activos<\/strong><\/p>\n<p>Extrait d&rsquo;algue brune Lessonia nigrescens<br \/>\nMicro-cristales de \u00f3xido de aluminio<br \/>\nManteca de karit\u00e9<\/p>\n","protected":false},"excerpt":{"rendered":"<p>La combinaci\u00f3n de microcristales de \u00f3xido de aluminio (id\u00e9nticos a los utilizados por los dermat\u00f3logos) y una f\u00f3rmula rica en manteca de karit\u00e9, confieren a la Crema Renovadora una alta eficacia exfoliante sin provocar sequedad cut\u00e1nea. Desde la primera aplicaci\u00f3n la textura de su piel est\u00e1 sublimada: la piel est\u00e1 m\u00e1s lisa, m\u00e1s suave,\u00a0flexible y\u00a0luminosa.<\/p>\n<p>50 ml<\/p>\n","protected":false},"featured_media":64594,"template":"","meta":{"_genesis_hide_title":false,"_genesis_hide_breadcrumbs":false,"_genesis_hide_singular_image":false,"_genesis_hide_footer_widgets":false,"_genesis_custom_body_class":"","_genesis_custom_post_class":"","_genesis_layout":""},"product_brand":[],"product_cat":[1283,1078],"product_tag":[],"class_list":{"0":"post-71757","1":"product","2":"type-product","3":"status-publish","4":"has-post-thumbnail","6":"product_cat-thalgo-fr","7":"product_cat-thalgo-exfoliante-fr","8":"entry","10":"first","11":"instock","12":"purchasable","13":"product-type-simple"},"yoast_head":"<!-- This site is optimized with the Yoast SEO plugin v25.6 - https:\/\/yoast.com\/wordpress\/plugins\/seo\/ -->\n<title>Cr\u00e8me Resurfa\u00e7ante Thalgo \u2022 La Perla Thalassoth\u00e9rapie<\/title>\n<meta name=\"description\" content=\"Renouvelez et transformez votre peau avec notre cr\u00e8me de resurfa\u00e7age. D\u00e9couvrez une formule efficace qui lisse et r\u00e9v\u00e8le un teint plus lumineux.\" \/>\n<meta name=\"robots\" content=\"index, follow, max-snippet:-1, max-image-preview:large, max-video-preview:-1\" \/>\n<link rel=\"canonical\" href=\"https:\/\/la-perla.net\/produit\/creme-resurfacante\/\" \/>\n<meta property=\"og:locale\" content=\"fr_FR\" \/>\n<meta property=\"og:type\" content=\"article\" \/>\n<meta property=\"og:title\" content=\"Cr\u00e8me Resurfa\u00e7ante Thalgo \u2022 La Perla Thalassoth\u00e9rapie\" \/>\n<meta property=\"og:description\" content=\"Renouvelez et transformez votre peau avec notre cr\u00e8me de resurfa\u00e7age. D\u00e9couvrez une formule efficace qui lisse et r\u00e9v\u00e8le un teint plus lumineux.\" \/>\n<meta property=\"og:url\" content=\"https:\/\/la-perla.net\/produit\/creme-resurfacante\/\" \/>\n<meta property=\"og:site_name\" content=\"Talasoterapia La Perla \u2022 San Sebasti\u00e1n - Donostia\" \/>\n<meta property=\"article:publisher\" content=\"https:\/\/www.facebook.com\/laperladonosti\/\" \/>\n<meta property=\"article:modified_time\" content=\"2025-12-01T22:00:24+00:00\" \/>\n<meta property=\"og:image\" content=\"https:\/\/la-perla.net\/wp-content\/uploads\/2020\/10\/resurfasante.jpg\" \/>\n\t<meta property=\"og:image:width\" content=\"1701\" \/>\n\t<meta property=\"og:image:height\" content=\"1417\" \/>\n\t<meta property=\"og:image:type\" content=\"image\/jpeg\" \/>\n<meta name=\"twitter:card\" content=\"summary_large_image\" \/>\n<meta name=\"twitter:site\" content=\"@LaPerlaDonosti\" \/>\n<meta name=\"twitter:label1\" content=\"Dur\u00e9e de lecture estim\u00e9e\" \/>\n\t<meta name=\"twitter:data1\" content=\"1 minute\" \/>\n<script type=\"application\/ld+json\" class=\"yoast-schema-graph\">{\"@context\":\"https:\/\/schema.org\",\"@graph\":[{\"@type\":\"WebPage\",\"@id\":\"https:\/\/la-perla.net\/produit\/creme-resurfacante\/\",\"url\":\"https:\/\/la-perla.net\/produit\/creme-resurfacante\/\",\"name\":\"Cr\u00e8me Resurfa\u00e7ante Thalgo \u2022 La Perla Thalassoth\u00e9rapie\",\"isPartOf\":{\"@id\":\"https:\/\/la-perla.net\/#website\"},\"primaryImageOfPage\":{\"@id\":\"https:\/\/la-perla.net\/produit\/creme-resurfacante\/#primaryimage\"},\"image\":{\"@id\":\"https:\/\/la-perla.net\/produit\/creme-resurfacante\/#primaryimage\"},\"thumbnailUrl\":\"https:\/\/la-perla.net\/wp-content\/uploads\/2020\/10\/resurfasante.jpg\",\"datePublished\":\"2021-08-11T09:20:37+00:00\",\"dateModified\":\"2025-12-01T22:00:24+00:00\",\"description\":\"Renouvelez et transformez votre peau avec notre cr\u00e8me de resurfa\u00e7age. D\u00e9couvrez une formule efficace qui lisse et r\u00e9v\u00e8le un teint plus lumineux.\",\"breadcrumb\":{\"@id\":\"https:\/\/la-perla.net\/produit\/creme-resurfacante\/#breadcrumb\"},\"inLanguage\":\"fr-FR\",\"potentialAction\":[{\"@type\":\"ReadAction\",\"target\":[\"https:\/\/la-perla.net\/produit\/creme-resurfacante\/\"]}]},{\"@type\":\"ImageObject\",\"inLanguage\":\"fr-FR\",\"@id\":\"https:\/\/la-perla.net\/produit\/creme-resurfacante\/#primaryimage\",\"url\":\"https:\/\/la-perla.net\/wp-content\/uploads\/2020\/10\/resurfasante.jpg\",\"contentUrl\":\"https:\/\/la-perla.net\/wp-content\/uploads\/2020\/10\/resurfasante.jpg\",\"width\":1701,\"height\":1417,\"caption\":\"Cr\u00e8me Resurfa\u00e7ante\"},{\"@type\":\"BreadcrumbList\",\"@id\":\"https:\/\/la-perla.net\/produit\/creme-resurfacante\/#breadcrumb\",\"itemListElement\":[{\"@type\":\"ListItem\",\"position\":1,\"name\":\"Portada\",\"item\":\"https:\/\/la-perla.net\/fr\/\"},{\"@type\":\"ListItem\",\"position\":2,\"name\":\"Boutique\",\"item\":\"https:\/\/la-perla.net\/fr\/boutique\/\"},{\"@type\":\"ListItem\",\"position\":3,\"name\":\"Cr\u00e8me resurfa\u00e7ante\"}]},{\"@type\":\"WebSite\",\"@id\":\"https:\/\/la-perla.net\/#website\",\"url\":\"https:\/\/la-perla.net\/\",\"name\":\"Talasoterapia La Perla \u2022 San Sebasti\u00e1n - Donostia\",\"description\":\"Talasoterapia en Guipuzcoa - Centro de salud, belleza y deporte\",\"publisher\":{\"@id\":\"https:\/\/la-perla.net\/#organization\"},\"potentialAction\":[{\"@type\":\"SearchAction\",\"target\":{\"@type\":\"EntryPoint\",\"urlTemplate\":\"https:\/\/la-perla.net\/?s={search_term_string}\"},\"query-input\":{\"@type\":\"PropertyValueSpecification\",\"valueRequired\":true,\"valueName\":\"search_term_string\"}}],\"inLanguage\":\"fr-FR\"},{\"@type\":\"Organization\",\"@id\":\"https:\/\/la-perla.net\/#organization\",\"name\":\"La Perla\",\"url\":\"https:\/\/la-perla.net\/\",\"logo\":{\"@type\":\"ImageObject\",\"inLanguage\":\"fr-FR\",\"@id\":\"https:\/\/la-perla.net\/#\/schema\/logo\/image\/\",\"url\":\"https:\/\/la-perla.net\/wp-content\/uploads\/2020\/09\/talasoterapia-la-perla.png\",\"contentUrl\":\"https:\/\/la-perla.net\/wp-content\/uploads\/2020\/09\/talasoterapia-la-perla.png\",\"width\":191,\"height\":51,\"caption\":\"La Perla\"},\"image\":{\"@id\":\"https:\/\/la-perla.net\/#\/schema\/logo\/image\/\"},\"sameAs\":[\"https:\/\/www.facebook.com\/laperladonosti\/\",\"https:\/\/x.com\/LaPerlaDonosti\",\"https:\/\/www.instagram.com\/laperladonosti\/?hl=es\",\"https:\/\/www.youtube.com\/channel\/UChQhp12N7Lg6ZrOcmAJAy4g\"]}]}<\/script>\n<!-- \/ Yoast SEO plugin. -->","yoast_head_json":{"title":"Cr\u00e8me Resurfa\u00e7ante Thalgo \u2022 La Perla Thalassoth\u00e9rapie","description":"Renouvelez et transformez votre peau avec notre cr\u00e8me de resurfa\u00e7age. D\u00e9couvrez une formule efficace qui lisse et r\u00e9v\u00e8le un teint plus lumineux.","robots":{"index":"index","follow":"follow","max-snippet":"max-snippet:-1","max-image-preview":"max-image-preview:large","max-video-preview":"max-video-preview:-1"},"canonical":"https:\/\/la-perla.net\/produit\/creme-resurfacante\/","og_locale":"fr_FR","og_type":"article","og_title":"Cr\u00e8me Resurfa\u00e7ante Thalgo \u2022 La Perla Thalassoth\u00e9rapie","og_description":"Renouvelez et transformez votre peau avec notre cr\u00e8me de resurfa\u00e7age. D\u00e9couvrez une formule efficace qui lisse et r\u00e9v\u00e8le un teint plus lumineux.","og_url":"https:\/\/la-perla.net\/produit\/creme-resurfacante\/","og_site_name":"Talasoterapia La Perla \u2022 San Sebasti\u00e1n - Donostia","article_publisher":"https:\/\/www.facebook.com\/laperladonosti\/","article_modified_time":"2025-12-01T22:00:24+00:00","og_image":[{"width":1701,"height":1417,"url":"https:\/\/la-perla.net\/wp-content\/uploads\/2020\/10\/resurfasante.jpg","type":"image\/jpeg"}],"twitter_card":"summary_large_image","twitter_site":"@LaPerlaDonosti","twitter_misc":{"Dur\u00e9e de lecture estim\u00e9e":"1 minute"},"schema":{"@context":"https:\/\/schema.org","@graph":[{"@type":"WebPage","@id":"https:\/\/la-perla.net\/produit\/creme-resurfacante\/","url":"https:\/\/la-perla.net\/produit\/creme-resurfacante\/","name":"Cr\u00e8me Resurfa\u00e7ante Thalgo \u2022 La Perla Thalassoth\u00e9rapie","isPartOf":{"@id":"https:\/\/la-perla.net\/#website"},"primaryImageOfPage":{"@id":"https:\/\/la-perla.net\/produit\/creme-resurfacante\/#primaryimage"},"image":{"@id":"https:\/\/la-perla.net\/produit\/creme-resurfacante\/#primaryimage"},"thumbnailUrl":"https:\/\/la-perla.net\/wp-content\/uploads\/2020\/10\/resurfasante.jpg","datePublished":"2021-08-11T09:20:37+00:00","dateModified":"2025-12-01T22:00:24+00:00","description":"Renouvelez et transformez votre peau avec notre cr\u00e8me de resurfa\u00e7age. D\u00e9couvrez une formule efficace qui lisse et r\u00e9v\u00e8le un teint plus lumineux.","breadcrumb":{"@id":"https:\/\/la-perla.net\/produit\/creme-resurfacante\/#breadcrumb"},"inLanguage":"fr-FR","potentialAction":[{"@type":"ReadAction","target":["https:\/\/la-perla.net\/produit\/creme-resurfacante\/"]}]},{"@type":"ImageObject","inLanguage":"fr-FR","@id":"https:\/\/la-perla.net\/produit\/creme-resurfacante\/#primaryimage","url":"https:\/\/la-perla.net\/wp-content\/uploads\/2020\/10\/resurfasante.jpg","contentUrl":"https:\/\/la-perla.net\/wp-content\/uploads\/2020\/10\/resurfasante.jpg","width":1701,"height":1417,"caption":"Cr\u00e8me Resurfa\u00e7ante"},{"@type":"BreadcrumbList","@id":"https:\/\/la-perla.net\/produit\/creme-resurfacante\/#breadcrumb","itemListElement":[{"@type":"ListItem","position":1,"name":"Portada","item":"https:\/\/la-perla.net\/fr\/"},{"@type":"ListItem","position":2,"name":"Boutique","item":"https:\/\/la-perla.net\/fr\/boutique\/"},{"@type":"ListItem","position":3,"name":"Cr\u00e8me resurfa\u00e7ante"}]},{"@type":"WebSite","@id":"https:\/\/la-perla.net\/#website","url":"https:\/\/la-perla.net\/","name":"Talasoterapia La Perla \u2022 San Sebasti\u00e1n - Donostia","description":"Talasoterapia en Guipuzcoa - Centro de salud, belleza y deporte","publisher":{"@id":"https:\/\/la-perla.net\/#organization"},"potentialAction":[{"@type":"SearchAction","target":{"@type":"EntryPoint","urlTemplate":"https:\/\/la-perla.net\/?s={search_term_string}"},"query-input":{"@type":"PropertyValueSpecification","valueRequired":true,"valueName":"search_term_string"}}],"inLanguage":"fr-FR"},{"@type":"Organization","@id":"https:\/\/la-perla.net\/#organization","name":"La Perla","url":"https:\/\/la-perla.net\/","logo":{"@type":"ImageObject","inLanguage":"fr-FR","@id":"https:\/\/la-perla.net\/#\/schema\/logo\/image\/","url":"https:\/\/la-perla.net\/wp-content\/uploads\/2020\/09\/talasoterapia-la-perla.png","contentUrl":"https:\/\/la-perla.net\/wp-content\/uploads\/2020\/09\/talasoterapia-la-perla.png","width":191,"height":51,"caption":"La Perla"},"image":{"@id":"https:\/\/la-perla.net\/#\/schema\/logo\/image\/"},"sameAs":["https:\/\/www.facebook.com\/laperladonosti\/","https:\/\/x.com\/LaPerlaDonosti","https:\/\/www.instagram.com\/laperladonosti\/?hl=es","https:\/\/www.youtube.com\/channel\/UChQhp12N7Lg6ZrOcmAJAy4g"]}]}},"_links":{"self":[{"href":"https:\/\/la-perla.net\/fr\/wp-json\/wp\/v2\/product\/71757"}],"collection":[{"href":"https:\/\/la-perla.net\/fr\/wp-json\/wp\/v2\/product"}],"about":[{"href":"https:\/\/la-perla.net\/fr\/wp-json\/wp\/v2\/types\/product"}],"wp:featuredmedia":[{"embeddable":true,"href":"https:\/\/la-perla.net\/fr\/wp-json\/wp\/v2\/media\/64594"}],"wp:attachment":[{"href":"https:\/\/la-perla.net\/fr\/wp-json\/wp\/v2\/media?parent=71757"}],"wp:term":[{"taxonomy":"product_brand","embeddable":true,"href":"https:\/\/la-perla.net\/fr\/wp-json\/wp\/v2\/product_brand?post=71757"},{"taxonomy":"product_cat","embeddable":true,"href":"https:\/\/la-perla.net\/fr\/wp-json\/wp\/v2\/product_cat?post=71757"},{"taxonomy":"product_tag","embeddable":true,"href":"https:\/\/la-perla.net\/fr\/wp-json\/wp\/v2\/product_tag?post=71757"}],"curies":[{"name":"wp","href":"https:\/\/api.w.org\/{rel}","templated":true}]}}