{"id":71777,"date":"2021-08-11T10:22:52","date_gmt":"2021-08-11T08:22:52","guid":{"rendered":"https:\/\/la-perla.net\/san-sebastian\/diamond-white-spf-50-pa-oil-free-brillant-sun-protection\/"},"modified":"2025-12-01T23:00:25","modified_gmt":"2025-12-01T22:00:25","slug":"diamond-white-spf-50-pa-oil-free-brillant-sun-protection","status":"publish","type":"product","link":"https:\/\/la-perla.net\/fr\/produit\/diamond-white-spf-50-pa-oil-free-brillant-sun-protection\/","title":{"rendered":"Diamond Luminous SPF 50 pa+++ Oil-Free Brillant Sun Protection"},"content":{"rendered":"<p><strong>C\u00d3MO SE USA<\/strong><br \/>\nAplica la crema en rostro y cuello, incluyendo el escote si \u00e9ste est\u00e1 expuesto a la radiaci\u00f3n solar. Es una crema de ma\u00f1ana que se adapta a cualquier \u00e9poca del a\u00f1o. En las estaciones en las que la piel est\u00e9 expuesta al sol es recomendable renovar su uso cada 2-3 horas.<\/p>\n<p><strong>TRUCOS DE BELLEZA<\/strong><\/p>\n<ul>\n<li>Esta crema posee la protecci\u00f3n m\u00e1xima frente a la radiaci\u00f3n solar, reconocida con PA+++, el m\u00e1ximo grado de protecci\u00f3n de la JCIA (Asociaci\u00f3n de la Industria Japonesa Cosm\u00e9tica).<\/li>\n<li>Sus pigmentos adaptables a todos los tonos de piel y su agradable textura la convierten en una perfecta y ligera base de maquillaje.<\/li>\n<li>Aunque es una crema de d\u00eda, el extra de luminosidad que aporta tambi\u00e9n hace posible que se use para un maquillaje de noche.<\/li>\n<\/ul>\n","protected":false},"excerpt":{"rendered":"<p><strong>M\u00e1xima protecci\u00f3n, ingredientes antiedad y color para un cutis espl\u00e9ndido <\/strong><\/p>\n<p>Extraordinaria crema solar que protege la piel de los rayos UVA\/UVB y ayuda a tratar la hiperpigmentaci\u00f3n irregular, a la vez que contribuye a prevenir el envejecimiento prematuro. Formulada con agentes como el \u00e1cido el\u00e1gico procedente del extracto de granada, esta poderosa f\u00f3rmula interfiere en la formaci\u00f3n de melanina, con lo que ayuda a corregir las manchas oscuras. Tambi\u00e9n proporciona un sutil toque de color que se adapta a cualquier tono de piel y aporta una gran luminosidad. El resultado es una piel protegida, unificada y con un bonito acabado aterciopelado.<\/p>\n<p>30 ml<\/p>\n","protected":false},"featured_media":63850,"template":"","meta":{"_genesis_hide_title":false,"_genesis_hide_breadcrumbs":false,"_genesis_hide_singular_image":false,"_genesis_hide_footer_widgets":false,"_genesis_custom_body_class":"","_genesis_custom_post_class":"","_genesis_layout":""},"product_brand":[],"product_cat":[1073],"product_tag":[],"class_list":{"0":"post-71777","1":"product","2":"type-product","3":"status-publish","4":"has-post-thumbnail","6":"product_cat-natura-bisse-solares-fr","7":"entry","9":"first","10":"instock","11":"purchasable","12":"product-type-simple"},"yoast_head":"<!-- This site is optimized with the Yoast SEO plugin v25.6 - https:\/\/yoast.com\/wordpress\/plugins\/seo\/ -->\n<title>Diamond Luminous SPF 50 pa+++ Oil-Free Brillant Sun Protection - Talasoterapia La Perla \u2022 San Sebasti\u00e1n - Donostia<\/title>\n<meta name=\"robots\" content=\"index, follow, max-snippet:-1, max-image-preview:large, max-video-preview:-1\" \/>\n<link rel=\"canonical\" href=\"https:\/\/la-perla.net\/fr\/produit\/diamond-white-spf-50-pa-oil-free-brillant-sun-protection\/\" \/>\n<meta property=\"og:locale\" content=\"fr_FR\" \/>\n<meta property=\"og:type\" content=\"article\" \/>\n<meta property=\"og:title\" content=\"Diamond Luminous SPF 50 pa+++ Oil-Free Brillant Sun Protection - Talasoterapia La Perla \u2022 San Sebasti\u00e1n - Donostia\" \/>\n<meta property=\"og:description\" content=\"M\u00e1xima protecci\u00f3n, ingredientes antiedad y color para un cutis espl\u00e9ndido   Extraordinaria crema solar que protege la piel de los rayos UVA\/UVB y ayuda a tratar la hiperpigmentaci\u00f3n irregular, a la vez que contribuye a prevenir el envejecimiento prematuro. Formulada con agentes como el \u00e1cido el\u00e1gico procedente del extracto de granada, esta poderosa f\u00f3rmula interfiere en la formaci\u00f3n de melanina, con lo que ayuda a corregir las manchas oscuras. Tambi\u00e9n proporciona un sutil toque de color que se adapta a cualquier tono de piel y aporta una gran luminosidad. El resultado es una piel protegida, unificada y con un bonito acabado aterciopelado.  30 ml\" \/>\n<meta property=\"og:url\" content=\"https:\/\/la-perla.net\/fr\/produit\/diamond-white-spf-50-pa-oil-free-brillant-sun-protection\/\" \/>\n<meta property=\"og:site_name\" content=\"Talasoterapia La Perla \u2022 San Sebasti\u00e1n - Donostia\" \/>\n<meta property=\"article:publisher\" content=\"https:\/\/www.facebook.com\/laperladonosti\/\" \/>\n<meta property=\"article:modified_time\" content=\"2025-12-01T22:00:25+00:00\" \/>\n<meta property=\"og:image\" content=\"https:\/\/la-perla.net\/wp-content\/uploads\/2020\/10\/diamond-white-spf-50-oil-free-brillant-sun.jpg\" \/>\n\t<meta property=\"og:image:width\" content=\"1000\" \/>\n\t<meta property=\"og:image:height\" content=\"1000\" \/>\n\t<meta property=\"og:image:type\" content=\"image\/jpeg\" \/>\n<meta name=\"twitter:card\" content=\"summary_large_image\" \/>\n<meta name=\"twitter:site\" content=\"@LaPerlaDonosti\" \/>\n<meta name=\"twitter:label1\" content=\"Dur\u00e9e de lecture estim\u00e9e\" \/>\n\t<meta name=\"twitter:data1\" content=\"1 minute\" \/>\n<script type=\"application\/ld+json\" class=\"yoast-schema-graph\">{\"@context\":\"https:\/\/schema.org\",\"@graph\":[{\"@type\":\"WebPage\",\"@id\":\"https:\/\/la-perla.net\/fr\/produit\/diamond-white-spf-50-pa-oil-free-brillant-sun-protection\/\",\"url\":\"https:\/\/la-perla.net\/fr\/produit\/diamond-white-spf-50-pa-oil-free-brillant-sun-protection\/\",\"name\":\"Diamond Luminous SPF 50 pa+++ Oil-Free Brillant Sun Protection - Talasoterapia La Perla \u2022 San Sebasti\u00e1n - Donostia\",\"isPartOf\":{\"@id\":\"https:\/\/la-perla.net\/#website\"},\"primaryImageOfPage\":{\"@id\":\"https:\/\/la-perla.net\/fr\/produit\/diamond-white-spf-50-pa-oil-free-brillant-sun-protection\/#primaryimage\"},\"image\":{\"@id\":\"https:\/\/la-perla.net\/fr\/produit\/diamond-white-spf-50-pa-oil-free-brillant-sun-protection\/#primaryimage\"},\"thumbnailUrl\":\"https:\/\/la-perla.net\/wp-content\/uploads\/2020\/10\/diamond-white-spf-50-oil-free-brillant-sun.jpg\",\"datePublished\":\"2021-08-11T08:22:52+00:00\",\"dateModified\":\"2025-12-01T22:00:25+00:00\",\"breadcrumb\":{\"@id\":\"https:\/\/la-perla.net\/fr\/produit\/diamond-white-spf-50-pa-oil-free-brillant-sun-protection\/#breadcrumb\"},\"inLanguage\":\"fr-FR\",\"potentialAction\":[{\"@type\":\"ReadAction\",\"target\":[\"https:\/\/la-perla.net\/fr\/produit\/diamond-white-spf-50-pa-oil-free-brillant-sun-protection\/\"]}]},{\"@type\":\"ImageObject\",\"inLanguage\":\"fr-FR\",\"@id\":\"https:\/\/la-perla.net\/fr\/produit\/diamond-white-spf-50-pa-oil-free-brillant-sun-protection\/#primaryimage\",\"url\":\"https:\/\/la-perla.net\/wp-content\/uploads\/2020\/10\/diamond-white-spf-50-oil-free-brillant-sun.jpg\",\"contentUrl\":\"https:\/\/la-perla.net\/wp-content\/uploads\/2020\/10\/diamond-white-spf-50-oil-free-brillant-sun.jpg\",\"width\":1000,\"height\":1000,\"caption\":\"Maestro\"},{\"@type\":\"BreadcrumbList\",\"@id\":\"https:\/\/la-perla.net\/fr\/produit\/diamond-white-spf-50-pa-oil-free-brillant-sun-protection\/#breadcrumb\",\"itemListElement\":[{\"@type\":\"ListItem\",\"position\":1,\"name\":\"Portada\",\"item\":\"https:\/\/la-perla.net\/fr\/\"},{\"@type\":\"ListItem\",\"position\":2,\"name\":\"Boutique\",\"item\":\"https:\/\/la-perla.net\/fr\/boutique\/\"},{\"@type\":\"ListItem\",\"position\":3,\"name\":\"Diamond Luminous SPF 50 pa+++ Oil-Free Brillant Sun Protection\"}]},{\"@type\":\"WebSite\",\"@id\":\"https:\/\/la-perla.net\/#website\",\"url\":\"https:\/\/la-perla.net\/\",\"name\":\"Talasoterapia La Perla \u2022 San Sebasti\u00e1n - Donostia\",\"description\":\"Talasoterapia en Guipuzcoa - Centro de salud, belleza y deporte\",\"publisher\":{\"@id\":\"https:\/\/la-perla.net\/#organization\"},\"potentialAction\":[{\"@type\":\"SearchAction\",\"target\":{\"@type\":\"EntryPoint\",\"urlTemplate\":\"https:\/\/la-perla.net\/?s={search_term_string}\"},\"query-input\":{\"@type\":\"PropertyValueSpecification\",\"valueRequired\":true,\"valueName\":\"search_term_string\"}}],\"inLanguage\":\"fr-FR\"},{\"@type\":\"Organization\",\"@id\":\"https:\/\/la-perla.net\/#organization\",\"name\":\"La Perla\",\"url\":\"https:\/\/la-perla.net\/\",\"logo\":{\"@type\":\"ImageObject\",\"inLanguage\":\"fr-FR\",\"@id\":\"https:\/\/la-perla.net\/#\/schema\/logo\/image\/\",\"url\":\"https:\/\/la-perla.net\/wp-content\/uploads\/2020\/09\/talasoterapia-la-perla.png\",\"contentUrl\":\"https:\/\/la-perla.net\/wp-content\/uploads\/2020\/09\/talasoterapia-la-perla.png\",\"width\":191,\"height\":51,\"caption\":\"La Perla\"},\"image\":{\"@id\":\"https:\/\/la-perla.net\/#\/schema\/logo\/image\/\"},\"sameAs\":[\"https:\/\/www.facebook.com\/laperladonosti\/\",\"https:\/\/x.com\/LaPerlaDonosti\",\"https:\/\/www.instagram.com\/laperladonosti\/?hl=es\",\"https:\/\/www.youtube.com\/channel\/UChQhp12N7Lg6ZrOcmAJAy4g\"]}]}<\/script>\n<!-- \/ Yoast SEO plugin. -->","yoast_head_json":{"title":"Diamond Luminous SPF 50 pa+++ Oil-Free Brillant Sun Protection - Talasoterapia La Perla \u2022 San Sebasti\u00e1n - Donostia","robots":{"index":"index","follow":"follow","max-snippet":"max-snippet:-1","max-image-preview":"max-image-preview:large","max-video-preview":"max-video-preview:-1"},"canonical":"https:\/\/la-perla.net\/fr\/produit\/diamond-white-spf-50-pa-oil-free-brillant-sun-protection\/","og_locale":"fr_FR","og_type":"article","og_title":"Diamond Luminous SPF 50 pa+++ Oil-Free Brillant Sun Protection - Talasoterapia La Perla \u2022 San Sebasti\u00e1n - Donostia","og_description":"M\u00e1xima protecci\u00f3n, ingredientes antiedad y color para un cutis espl\u00e9ndido   Extraordinaria crema solar que protege la piel de los rayos UVA\/UVB y ayuda a tratar la hiperpigmentaci\u00f3n irregular, a la vez que contribuye a prevenir el envejecimiento prematuro. Formulada con agentes como el \u00e1cido el\u00e1gico procedente del extracto de granada, esta poderosa f\u00f3rmula interfiere en la formaci\u00f3n de melanina, con lo que ayuda a corregir las manchas oscuras. Tambi\u00e9n proporciona un sutil toque de color que se adapta a cualquier tono de piel y aporta una gran luminosidad. El resultado es una piel protegida, unificada y con un bonito acabado aterciopelado.  30 ml","og_url":"https:\/\/la-perla.net\/fr\/produit\/diamond-white-spf-50-pa-oil-free-brillant-sun-protection\/","og_site_name":"Talasoterapia La Perla \u2022 San Sebasti\u00e1n - Donostia","article_publisher":"https:\/\/www.facebook.com\/laperladonosti\/","article_modified_time":"2025-12-01T22:00:25+00:00","og_image":[{"width":1000,"height":1000,"url":"https:\/\/la-perla.net\/wp-content\/uploads\/2020\/10\/diamond-white-spf-50-oil-free-brillant-sun.jpg","type":"image\/jpeg"}],"twitter_card":"summary_large_image","twitter_site":"@LaPerlaDonosti","twitter_misc":{"Dur\u00e9e de lecture estim\u00e9e":"1 minute"},"schema":{"@context":"https:\/\/schema.org","@graph":[{"@type":"WebPage","@id":"https:\/\/la-perla.net\/fr\/produit\/diamond-white-spf-50-pa-oil-free-brillant-sun-protection\/","url":"https:\/\/la-perla.net\/fr\/produit\/diamond-white-spf-50-pa-oil-free-brillant-sun-protection\/","name":"Diamond Luminous SPF 50 pa+++ Oil-Free Brillant Sun Protection - Talasoterapia La Perla \u2022 San Sebasti\u00e1n - Donostia","isPartOf":{"@id":"https:\/\/la-perla.net\/#website"},"primaryImageOfPage":{"@id":"https:\/\/la-perla.net\/fr\/produit\/diamond-white-spf-50-pa-oil-free-brillant-sun-protection\/#primaryimage"},"image":{"@id":"https:\/\/la-perla.net\/fr\/produit\/diamond-white-spf-50-pa-oil-free-brillant-sun-protection\/#primaryimage"},"thumbnailUrl":"https:\/\/la-perla.net\/wp-content\/uploads\/2020\/10\/diamond-white-spf-50-oil-free-brillant-sun.jpg","datePublished":"2021-08-11T08:22:52+00:00","dateModified":"2025-12-01T22:00:25+00:00","breadcrumb":{"@id":"https:\/\/la-perla.net\/fr\/produit\/diamond-white-spf-50-pa-oil-free-brillant-sun-protection\/#breadcrumb"},"inLanguage":"fr-FR","potentialAction":[{"@type":"ReadAction","target":["https:\/\/la-perla.net\/fr\/produit\/diamond-white-spf-50-pa-oil-free-brillant-sun-protection\/"]}]},{"@type":"ImageObject","inLanguage":"fr-FR","@id":"https:\/\/la-perla.net\/fr\/produit\/diamond-white-spf-50-pa-oil-free-brillant-sun-protection\/#primaryimage","url":"https:\/\/la-perla.net\/wp-content\/uploads\/2020\/10\/diamond-white-spf-50-oil-free-brillant-sun.jpg","contentUrl":"https:\/\/la-perla.net\/wp-content\/uploads\/2020\/10\/diamond-white-spf-50-oil-free-brillant-sun.jpg","width":1000,"height":1000,"caption":"Maestro"},{"@type":"BreadcrumbList","@id":"https:\/\/la-perla.net\/fr\/produit\/diamond-white-spf-50-pa-oil-free-brillant-sun-protection\/#breadcrumb","itemListElement":[{"@type":"ListItem","position":1,"name":"Portada","item":"https:\/\/la-perla.net\/fr\/"},{"@type":"ListItem","position":2,"name":"Boutique","item":"https:\/\/la-perla.net\/fr\/boutique\/"},{"@type":"ListItem","position":3,"name":"Diamond Luminous SPF 50 pa+++ Oil-Free Brillant Sun Protection"}]},{"@type":"WebSite","@id":"https:\/\/la-perla.net\/#website","url":"https:\/\/la-perla.net\/","name":"Talasoterapia La Perla \u2022 San Sebasti\u00e1n - Donostia","description":"Talasoterapia en Guipuzcoa - Centro de salud, belleza y deporte","publisher":{"@id":"https:\/\/la-perla.net\/#organization"},"potentialAction":[{"@type":"SearchAction","target":{"@type":"EntryPoint","urlTemplate":"https:\/\/la-perla.net\/?s={search_term_string}"},"query-input":{"@type":"PropertyValueSpecification","valueRequired":true,"valueName":"search_term_string"}}],"inLanguage":"fr-FR"},{"@type":"Organization","@id":"https:\/\/la-perla.net\/#organization","name":"La Perla","url":"https:\/\/la-perla.net\/","logo":{"@type":"ImageObject","inLanguage":"fr-FR","@id":"https:\/\/la-perla.net\/#\/schema\/logo\/image\/","url":"https:\/\/la-perla.net\/wp-content\/uploads\/2020\/09\/talasoterapia-la-perla.png","contentUrl":"https:\/\/la-perla.net\/wp-content\/uploads\/2020\/09\/talasoterapia-la-perla.png","width":191,"height":51,"caption":"La Perla"},"image":{"@id":"https:\/\/la-perla.net\/#\/schema\/logo\/image\/"},"sameAs":["https:\/\/www.facebook.com\/laperladonosti\/","https:\/\/x.com\/LaPerlaDonosti","https:\/\/www.instagram.com\/laperladonosti\/?hl=es","https:\/\/www.youtube.com\/channel\/UChQhp12N7Lg6ZrOcmAJAy4g"]}]}},"_links":{"self":[{"href":"https:\/\/la-perla.net\/fr\/wp-json\/wp\/v2\/product\/71777"}],"collection":[{"href":"https:\/\/la-perla.net\/fr\/wp-json\/wp\/v2\/product"}],"about":[{"href":"https:\/\/la-perla.net\/fr\/wp-json\/wp\/v2\/types\/product"}],"wp:featuredmedia":[{"embeddable":true,"href":"https:\/\/la-perla.net\/fr\/wp-json\/wp\/v2\/media\/63850"}],"wp:attachment":[{"href":"https:\/\/la-perla.net\/fr\/wp-json\/wp\/v2\/media?parent=71777"}],"wp:term":[{"taxonomy":"product_brand","embeddable":true,"href":"https:\/\/la-perla.net\/fr\/wp-json\/wp\/v2\/product_brand?post=71777"},{"taxonomy":"product_cat","embeddable":true,"href":"https:\/\/la-perla.net\/fr\/wp-json\/wp\/v2\/product_cat?post=71777"},{"taxonomy":"product_tag","embeddable":true,"href":"https:\/\/la-perla.net\/fr\/wp-json\/wp\/v2\/product_tag?post=71777"}],"curies":[{"name":"wp","href":"https:\/\/api.w.org\/{rel}","templated":true}]}}