{"id":71787,"date":"2021-08-11T10:22:52","date_gmt":"2021-08-11T08:22:52","guid":{"rendered":"https:\/\/la-perla.net\/san-sebastian\/63773\/"},"modified":"2025-12-01T23:00:25","modified_gmt":"2025-12-01T22:00:25","slug":"diamond-glyco-extreme-peel","status":"publish","type":"product","link":"https:\/\/la-perla.net\/fr\/produit\/diamond-glyco-extreme-peel\/","title":{"rendered":"Diamond Glyco Extreme Peel"},"content":{"rendered":"<p><strong>C\u00d3MO SE USA<\/strong><\/p>\n<p>Aplica una o dos veces por semana. Aplica 14 pulsaciones en rostro, cuello y escote y deja actuar el producto durante 15 minutos. Retira con agua o con la ayuda de las esponjas limpiadoras de Natura Biss\u00e9. A continuaci\u00f3n, aplica tu s\u00e9rum y crema habitual.<\/p>\n<p><strong>TRUCOS DE BELLEZA<\/strong><\/p>\n<ul>\n<li>Adecuado para todo tipo de pieles. Es perfecto para las pieles maduras y castigadas, ya que frena los signos visibles de envejecimiento y aporta un efecto lifting.<\/li>\n<li>Si tienes la piel grasa o con tendencia acneica es ideal para ti, ya ayuda a minimizar el tama\u00f1o del poro, a difuminar las marcas de acn\u00e9 y a combatir los puntos negros.<\/li>\n<li>Es muy recomendable para quienes tengan manchas cut\u00e1neas, porque el proceso de exfoliaci\u00f3n difumina su apariencia oscura.<\/li>\n<li>Tambi\u00e9n es un excelente tratamiento para las pieles secas, ya que mantiene la hidrataci\u00f3n y aporta luminosidad.<\/li>\n<li>Este producto no es fotosensible y lo puedes utilizar todo el a\u00f1o, pero recomendamos utilizar un protector solar con un SPF elevado siempre que lo est\u00e9s usando.<\/li>\n<\/ul>\n","protected":false},"excerpt":{"rendered":"<p><strong>Tratamiento exfoliante para unos resultados profesionales en casa <\/strong><\/p>\n<p>Dise\u00f1ado para lograr transformar tu piel en tiempo r\u00e9cord, este triple exfoliante enzim\u00e1tico revela un cutis extraordinariamente firme y luminoso en tan solo 15 minutos. Con una excepcional combinaci\u00f3n de gamma y alfa-hidroxi\u00e1cidos junto con un innovador p\u00e9ptido exfoliante, elimina eficazmente las c\u00e9lulas muertas y las impurezas, a la vez que ayuda a estimular la piel para un proceso de exfoliaci\u00f3n natural. Gracias a su efecto renovador, las arrugas y manchas se minimizan, revelando un cutis de apariencia notablemente rejuvenecida.<\/p>\n","protected":false},"featured_media":64827,"template":"","meta":{"_genesis_hide_title":false,"_genesis_hide_breadcrumbs":false,"_genesis_hide_singular_image":false,"_genesis_hide_footer_widgets":false,"_genesis_custom_body_class":"","_genesis_custom_post_class":"","_genesis_layout":""},"product_brand":[],"product_cat":[1075],"product_tag":[],"class_list":{"0":"post-71787","1":"product","2":"type-product","3":"status-publish","4":"has-post-thumbnail","6":"product_cat-natura-bisse-exfoliante-fr","7":"entry","9":"first","10":"instock","11":"purchasable","12":"product-type-simple"},"yoast_head":"<!-- This site is optimized with the Yoast SEO plugin v25.6 - https:\/\/yoast.com\/wordpress\/plugins\/seo\/ -->\n<title>Diamond Glyco Extreme Peel - Talasoterapia La Perla \u2022 San Sebasti\u00e1n - Donostia<\/title>\n<meta name=\"robots\" content=\"index, follow, max-snippet:-1, max-image-preview:large, max-video-preview:-1\" \/>\n<link rel=\"canonical\" href=\"https:\/\/la-perla.net\/fr\/produit\/diamond-glyco-extreme-peel\/\" \/>\n<meta property=\"og:locale\" content=\"fr_FR\" \/>\n<meta property=\"og:type\" content=\"article\" \/>\n<meta property=\"og:title\" content=\"Diamond Glyco Extreme Peel - Talasoterapia La Perla \u2022 San Sebasti\u00e1n - Donostia\" \/>\n<meta property=\"og:description\" content=\"Tratamiento exfoliante para unos resultados profesionales en casa   Dise\u00f1ado para lograr transformar tu piel en tiempo r\u00e9cord, este triple exfoliante enzim\u00e1tico revela un cutis extraordinariamente firme y luminoso en tan solo 15 minutos. Con una excepcional combinaci\u00f3n de gamma y alfa-hidroxi\u00e1cidos junto con un innovador p\u00e9ptido exfoliante, elimina eficazmente las c\u00e9lulas muertas y las impurezas, a la vez que ayuda a estimular la piel para un proceso de exfoliaci\u00f3n natural. Gracias a su efecto renovador, las arrugas y manchas se minimizan, revelando un cutis de apariencia notablemente rejuvenecida.\" \/>\n<meta property=\"og:url\" content=\"https:\/\/la-perla.net\/fr\/produit\/diamond-glyco-extreme-peel\/\" \/>\n<meta property=\"og:site_name\" content=\"Talasoterapia La Perla \u2022 San Sebasti\u00e1n - Donostia\" \/>\n<meta property=\"article:publisher\" content=\"https:\/\/www.facebook.com\/laperladonosti\/\" \/>\n<meta property=\"article:modified_time\" content=\"2025-12-01T22:00:25+00:00\" \/>\n<meta property=\"og:image\" content=\"https:\/\/la-perla.net\/wp-content\/uploads\/2020\/10\/diamond-extreme-peel.jpg\" \/>\n\t<meta property=\"og:image:width\" content=\"1701\" \/>\n\t<meta property=\"og:image:height\" content=\"1417\" \/>\n\t<meta property=\"og:image:type\" content=\"image\/jpeg\" \/>\n<meta name=\"twitter:card\" content=\"summary_large_image\" \/>\n<meta name=\"twitter:site\" content=\"@LaPerlaDonosti\" \/>\n<meta name=\"twitter:label1\" content=\"Dur\u00e9e de lecture estim\u00e9e\" \/>\n\t<meta name=\"twitter:data1\" content=\"1 minute\" \/>\n<script type=\"application\/ld+json\" class=\"yoast-schema-graph\">{\"@context\":\"https:\/\/schema.org\",\"@graph\":[{\"@type\":\"WebPage\",\"@id\":\"https:\/\/la-perla.net\/fr\/produit\/diamond-glyco-extreme-peel\/\",\"url\":\"https:\/\/la-perla.net\/fr\/produit\/diamond-glyco-extreme-peel\/\",\"name\":\"Diamond Glyco Extreme Peel - Talasoterapia La Perla \u2022 San Sebasti\u00e1n - Donostia\",\"isPartOf\":{\"@id\":\"https:\/\/la-perla.net\/#website\"},\"primaryImageOfPage\":{\"@id\":\"https:\/\/la-perla.net\/fr\/produit\/diamond-glyco-extreme-peel\/#primaryimage\"},\"image\":{\"@id\":\"https:\/\/la-perla.net\/fr\/produit\/diamond-glyco-extreme-peel\/#primaryimage\"},\"thumbnailUrl\":\"https:\/\/la-perla.net\/wp-content\/uploads\/2020\/10\/diamond-extreme-peel.jpg\",\"datePublished\":\"2021-08-11T08:22:52+00:00\",\"dateModified\":\"2025-12-01T22:00:25+00:00\",\"breadcrumb\":{\"@id\":\"https:\/\/la-perla.net\/fr\/produit\/diamond-glyco-extreme-peel\/#breadcrumb\"},\"inLanguage\":\"fr-FR\",\"potentialAction\":[{\"@type\":\"ReadAction\",\"target\":[\"https:\/\/la-perla.net\/fr\/produit\/diamond-glyco-extreme-peel\/\"]}]},{\"@type\":\"ImageObject\",\"inLanguage\":\"fr-FR\",\"@id\":\"https:\/\/la-perla.net\/fr\/produit\/diamond-glyco-extreme-peel\/#primaryimage\",\"url\":\"https:\/\/la-perla.net\/wp-content\/uploads\/2020\/10\/diamond-extreme-peel.jpg\",\"contentUrl\":\"https:\/\/la-perla.net\/wp-content\/uploads\/2020\/10\/diamond-extreme-peel.jpg\",\"width\":1701,\"height\":1417},{\"@type\":\"BreadcrumbList\",\"@id\":\"https:\/\/la-perla.net\/fr\/produit\/diamond-glyco-extreme-peel\/#breadcrumb\",\"itemListElement\":[{\"@type\":\"ListItem\",\"position\":1,\"name\":\"Portada\",\"item\":\"https:\/\/la-perla.net\/fr\/\"},{\"@type\":\"ListItem\",\"position\":2,\"name\":\"Boutique\",\"item\":\"https:\/\/la-perla.net\/fr\/boutique\/\"},{\"@type\":\"ListItem\",\"position\":3,\"name\":\"Diamond Glyco Extreme Peel\"}]},{\"@type\":\"WebSite\",\"@id\":\"https:\/\/la-perla.net\/#website\",\"url\":\"https:\/\/la-perla.net\/\",\"name\":\"Talasoterapia La Perla \u2022 San Sebasti\u00e1n - Donostia\",\"description\":\"Talasoterapia en Guipuzcoa - Centro de salud, belleza y deporte\",\"publisher\":{\"@id\":\"https:\/\/la-perla.net\/#organization\"},\"potentialAction\":[{\"@type\":\"SearchAction\",\"target\":{\"@type\":\"EntryPoint\",\"urlTemplate\":\"https:\/\/la-perla.net\/?s={search_term_string}\"},\"query-input\":{\"@type\":\"PropertyValueSpecification\",\"valueRequired\":true,\"valueName\":\"search_term_string\"}}],\"inLanguage\":\"fr-FR\"},{\"@type\":\"Organization\",\"@id\":\"https:\/\/la-perla.net\/#organization\",\"name\":\"La Perla\",\"url\":\"https:\/\/la-perla.net\/\",\"logo\":{\"@type\":\"ImageObject\",\"inLanguage\":\"fr-FR\",\"@id\":\"https:\/\/la-perla.net\/#\/schema\/logo\/image\/\",\"url\":\"https:\/\/la-perla.net\/wp-content\/uploads\/2020\/09\/talasoterapia-la-perla.png\",\"contentUrl\":\"https:\/\/la-perla.net\/wp-content\/uploads\/2020\/09\/talasoterapia-la-perla.png\",\"width\":191,\"height\":51,\"caption\":\"La Perla\"},\"image\":{\"@id\":\"https:\/\/la-perla.net\/#\/schema\/logo\/image\/\"},\"sameAs\":[\"https:\/\/www.facebook.com\/laperladonosti\/\",\"https:\/\/x.com\/LaPerlaDonosti\",\"https:\/\/www.instagram.com\/laperladonosti\/?hl=es\",\"https:\/\/www.youtube.com\/channel\/UChQhp12N7Lg6ZrOcmAJAy4g\"]}]}<\/script>\n<!-- \/ Yoast SEO plugin. -->","yoast_head_json":{"title":"Diamond Glyco Extreme Peel - Talasoterapia La Perla \u2022 San Sebasti\u00e1n - Donostia","robots":{"index":"index","follow":"follow","max-snippet":"max-snippet:-1","max-image-preview":"max-image-preview:large","max-video-preview":"max-video-preview:-1"},"canonical":"https:\/\/la-perla.net\/fr\/produit\/diamond-glyco-extreme-peel\/","og_locale":"fr_FR","og_type":"article","og_title":"Diamond Glyco Extreme Peel - Talasoterapia La Perla \u2022 San Sebasti\u00e1n - Donostia","og_description":"Tratamiento exfoliante para unos resultados profesionales en casa   Dise\u00f1ado para lograr transformar tu piel en tiempo r\u00e9cord, este triple exfoliante enzim\u00e1tico revela un cutis extraordinariamente firme y luminoso en tan solo 15 minutos. Con una excepcional combinaci\u00f3n de gamma y alfa-hidroxi\u00e1cidos junto con un innovador p\u00e9ptido exfoliante, elimina eficazmente las c\u00e9lulas muertas y las impurezas, a la vez que ayuda a estimular la piel para un proceso de exfoliaci\u00f3n natural. Gracias a su efecto renovador, las arrugas y manchas se minimizan, revelando un cutis de apariencia notablemente rejuvenecida.","og_url":"https:\/\/la-perla.net\/fr\/produit\/diamond-glyco-extreme-peel\/","og_site_name":"Talasoterapia La Perla \u2022 San Sebasti\u00e1n - Donostia","article_publisher":"https:\/\/www.facebook.com\/laperladonosti\/","article_modified_time":"2025-12-01T22:00:25+00:00","og_image":[{"width":1701,"height":1417,"url":"https:\/\/la-perla.net\/wp-content\/uploads\/2020\/10\/diamond-extreme-peel.jpg","type":"image\/jpeg"}],"twitter_card":"summary_large_image","twitter_site":"@LaPerlaDonosti","twitter_misc":{"Dur\u00e9e de lecture estim\u00e9e":"1 minute"},"schema":{"@context":"https:\/\/schema.org","@graph":[{"@type":"WebPage","@id":"https:\/\/la-perla.net\/fr\/produit\/diamond-glyco-extreme-peel\/","url":"https:\/\/la-perla.net\/fr\/produit\/diamond-glyco-extreme-peel\/","name":"Diamond Glyco Extreme Peel - Talasoterapia La Perla \u2022 San Sebasti\u00e1n - Donostia","isPartOf":{"@id":"https:\/\/la-perla.net\/#website"},"primaryImageOfPage":{"@id":"https:\/\/la-perla.net\/fr\/produit\/diamond-glyco-extreme-peel\/#primaryimage"},"image":{"@id":"https:\/\/la-perla.net\/fr\/produit\/diamond-glyco-extreme-peel\/#primaryimage"},"thumbnailUrl":"https:\/\/la-perla.net\/wp-content\/uploads\/2020\/10\/diamond-extreme-peel.jpg","datePublished":"2021-08-11T08:22:52+00:00","dateModified":"2025-12-01T22:00:25+00:00","breadcrumb":{"@id":"https:\/\/la-perla.net\/fr\/produit\/diamond-glyco-extreme-peel\/#breadcrumb"},"inLanguage":"fr-FR","potentialAction":[{"@type":"ReadAction","target":["https:\/\/la-perla.net\/fr\/produit\/diamond-glyco-extreme-peel\/"]}]},{"@type":"ImageObject","inLanguage":"fr-FR","@id":"https:\/\/la-perla.net\/fr\/produit\/diamond-glyco-extreme-peel\/#primaryimage","url":"https:\/\/la-perla.net\/wp-content\/uploads\/2020\/10\/diamond-extreme-peel.jpg","contentUrl":"https:\/\/la-perla.net\/wp-content\/uploads\/2020\/10\/diamond-extreme-peel.jpg","width":1701,"height":1417},{"@type":"BreadcrumbList","@id":"https:\/\/la-perla.net\/fr\/produit\/diamond-glyco-extreme-peel\/#breadcrumb","itemListElement":[{"@type":"ListItem","position":1,"name":"Portada","item":"https:\/\/la-perla.net\/fr\/"},{"@type":"ListItem","position":2,"name":"Boutique","item":"https:\/\/la-perla.net\/fr\/boutique\/"},{"@type":"ListItem","position":3,"name":"Diamond Glyco Extreme Peel"}]},{"@type":"WebSite","@id":"https:\/\/la-perla.net\/#website","url":"https:\/\/la-perla.net\/","name":"Talasoterapia La Perla \u2022 San Sebasti\u00e1n - Donostia","description":"Talasoterapia en Guipuzcoa - Centro de salud, belleza y deporte","publisher":{"@id":"https:\/\/la-perla.net\/#organization"},"potentialAction":[{"@type":"SearchAction","target":{"@type":"EntryPoint","urlTemplate":"https:\/\/la-perla.net\/?s={search_term_string}"},"query-input":{"@type":"PropertyValueSpecification","valueRequired":true,"valueName":"search_term_string"}}],"inLanguage":"fr-FR"},{"@type":"Organization","@id":"https:\/\/la-perla.net\/#organization","name":"La Perla","url":"https:\/\/la-perla.net\/","logo":{"@type":"ImageObject","inLanguage":"fr-FR","@id":"https:\/\/la-perla.net\/#\/schema\/logo\/image\/","url":"https:\/\/la-perla.net\/wp-content\/uploads\/2020\/09\/talasoterapia-la-perla.png","contentUrl":"https:\/\/la-perla.net\/wp-content\/uploads\/2020\/09\/talasoterapia-la-perla.png","width":191,"height":51,"caption":"La Perla"},"image":{"@id":"https:\/\/la-perla.net\/#\/schema\/logo\/image\/"},"sameAs":["https:\/\/www.facebook.com\/laperladonosti\/","https:\/\/x.com\/LaPerlaDonosti","https:\/\/www.instagram.com\/laperladonosti\/?hl=es","https:\/\/www.youtube.com\/channel\/UChQhp12N7Lg6ZrOcmAJAy4g"]}]}},"_links":{"self":[{"href":"https:\/\/la-perla.net\/fr\/wp-json\/wp\/v2\/product\/71787"}],"collection":[{"href":"https:\/\/la-perla.net\/fr\/wp-json\/wp\/v2\/product"}],"about":[{"href":"https:\/\/la-perla.net\/fr\/wp-json\/wp\/v2\/types\/product"}],"wp:featuredmedia":[{"embeddable":true,"href":"https:\/\/la-perla.net\/fr\/wp-json\/wp\/v2\/media\/64827"}],"wp:attachment":[{"href":"https:\/\/la-perla.net\/fr\/wp-json\/wp\/v2\/media?parent=71787"}],"wp:term":[{"taxonomy":"product_brand","embeddable":true,"href":"https:\/\/la-perla.net\/fr\/wp-json\/wp\/v2\/product_brand?post=71787"},{"taxonomy":"product_cat","embeddable":true,"href":"https:\/\/la-perla.net\/fr\/wp-json\/wp\/v2\/product_cat?post=71787"},{"taxonomy":"product_tag","embeddable":true,"href":"https:\/\/la-perla.net\/fr\/wp-json\/wp\/v2\/product_tag?post=71787"}],"curies":[{"name":"wp","href":"https:\/\/api.w.org\/{rel}","templated":true}]}}