{"id":71809,"date":"2020-10-26T15:59:27","date_gmt":"2020-10-26T14:59:27","guid":{"rendered":"https:\/\/la-perla.net\/san-sebastian\/crema-antiestrias-reafirmante\/"},"modified":"2025-12-01T23:00:12","modified_gmt":"2025-12-01T22:00:12","slug":"baume-anti-vergetures-raffermissant","status":"publish","type":"product","link":"https:\/\/la-perla.net\/fr\/produit\/baume-anti-vergetures-raffermissant\/","title":{"rendered":"Cr\u00e8me anti-vergetures raffermissante"},"content":{"rendered":"<p>Pendant la maternit\u00e9, vous allez donner de vous-m\u00eame plus de ce que vous pourriez croire possible. Cependant, pour h\u00e9berger ce magnifique miracle qui pousse en vous, votre peau donnera \u00e9galement le meilleur d\u2019elle-m\u00eame. Pour cela, nous vous pr\u00e9sentons cette cr\u00e8me \u00e0 double action tr\u00e8s efficace, unique sur le march\u00e9. En plus d\u2019emp\u00eacher la formation de vergetures et de r\u00e9duire celles existantes, cette cr\u00e8me renforce la fermet\u00e9 de la peau pour \u00e9viter le rel\u00e2chement et prend soin de vous pendant et apr\u00e8s la grossesse. Parce que l\u2019amour pour votre enfant n\u2019a pas de limites, mais votre peau, si.<\/p>\n<ul>\n<li>Elle emp\u00eache l\u2019apparition de vergetures et r\u00e9duit celles existantes de plus de 27%*.<\/li>\n<li>Elle augmente la fermet\u00e9 de la peau de plus de 53%*.<\/li>\n<li>Elle augmente le collag\u00e8ne de plus de 115%*.<\/li>\n<li>Indiqu\u00e9 pendant et apr\u00e8s la grossesse.<\/li>\n<li>Avec des ingr\u00e9dients de neurocosm\u00e9tique qui aident \u00e0 r\u00e9duire le stress et les niveaux de cortisol et \u00e0 augmenter votre bonheur.<\/li>\n<li>Elle comprend des pr\u00e9biotiques qui contribuent \u00e0 la bonne sant\u00e9 de la peau en restaurant l\u2019\u00e9quilibre microbiologique.<\/li>\n<\/ul>\n<p>*Resultats Test cliniques des actifs.<\/p>\n<p><strong>Mode d\u2019emploi<\/strong><\/p>\n<p>\u00c9talez la cr\u00e8me avec un doux massage sur l\u2019abdomen (depuis le pubis jusqu\u2019en dessous la poitrine), les c\u00f4t\u00e9s, les hanches et la zone sup\u00e9rieure du fessier. Nous vous recommandons de l\u2019utiliser quotidiennement, au moins une fois par jour pendant les cinq premiers mois et toutes les fois que vous voudrez selon la taille de votre ventre, pour vous apporter plus de confort. <\/p>\n<p><strong>Elle ne contient aucun :<\/strong><\/p>\n<ul>\n<li>Parab\u00e8ne<\/li>\n<li>Produit p\u00e9trochimique<\/li>\n<li>Parfum Synth\u00e9tique<\/li>\n<li>Substance susceptible d\u2019\u00eatre nocive<\/li>\n<\/ul>\n","protected":false},"excerpt":{"rendered":"<p style=\"text-align: left;\">Cr\u00e8me \u00e0 double action tr\u00e8s efficace, unique sur le march\u00e9. En plus d\u2019emp\u00eacher la formation de vergetures et de r\u00e9duire celles existantes, cette cr\u00e8me renforce la fermet\u00e9 de la peau pour \u00e9viter le rel\u00e2chement et prend soin de votre peau tout le temps que vous voudrez \u00e0 partir des premi\u00e8res semaines.<\/p>\n<p style=\"text-align: left;\"><span style=\"color: #808080;\">150 ml<\/span><\/p>\n","protected":false},"featured_media":54263,"template":"","meta":{"_genesis_hide_title":false,"_genesis_hide_breadcrumbs":false,"_genesis_hide_singular_image":false,"_genesis_hide_footer_widgets":false,"_genesis_custom_body_class":"","_genesis_custom_post_class":"","_genesis_layout":""},"product_brand":[],"product_cat":[1089],"product_tag":[],"class_list":{"0":"post-71809","1":"product","2":"type-product","3":"status-publish","4":"has-post-thumbnail","6":"product_cat-meandme-fr","7":"entry","9":"first","10":"instock","11":"shipping-taxable","12":"purchasable","13":"product-type-simple"},"yoast_head":"<!-- This site is optimized with the Yoast SEO plugin v25.6 - https:\/\/yoast.com\/wordpress\/plugins\/seo\/ -->\n<title>Haute efficacit\u00e9 pour pr\u00e9venir les vergetures pendant et apr\u00e8s la grossesse.<\/title>\n<meta name=\"description\" content=\"La grossesse est un moment pour vous et pour prendre soin de vous. La cr\u00e8me raffermissante anti-vergetures est tr\u00e8s efficace pour que votre peau ne souffre pas de...\" \/>\n<meta name=\"robots\" content=\"index, follow, max-snippet:-1, max-image-preview:large, max-video-preview:-1\" \/>\n<link rel=\"canonical\" href=\"https:\/\/la-perla.net\/produit\/crema-antiestrias-reafirmante\/\" \/>\n<meta property=\"og:locale\" content=\"fr_FR\" \/>\n<meta property=\"og:type\" content=\"article\" \/>\n<meta property=\"og:title\" content=\"Haute efficacit\u00e9 pour pr\u00e9venir les vergetures pendant et apr\u00e8s la grossesse.\" \/>\n<meta property=\"og:description\" content=\"La grossesse est un moment pour vous et pour prendre soin de vous. La cr\u00e8me raffermissante anti-vergetures est tr\u00e8s efficace pour que votre peau ne souffre pas de...\" \/>\n<meta property=\"og:url\" content=\"https:\/\/la-perla.net\/produit\/crema-antiestrias-reafirmante\/\" \/>\n<meta property=\"og:site_name\" content=\"Talasoterapia La Perla \u2022 San Sebasti\u00e1n - Donostia\" \/>\n<meta property=\"article:publisher\" content=\"https:\/\/www.facebook.com\/laperladonosti\/\" \/>\n<meta property=\"article:modified_time\" content=\"2025-12-01T22:00:12+00:00\" \/>\n<meta property=\"og:image\" content=\"https:\/\/la-perla.net\/wp-content\/uploads\/2019\/11\/ME-AND-ME_crema-antiestr\u00edas-reafirmante-fondo-blanco.jpg\" \/>\n\t<meta property=\"og:image:width\" content=\"2560\" \/>\n\t<meta property=\"og:image:height\" content=\"1800\" \/>\n\t<meta property=\"og:image:type\" content=\"image\/jpeg\" \/>\n<meta name=\"twitter:card\" content=\"summary_large_image\" \/>\n<meta name=\"twitter:site\" content=\"@LaPerlaDonosti\" \/>\n<meta name=\"twitter:label1\" content=\"Dur\u00e9e de lecture estim\u00e9e\" \/>\n\t<meta name=\"twitter:data1\" content=\"1 minute\" \/>\n<script type=\"application\/ld+json\" class=\"yoast-schema-graph\">{\"@context\":\"https:\/\/schema.org\",\"@graph\":[{\"@type\":\"WebPage\",\"@id\":\"https:\/\/la-perla.net\/produit\/crema-antiestrias-reafirmante\/\",\"url\":\"https:\/\/la-perla.net\/produit\/crema-antiestrias-reafirmante\/\",\"name\":\"Haute efficacit\u00e9 pour pr\u00e9venir les vergetures pendant et apr\u00e8s la grossesse.\",\"isPartOf\":{\"@id\":\"https:\/\/la-perla.net\/#website\"},\"primaryImageOfPage\":{\"@id\":\"https:\/\/la-perla.net\/produit\/crema-antiestrias-reafirmante\/#primaryimage\"},\"image\":{\"@id\":\"https:\/\/la-perla.net\/produit\/crema-antiestrias-reafirmante\/#primaryimage\"},\"thumbnailUrl\":\"https:\/\/la-perla.net\/wp-content\/uploads\/2019\/11\/ME-AND-ME_crema-antiestr\u00edas-reafirmante-fondo-blanco.jpg\",\"datePublished\":\"2020-10-26T14:59:27+00:00\",\"dateModified\":\"2025-12-01T22:00:12+00:00\",\"description\":\"La grossesse est un moment pour vous et pour prendre soin de vous. La cr\u00e8me raffermissante anti-vergetures est tr\u00e8s efficace pour que votre peau ne souffre pas de...\",\"breadcrumb\":{\"@id\":\"https:\/\/la-perla.net\/produit\/crema-antiestrias-reafirmante\/#breadcrumb\"},\"inLanguage\":\"fr-FR\",\"potentialAction\":[{\"@type\":\"ReadAction\",\"target\":[\"https:\/\/la-perla.net\/produit\/crema-antiestrias-reafirmante\/\"]}]},{\"@type\":\"ImageObject\",\"inLanguage\":\"fr-FR\",\"@id\":\"https:\/\/la-perla.net\/produit\/crema-antiestrias-reafirmante\/#primaryimage\",\"url\":\"https:\/\/la-perla.net\/wp-content\/uploads\/2019\/11\/ME-AND-ME_crema-antiestr\u00edas-reafirmante-fondo-blanco.jpg\",\"contentUrl\":\"https:\/\/la-perla.net\/wp-content\/uploads\/2019\/11\/ME-AND-ME_crema-antiestr\u00edas-reafirmante-fondo-blanco.jpg\",\"width\":2560,\"height\":1800},{\"@type\":\"BreadcrumbList\",\"@id\":\"https:\/\/la-perla.net\/produit\/crema-antiestrias-reafirmante\/#breadcrumb\",\"itemListElement\":[{\"@type\":\"ListItem\",\"position\":1,\"name\":\"Portada\",\"item\":\"https:\/\/la-perla.net\/fr\/\"},{\"@type\":\"ListItem\",\"position\":2,\"name\":\"Boutique\",\"item\":\"https:\/\/la-perla.net\/fr\/boutique\/\"},{\"@type\":\"ListItem\",\"position\":3,\"name\":\"Cr\u00e8me anti-vergetures raffermissante\"}]},{\"@type\":\"WebSite\",\"@id\":\"https:\/\/la-perla.net\/#website\",\"url\":\"https:\/\/la-perla.net\/\",\"name\":\"Talasoterapia La Perla \u2022 San Sebasti\u00e1n - Donostia\",\"description\":\"Talasoterapia en Guipuzcoa - Centro de salud, belleza y deporte\",\"publisher\":{\"@id\":\"https:\/\/la-perla.net\/#organization\"},\"potentialAction\":[{\"@type\":\"SearchAction\",\"target\":{\"@type\":\"EntryPoint\",\"urlTemplate\":\"https:\/\/la-perla.net\/?s={search_term_string}\"},\"query-input\":{\"@type\":\"PropertyValueSpecification\",\"valueRequired\":true,\"valueName\":\"search_term_string\"}}],\"inLanguage\":\"fr-FR\"},{\"@type\":\"Organization\",\"@id\":\"https:\/\/la-perla.net\/#organization\",\"name\":\"La Perla\",\"url\":\"https:\/\/la-perla.net\/\",\"logo\":{\"@type\":\"ImageObject\",\"inLanguage\":\"fr-FR\",\"@id\":\"https:\/\/la-perla.net\/#\/schema\/logo\/image\/\",\"url\":\"https:\/\/la-perla.net\/wp-content\/uploads\/2020\/09\/talasoterapia-la-perla.png\",\"contentUrl\":\"https:\/\/la-perla.net\/wp-content\/uploads\/2020\/09\/talasoterapia-la-perla.png\",\"width\":191,\"height\":51,\"caption\":\"La Perla\"},\"image\":{\"@id\":\"https:\/\/la-perla.net\/#\/schema\/logo\/image\/\"},\"sameAs\":[\"https:\/\/www.facebook.com\/laperladonosti\/\",\"https:\/\/x.com\/LaPerlaDonosti\",\"https:\/\/www.instagram.com\/laperladonosti\/?hl=es\",\"https:\/\/www.youtube.com\/channel\/UChQhp12N7Lg6ZrOcmAJAy4g\"]}]}<\/script>\n<!-- \/ Yoast SEO plugin. -->","yoast_head_json":{"title":"Haute efficacit\u00e9 pour pr\u00e9venir les vergetures pendant et apr\u00e8s la grossesse.","description":"La grossesse est un moment pour vous et pour prendre soin de vous. La cr\u00e8me raffermissante anti-vergetures est tr\u00e8s efficace pour que votre peau ne souffre pas de...","robots":{"index":"index","follow":"follow","max-snippet":"max-snippet:-1","max-image-preview":"max-image-preview:large","max-video-preview":"max-video-preview:-1"},"canonical":"https:\/\/la-perla.net\/produit\/crema-antiestrias-reafirmante\/","og_locale":"fr_FR","og_type":"article","og_title":"Haute efficacit\u00e9 pour pr\u00e9venir les vergetures pendant et apr\u00e8s la grossesse.","og_description":"La grossesse est un moment pour vous et pour prendre soin de vous. La cr\u00e8me raffermissante anti-vergetures est tr\u00e8s efficace pour que votre peau ne souffre pas de...","og_url":"https:\/\/la-perla.net\/produit\/crema-antiestrias-reafirmante\/","og_site_name":"Talasoterapia La Perla \u2022 San Sebasti\u00e1n - Donostia","article_publisher":"https:\/\/www.facebook.com\/laperladonosti\/","article_modified_time":"2025-12-01T22:00:12+00:00","og_image":[{"width":2560,"height":1800,"url":"https:\/\/la-perla.net\/wp-content\/uploads\/2019\/11\/ME-AND-ME_crema-antiestr\u00edas-reafirmante-fondo-blanco.jpg","type":"image\/jpeg"}],"twitter_card":"summary_large_image","twitter_site":"@LaPerlaDonosti","twitter_misc":{"Dur\u00e9e de lecture estim\u00e9e":"1 minute"},"schema":{"@context":"https:\/\/schema.org","@graph":[{"@type":"WebPage","@id":"https:\/\/la-perla.net\/produit\/crema-antiestrias-reafirmante\/","url":"https:\/\/la-perla.net\/produit\/crema-antiestrias-reafirmante\/","name":"Haute efficacit\u00e9 pour pr\u00e9venir les vergetures pendant et apr\u00e8s la grossesse.","isPartOf":{"@id":"https:\/\/la-perla.net\/#website"},"primaryImageOfPage":{"@id":"https:\/\/la-perla.net\/produit\/crema-antiestrias-reafirmante\/#primaryimage"},"image":{"@id":"https:\/\/la-perla.net\/produit\/crema-antiestrias-reafirmante\/#primaryimage"},"thumbnailUrl":"https:\/\/la-perla.net\/wp-content\/uploads\/2019\/11\/ME-AND-ME_crema-antiestr\u00edas-reafirmante-fondo-blanco.jpg","datePublished":"2020-10-26T14:59:27+00:00","dateModified":"2025-12-01T22:00:12+00:00","description":"La grossesse est un moment pour vous et pour prendre soin de vous. La cr\u00e8me raffermissante anti-vergetures est tr\u00e8s efficace pour que votre peau ne souffre pas de...","breadcrumb":{"@id":"https:\/\/la-perla.net\/produit\/crema-antiestrias-reafirmante\/#breadcrumb"},"inLanguage":"fr-FR","potentialAction":[{"@type":"ReadAction","target":["https:\/\/la-perla.net\/produit\/crema-antiestrias-reafirmante\/"]}]},{"@type":"ImageObject","inLanguage":"fr-FR","@id":"https:\/\/la-perla.net\/produit\/crema-antiestrias-reafirmante\/#primaryimage","url":"https:\/\/la-perla.net\/wp-content\/uploads\/2019\/11\/ME-AND-ME_crema-antiestr\u00edas-reafirmante-fondo-blanco.jpg","contentUrl":"https:\/\/la-perla.net\/wp-content\/uploads\/2019\/11\/ME-AND-ME_crema-antiestr\u00edas-reafirmante-fondo-blanco.jpg","width":2560,"height":1800},{"@type":"BreadcrumbList","@id":"https:\/\/la-perla.net\/produit\/crema-antiestrias-reafirmante\/#breadcrumb","itemListElement":[{"@type":"ListItem","position":1,"name":"Portada","item":"https:\/\/la-perla.net\/fr\/"},{"@type":"ListItem","position":2,"name":"Boutique","item":"https:\/\/la-perla.net\/fr\/boutique\/"},{"@type":"ListItem","position":3,"name":"Cr\u00e8me anti-vergetures raffermissante"}]},{"@type":"WebSite","@id":"https:\/\/la-perla.net\/#website","url":"https:\/\/la-perla.net\/","name":"Talasoterapia La Perla \u2022 San Sebasti\u00e1n - Donostia","description":"Talasoterapia en Guipuzcoa - Centro de salud, belleza y deporte","publisher":{"@id":"https:\/\/la-perla.net\/#organization"},"potentialAction":[{"@type":"SearchAction","target":{"@type":"EntryPoint","urlTemplate":"https:\/\/la-perla.net\/?s={search_term_string}"},"query-input":{"@type":"PropertyValueSpecification","valueRequired":true,"valueName":"search_term_string"}}],"inLanguage":"fr-FR"},{"@type":"Organization","@id":"https:\/\/la-perla.net\/#organization","name":"La Perla","url":"https:\/\/la-perla.net\/","logo":{"@type":"ImageObject","inLanguage":"fr-FR","@id":"https:\/\/la-perla.net\/#\/schema\/logo\/image\/","url":"https:\/\/la-perla.net\/wp-content\/uploads\/2020\/09\/talasoterapia-la-perla.png","contentUrl":"https:\/\/la-perla.net\/wp-content\/uploads\/2020\/09\/talasoterapia-la-perla.png","width":191,"height":51,"caption":"La Perla"},"image":{"@id":"https:\/\/la-perla.net\/#\/schema\/logo\/image\/"},"sameAs":["https:\/\/www.facebook.com\/laperladonosti\/","https:\/\/x.com\/LaPerlaDonosti","https:\/\/www.instagram.com\/laperladonosti\/?hl=es","https:\/\/www.youtube.com\/channel\/UChQhp12N7Lg6ZrOcmAJAy4g"]}]}},"_links":{"self":[{"href":"https:\/\/la-perla.net\/fr\/wp-json\/wp\/v2\/product\/71809"}],"collection":[{"href":"https:\/\/la-perla.net\/fr\/wp-json\/wp\/v2\/product"}],"about":[{"href":"https:\/\/la-perla.net\/fr\/wp-json\/wp\/v2\/types\/product"}],"wp:featuredmedia":[{"embeddable":true,"href":"https:\/\/la-perla.net\/fr\/wp-json\/wp\/v2\/media\/54263"}],"wp:attachment":[{"href":"https:\/\/la-perla.net\/fr\/wp-json\/wp\/v2\/media?parent=71809"}],"wp:term":[{"taxonomy":"product_brand","embeddable":true,"href":"https:\/\/la-perla.net\/fr\/wp-json\/wp\/v2\/product_brand?post=71809"},{"taxonomy":"product_cat","embeddable":true,"href":"https:\/\/la-perla.net\/fr\/wp-json\/wp\/v2\/product_cat?post=71809"},{"taxonomy":"product_tag","embeddable":true,"href":"https:\/\/la-perla.net\/fr\/wp-json\/wp\/v2\/product_tag?post=71809"}],"curies":[{"name":"wp","href":"https:\/\/api.w.org\/{rel}","templated":true}]}}