{"id":71812,"date":"2020-10-26T15:44:20","date_gmt":"2020-10-26T14:44:20","guid":{"rendered":"https:\/\/la-perla.net\/san-sebastian\/concentrado-anticelulitico-reafirmante\/"},"modified":"2025-12-01T23:00:13","modified_gmt":"2025-12-01T22:00:13","slug":"concentre-anti-vergetures-raffermissant","status":"publish","type":"product","link":"https:\/\/la-perla.net\/fr\/produit\/concentre-anti-vergetures-raffermissant\/","title":{"rendered":"Concentr\u00e9 anti-vergetures raffermissant"},"content":{"rendered":"<ul>\n<li>Il att\u00e9nue l\u2019aspect de la cellulite de plus de 38%*.<\/li>\n<li>Il stimule l\u2019\u00e9limination de graisse (lipolyse) de plus de 60%*.<\/li>\n<li>Il am\u00e9liore la fermet\u00e9 de la peau et stimule la synth\u00e8se d\u2019\u00e9lastine.<\/li>\n<li>Il r\u00e9duit l\u2019\u00e9paisseur des vergetures de plus de 22%*.<\/li>\n<li>Sp\u00e9cialement indiqu\u00e9 pendant et apr\u00e8s la grossesse.<\/li>\n<li>Compatible avec l\u2019allaitement.<\/li>\n<li>Antipolluant et protecteur de la peau sous diff\u00e9rents climats.<\/li>\n<li>Avec des ingr\u00e9dients de neurocosm\u00e9tique qui aident \u00e0 r\u00e9duire le stress et le niveau de cortisol et \u00e0 accroitre le sentiment de bonheur.<\/li>\n<li>Avec des pr\u00e9biotiques qui favorisent la bonne sant\u00e9 de la peau en restaurant l\u2019\u00e9quilibre microbiologique.<\/li>\n<\/ul>\n<p>* R\u00e9sultats Tests cliniques des actifs.<\/p>\n<p><strong>Mode d\u2019emploi<\/strong><\/p>\n<p>Massez la peau propre des cuisses jusqu&rsquo;\u00e0 ce que le produit soit compl\u00e8tement absorb\u00e9. Comme il s\u2019agit d\u2019un concentr\u00e9, vous n\u2019aurez pas besoin d\u2019une grande quantit\u00e9. Appliquez-le 1 ou 2 fois par jour pendant la grossesse et l\u2019allaitement. <\/p>\n<p>Lavez-vous les mains pour \u00e9liminer les r\u00e9sidus qui pourraient y rester, surtout avant l\u2019application de la cr\u00e8me anti-vergeture et le baume pour la poitrine.<\/p>\n<p><strong>Il ne contient aucun :<\/strong><\/p>\n<ul>\n<li>Parab\u00e8ne <\/li>\n<li>Produit p\u00e9trochimique <\/li>\n<li>Parfum Synth\u00e9tique <\/li>\n<li>Substance susceptible d\u2019\u00eatre nocive <\/li>\n<\/ul>\n","protected":false},"excerpt":{"rendered":"<p style=\"text-align: left;\">Nouvelle cr\u00e8me concentr\u00e9e \u00ab triple action \u00bb qui vous aidera \u00e0 r\u00e9duire la cellulite sur tous les fronts : volume, fermet\u00e9 et anti-vergetures. Sp\u00e9cialement con\u00e7ue pour prendre soin de vous pendant la grossesse et tout au long de cette merveilleuse aventure d\u2019\u00eatre maman.<br \/>\n.<\/p>\n<p style=\"text-align: left;\"><span style=\"color: #808080;\">150 ml<\/span><\/p>\n","protected":false},"featured_media":54271,"template":"","meta":{"_genesis_hide_title":false,"_genesis_hide_breadcrumbs":false,"_genesis_hide_singular_image":false,"_genesis_hide_footer_widgets":false,"_genesis_custom_body_class":"","_genesis_custom_post_class":"","_genesis_layout":""},"product_brand":[],"product_cat":[1089],"product_tag":[],"class_list":{"0":"post-71812","1":"product","2":"type-product","3":"status-publish","4":"has-post-thumbnail","6":"product_cat-meandme-fr","7":"entry","9":"first","10":"instock","11":"shipping-taxable","12":"purchasable","13":"product-type-simple"},"yoast_head":"<!-- This site is optimized with the Yoast SEO plugin v25.6 - https:\/\/yoast.com\/wordpress\/plugins\/seo\/ -->\n<title>Concentr\u00e9 anti-vergetures raffermissant - Talasoterapia La Perla \u2022 San Sebasti\u00e1n - Donostia<\/title>\n<meta name=\"robots\" content=\"index, follow, max-snippet:-1, max-image-preview:large, max-video-preview:-1\" \/>\n<link rel=\"canonical\" href=\"https:\/\/la-perla.net\/produit\/concentrado-anticelulitico-reafirmante\/\" \/>\n<meta property=\"og:locale\" content=\"fr_FR\" \/>\n<meta property=\"og:type\" content=\"article\" \/>\n<meta property=\"og:title\" content=\"Concentr\u00e9 anti-vergetures raffermissant - Talasoterapia La Perla \u2022 San Sebasti\u00e1n - Donostia\" \/>\n<meta property=\"og:description\" content=\"Nouvelle cr\u00e8me concentr\u00e9e \u00ab triple action \u00bb qui vous aidera \u00e0 r\u00e9duire la cellulite sur tous les fronts : volume, fermet\u00e9 et anti-vergetures. Sp\u00e9cialement con\u00e7ue pour prendre soin de vous pendant la grossesse et tout au long de cette merveilleuse aventure d\u2019\u00eatre maman. . 150 ml\" \/>\n<meta property=\"og:url\" content=\"https:\/\/la-perla.net\/produit\/concentrado-anticelulitico-reafirmante\/\" \/>\n<meta property=\"og:site_name\" content=\"Talasoterapia La Perla \u2022 San Sebasti\u00e1n - Donostia\" \/>\n<meta property=\"article:publisher\" content=\"https:\/\/www.facebook.com\/laperladonosti\/\" \/>\n<meta property=\"article:modified_time\" content=\"2025-12-01T22:00:13+00:00\" \/>\n<meta property=\"og:image\" content=\"https:\/\/la-perla.net\/wp-content\/uploads\/2019\/11\/ME-AND-ME_concentrado-anticelul\u00edtico-reafirmante-fondo-blanco.jpg\" \/>\n\t<meta property=\"og:image:width\" content=\"2560\" \/>\n\t<meta property=\"og:image:height\" content=\"1800\" \/>\n\t<meta property=\"og:image:type\" content=\"image\/jpeg\" \/>\n<meta name=\"twitter:card\" content=\"summary_large_image\" \/>\n<meta name=\"twitter:site\" content=\"@LaPerlaDonosti\" \/>\n<meta name=\"twitter:label1\" content=\"Dur\u00e9e de lecture estim\u00e9e\" \/>\n\t<meta name=\"twitter:data1\" content=\"1 minute\" \/>\n<script type=\"application\/ld+json\" class=\"yoast-schema-graph\">{\"@context\":\"https:\/\/schema.org\",\"@graph\":[{\"@type\":\"WebPage\",\"@id\":\"https:\/\/la-perla.net\/produit\/concentrado-anticelulitico-reafirmante\/\",\"url\":\"https:\/\/la-perla.net\/produit\/concentrado-anticelulitico-reafirmante\/\",\"name\":\"Concentr\u00e9 anti-vergetures raffermissant - Talasoterapia La Perla \u2022 San Sebasti\u00e1n - Donostia\",\"isPartOf\":{\"@id\":\"https:\/\/la-perla.net\/#website\"},\"primaryImageOfPage\":{\"@id\":\"https:\/\/la-perla.net\/produit\/concentrado-anticelulitico-reafirmante\/#primaryimage\"},\"image\":{\"@id\":\"https:\/\/la-perla.net\/produit\/concentrado-anticelulitico-reafirmante\/#primaryimage\"},\"thumbnailUrl\":\"https:\/\/la-perla.net\/wp-content\/uploads\/2019\/11\/ME-AND-ME_concentrado-anticelul\u00edtico-reafirmante-fondo-blanco.jpg\",\"datePublished\":\"2020-10-26T14:44:20+00:00\",\"dateModified\":\"2025-12-01T22:00:13+00:00\",\"breadcrumb\":{\"@id\":\"https:\/\/la-perla.net\/produit\/concentrado-anticelulitico-reafirmante\/#breadcrumb\"},\"inLanguage\":\"fr-FR\",\"potentialAction\":[{\"@type\":\"ReadAction\",\"target\":[\"https:\/\/la-perla.net\/produit\/concentrado-anticelulitico-reafirmante\/\"]}]},{\"@type\":\"ImageObject\",\"inLanguage\":\"fr-FR\",\"@id\":\"https:\/\/la-perla.net\/produit\/concentrado-anticelulitico-reafirmante\/#primaryimage\",\"url\":\"https:\/\/la-perla.net\/wp-content\/uploads\/2019\/11\/ME-AND-ME_concentrado-anticelul\u00edtico-reafirmante-fondo-blanco.jpg\",\"contentUrl\":\"https:\/\/la-perla.net\/wp-content\/uploads\/2019\/11\/ME-AND-ME_concentrado-anticelul\u00edtico-reafirmante-fondo-blanco.jpg\",\"width\":2560,\"height\":1800},{\"@type\":\"BreadcrumbList\",\"@id\":\"https:\/\/la-perla.net\/produit\/concentrado-anticelulitico-reafirmante\/#breadcrumb\",\"itemListElement\":[{\"@type\":\"ListItem\",\"position\":1,\"name\":\"Portada\",\"item\":\"https:\/\/la-perla.net\/fr\/\"},{\"@type\":\"ListItem\",\"position\":2,\"name\":\"Boutique\",\"item\":\"https:\/\/la-perla.net\/fr\/boutique\/\"},{\"@type\":\"ListItem\",\"position\":3,\"name\":\"Concentr\u00e9 anti-vergetures raffermissant\"}]},{\"@type\":\"WebSite\",\"@id\":\"https:\/\/la-perla.net\/#website\",\"url\":\"https:\/\/la-perla.net\/\",\"name\":\"Talasoterapia La Perla \u2022 San Sebasti\u00e1n - Donostia\",\"description\":\"Talasoterapia en Guipuzcoa - Centro de salud, belleza y deporte\",\"publisher\":{\"@id\":\"https:\/\/la-perla.net\/#organization\"},\"potentialAction\":[{\"@type\":\"SearchAction\",\"target\":{\"@type\":\"EntryPoint\",\"urlTemplate\":\"https:\/\/la-perla.net\/?s={search_term_string}\"},\"query-input\":{\"@type\":\"PropertyValueSpecification\",\"valueRequired\":true,\"valueName\":\"search_term_string\"}}],\"inLanguage\":\"fr-FR\"},{\"@type\":\"Organization\",\"@id\":\"https:\/\/la-perla.net\/#organization\",\"name\":\"La Perla\",\"url\":\"https:\/\/la-perla.net\/\",\"logo\":{\"@type\":\"ImageObject\",\"inLanguage\":\"fr-FR\",\"@id\":\"https:\/\/la-perla.net\/#\/schema\/logo\/image\/\",\"url\":\"https:\/\/la-perla.net\/wp-content\/uploads\/2020\/09\/talasoterapia-la-perla.png\",\"contentUrl\":\"https:\/\/la-perla.net\/wp-content\/uploads\/2020\/09\/talasoterapia-la-perla.png\",\"width\":191,\"height\":51,\"caption\":\"La Perla\"},\"image\":{\"@id\":\"https:\/\/la-perla.net\/#\/schema\/logo\/image\/\"},\"sameAs\":[\"https:\/\/www.facebook.com\/laperladonosti\/\",\"https:\/\/x.com\/LaPerlaDonosti\",\"https:\/\/www.instagram.com\/laperladonosti\/?hl=es\",\"https:\/\/www.youtube.com\/channel\/UChQhp12N7Lg6ZrOcmAJAy4g\"]}]}<\/script>\n<!-- \/ Yoast SEO plugin. -->","yoast_head_json":{"title":"Concentr\u00e9 anti-vergetures raffermissant - Talasoterapia La Perla \u2022 San Sebasti\u00e1n - Donostia","robots":{"index":"index","follow":"follow","max-snippet":"max-snippet:-1","max-image-preview":"max-image-preview:large","max-video-preview":"max-video-preview:-1"},"canonical":"https:\/\/la-perla.net\/produit\/concentrado-anticelulitico-reafirmante\/","og_locale":"fr_FR","og_type":"article","og_title":"Concentr\u00e9 anti-vergetures raffermissant - Talasoterapia La Perla \u2022 San Sebasti\u00e1n - Donostia","og_description":"Nouvelle cr\u00e8me concentr\u00e9e \u00ab triple action \u00bb qui vous aidera \u00e0 r\u00e9duire la cellulite sur tous les fronts : volume, fermet\u00e9 et anti-vergetures. Sp\u00e9cialement con\u00e7ue pour prendre soin de vous pendant la grossesse et tout au long de cette merveilleuse aventure d\u2019\u00eatre maman. . 150 ml","og_url":"https:\/\/la-perla.net\/produit\/concentrado-anticelulitico-reafirmante\/","og_site_name":"Talasoterapia La Perla \u2022 San Sebasti\u00e1n - Donostia","article_publisher":"https:\/\/www.facebook.com\/laperladonosti\/","article_modified_time":"2025-12-01T22:00:13+00:00","og_image":[{"width":2560,"height":1800,"url":"https:\/\/la-perla.net\/wp-content\/uploads\/2019\/11\/ME-AND-ME_concentrado-anticelul\u00edtico-reafirmante-fondo-blanco.jpg","type":"image\/jpeg"}],"twitter_card":"summary_large_image","twitter_site":"@LaPerlaDonosti","twitter_misc":{"Dur\u00e9e de lecture estim\u00e9e":"1 minute"},"schema":{"@context":"https:\/\/schema.org","@graph":[{"@type":"WebPage","@id":"https:\/\/la-perla.net\/produit\/concentrado-anticelulitico-reafirmante\/","url":"https:\/\/la-perla.net\/produit\/concentrado-anticelulitico-reafirmante\/","name":"Concentr\u00e9 anti-vergetures raffermissant - Talasoterapia La Perla \u2022 San Sebasti\u00e1n - Donostia","isPartOf":{"@id":"https:\/\/la-perla.net\/#website"},"primaryImageOfPage":{"@id":"https:\/\/la-perla.net\/produit\/concentrado-anticelulitico-reafirmante\/#primaryimage"},"image":{"@id":"https:\/\/la-perla.net\/produit\/concentrado-anticelulitico-reafirmante\/#primaryimage"},"thumbnailUrl":"https:\/\/la-perla.net\/wp-content\/uploads\/2019\/11\/ME-AND-ME_concentrado-anticelul\u00edtico-reafirmante-fondo-blanco.jpg","datePublished":"2020-10-26T14:44:20+00:00","dateModified":"2025-12-01T22:00:13+00:00","breadcrumb":{"@id":"https:\/\/la-perla.net\/produit\/concentrado-anticelulitico-reafirmante\/#breadcrumb"},"inLanguage":"fr-FR","potentialAction":[{"@type":"ReadAction","target":["https:\/\/la-perla.net\/produit\/concentrado-anticelulitico-reafirmante\/"]}]},{"@type":"ImageObject","inLanguage":"fr-FR","@id":"https:\/\/la-perla.net\/produit\/concentrado-anticelulitico-reafirmante\/#primaryimage","url":"https:\/\/la-perla.net\/wp-content\/uploads\/2019\/11\/ME-AND-ME_concentrado-anticelul\u00edtico-reafirmante-fondo-blanco.jpg","contentUrl":"https:\/\/la-perla.net\/wp-content\/uploads\/2019\/11\/ME-AND-ME_concentrado-anticelul\u00edtico-reafirmante-fondo-blanco.jpg","width":2560,"height":1800},{"@type":"BreadcrumbList","@id":"https:\/\/la-perla.net\/produit\/concentrado-anticelulitico-reafirmante\/#breadcrumb","itemListElement":[{"@type":"ListItem","position":1,"name":"Portada","item":"https:\/\/la-perla.net\/fr\/"},{"@type":"ListItem","position":2,"name":"Boutique","item":"https:\/\/la-perla.net\/fr\/boutique\/"},{"@type":"ListItem","position":3,"name":"Concentr\u00e9 anti-vergetures raffermissant"}]},{"@type":"WebSite","@id":"https:\/\/la-perla.net\/#website","url":"https:\/\/la-perla.net\/","name":"Talasoterapia La Perla \u2022 San Sebasti\u00e1n - Donostia","description":"Talasoterapia en Guipuzcoa - Centro de salud, belleza y deporte","publisher":{"@id":"https:\/\/la-perla.net\/#organization"},"potentialAction":[{"@type":"SearchAction","target":{"@type":"EntryPoint","urlTemplate":"https:\/\/la-perla.net\/?s={search_term_string}"},"query-input":{"@type":"PropertyValueSpecification","valueRequired":true,"valueName":"search_term_string"}}],"inLanguage":"fr-FR"},{"@type":"Organization","@id":"https:\/\/la-perla.net\/#organization","name":"La Perla","url":"https:\/\/la-perla.net\/","logo":{"@type":"ImageObject","inLanguage":"fr-FR","@id":"https:\/\/la-perla.net\/#\/schema\/logo\/image\/","url":"https:\/\/la-perla.net\/wp-content\/uploads\/2020\/09\/talasoterapia-la-perla.png","contentUrl":"https:\/\/la-perla.net\/wp-content\/uploads\/2020\/09\/talasoterapia-la-perla.png","width":191,"height":51,"caption":"La Perla"},"image":{"@id":"https:\/\/la-perla.net\/#\/schema\/logo\/image\/"},"sameAs":["https:\/\/www.facebook.com\/laperladonosti\/","https:\/\/x.com\/LaPerlaDonosti","https:\/\/www.instagram.com\/laperladonosti\/?hl=es","https:\/\/www.youtube.com\/channel\/UChQhp12N7Lg6ZrOcmAJAy4g"]}]}},"_links":{"self":[{"href":"https:\/\/la-perla.net\/fr\/wp-json\/wp\/v2\/product\/71812"}],"collection":[{"href":"https:\/\/la-perla.net\/fr\/wp-json\/wp\/v2\/product"}],"about":[{"href":"https:\/\/la-perla.net\/fr\/wp-json\/wp\/v2\/types\/product"}],"wp:featuredmedia":[{"embeddable":true,"href":"https:\/\/la-perla.net\/fr\/wp-json\/wp\/v2\/media\/54271"}],"wp:attachment":[{"href":"https:\/\/la-perla.net\/fr\/wp-json\/wp\/v2\/media?parent=71812"}],"wp:term":[{"taxonomy":"product_brand","embeddable":true,"href":"https:\/\/la-perla.net\/fr\/wp-json\/wp\/v2\/product_brand?post=71812"},{"taxonomy":"product_cat","embeddable":true,"href":"https:\/\/la-perla.net\/fr\/wp-json\/wp\/v2\/product_cat?post=71812"},{"taxonomy":"product_tag","embeddable":true,"href":"https:\/\/la-perla.net\/fr\/wp-json\/wp\/v2\/product_tag?post=71812"}],"curies":[{"name":"wp","href":"https:\/\/api.w.org\/{rel}","templated":true}]}}