{"id":71814,"date":"2020-10-26T14:43:38","date_gmt":"2020-10-26T13:43:38","guid":{"rendered":"https:\/\/la-perla.net\/san-sebastian\/la-mascarilla-hidro-reafirmante-7-minutos\/"},"modified":"2025-12-01T23:00:10","modified_gmt":"2025-12-01T22:00:10","slug":"masque-hydra-lift-7-minutes","status":"publish","type":"product","link":"https:\/\/la-perla.net\/fr\/produit\/masque-hydra-lift-7-minutes\/","title":{"rendered":"Masque Hydra Lift 7 Minutes"},"content":{"rendered":"<p><strong>Principes actifs<\/strong><\/p>\n<p>Filmog\u00e8ne, hydratant (2,5 fois plus efficace que l\u2019Acide Hyaluronique): Polyquaternium 51<br \/>\nHydratation, r\u00e9tention d\u2019eau : Sodium Lactate<br \/>\nRafraichissant, \u00e9nergisant : Menthyl Lactate<br \/>\nAntioxydant : Vitamine E<\/p>\n<p><strong>Conseils d&rsquo;utilisation<\/strong><\/p>\n<p>Utilisez une fois par semaine pendant quatre semaines, en cure intensive. Retirez et d\u00e9pliez les 2 masques tissus, en \u00f4tant le film protecteur. Appliquez la face gel sur la peau pr\u00e9alablement nettoy\u00e9e, en pla\u00e7ant le masque au niveau des ouvertures pr\u00e9vues pour les yeux, le nez et la bouche. Ensuite, appliquez le masque cou. Laissez agir pendant 7 \u00e0 20 minutes. Retirez les masques, puis massez d\u00e9licatement l\u2019exc\u00e8s de s\u00e9rum jusqu&rsquo;\u00e0 ce que le produit soit compl\u00e8tement absorb\u00e9. Ne rincez pas.<\/p>\n","protected":false},"excerpt":{"rendered":"<p style=\"text-align: left;\">R\u00e9veillez votre peau fatigu\u00e9e avec Le Masque Hydra Lift 7 Minutes. Ce masque tissu r\u00e9volutionnaire pour le visage et le cou, en nanofibres de bio-collag\u00e8ne pur, est un soin haute performance qui revigore instantan\u00e9ment les peaux rel\u00e2ch\u00e9es et fatigu\u00e9es, en manque d\u2019\u00e9nergie. Associant qualit\u00e9 professionnelle et utilisation \u00e0 domicile, il procure un effet seconde peau rafra\u00eechissant, \u00e0 la fois imm\u00e9diatement visible et durable. Il laisse le teint merveilleusement revitalis\u00e9 et \u00e9clatant<\/p>\n<p style=\"text-align: left;\"><span style=\"color: #808080;\">4 Masques Feuilles x 28ml<\/span><\/p>\n","protected":false},"featured_media":122166,"template":"","meta":{"_genesis_hide_title":false,"_genesis_hide_breadcrumbs":false,"_genesis_hide_singular_image":false,"_genesis_hide_footer_widgets":false,"_genesis_custom_body_class":"","_genesis_custom_post_class":"","_genesis_layout":""},"product_brand":[],"product_cat":[1090],"product_tag":[],"class_list":{"0":"post-71814","1":"product","2":"type-product","3":"status-publish","4":"has-post-thumbnail","6":"product_cat-evidens-de-beaute-fr","7":"entry","9":"first","10":"instock","11":"shipping-taxable","12":"purchasable","13":"product-type-simple"},"yoast_head":"<!-- This site is optimized with the Yoast SEO plugin v25.6 - https:\/\/yoast.com\/wordpress\/plugins\/seo\/ -->\n<title>Masque Hydra Lift 7 Minutes - Talasoterapia La Perla \u2022 San Sebasti\u00e1n - Donostia<\/title>\n<meta name=\"robots\" content=\"index, follow, max-snippet:-1, max-image-preview:large, max-video-preview:-1\" \/>\n<link rel=\"canonical\" href=\"https:\/\/la-perla.net\/fr\/produit\/masque-hydra-lift-7-minutes\/\" \/>\n<meta property=\"og:locale\" content=\"fr_FR\" \/>\n<meta property=\"og:type\" content=\"article\" \/>\n<meta property=\"og:title\" content=\"Masque Hydra Lift 7 Minutes - Talasoterapia La Perla \u2022 San Sebasti\u00e1n - Donostia\" \/>\n<meta property=\"og:description\" content=\"R\u00e9veillez votre peau fatigu\u00e9e avec Le Masque Hydra Lift 7 Minutes. Ce masque tissu r\u00e9volutionnaire pour le visage et le cou, en nanofibres de bio-collag\u00e8ne pur, est un soin haute performance qui revigore instantan\u00e9ment les peaux rel\u00e2ch\u00e9es et fatigu\u00e9es, en manque d\u2019\u00e9nergie. Associant qualit\u00e9 professionnelle et utilisation \u00e0 domicile, il procure un effet seconde peau rafra\u00eechissant, \u00e0 la fois imm\u00e9diatement visible et durable. Il laisse le teint merveilleusement revitalis\u00e9 et \u00e9clatant 4 Masques Feuilles x 28ml\" \/>\n<meta property=\"og:url\" content=\"https:\/\/la-perla.net\/fr\/produit\/masque-hydra-lift-7-minutes\/\" \/>\n<meta property=\"og:site_name\" content=\"Talasoterapia La Perla \u2022 San Sebasti\u00e1n - Donostia\" \/>\n<meta property=\"article:publisher\" content=\"https:\/\/www.facebook.com\/laperladonosti\/\" \/>\n<meta property=\"article:modified_time\" content=\"2025-12-01T22:00:10+00:00\" \/>\n<meta property=\"og:image\" content=\"https:\/\/la-perla.net\/wp-content\/uploads\/2020\/10\/mascarilla-hidroreafirmante-7-minutos.jpg\" \/>\n\t<meta property=\"og:image:width\" content=\"1701\" \/>\n\t<meta property=\"og:image:height\" content=\"1417\" \/>\n\t<meta property=\"og:image:type\" content=\"image\/jpeg\" \/>\n<meta name=\"twitter:card\" content=\"summary_large_image\" \/>\n<meta name=\"twitter:site\" content=\"@LaPerlaDonosti\" \/>\n<meta name=\"twitter:label1\" content=\"Dur\u00e9e de lecture estim\u00e9e\" \/>\n\t<meta name=\"twitter:data1\" content=\"1 minute\" \/>\n<script type=\"application\/ld+json\" class=\"yoast-schema-graph\">{\"@context\":\"https:\/\/schema.org\",\"@graph\":[{\"@type\":\"WebPage\",\"@id\":\"https:\/\/la-perla.net\/fr\/produit\/masque-hydra-lift-7-minutes\/\",\"url\":\"https:\/\/la-perla.net\/fr\/produit\/masque-hydra-lift-7-minutes\/\",\"name\":\"Masque Hydra Lift 7 Minutes - Talasoterapia La Perla \u2022 San Sebasti\u00e1n - Donostia\",\"isPartOf\":{\"@id\":\"https:\/\/la-perla.net\/#website\"},\"primaryImageOfPage\":{\"@id\":\"https:\/\/la-perla.net\/fr\/produit\/masque-hydra-lift-7-minutes\/#primaryimage\"},\"image\":{\"@id\":\"https:\/\/la-perla.net\/fr\/produit\/masque-hydra-lift-7-minutes\/#primaryimage\"},\"thumbnailUrl\":\"https:\/\/la-perla.net\/wp-content\/uploads\/2020\/10\/mascarilla-hidroreafirmante-7-minutos.jpg\",\"datePublished\":\"2020-10-26T13:43:38+00:00\",\"dateModified\":\"2025-12-01T22:00:10+00:00\",\"breadcrumb\":{\"@id\":\"https:\/\/la-perla.net\/fr\/produit\/masque-hydra-lift-7-minutes\/#breadcrumb\"},\"inLanguage\":\"fr-FR\",\"potentialAction\":[{\"@type\":\"ReadAction\",\"target\":[\"https:\/\/la-perla.net\/fr\/produit\/masque-hydra-lift-7-minutes\/\"]}]},{\"@type\":\"ImageObject\",\"inLanguage\":\"fr-FR\",\"@id\":\"https:\/\/la-perla.net\/fr\/produit\/masque-hydra-lift-7-minutes\/#primaryimage\",\"url\":\"https:\/\/la-perla.net\/wp-content\/uploads\/2020\/10\/mascarilla-hidroreafirmante-7-minutos.jpg\",\"contentUrl\":\"https:\/\/la-perla.net\/wp-content\/uploads\/2020\/10\/mascarilla-hidroreafirmante-7-minutos.jpg\",\"width\":1701,\"height\":1417},{\"@type\":\"BreadcrumbList\",\"@id\":\"https:\/\/la-perla.net\/fr\/produit\/masque-hydra-lift-7-minutes\/#breadcrumb\",\"itemListElement\":[{\"@type\":\"ListItem\",\"position\":1,\"name\":\"Portada\",\"item\":\"https:\/\/la-perla.net\/fr\/\"},{\"@type\":\"ListItem\",\"position\":2,\"name\":\"Boutique\",\"item\":\"https:\/\/la-perla.net\/fr\/boutique\/\"},{\"@type\":\"ListItem\",\"position\":3,\"name\":\"Masque Hydra Lift 7 Minutes\"}]},{\"@type\":\"WebSite\",\"@id\":\"https:\/\/la-perla.net\/#website\",\"url\":\"https:\/\/la-perla.net\/\",\"name\":\"Talasoterapia La Perla \u2022 San Sebasti\u00e1n - Donostia\",\"description\":\"Talasoterapia en Guipuzcoa - Centro de salud, belleza y deporte\",\"publisher\":{\"@id\":\"https:\/\/la-perla.net\/#organization\"},\"potentialAction\":[{\"@type\":\"SearchAction\",\"target\":{\"@type\":\"EntryPoint\",\"urlTemplate\":\"https:\/\/la-perla.net\/?s={search_term_string}\"},\"query-input\":{\"@type\":\"PropertyValueSpecification\",\"valueRequired\":true,\"valueName\":\"search_term_string\"}}],\"inLanguage\":\"fr-FR\"},{\"@type\":\"Organization\",\"@id\":\"https:\/\/la-perla.net\/#organization\",\"name\":\"La Perla\",\"url\":\"https:\/\/la-perla.net\/\",\"logo\":{\"@type\":\"ImageObject\",\"inLanguage\":\"fr-FR\",\"@id\":\"https:\/\/la-perla.net\/#\/schema\/logo\/image\/\",\"url\":\"https:\/\/la-perla.net\/wp-content\/uploads\/2020\/09\/talasoterapia-la-perla.png\",\"contentUrl\":\"https:\/\/la-perla.net\/wp-content\/uploads\/2020\/09\/talasoterapia-la-perla.png\",\"width\":191,\"height\":51,\"caption\":\"La Perla\"},\"image\":{\"@id\":\"https:\/\/la-perla.net\/#\/schema\/logo\/image\/\"},\"sameAs\":[\"https:\/\/www.facebook.com\/laperladonosti\/\",\"https:\/\/x.com\/LaPerlaDonosti\",\"https:\/\/www.instagram.com\/laperladonosti\/?hl=es\",\"https:\/\/www.youtube.com\/channel\/UChQhp12N7Lg6ZrOcmAJAy4g\"]}]}<\/script>\n<!-- \/ Yoast SEO plugin. -->","yoast_head_json":{"title":"Masque Hydra Lift 7 Minutes - Talasoterapia La Perla \u2022 San Sebasti\u00e1n - Donostia","robots":{"index":"index","follow":"follow","max-snippet":"max-snippet:-1","max-image-preview":"max-image-preview:large","max-video-preview":"max-video-preview:-1"},"canonical":"https:\/\/la-perla.net\/fr\/produit\/masque-hydra-lift-7-minutes\/","og_locale":"fr_FR","og_type":"article","og_title":"Masque Hydra Lift 7 Minutes - Talasoterapia La Perla \u2022 San Sebasti\u00e1n - Donostia","og_description":"R\u00e9veillez votre peau fatigu\u00e9e avec Le Masque Hydra Lift 7 Minutes. Ce masque tissu r\u00e9volutionnaire pour le visage et le cou, en nanofibres de bio-collag\u00e8ne pur, est un soin haute performance qui revigore instantan\u00e9ment les peaux rel\u00e2ch\u00e9es et fatigu\u00e9es, en manque d\u2019\u00e9nergie. Associant qualit\u00e9 professionnelle et utilisation \u00e0 domicile, il procure un effet seconde peau rafra\u00eechissant, \u00e0 la fois imm\u00e9diatement visible et durable. Il laisse le teint merveilleusement revitalis\u00e9 et \u00e9clatant 4 Masques Feuilles x 28ml","og_url":"https:\/\/la-perla.net\/fr\/produit\/masque-hydra-lift-7-minutes\/","og_site_name":"Talasoterapia La Perla \u2022 San Sebasti\u00e1n - Donostia","article_publisher":"https:\/\/www.facebook.com\/laperladonosti\/","article_modified_time":"2025-12-01T22:00:10+00:00","og_image":[{"width":1701,"height":1417,"url":"https:\/\/la-perla.net\/wp-content\/uploads\/2020\/10\/mascarilla-hidroreafirmante-7-minutos.jpg","type":"image\/jpeg"}],"twitter_card":"summary_large_image","twitter_site":"@LaPerlaDonosti","twitter_misc":{"Dur\u00e9e de lecture estim\u00e9e":"1 minute"},"schema":{"@context":"https:\/\/schema.org","@graph":[{"@type":"WebPage","@id":"https:\/\/la-perla.net\/fr\/produit\/masque-hydra-lift-7-minutes\/","url":"https:\/\/la-perla.net\/fr\/produit\/masque-hydra-lift-7-minutes\/","name":"Masque Hydra Lift 7 Minutes - Talasoterapia La Perla \u2022 San Sebasti\u00e1n - Donostia","isPartOf":{"@id":"https:\/\/la-perla.net\/#website"},"primaryImageOfPage":{"@id":"https:\/\/la-perla.net\/fr\/produit\/masque-hydra-lift-7-minutes\/#primaryimage"},"image":{"@id":"https:\/\/la-perla.net\/fr\/produit\/masque-hydra-lift-7-minutes\/#primaryimage"},"thumbnailUrl":"https:\/\/la-perla.net\/wp-content\/uploads\/2020\/10\/mascarilla-hidroreafirmante-7-minutos.jpg","datePublished":"2020-10-26T13:43:38+00:00","dateModified":"2025-12-01T22:00:10+00:00","breadcrumb":{"@id":"https:\/\/la-perla.net\/fr\/produit\/masque-hydra-lift-7-minutes\/#breadcrumb"},"inLanguage":"fr-FR","potentialAction":[{"@type":"ReadAction","target":["https:\/\/la-perla.net\/fr\/produit\/masque-hydra-lift-7-minutes\/"]}]},{"@type":"ImageObject","inLanguage":"fr-FR","@id":"https:\/\/la-perla.net\/fr\/produit\/masque-hydra-lift-7-minutes\/#primaryimage","url":"https:\/\/la-perla.net\/wp-content\/uploads\/2020\/10\/mascarilla-hidroreafirmante-7-minutos.jpg","contentUrl":"https:\/\/la-perla.net\/wp-content\/uploads\/2020\/10\/mascarilla-hidroreafirmante-7-minutos.jpg","width":1701,"height":1417},{"@type":"BreadcrumbList","@id":"https:\/\/la-perla.net\/fr\/produit\/masque-hydra-lift-7-minutes\/#breadcrumb","itemListElement":[{"@type":"ListItem","position":1,"name":"Portada","item":"https:\/\/la-perla.net\/fr\/"},{"@type":"ListItem","position":2,"name":"Boutique","item":"https:\/\/la-perla.net\/fr\/boutique\/"},{"@type":"ListItem","position":3,"name":"Masque Hydra Lift 7 Minutes"}]},{"@type":"WebSite","@id":"https:\/\/la-perla.net\/#website","url":"https:\/\/la-perla.net\/","name":"Talasoterapia La Perla \u2022 San Sebasti\u00e1n - Donostia","description":"Talasoterapia en Guipuzcoa - Centro de salud, belleza y deporte","publisher":{"@id":"https:\/\/la-perla.net\/#organization"},"potentialAction":[{"@type":"SearchAction","target":{"@type":"EntryPoint","urlTemplate":"https:\/\/la-perla.net\/?s={search_term_string}"},"query-input":{"@type":"PropertyValueSpecification","valueRequired":true,"valueName":"search_term_string"}}],"inLanguage":"fr-FR"},{"@type":"Organization","@id":"https:\/\/la-perla.net\/#organization","name":"La Perla","url":"https:\/\/la-perla.net\/","logo":{"@type":"ImageObject","inLanguage":"fr-FR","@id":"https:\/\/la-perla.net\/#\/schema\/logo\/image\/","url":"https:\/\/la-perla.net\/wp-content\/uploads\/2020\/09\/talasoterapia-la-perla.png","contentUrl":"https:\/\/la-perla.net\/wp-content\/uploads\/2020\/09\/talasoterapia-la-perla.png","width":191,"height":51,"caption":"La Perla"},"image":{"@id":"https:\/\/la-perla.net\/#\/schema\/logo\/image\/"},"sameAs":["https:\/\/www.facebook.com\/laperladonosti\/","https:\/\/x.com\/LaPerlaDonosti","https:\/\/www.instagram.com\/laperladonosti\/?hl=es","https:\/\/www.youtube.com\/channel\/UChQhp12N7Lg6ZrOcmAJAy4g"]}]}},"_links":{"self":[{"href":"https:\/\/la-perla.net\/fr\/wp-json\/wp\/v2\/product\/71814"}],"collection":[{"href":"https:\/\/la-perla.net\/fr\/wp-json\/wp\/v2\/product"}],"about":[{"href":"https:\/\/la-perla.net\/fr\/wp-json\/wp\/v2\/types\/product"}],"wp:featuredmedia":[{"embeddable":true,"href":"https:\/\/la-perla.net\/fr\/wp-json\/wp\/v2\/media\/122166"}],"wp:attachment":[{"href":"https:\/\/la-perla.net\/fr\/wp-json\/wp\/v2\/media?parent=71814"}],"wp:term":[{"taxonomy":"product_brand","embeddable":true,"href":"https:\/\/la-perla.net\/fr\/wp-json\/wp\/v2\/product_brand?post=71814"},{"taxonomy":"product_cat","embeddable":true,"href":"https:\/\/la-perla.net\/fr\/wp-json\/wp\/v2\/product_cat?post=71814"},{"taxonomy":"product_tag","embeddable":true,"href":"https:\/\/la-perla.net\/fr\/wp-json\/wp\/v2\/product_tag?post=71814"}],"curies":[{"name":"wp","href":"https:\/\/api.w.org\/{rel}","templated":true}]}}