{"id":71821,"date":"2020-10-26T14:14:01","date_gmt":"2020-10-26T13:14:01","guid":{"rendered":"https:\/\/la-perla.net\/san-sebastian\/contorno-de-ojos-2\/"},"modified":"2025-12-01T23:00:12","modified_gmt":"2025-12-01T22:00:12","slug":"contour-des-yeux","status":"publish","type":"product","link":"https:\/\/la-perla.net\/fr\/produit\/contour-des-yeux\/","title":{"rendered":"Contour des yeux"},"content":{"rendered":"<p><strong>Principes actifs :<\/strong><\/p>\n<p>Hydratant, rafraichissant : Eau de Source de la Foux<br \/>\nAnti-\u00e2ge : actifs du Complexe QaI\u00ae<br \/>\n\u00c9mollient, protecteur : Squal\u00e8ne<br \/>\nAntioxydant : TEA-Cocoyl Glutamate<br \/>\nAntioxydant, r\u00e9g\u00e9n\u00e9rateur, r\u00e9hydratant : Vitamine K<\/p>\n<p><strong><em>Conseils d&rsquo;utilisation :<\/em><\/strong><\/p>\n<p>Le soir, appliquez Le S\u00e9rum Contour des Yeux sur le contour des yeux pr\u00e9alablement nettoy\u00e9s, et apr\u00e8s La Lotion Hydratante le matin. Pour un r\u00e9sultat optimal, massez d\u00e9licatement avec le bout des doigts quelques gouttes de s\u00e9rum sur la peau, du coin interne vers le coin externe des paupi\u00e8res inf\u00e9rieure et sup\u00e9rieure.<\/p>\n","protected":false},"excerpt":{"rendered":"<p style=\"text-align: left;\"> R\u00e9g\u00e9n\u00e9rez merveilleusement le contour des yeux avec Le S\u00e9rum Contour des Yeux. Cette nano\u00e9mulsion ultra-fine de haute technologie est un soin r\u00e9g\u00e9n\u00e9rant complet qui lisse les rides et les lignes d&rsquo;expression, att\u00e9nue les cernes, att\u00e9nue les poches et les signes de fatigue et remplit la zone d\u00e9licate du contour des yeux, redonnant \u00e0 la peau son \u00e9clat de jeunesse.<\/p>\n<p style=\"text-align: left;\"><span style=\"color: #808080;\">15 ml<\/span><\/p>\n","protected":false},"featured_media":122106,"template":"","meta":{"_genesis_hide_title":false,"_genesis_hide_breadcrumbs":false,"_genesis_hide_singular_image":false,"_genesis_hide_footer_widgets":false,"_genesis_custom_body_class":"","_genesis_custom_post_class":"","_genesis_layout":""},"product_brand":[],"product_cat":[1090],"product_tag":[],"class_list":{"0":"post-71821","1":"product","2":"type-product","3":"status-publish","4":"has-post-thumbnail","6":"product_cat-evidens-de-beaute-fr","7":"entry","9":"first","10":"instock","11":"shipping-taxable","12":"purchasable","13":"product-type-simple"},"yoast_head":"<!-- This site is optimized with the Yoast SEO plugin v25.6 - https:\/\/yoast.com\/wordpress\/plugins\/seo\/ -->\n<title>Contour des yeux - Talasoterapia La Perla \u2022 San Sebasti\u00e1n - Donostia<\/title>\n<meta name=\"robots\" content=\"index, follow, max-snippet:-1, max-image-preview:large, max-video-preview:-1\" \/>\n<link rel=\"canonical\" href=\"https:\/\/la-perla.net\/produit\/contorno-de-ojos-2\/\" \/>\n<meta property=\"og:locale\" content=\"fr_FR\" \/>\n<meta property=\"og:type\" content=\"article\" \/>\n<meta property=\"og:title\" content=\"Contour des yeux - Talasoterapia La Perla \u2022 San Sebasti\u00e1n - Donostia\" \/>\n<meta property=\"og:description\" content=\"R\u00e9g\u00e9n\u00e9rez merveilleusement le contour des yeux avec Le S\u00e9rum Contour des Yeux. Cette nano\u00e9mulsion ultra-fine de haute technologie est un soin r\u00e9g\u00e9n\u00e9rant complet qui lisse les rides et les lignes d&#039;expression, att\u00e9nue les cernes, att\u00e9nue les poches et les signes de fatigue et remplit la zone d\u00e9licate du contour des yeux, redonnant \u00e0 la peau son \u00e9clat de jeunesse. 15 ml\" \/>\n<meta property=\"og:url\" content=\"https:\/\/la-perla.net\/produit\/contorno-de-ojos-2\/\" \/>\n<meta property=\"og:site_name\" content=\"Talasoterapia La Perla \u2022 San Sebasti\u00e1n - Donostia\" \/>\n<meta property=\"article:publisher\" content=\"https:\/\/www.facebook.com\/laperladonosti\/\" \/>\n<meta property=\"article:modified_time\" content=\"2025-12-01T22:00:12+00:00\" \/>\n<meta property=\"og:image\" content=\"https:\/\/la-perla.net\/wp-content\/uploads\/2020\/10\/contorno-de-ojos-1.jpg\" \/>\n\t<meta property=\"og:image:width\" content=\"1701\" \/>\n\t<meta property=\"og:image:height\" content=\"1417\" \/>\n\t<meta property=\"og:image:type\" content=\"image\/jpeg\" \/>\n<meta name=\"twitter:card\" content=\"summary_large_image\" \/>\n<meta name=\"twitter:site\" content=\"@LaPerlaDonosti\" \/>\n<script type=\"application\/ld+json\" class=\"yoast-schema-graph\">{\"@context\":\"https:\/\/schema.org\",\"@graph\":[{\"@type\":\"WebPage\",\"@id\":\"https:\/\/la-perla.net\/produit\/contorno-de-ojos-2\/\",\"url\":\"https:\/\/la-perla.net\/produit\/contorno-de-ojos-2\/\",\"name\":\"Contour des yeux - Talasoterapia La Perla \u2022 San Sebasti\u00e1n - Donostia\",\"isPartOf\":{\"@id\":\"https:\/\/la-perla.net\/#website\"},\"primaryImageOfPage\":{\"@id\":\"https:\/\/la-perla.net\/produit\/contorno-de-ojos-2\/#primaryimage\"},\"image\":{\"@id\":\"https:\/\/la-perla.net\/produit\/contorno-de-ojos-2\/#primaryimage\"},\"thumbnailUrl\":\"https:\/\/la-perla.net\/wp-content\/uploads\/2020\/10\/contorno-de-ojos-1.jpg\",\"datePublished\":\"2020-10-26T13:14:01+00:00\",\"dateModified\":\"2025-12-01T22:00:12+00:00\",\"breadcrumb\":{\"@id\":\"https:\/\/la-perla.net\/produit\/contorno-de-ojos-2\/#breadcrumb\"},\"inLanguage\":\"fr-FR\",\"potentialAction\":[{\"@type\":\"ReadAction\",\"target\":[\"https:\/\/la-perla.net\/produit\/contorno-de-ojos-2\/\"]}]},{\"@type\":\"ImageObject\",\"inLanguage\":\"fr-FR\",\"@id\":\"https:\/\/la-perla.net\/produit\/contorno-de-ojos-2\/#primaryimage\",\"url\":\"https:\/\/la-perla.net\/wp-content\/uploads\/2020\/10\/contorno-de-ojos-1.jpg\",\"contentUrl\":\"https:\/\/la-perla.net\/wp-content\/uploads\/2020\/10\/contorno-de-ojos-1.jpg\",\"width\":1701,\"height\":1417},{\"@type\":\"BreadcrumbList\",\"@id\":\"https:\/\/la-perla.net\/produit\/contorno-de-ojos-2\/#breadcrumb\",\"itemListElement\":[{\"@type\":\"ListItem\",\"position\":1,\"name\":\"Portada\",\"item\":\"https:\/\/la-perla.net\/fr\/\"},{\"@type\":\"ListItem\",\"position\":2,\"name\":\"Boutique\",\"item\":\"https:\/\/la-perla.net\/fr\/boutique\/\"},{\"@type\":\"ListItem\",\"position\":3,\"name\":\"Contour des yeux\"}]},{\"@type\":\"WebSite\",\"@id\":\"https:\/\/la-perla.net\/#website\",\"url\":\"https:\/\/la-perla.net\/\",\"name\":\"Talasoterapia La Perla \u2022 San Sebasti\u00e1n - Donostia\",\"description\":\"Talasoterapia en Guipuzcoa - Centro de salud, belleza y deporte\",\"publisher\":{\"@id\":\"https:\/\/la-perla.net\/#organization\"},\"potentialAction\":[{\"@type\":\"SearchAction\",\"target\":{\"@type\":\"EntryPoint\",\"urlTemplate\":\"https:\/\/la-perla.net\/?s={search_term_string}\"},\"query-input\":{\"@type\":\"PropertyValueSpecification\",\"valueRequired\":true,\"valueName\":\"search_term_string\"}}],\"inLanguage\":\"fr-FR\"},{\"@type\":\"Organization\",\"@id\":\"https:\/\/la-perla.net\/#organization\",\"name\":\"La Perla\",\"url\":\"https:\/\/la-perla.net\/\",\"logo\":{\"@type\":\"ImageObject\",\"inLanguage\":\"fr-FR\",\"@id\":\"https:\/\/la-perla.net\/#\/schema\/logo\/image\/\",\"url\":\"https:\/\/la-perla.net\/wp-content\/uploads\/2020\/09\/talasoterapia-la-perla.png\",\"contentUrl\":\"https:\/\/la-perla.net\/wp-content\/uploads\/2020\/09\/talasoterapia-la-perla.png\",\"width\":191,\"height\":51,\"caption\":\"La Perla\"},\"image\":{\"@id\":\"https:\/\/la-perla.net\/#\/schema\/logo\/image\/\"},\"sameAs\":[\"https:\/\/www.facebook.com\/laperladonosti\/\",\"https:\/\/x.com\/LaPerlaDonosti\",\"https:\/\/www.instagram.com\/laperladonosti\/?hl=es\",\"https:\/\/www.youtube.com\/channel\/UChQhp12N7Lg6ZrOcmAJAy4g\"]}]}<\/script>\n<!-- \/ Yoast SEO plugin. -->","yoast_head_json":{"title":"Contour des yeux - Talasoterapia La Perla \u2022 San Sebasti\u00e1n - Donostia","robots":{"index":"index","follow":"follow","max-snippet":"max-snippet:-1","max-image-preview":"max-image-preview:large","max-video-preview":"max-video-preview:-1"},"canonical":"https:\/\/la-perla.net\/produit\/contorno-de-ojos-2\/","og_locale":"fr_FR","og_type":"article","og_title":"Contour des yeux - Talasoterapia La Perla \u2022 San Sebasti\u00e1n - Donostia","og_description":"R\u00e9g\u00e9n\u00e9rez merveilleusement le contour des yeux avec Le S\u00e9rum Contour des Yeux. Cette nano\u00e9mulsion ultra-fine de haute technologie est un soin r\u00e9g\u00e9n\u00e9rant complet qui lisse les rides et les lignes d'expression, att\u00e9nue les cernes, att\u00e9nue les poches et les signes de fatigue et remplit la zone d\u00e9licate du contour des yeux, redonnant \u00e0 la peau son \u00e9clat de jeunesse. 15 ml","og_url":"https:\/\/la-perla.net\/produit\/contorno-de-ojos-2\/","og_site_name":"Talasoterapia La Perla \u2022 San Sebasti\u00e1n - Donostia","article_publisher":"https:\/\/www.facebook.com\/laperladonosti\/","article_modified_time":"2025-12-01T22:00:12+00:00","og_image":[{"width":1701,"height":1417,"url":"https:\/\/la-perla.net\/wp-content\/uploads\/2020\/10\/contorno-de-ojos-1.jpg","type":"image\/jpeg"}],"twitter_card":"summary_large_image","twitter_site":"@LaPerlaDonosti","schema":{"@context":"https:\/\/schema.org","@graph":[{"@type":"WebPage","@id":"https:\/\/la-perla.net\/produit\/contorno-de-ojos-2\/","url":"https:\/\/la-perla.net\/produit\/contorno-de-ojos-2\/","name":"Contour des yeux - Talasoterapia La Perla \u2022 San Sebasti\u00e1n - Donostia","isPartOf":{"@id":"https:\/\/la-perla.net\/#website"},"primaryImageOfPage":{"@id":"https:\/\/la-perla.net\/produit\/contorno-de-ojos-2\/#primaryimage"},"image":{"@id":"https:\/\/la-perla.net\/produit\/contorno-de-ojos-2\/#primaryimage"},"thumbnailUrl":"https:\/\/la-perla.net\/wp-content\/uploads\/2020\/10\/contorno-de-ojos-1.jpg","datePublished":"2020-10-26T13:14:01+00:00","dateModified":"2025-12-01T22:00:12+00:00","breadcrumb":{"@id":"https:\/\/la-perla.net\/produit\/contorno-de-ojos-2\/#breadcrumb"},"inLanguage":"fr-FR","potentialAction":[{"@type":"ReadAction","target":["https:\/\/la-perla.net\/produit\/contorno-de-ojos-2\/"]}]},{"@type":"ImageObject","inLanguage":"fr-FR","@id":"https:\/\/la-perla.net\/produit\/contorno-de-ojos-2\/#primaryimage","url":"https:\/\/la-perla.net\/wp-content\/uploads\/2020\/10\/contorno-de-ojos-1.jpg","contentUrl":"https:\/\/la-perla.net\/wp-content\/uploads\/2020\/10\/contorno-de-ojos-1.jpg","width":1701,"height":1417},{"@type":"BreadcrumbList","@id":"https:\/\/la-perla.net\/produit\/contorno-de-ojos-2\/#breadcrumb","itemListElement":[{"@type":"ListItem","position":1,"name":"Portada","item":"https:\/\/la-perla.net\/fr\/"},{"@type":"ListItem","position":2,"name":"Boutique","item":"https:\/\/la-perla.net\/fr\/boutique\/"},{"@type":"ListItem","position":3,"name":"Contour des yeux"}]},{"@type":"WebSite","@id":"https:\/\/la-perla.net\/#website","url":"https:\/\/la-perla.net\/","name":"Talasoterapia La Perla \u2022 San Sebasti\u00e1n - Donostia","description":"Talasoterapia en Guipuzcoa - Centro de salud, belleza y deporte","publisher":{"@id":"https:\/\/la-perla.net\/#organization"},"potentialAction":[{"@type":"SearchAction","target":{"@type":"EntryPoint","urlTemplate":"https:\/\/la-perla.net\/?s={search_term_string}"},"query-input":{"@type":"PropertyValueSpecification","valueRequired":true,"valueName":"search_term_string"}}],"inLanguage":"fr-FR"},{"@type":"Organization","@id":"https:\/\/la-perla.net\/#organization","name":"La Perla","url":"https:\/\/la-perla.net\/","logo":{"@type":"ImageObject","inLanguage":"fr-FR","@id":"https:\/\/la-perla.net\/#\/schema\/logo\/image\/","url":"https:\/\/la-perla.net\/wp-content\/uploads\/2020\/09\/talasoterapia-la-perla.png","contentUrl":"https:\/\/la-perla.net\/wp-content\/uploads\/2020\/09\/talasoterapia-la-perla.png","width":191,"height":51,"caption":"La Perla"},"image":{"@id":"https:\/\/la-perla.net\/#\/schema\/logo\/image\/"},"sameAs":["https:\/\/www.facebook.com\/laperladonosti\/","https:\/\/x.com\/LaPerlaDonosti","https:\/\/www.instagram.com\/laperladonosti\/?hl=es","https:\/\/www.youtube.com\/channel\/UChQhp12N7Lg6ZrOcmAJAy4g"]}]}},"_links":{"self":[{"href":"https:\/\/la-perla.net\/fr\/wp-json\/wp\/v2\/product\/71821"}],"collection":[{"href":"https:\/\/la-perla.net\/fr\/wp-json\/wp\/v2\/product"}],"about":[{"href":"https:\/\/la-perla.net\/fr\/wp-json\/wp\/v2\/types\/product"}],"wp:featuredmedia":[{"embeddable":true,"href":"https:\/\/la-perla.net\/fr\/wp-json\/wp\/v2\/media\/122106"}],"wp:attachment":[{"href":"https:\/\/la-perla.net\/fr\/wp-json\/wp\/v2\/media?parent=71821"}],"wp:term":[{"taxonomy":"product_brand","embeddable":true,"href":"https:\/\/la-perla.net\/fr\/wp-json\/wp\/v2\/product_brand?post=71821"},{"taxonomy":"product_cat","embeddable":true,"href":"https:\/\/la-perla.net\/fr\/wp-json\/wp\/v2\/product_cat?post=71821"},{"taxonomy":"product_tag","embeddable":true,"href":"https:\/\/la-perla.net\/fr\/wp-json\/wp\/v2\/product_tag?post=71821"}],"curies":[{"name":"wp","href":"https:\/\/api.w.org\/{rel}","templated":true}]}}