{"id":71822,"date":"2021-08-11T10:29:04","date_gmt":"2021-08-11T08:29:04","guid":{"rendered":"https:\/\/la-perla.net\/san-sebastian\/el-serum\/"},"modified":"2025-12-01T23:00:09","modified_gmt":"2025-12-01T22:00:09","slug":"serum","status":"publish","type":"product","link":"https:\/\/la-perla.net\/fr\/produit\/serum\/","title":{"rendered":"S\u00e9rum"},"content":{"rendered":"<p><strong><em>Principes actifs : <\/em><\/strong><\/p>\n<p>Hydratant, rafraichissant : Eau de Source de La Foux<br \/>\nAnti-\u00e2ge : actifs du Complexe QaI\u00ae<br \/>\nAntioxydant, relaxant : Ac\u00e9tate de Tocoph\u00e9rol (Vitamine E)<br \/>\nDensificateur, bouclier hydratant : Sorbitol<\/p>\n<p><strong><em>Conseils d&rsquo;utilisation :<\/em><\/strong><\/p>\n<p>Appliquez matin et\/ou soir sur le visage et le cou pr\u00e9alablement nettoy\u00e9s, avant La Cr\u00e8me de Jour. Massez d\u00e9licatement quelques gouttes sur la peau, en terminant par des mouvements plus dynamiques. Sp\u00e9cialement formul\u00e9 pour r\u00e9pondre \u00e0 tous les besoins en mati\u00e8re de soin, Le S\u00e9rum peut \u00eatre utilis\u00e9 au quotidien dans votre rituel, ou en cure intensive de trente jours.<\/p>\n<p>Pour les peaux ternes et fatigu\u00e9es, appliquez Le S\u00e9rum en couche \u00e9paisse sur le visage. Laissez agir pendant trois minutes, puis massez pour activer les ingr\u00e9dients. Votre teint appara\u00eet repos\u00e9, il irradie d\u2019une luminosit\u00e9 \u00e9clatante.<\/p>\n","protected":false},"excerpt":{"rendered":"<p>Donnez un coup de jeune \u00e0 votre peau avec Le S\u00e9rum, v\u00e9ritable \u00e9lixir de jouvence d\u2019EviDenS de Beaut\u00e9. Sa texture fra\u00eeche et transparente fond instantan\u00e9ment sur la peau, en lib\u00e9rant ses pr\u00e9cieux ingr\u00e9dients anti-\u00e2ge pour activer les fonctions vitales, raffermir et stimuler l\u2019\u00e9clat du teint. Premi\u00e8re \u00e9tape de votre r\u00e9gime de soin, il renforce l\u2019efficacit\u00e9 des produits suivants : le s\u00e9rum id\u00e9al de tout rituel de beaut\u00e9.<\/p>\n<p><span style=\"color: #808080;\">30 ml<\/span><\/p>\n","protected":false},"featured_media":121730,"template":"","meta":{"_genesis_hide_title":false,"_genesis_hide_breadcrumbs":false,"_genesis_hide_singular_image":false,"_genesis_hide_footer_widgets":false,"_genesis_custom_body_class":"","_genesis_custom_post_class":"","_genesis_layout":""},"product_brand":[],"product_cat":[1090],"product_tag":[],"class_list":{"0":"post-71822","1":"product","2":"type-product","3":"status-publish","4":"has-post-thumbnail","6":"product_cat-evidens-de-beaute-fr","7":"entry","9":"first","10":"instock","11":"purchasable","12":"product-type-simple"},"yoast_head":"<!-- This site is optimized with the Yoast SEO plugin v25.6 - https:\/\/yoast.com\/wordpress\/plugins\/seo\/ -->\n<title>S\u00e9rum \u2022 La Perla Thalassoth\u00e9rapie \u2022 Saint S\u00e9bastien<\/title>\n<meta name=\"description\" content=\"Rajeunissez votre peau avec le s\u00e9rum Evidens. D\u00e9couvrez toutes ses caract\u00e9ristiques et ses avantages sur le web, ne les manquez pas !\" \/>\n<meta name=\"robots\" content=\"index, follow, max-snippet:-1, max-image-preview:large, max-video-preview:-1\" \/>\n<link rel=\"canonical\" href=\"https:\/\/la-perla.net\/produit\/serum\/\" \/>\n<meta property=\"og:locale\" content=\"fr_FR\" \/>\n<meta property=\"og:type\" content=\"article\" \/>\n<meta property=\"og:title\" content=\"S\u00e9rum \u2022 La Perla Thalassoth\u00e9rapie \u2022 Saint S\u00e9bastien\" \/>\n<meta property=\"og:description\" content=\"Rajeunissez votre peau avec le s\u00e9rum Evidens. D\u00e9couvrez toutes ses caract\u00e9ristiques et ses avantages sur le web, ne les manquez pas !\" \/>\n<meta property=\"og:url\" content=\"https:\/\/la-perla.net\/produit\/serum\/\" \/>\n<meta property=\"og:site_name\" content=\"Talasoterapia La Perla \u2022 San Sebasti\u00e1n - Donostia\" \/>\n<meta property=\"article:publisher\" content=\"https:\/\/www.facebook.com\/laperladonosti\/\" \/>\n<meta property=\"article:modified_time\" content=\"2025-12-01T22:00:09+00:00\" \/>\n<meta property=\"og:image\" content=\"https:\/\/la-perla.net\/wp-content\/uploads\/2021\/08\/le-serum-evidens.jpg\" \/>\n\t<meta property=\"og:image:width\" content=\"1701\" \/>\n\t<meta property=\"og:image:height\" content=\"1417\" \/>\n\t<meta property=\"og:image:type\" content=\"image\/jpeg\" \/>\n<meta name=\"twitter:card\" content=\"summary_large_image\" \/>\n<meta name=\"twitter:site\" content=\"@LaPerlaDonosti\" \/>\n<meta name=\"twitter:label1\" content=\"Dur\u00e9e de lecture estim\u00e9e\" \/>\n\t<meta name=\"twitter:data1\" content=\"1 minute\" \/>\n<script type=\"application\/ld+json\" class=\"yoast-schema-graph\">{\"@context\":\"https:\/\/schema.org\",\"@graph\":[{\"@type\":\"WebPage\",\"@id\":\"https:\/\/la-perla.net\/produit\/serum\/\",\"url\":\"https:\/\/la-perla.net\/produit\/serum\/\",\"name\":\"S\u00e9rum \u2022 La Perla Thalassoth\u00e9rapie \u2022 Saint S\u00e9bastien\",\"isPartOf\":{\"@id\":\"https:\/\/la-perla.net\/#website\"},\"primaryImageOfPage\":{\"@id\":\"https:\/\/la-perla.net\/produit\/serum\/#primaryimage\"},\"image\":{\"@id\":\"https:\/\/la-perla.net\/produit\/serum\/#primaryimage\"},\"thumbnailUrl\":\"https:\/\/la-perla.net\/wp-content\/uploads\/2021\/08\/le-serum-evidens.jpg\",\"datePublished\":\"2021-08-11T08:29:04+00:00\",\"dateModified\":\"2025-12-01T22:00:09+00:00\",\"description\":\"Rajeunissez votre peau avec le s\u00e9rum Evidens. D\u00e9couvrez toutes ses caract\u00e9ristiques et ses avantages sur le web, ne les manquez pas !\",\"breadcrumb\":{\"@id\":\"https:\/\/la-perla.net\/produit\/serum\/#breadcrumb\"},\"inLanguage\":\"fr-FR\",\"potentialAction\":[{\"@type\":\"ReadAction\",\"target\":[\"https:\/\/la-perla.net\/produit\/serum\/\"]}]},{\"@type\":\"ImageObject\",\"inLanguage\":\"fr-FR\",\"@id\":\"https:\/\/la-perla.net\/produit\/serum\/#primaryimage\",\"url\":\"https:\/\/la-perla.net\/wp-content\/uploads\/2021\/08\/le-serum-evidens.jpg\",\"contentUrl\":\"https:\/\/la-perla.net\/wp-content\/uploads\/2021\/08\/le-serum-evidens.jpg\",\"width\":1701,\"height\":1417},{\"@type\":\"BreadcrumbList\",\"@id\":\"https:\/\/la-perla.net\/produit\/serum\/#breadcrumb\",\"itemListElement\":[{\"@type\":\"ListItem\",\"position\":1,\"name\":\"Portada\",\"item\":\"https:\/\/la-perla.net\/fr\/\"},{\"@type\":\"ListItem\",\"position\":2,\"name\":\"Boutique\",\"item\":\"https:\/\/la-perla.net\/fr\/boutique\/\"},{\"@type\":\"ListItem\",\"position\":3,\"name\":\"S\u00e9rum\"}]},{\"@type\":\"WebSite\",\"@id\":\"https:\/\/la-perla.net\/#website\",\"url\":\"https:\/\/la-perla.net\/\",\"name\":\"Talasoterapia La Perla \u2022 San Sebasti\u00e1n - Donostia\",\"description\":\"Talasoterapia en Guipuzcoa - Centro de salud, belleza y deporte\",\"publisher\":{\"@id\":\"https:\/\/la-perla.net\/#organization\"},\"potentialAction\":[{\"@type\":\"SearchAction\",\"target\":{\"@type\":\"EntryPoint\",\"urlTemplate\":\"https:\/\/la-perla.net\/?s={search_term_string}\"},\"query-input\":{\"@type\":\"PropertyValueSpecification\",\"valueRequired\":true,\"valueName\":\"search_term_string\"}}],\"inLanguage\":\"fr-FR\"},{\"@type\":\"Organization\",\"@id\":\"https:\/\/la-perla.net\/#organization\",\"name\":\"La Perla\",\"url\":\"https:\/\/la-perla.net\/\",\"logo\":{\"@type\":\"ImageObject\",\"inLanguage\":\"fr-FR\",\"@id\":\"https:\/\/la-perla.net\/#\/schema\/logo\/image\/\",\"url\":\"https:\/\/la-perla.net\/wp-content\/uploads\/2020\/09\/talasoterapia-la-perla.png\",\"contentUrl\":\"https:\/\/la-perla.net\/wp-content\/uploads\/2020\/09\/talasoterapia-la-perla.png\",\"width\":191,\"height\":51,\"caption\":\"La Perla\"},\"image\":{\"@id\":\"https:\/\/la-perla.net\/#\/schema\/logo\/image\/\"},\"sameAs\":[\"https:\/\/www.facebook.com\/laperladonosti\/\",\"https:\/\/x.com\/LaPerlaDonosti\",\"https:\/\/www.instagram.com\/laperladonosti\/?hl=es\",\"https:\/\/www.youtube.com\/channel\/UChQhp12N7Lg6ZrOcmAJAy4g\"]}]}<\/script>\n<!-- \/ Yoast SEO plugin. -->","yoast_head_json":{"title":"S\u00e9rum \u2022 La Perla Thalassoth\u00e9rapie \u2022 Saint S\u00e9bastien","description":"Rajeunissez votre peau avec le s\u00e9rum Evidens. D\u00e9couvrez toutes ses caract\u00e9ristiques et ses avantages sur le web, ne les manquez pas !","robots":{"index":"index","follow":"follow","max-snippet":"max-snippet:-1","max-image-preview":"max-image-preview:large","max-video-preview":"max-video-preview:-1"},"canonical":"https:\/\/la-perla.net\/produit\/serum\/","og_locale":"fr_FR","og_type":"article","og_title":"S\u00e9rum \u2022 La Perla Thalassoth\u00e9rapie \u2022 Saint S\u00e9bastien","og_description":"Rajeunissez votre peau avec le s\u00e9rum Evidens. D\u00e9couvrez toutes ses caract\u00e9ristiques et ses avantages sur le web, ne les manquez pas !","og_url":"https:\/\/la-perla.net\/produit\/serum\/","og_site_name":"Talasoterapia La Perla \u2022 San Sebasti\u00e1n - Donostia","article_publisher":"https:\/\/www.facebook.com\/laperladonosti\/","article_modified_time":"2025-12-01T22:00:09+00:00","og_image":[{"width":1701,"height":1417,"url":"https:\/\/la-perla.net\/wp-content\/uploads\/2021\/08\/le-serum-evidens.jpg","type":"image\/jpeg"}],"twitter_card":"summary_large_image","twitter_site":"@LaPerlaDonosti","twitter_misc":{"Dur\u00e9e de lecture estim\u00e9e":"1 minute"},"schema":{"@context":"https:\/\/schema.org","@graph":[{"@type":"WebPage","@id":"https:\/\/la-perla.net\/produit\/serum\/","url":"https:\/\/la-perla.net\/produit\/serum\/","name":"S\u00e9rum \u2022 La Perla Thalassoth\u00e9rapie \u2022 Saint S\u00e9bastien","isPartOf":{"@id":"https:\/\/la-perla.net\/#website"},"primaryImageOfPage":{"@id":"https:\/\/la-perla.net\/produit\/serum\/#primaryimage"},"image":{"@id":"https:\/\/la-perla.net\/produit\/serum\/#primaryimage"},"thumbnailUrl":"https:\/\/la-perla.net\/wp-content\/uploads\/2021\/08\/le-serum-evidens.jpg","datePublished":"2021-08-11T08:29:04+00:00","dateModified":"2025-12-01T22:00:09+00:00","description":"Rajeunissez votre peau avec le s\u00e9rum Evidens. D\u00e9couvrez toutes ses caract\u00e9ristiques et ses avantages sur le web, ne les manquez pas !","breadcrumb":{"@id":"https:\/\/la-perla.net\/produit\/serum\/#breadcrumb"},"inLanguage":"fr-FR","potentialAction":[{"@type":"ReadAction","target":["https:\/\/la-perla.net\/produit\/serum\/"]}]},{"@type":"ImageObject","inLanguage":"fr-FR","@id":"https:\/\/la-perla.net\/produit\/serum\/#primaryimage","url":"https:\/\/la-perla.net\/wp-content\/uploads\/2021\/08\/le-serum-evidens.jpg","contentUrl":"https:\/\/la-perla.net\/wp-content\/uploads\/2021\/08\/le-serum-evidens.jpg","width":1701,"height":1417},{"@type":"BreadcrumbList","@id":"https:\/\/la-perla.net\/produit\/serum\/#breadcrumb","itemListElement":[{"@type":"ListItem","position":1,"name":"Portada","item":"https:\/\/la-perla.net\/fr\/"},{"@type":"ListItem","position":2,"name":"Boutique","item":"https:\/\/la-perla.net\/fr\/boutique\/"},{"@type":"ListItem","position":3,"name":"S\u00e9rum"}]},{"@type":"WebSite","@id":"https:\/\/la-perla.net\/#website","url":"https:\/\/la-perla.net\/","name":"Talasoterapia La Perla \u2022 San Sebasti\u00e1n - Donostia","description":"Talasoterapia en Guipuzcoa - Centro de salud, belleza y deporte","publisher":{"@id":"https:\/\/la-perla.net\/#organization"},"potentialAction":[{"@type":"SearchAction","target":{"@type":"EntryPoint","urlTemplate":"https:\/\/la-perla.net\/?s={search_term_string}"},"query-input":{"@type":"PropertyValueSpecification","valueRequired":true,"valueName":"search_term_string"}}],"inLanguage":"fr-FR"},{"@type":"Organization","@id":"https:\/\/la-perla.net\/#organization","name":"La Perla","url":"https:\/\/la-perla.net\/","logo":{"@type":"ImageObject","inLanguage":"fr-FR","@id":"https:\/\/la-perla.net\/#\/schema\/logo\/image\/","url":"https:\/\/la-perla.net\/wp-content\/uploads\/2020\/09\/talasoterapia-la-perla.png","contentUrl":"https:\/\/la-perla.net\/wp-content\/uploads\/2020\/09\/talasoterapia-la-perla.png","width":191,"height":51,"caption":"La Perla"},"image":{"@id":"https:\/\/la-perla.net\/#\/schema\/logo\/image\/"},"sameAs":["https:\/\/www.facebook.com\/laperladonosti\/","https:\/\/x.com\/LaPerlaDonosti","https:\/\/www.instagram.com\/laperladonosti\/?hl=es","https:\/\/www.youtube.com\/channel\/UChQhp12N7Lg6ZrOcmAJAy4g"]}]}},"_links":{"self":[{"href":"https:\/\/la-perla.net\/fr\/wp-json\/wp\/v2\/product\/71822"}],"collection":[{"href":"https:\/\/la-perla.net\/fr\/wp-json\/wp\/v2\/product"}],"about":[{"href":"https:\/\/la-perla.net\/fr\/wp-json\/wp\/v2\/types\/product"}],"wp:featuredmedia":[{"embeddable":true,"href":"https:\/\/la-perla.net\/fr\/wp-json\/wp\/v2\/media\/121730"}],"wp:attachment":[{"href":"https:\/\/la-perla.net\/fr\/wp-json\/wp\/v2\/media?parent=71822"}],"wp:term":[{"taxonomy":"product_brand","embeddable":true,"href":"https:\/\/la-perla.net\/fr\/wp-json\/wp\/v2\/product_brand?post=71822"},{"taxonomy":"product_cat","embeddable":true,"href":"https:\/\/la-perla.net\/fr\/wp-json\/wp\/v2\/product_cat?post=71822"},{"taxonomy":"product_tag","embeddable":true,"href":"https:\/\/la-perla.net\/fr\/wp-json\/wp\/v2\/product_tag?post=71822"}],"curies":[{"name":"wp","href":"https:\/\/api.w.org\/{rel}","templated":true}]}}