{"id":71840,"date":"2020-04-27T14:59:55","date_gmt":"2020-04-27T12:59:55","guid":{"rendered":"https:\/\/la-perla.net\/san-sebastian\/bonos-perdida-de-peso\/"},"modified":"2024-06-06T13:55:48","modified_gmt":"2024-06-06T11:55:48","slug":"programme-nutritionnel-pour-perte-de-poids","status":"publish","type":"product","link":"https:\/\/la-perla.net\/fr\/produit\/programme-nutritionnel-pour-perte-de-poids\/","title":{"rendered":"Programme nutritionnel pour perte de poids"},"content":{"rendered":"","protected":false},"excerpt":{"rendered":"<p style=\"text-align: left;\">\u2022 PROGRAMME 1 : 1ere consultation + 4 consultations de suivi : 145 \u20ac<br \/>\n\u2022 PROGRAMME 2 : 1ere consultation + 8 consultations de suivi : 220 \u20ac<br \/>\n\u2022 PROGRAMME 3 : 1ere consultation + 12 consultations de suivi : 295 \u20ac<\/p>\n","protected":false},"featured_media":61942,"template":"","meta":{"_genesis_hide_title":false,"_genesis_hide_breadcrumbs":false,"_genesis_hide_singular_image":false,"_genesis_hide_footer_widgets":false,"_genesis_custom_body_class":"","_genesis_custom_post_class":"","_genesis_layout":""},"product_brand":[],"product_cat":[910],"product_tag":[],"class_list":{"0":"post-71840","1":"product","2":"type-product","3":"status-publish","4":"has-post-thumbnail","6":"product_cat-dietetique-et-nutrition","7":"entry","9":"first","10":"instock","11":"shipping-taxable","12":"purchasable","13":"product-type-simple"},"yoast_head":"<!-- This site is optimized with the Yoast SEO plugin v25.6 - https:\/\/yoast.com\/wordpress\/plugins\/seo\/ -->\n<title>Programme Nutritionnel pour Perte de Poids \u2022 Thalassoth\u00e9rapie La Perla<\/title>\n<meta name=\"description\" content=\"\u00c0 La Perla, nous proposons diff\u00e9rents bonus nutritionnels pour vous aider \u00e0 perdre du poids. D\u00e9couvrez le r\u00e9gime qui vous convient et commencez \u00e0 perdre du poids.\" \/>\n<meta name=\"robots\" content=\"index, follow, max-snippet:-1, max-image-preview:large, max-video-preview:-1\" \/>\n<link rel=\"canonical\" href=\"https:\/\/la-perla.net\/fr\/produit\/programme-nutritionnel-pour-perte-de-poids\/\" \/>\n<meta property=\"og:locale\" content=\"fr_FR\" \/>\n<meta property=\"og:type\" content=\"article\" \/>\n<meta property=\"og:title\" content=\"Programme Nutritionnel pour Perte de Poids \u2022 Thalassoth\u00e9rapie La Perla\" \/>\n<meta property=\"og:description\" content=\"\u00c0 La Perla, nous proposons diff\u00e9rents bonus nutritionnels pour vous aider \u00e0 perdre du poids. D\u00e9couvrez le r\u00e9gime qui vous convient et commencez \u00e0 perdre du poids.\" \/>\n<meta property=\"og:url\" content=\"https:\/\/la-perla.net\/fr\/produit\/programme-nutritionnel-pour-perte-de-poids\/\" \/>\n<meta property=\"og:site_name\" content=\"Talasoterapia La Perla \u2022 San Sebasti\u00e1n - Donostia\" \/>\n<meta property=\"article:publisher\" content=\"https:\/\/www.facebook.com\/laperladonosti\/\" \/>\n<meta property=\"article:modified_time\" content=\"2024-06-06T11:55:48+00:00\" \/>\n<meta property=\"og:image\" content=\"https:\/\/la-perla.net\/wp-content\/uploads\/2020\/04\/Bono-perdida-de-peso.jpg\" \/>\n\t<meta property=\"og:image:width\" content=\"540\" \/>\n\t<meta property=\"og:image:height\" content=\"359\" \/>\n\t<meta property=\"og:image:type\" content=\"image\/jpeg\" \/>\n<meta name=\"twitter:card\" content=\"summary_large_image\" \/>\n<meta name=\"twitter:site\" content=\"@LaPerlaDonosti\" \/>\n<script type=\"application\/ld+json\" class=\"yoast-schema-graph\">{\"@context\":\"https:\/\/schema.org\",\"@graph\":[{\"@type\":\"WebPage\",\"@id\":\"https:\/\/la-perla.net\/fr\/produit\/programme-nutritionnel-pour-perte-de-poids\/\",\"url\":\"https:\/\/la-perla.net\/fr\/produit\/programme-nutritionnel-pour-perte-de-poids\/\",\"name\":\"Programme Nutritionnel pour Perte de Poids \u2022 Thalassoth\u00e9rapie La Perla\",\"isPartOf\":{\"@id\":\"https:\/\/la-perla.net\/#website\"},\"primaryImageOfPage\":{\"@id\":\"https:\/\/la-perla.net\/fr\/produit\/programme-nutritionnel-pour-perte-de-poids\/#primaryimage\"},\"image\":{\"@id\":\"https:\/\/la-perla.net\/fr\/produit\/programme-nutritionnel-pour-perte-de-poids\/#primaryimage\"},\"thumbnailUrl\":\"https:\/\/la-perla.net\/wp-content\/uploads\/2020\/04\/Bono-perdida-de-peso.jpg\",\"datePublished\":\"2020-04-27T12:59:55+00:00\",\"dateModified\":\"2024-06-06T11:55:48+00:00\",\"description\":\"\u00c0 La Perla, nous proposons diff\u00e9rents bonus nutritionnels pour vous aider \u00e0 perdre du poids. D\u00e9couvrez le r\u00e9gime qui vous convient et commencez \u00e0 perdre du poids.\",\"breadcrumb\":{\"@id\":\"https:\/\/la-perla.net\/fr\/produit\/programme-nutritionnel-pour-perte-de-poids\/#breadcrumb\"},\"inLanguage\":\"fr-FR\",\"potentialAction\":[{\"@type\":\"ReadAction\",\"target\":[\"https:\/\/la-perla.net\/fr\/produit\/programme-nutritionnel-pour-perte-de-poids\/\"]}]},{\"@type\":\"ImageObject\",\"inLanguage\":\"fr-FR\",\"@id\":\"https:\/\/la-perla.net\/fr\/produit\/programme-nutritionnel-pour-perte-de-poids\/#primaryimage\",\"url\":\"https:\/\/la-perla.net\/wp-content\/uploads\/2020\/04\/Bono-perdida-de-peso.jpg\",\"contentUrl\":\"https:\/\/la-perla.net\/wp-content\/uploads\/2020\/04\/Bono-perdida-de-peso.jpg\",\"width\":540,\"height\":359,\"caption\":\"Programme nutritionnel pour perte de poids\"},{\"@type\":\"BreadcrumbList\",\"@id\":\"https:\/\/la-perla.net\/fr\/produit\/programme-nutritionnel-pour-perte-de-poids\/#breadcrumb\",\"itemListElement\":[{\"@type\":\"ListItem\",\"position\":1,\"name\":\"Portada\",\"item\":\"https:\/\/la-perla.net\/fr\/\"},{\"@type\":\"ListItem\",\"position\":2,\"name\":\"Boutique\",\"item\":\"https:\/\/la-perla.net\/fr\/boutique\/\"},{\"@type\":\"ListItem\",\"position\":3,\"name\":\"Programme nutritionnel pour perte de poids\"}]},{\"@type\":\"WebSite\",\"@id\":\"https:\/\/la-perla.net\/#website\",\"url\":\"https:\/\/la-perla.net\/\",\"name\":\"Talasoterapia La Perla \u2022 San Sebasti\u00e1n - Donostia\",\"description\":\"Talasoterapia en Guipuzcoa - Centro de salud, belleza y deporte\",\"publisher\":{\"@id\":\"https:\/\/la-perla.net\/#organization\"},\"potentialAction\":[{\"@type\":\"SearchAction\",\"target\":{\"@type\":\"EntryPoint\",\"urlTemplate\":\"https:\/\/la-perla.net\/?s={search_term_string}\"},\"query-input\":{\"@type\":\"PropertyValueSpecification\",\"valueRequired\":true,\"valueName\":\"search_term_string\"}}],\"inLanguage\":\"fr-FR\"},{\"@type\":\"Organization\",\"@id\":\"https:\/\/la-perla.net\/#organization\",\"name\":\"La Perla\",\"url\":\"https:\/\/la-perla.net\/\",\"logo\":{\"@type\":\"ImageObject\",\"inLanguage\":\"fr-FR\",\"@id\":\"https:\/\/la-perla.net\/#\/schema\/logo\/image\/\",\"url\":\"https:\/\/la-perla.net\/wp-content\/uploads\/2020\/09\/talasoterapia-la-perla.png\",\"contentUrl\":\"https:\/\/la-perla.net\/wp-content\/uploads\/2020\/09\/talasoterapia-la-perla.png\",\"width\":191,\"height\":51,\"caption\":\"La Perla\"},\"image\":{\"@id\":\"https:\/\/la-perla.net\/#\/schema\/logo\/image\/\"},\"sameAs\":[\"https:\/\/www.facebook.com\/laperladonosti\/\",\"https:\/\/x.com\/LaPerlaDonosti\",\"https:\/\/www.instagram.com\/laperladonosti\/?hl=es\",\"https:\/\/www.youtube.com\/channel\/UChQhp12N7Lg6ZrOcmAJAy4g\"]}]}<\/script>\n<!-- \/ Yoast SEO plugin. -->","yoast_head_json":{"title":"Programme Nutritionnel pour Perte de Poids \u2022 Thalassoth\u00e9rapie La Perla","description":"\u00c0 La Perla, nous proposons diff\u00e9rents bonus nutritionnels pour vous aider \u00e0 perdre du poids. D\u00e9couvrez le r\u00e9gime qui vous convient et commencez \u00e0 perdre du poids.","robots":{"index":"index","follow":"follow","max-snippet":"max-snippet:-1","max-image-preview":"max-image-preview:large","max-video-preview":"max-video-preview:-1"},"canonical":"https:\/\/la-perla.net\/fr\/produit\/programme-nutritionnel-pour-perte-de-poids\/","og_locale":"fr_FR","og_type":"article","og_title":"Programme Nutritionnel pour Perte de Poids \u2022 Thalassoth\u00e9rapie La Perla","og_description":"\u00c0 La Perla, nous proposons diff\u00e9rents bonus nutritionnels pour vous aider \u00e0 perdre du poids. D\u00e9couvrez le r\u00e9gime qui vous convient et commencez \u00e0 perdre du poids.","og_url":"https:\/\/la-perla.net\/fr\/produit\/programme-nutritionnel-pour-perte-de-poids\/","og_site_name":"Talasoterapia La Perla \u2022 San Sebasti\u00e1n - Donostia","article_publisher":"https:\/\/www.facebook.com\/laperladonosti\/","article_modified_time":"2024-06-06T11:55:48+00:00","og_image":[{"width":540,"height":359,"url":"https:\/\/la-perla.net\/wp-content\/uploads\/2020\/04\/Bono-perdida-de-peso.jpg","type":"image\/jpeg"}],"twitter_card":"summary_large_image","twitter_site":"@LaPerlaDonosti","schema":{"@context":"https:\/\/schema.org","@graph":[{"@type":"WebPage","@id":"https:\/\/la-perla.net\/fr\/produit\/programme-nutritionnel-pour-perte-de-poids\/","url":"https:\/\/la-perla.net\/fr\/produit\/programme-nutritionnel-pour-perte-de-poids\/","name":"Programme Nutritionnel pour Perte de Poids \u2022 Thalassoth\u00e9rapie La Perla","isPartOf":{"@id":"https:\/\/la-perla.net\/#website"},"primaryImageOfPage":{"@id":"https:\/\/la-perla.net\/fr\/produit\/programme-nutritionnel-pour-perte-de-poids\/#primaryimage"},"image":{"@id":"https:\/\/la-perla.net\/fr\/produit\/programme-nutritionnel-pour-perte-de-poids\/#primaryimage"},"thumbnailUrl":"https:\/\/la-perla.net\/wp-content\/uploads\/2020\/04\/Bono-perdida-de-peso.jpg","datePublished":"2020-04-27T12:59:55+00:00","dateModified":"2024-06-06T11:55:48+00:00","description":"\u00c0 La Perla, nous proposons diff\u00e9rents bonus nutritionnels pour vous aider \u00e0 perdre du poids. D\u00e9couvrez le r\u00e9gime qui vous convient et commencez \u00e0 perdre du poids.","breadcrumb":{"@id":"https:\/\/la-perla.net\/fr\/produit\/programme-nutritionnel-pour-perte-de-poids\/#breadcrumb"},"inLanguage":"fr-FR","potentialAction":[{"@type":"ReadAction","target":["https:\/\/la-perla.net\/fr\/produit\/programme-nutritionnel-pour-perte-de-poids\/"]}]},{"@type":"ImageObject","inLanguage":"fr-FR","@id":"https:\/\/la-perla.net\/fr\/produit\/programme-nutritionnel-pour-perte-de-poids\/#primaryimage","url":"https:\/\/la-perla.net\/wp-content\/uploads\/2020\/04\/Bono-perdida-de-peso.jpg","contentUrl":"https:\/\/la-perla.net\/wp-content\/uploads\/2020\/04\/Bono-perdida-de-peso.jpg","width":540,"height":359,"caption":"Programme nutritionnel pour perte de poids"},{"@type":"BreadcrumbList","@id":"https:\/\/la-perla.net\/fr\/produit\/programme-nutritionnel-pour-perte-de-poids\/#breadcrumb","itemListElement":[{"@type":"ListItem","position":1,"name":"Portada","item":"https:\/\/la-perla.net\/fr\/"},{"@type":"ListItem","position":2,"name":"Boutique","item":"https:\/\/la-perla.net\/fr\/boutique\/"},{"@type":"ListItem","position":3,"name":"Programme nutritionnel pour perte de poids"}]},{"@type":"WebSite","@id":"https:\/\/la-perla.net\/#website","url":"https:\/\/la-perla.net\/","name":"Talasoterapia La Perla \u2022 San Sebasti\u00e1n - Donostia","description":"Talasoterapia en Guipuzcoa - Centro de salud, belleza y deporte","publisher":{"@id":"https:\/\/la-perla.net\/#organization"},"potentialAction":[{"@type":"SearchAction","target":{"@type":"EntryPoint","urlTemplate":"https:\/\/la-perla.net\/?s={search_term_string}"},"query-input":{"@type":"PropertyValueSpecification","valueRequired":true,"valueName":"search_term_string"}}],"inLanguage":"fr-FR"},{"@type":"Organization","@id":"https:\/\/la-perla.net\/#organization","name":"La Perla","url":"https:\/\/la-perla.net\/","logo":{"@type":"ImageObject","inLanguage":"fr-FR","@id":"https:\/\/la-perla.net\/#\/schema\/logo\/image\/","url":"https:\/\/la-perla.net\/wp-content\/uploads\/2020\/09\/talasoterapia-la-perla.png","contentUrl":"https:\/\/la-perla.net\/wp-content\/uploads\/2020\/09\/talasoterapia-la-perla.png","width":191,"height":51,"caption":"La Perla"},"image":{"@id":"https:\/\/la-perla.net\/#\/schema\/logo\/image\/"},"sameAs":["https:\/\/www.facebook.com\/laperladonosti\/","https:\/\/x.com\/LaPerlaDonosti","https:\/\/www.instagram.com\/laperladonosti\/?hl=es","https:\/\/www.youtube.com\/channel\/UChQhp12N7Lg6ZrOcmAJAy4g"]}]}},"_links":{"self":[{"href":"https:\/\/la-perla.net\/fr\/wp-json\/wp\/v2\/product\/71840"}],"collection":[{"href":"https:\/\/la-perla.net\/fr\/wp-json\/wp\/v2\/product"}],"about":[{"href":"https:\/\/la-perla.net\/fr\/wp-json\/wp\/v2\/types\/product"}],"wp:featuredmedia":[{"embeddable":true,"href":"https:\/\/la-perla.net\/fr\/wp-json\/wp\/v2\/media\/61942"}],"wp:attachment":[{"href":"https:\/\/la-perla.net\/fr\/wp-json\/wp\/v2\/media?parent=71840"}],"wp:term":[{"taxonomy":"product_brand","embeddable":true,"href":"https:\/\/la-perla.net\/fr\/wp-json\/wp\/v2\/product_brand?post=71840"},{"taxonomy":"product_cat","embeddable":true,"href":"https:\/\/la-perla.net\/fr\/wp-json\/wp\/v2\/product_cat?post=71840"},{"taxonomy":"product_tag","embeddable":true,"href":"https:\/\/la-perla.net\/fr\/wp-json\/wp\/v2\/product_tag?post=71840"}],"curies":[{"name":"wp","href":"https:\/\/api.w.org\/{rel}","templated":true}]}}