{"id":71854,"date":"2021-08-11T11:22:44","date_gmt":"2021-08-11T09:22:44","guid":{"rendered":"https:\/\/la-perla.net\/san-sebastian\/indiba-deep-care-facial\/"},"modified":"2025-02-27T13:24:56","modified_gmt":"2025-02-27T12:24:56","slug":"indiba-deep-care-facial","status":"publish","type":"product","link":"https:\/\/la-perla.net\/fr\/produit\/indiba-deep-care-facial\/","title":{"rendered":"Indiba Deep Care Facial"},"content":{"rendered":"<p>INDIBA \u00ae Deep Care est une technologie qui \u00e9met une radiofr\u00e9quence unique appel\u00e9e Proionic \u00ae. Elle est indiqu\u00e9e pour raffermir la peau, mais elle peut \u00eatre utilis\u00e9e aussi comme soin antirides ou soin pr\u00e9\/post chirurgie. Elle peut \u00eatre associ\u00e9e \u00e0 d\u2019autres techniques permettant d\u2019am\u00e9liorer les r\u00e9sultats et l\u2019exp\u00e9rience globale du patient.<\/p>\n<p>Dur\u00e9e : S\u00e9ances de 25 ou 50 minutes.<\/p>\n","protected":false},"excerpt":{"rendered":"<p>25&prime; \/ 50&prime;<\/p>\n<p>INDIBA \u00ae Deep Care est une technologie qui \u00e9met une radiofr\u00e9quence unique appel\u00e9e Proionic \u00ae et qui propose des soins du visage agr\u00e9ables et efficaces.<\/p>\n","protected":false},"featured_media":60429,"template":"","meta":{"_genesis_hide_title":false,"_genesis_hide_breadcrumbs":false,"_genesis_hide_singular_image":false,"_genesis_hide_footer_widgets":false,"_genesis_custom_body_class":"","_genesis_custom_post_class":"","_genesis_layout":""},"product_brand":[],"product_cat":[908,960],"product_tag":[],"class_list":{"0":"post-71854","1":"product","2":"type-product","3":"status-publish","4":"has-post-thumbnail","6":"product_cat-sante-et-beaute-san-sebastian","7":"product_cat-soins-antivieillissement","8":"entry","10":"first","11":"instock","12":"purchasable","13":"product-type-variable"},"yoast_head":"<!-- This site is optimized with the Yoast SEO plugin v25.6 - https:\/\/yoast.com\/wordpress\/plugins\/seo\/ -->\n<title>Indiba Deep Care Facial \u2022 Thalassoth\u00e9rapie La Perla \u2022 Saint S\u00e9bastien<\/title>\n<meta name=\"description\" content=\"INDIBA\u00ae Deep Care est une technologie qui \u00e9met une radiofr\u00e9quence unique appel\u00e9e Proionic\u00ae et propose des traitements du visage.\" \/>\n<meta name=\"robots\" content=\"index, follow, max-snippet:-1, max-image-preview:large, max-video-preview:-1\" \/>\n<link rel=\"canonical\" href=\"https:\/\/la-perla.net\/fr\/produit\/indiba-deep-care-facial\/\" \/>\n<meta property=\"og:locale\" content=\"fr_FR\" \/>\n<meta property=\"og:type\" content=\"article\" \/>\n<meta property=\"og:title\" content=\"Indiba Deep Care Facial \u2022 Thalassoth\u00e9rapie La Perla \u2022 Saint S\u00e9bastien\" \/>\n<meta property=\"og:description\" content=\"INDIBA\u00ae Deep Care est une technologie qui \u00e9met une radiofr\u00e9quence unique appel\u00e9e Proionic\u00ae et propose des traitements du visage.\" \/>\n<meta property=\"og:url\" content=\"https:\/\/la-perla.net\/fr\/produit\/indiba-deep-care-facial\/\" \/>\n<meta property=\"og:site_name\" content=\"Talasoterapia La Perla \u2022 San Sebasti\u00e1n - Donostia\" \/>\n<meta property=\"article:publisher\" content=\"https:\/\/www.facebook.com\/laperladonosti\/\" \/>\n<meta property=\"article:modified_time\" content=\"2025-02-27T12:24:56+00:00\" \/>\n<meta property=\"og:image\" content=\"https:\/\/la-perla.net\/wp-content\/uploads\/2020\/04\/indiba-facial-tratamiento-regenerador-celular-antiarrugas.jpg\" \/>\n\t<meta property=\"og:image:width\" content=\"651\" \/>\n\t<meta property=\"og:image:height\" content=\"439\" \/>\n\t<meta property=\"og:image:type\" content=\"image\/jpeg\" \/>\n<meta name=\"twitter:card\" content=\"summary_large_image\" \/>\n<meta name=\"twitter:site\" content=\"@LaPerlaDonosti\" \/>\n<script type=\"application\/ld+json\" class=\"yoast-schema-graph\">{\"@context\":\"https:\/\/schema.org\",\"@graph\":[{\"@type\":\"WebPage\",\"@id\":\"https:\/\/la-perla.net\/fr\/produit\/indiba-deep-care-facial\/\",\"url\":\"https:\/\/la-perla.net\/fr\/produit\/indiba-deep-care-facial\/\",\"name\":\"Indiba Deep Care Facial \u2022 Thalassoth\u00e9rapie La Perla \u2022 Saint S\u00e9bastien\",\"isPartOf\":{\"@id\":\"https:\/\/la-perla.net\/#website\"},\"primaryImageOfPage\":{\"@id\":\"https:\/\/la-perla.net\/fr\/produit\/indiba-deep-care-facial\/#primaryimage\"},\"image\":{\"@id\":\"https:\/\/la-perla.net\/fr\/produit\/indiba-deep-care-facial\/#primaryimage\"},\"thumbnailUrl\":\"https:\/\/la-perla.net\/wp-content\/uploads\/2020\/04\/indiba-facial-tratamiento-regenerador-celular-antiarrugas.jpg\",\"datePublished\":\"2021-08-11T09:22:44+00:00\",\"dateModified\":\"2025-02-27T12:24:56+00:00\",\"description\":\"INDIBA\u00ae Deep Care est une technologie qui \u00e9met une radiofr\u00e9quence unique appel\u00e9e Proionic\u00ae et propose des traitements du visage.\",\"breadcrumb\":{\"@id\":\"https:\/\/la-perla.net\/fr\/produit\/indiba-deep-care-facial\/#breadcrumb\"},\"inLanguage\":\"fr-FR\",\"potentialAction\":[{\"@type\":\"ReadAction\",\"target\":[\"https:\/\/la-perla.net\/fr\/produit\/indiba-deep-care-facial\/\"]}]},{\"@type\":\"ImageObject\",\"inLanguage\":\"fr-FR\",\"@id\":\"https:\/\/la-perla.net\/fr\/produit\/indiba-deep-care-facial\/#primaryimage\",\"url\":\"https:\/\/la-perla.net\/wp-content\/uploads\/2020\/04\/indiba-facial-tratamiento-regenerador-celular-antiarrugas.jpg\",\"contentUrl\":\"https:\/\/la-perla.net\/wp-content\/uploads\/2020\/04\/indiba-facial-tratamiento-regenerador-celular-antiarrugas.jpg\",\"width\":651,\"height\":439,\"caption\":\"Indiba Deep Care\"},{\"@type\":\"BreadcrumbList\",\"@id\":\"https:\/\/la-perla.net\/fr\/produit\/indiba-deep-care-facial\/#breadcrumb\",\"itemListElement\":[{\"@type\":\"ListItem\",\"position\":1,\"name\":\"Portada\",\"item\":\"https:\/\/la-perla.net\/fr\/\"},{\"@type\":\"ListItem\",\"position\":2,\"name\":\"Boutique\",\"item\":\"https:\/\/la-perla.net\/fr\/boutique\/\"},{\"@type\":\"ListItem\",\"position\":3,\"name\":\"Indiba Deep Care Facial\"}]},{\"@type\":\"WebSite\",\"@id\":\"https:\/\/la-perla.net\/#website\",\"url\":\"https:\/\/la-perla.net\/\",\"name\":\"Talasoterapia La Perla \u2022 San Sebasti\u00e1n - Donostia\",\"description\":\"Talasoterapia en Guipuzcoa - Centro de salud, belleza y deporte\",\"publisher\":{\"@id\":\"https:\/\/la-perla.net\/#organization\"},\"potentialAction\":[{\"@type\":\"SearchAction\",\"target\":{\"@type\":\"EntryPoint\",\"urlTemplate\":\"https:\/\/la-perla.net\/?s={search_term_string}\"},\"query-input\":{\"@type\":\"PropertyValueSpecification\",\"valueRequired\":true,\"valueName\":\"search_term_string\"}}],\"inLanguage\":\"fr-FR\"},{\"@type\":\"Organization\",\"@id\":\"https:\/\/la-perla.net\/#organization\",\"name\":\"La Perla\",\"url\":\"https:\/\/la-perla.net\/\",\"logo\":{\"@type\":\"ImageObject\",\"inLanguage\":\"fr-FR\",\"@id\":\"https:\/\/la-perla.net\/#\/schema\/logo\/image\/\",\"url\":\"https:\/\/la-perla.net\/wp-content\/uploads\/2020\/09\/talasoterapia-la-perla.png\",\"contentUrl\":\"https:\/\/la-perla.net\/wp-content\/uploads\/2020\/09\/talasoterapia-la-perla.png\",\"width\":191,\"height\":51,\"caption\":\"La Perla\"},\"image\":{\"@id\":\"https:\/\/la-perla.net\/#\/schema\/logo\/image\/\"},\"sameAs\":[\"https:\/\/www.facebook.com\/laperladonosti\/\",\"https:\/\/x.com\/LaPerlaDonosti\",\"https:\/\/www.instagram.com\/laperladonosti\/?hl=es\",\"https:\/\/www.youtube.com\/channel\/UChQhp12N7Lg6ZrOcmAJAy4g\"]}]}<\/script>\n<!-- \/ Yoast SEO plugin. -->","yoast_head_json":{"title":"Indiba Deep Care Facial \u2022 Thalassoth\u00e9rapie La Perla \u2022 Saint S\u00e9bastien","description":"INDIBA\u00ae Deep Care est une technologie qui \u00e9met une radiofr\u00e9quence unique appel\u00e9e Proionic\u00ae et propose des traitements du visage.","robots":{"index":"index","follow":"follow","max-snippet":"max-snippet:-1","max-image-preview":"max-image-preview:large","max-video-preview":"max-video-preview:-1"},"canonical":"https:\/\/la-perla.net\/fr\/produit\/indiba-deep-care-facial\/","og_locale":"fr_FR","og_type":"article","og_title":"Indiba Deep Care Facial \u2022 Thalassoth\u00e9rapie La Perla \u2022 Saint S\u00e9bastien","og_description":"INDIBA\u00ae Deep Care est une technologie qui \u00e9met une radiofr\u00e9quence unique appel\u00e9e Proionic\u00ae et propose des traitements du visage.","og_url":"https:\/\/la-perla.net\/fr\/produit\/indiba-deep-care-facial\/","og_site_name":"Talasoterapia La Perla \u2022 San Sebasti\u00e1n - Donostia","article_publisher":"https:\/\/www.facebook.com\/laperladonosti\/","article_modified_time":"2025-02-27T12:24:56+00:00","og_image":[{"width":651,"height":439,"url":"https:\/\/la-perla.net\/wp-content\/uploads\/2020\/04\/indiba-facial-tratamiento-regenerador-celular-antiarrugas.jpg","type":"image\/jpeg"}],"twitter_card":"summary_large_image","twitter_site":"@LaPerlaDonosti","schema":{"@context":"https:\/\/schema.org","@graph":[{"@type":"WebPage","@id":"https:\/\/la-perla.net\/fr\/produit\/indiba-deep-care-facial\/","url":"https:\/\/la-perla.net\/fr\/produit\/indiba-deep-care-facial\/","name":"Indiba Deep Care Facial \u2022 Thalassoth\u00e9rapie La Perla \u2022 Saint S\u00e9bastien","isPartOf":{"@id":"https:\/\/la-perla.net\/#website"},"primaryImageOfPage":{"@id":"https:\/\/la-perla.net\/fr\/produit\/indiba-deep-care-facial\/#primaryimage"},"image":{"@id":"https:\/\/la-perla.net\/fr\/produit\/indiba-deep-care-facial\/#primaryimage"},"thumbnailUrl":"https:\/\/la-perla.net\/wp-content\/uploads\/2020\/04\/indiba-facial-tratamiento-regenerador-celular-antiarrugas.jpg","datePublished":"2021-08-11T09:22:44+00:00","dateModified":"2025-02-27T12:24:56+00:00","description":"INDIBA\u00ae Deep Care est une technologie qui \u00e9met une radiofr\u00e9quence unique appel\u00e9e Proionic\u00ae et propose des traitements du visage.","breadcrumb":{"@id":"https:\/\/la-perla.net\/fr\/produit\/indiba-deep-care-facial\/#breadcrumb"},"inLanguage":"fr-FR","potentialAction":[{"@type":"ReadAction","target":["https:\/\/la-perla.net\/fr\/produit\/indiba-deep-care-facial\/"]}]},{"@type":"ImageObject","inLanguage":"fr-FR","@id":"https:\/\/la-perla.net\/fr\/produit\/indiba-deep-care-facial\/#primaryimage","url":"https:\/\/la-perla.net\/wp-content\/uploads\/2020\/04\/indiba-facial-tratamiento-regenerador-celular-antiarrugas.jpg","contentUrl":"https:\/\/la-perla.net\/wp-content\/uploads\/2020\/04\/indiba-facial-tratamiento-regenerador-celular-antiarrugas.jpg","width":651,"height":439,"caption":"Indiba Deep Care"},{"@type":"BreadcrumbList","@id":"https:\/\/la-perla.net\/fr\/produit\/indiba-deep-care-facial\/#breadcrumb","itemListElement":[{"@type":"ListItem","position":1,"name":"Portada","item":"https:\/\/la-perla.net\/fr\/"},{"@type":"ListItem","position":2,"name":"Boutique","item":"https:\/\/la-perla.net\/fr\/boutique\/"},{"@type":"ListItem","position":3,"name":"Indiba Deep Care Facial"}]},{"@type":"WebSite","@id":"https:\/\/la-perla.net\/#website","url":"https:\/\/la-perla.net\/","name":"Talasoterapia La Perla \u2022 San Sebasti\u00e1n - Donostia","description":"Talasoterapia en Guipuzcoa - Centro de salud, belleza y deporte","publisher":{"@id":"https:\/\/la-perla.net\/#organization"},"potentialAction":[{"@type":"SearchAction","target":{"@type":"EntryPoint","urlTemplate":"https:\/\/la-perla.net\/?s={search_term_string}"},"query-input":{"@type":"PropertyValueSpecification","valueRequired":true,"valueName":"search_term_string"}}],"inLanguage":"fr-FR"},{"@type":"Organization","@id":"https:\/\/la-perla.net\/#organization","name":"La Perla","url":"https:\/\/la-perla.net\/","logo":{"@type":"ImageObject","inLanguage":"fr-FR","@id":"https:\/\/la-perla.net\/#\/schema\/logo\/image\/","url":"https:\/\/la-perla.net\/wp-content\/uploads\/2020\/09\/talasoterapia-la-perla.png","contentUrl":"https:\/\/la-perla.net\/wp-content\/uploads\/2020\/09\/talasoterapia-la-perla.png","width":191,"height":51,"caption":"La Perla"},"image":{"@id":"https:\/\/la-perla.net\/#\/schema\/logo\/image\/"},"sameAs":["https:\/\/www.facebook.com\/laperladonosti\/","https:\/\/x.com\/LaPerlaDonosti","https:\/\/www.instagram.com\/laperladonosti\/?hl=es","https:\/\/www.youtube.com\/channel\/UChQhp12N7Lg6ZrOcmAJAy4g"]}]}},"_links":{"self":[{"href":"https:\/\/la-perla.net\/fr\/wp-json\/wp\/v2\/product\/71854"}],"collection":[{"href":"https:\/\/la-perla.net\/fr\/wp-json\/wp\/v2\/product"}],"about":[{"href":"https:\/\/la-perla.net\/fr\/wp-json\/wp\/v2\/types\/product"}],"wp:featuredmedia":[{"embeddable":true,"href":"https:\/\/la-perla.net\/fr\/wp-json\/wp\/v2\/media\/60429"}],"wp:attachment":[{"href":"https:\/\/la-perla.net\/fr\/wp-json\/wp\/v2\/media?parent=71854"}],"wp:term":[{"taxonomy":"product_brand","embeddable":true,"href":"https:\/\/la-perla.net\/fr\/wp-json\/wp\/v2\/product_brand?post=71854"},{"taxonomy":"product_cat","embeddable":true,"href":"https:\/\/la-perla.net\/fr\/wp-json\/wp\/v2\/product_cat?post=71854"},{"taxonomy":"product_tag","embeddable":true,"href":"https:\/\/la-perla.net\/fr\/wp-json\/wp\/v2\/product_tag?post=71854"}],"curies":[{"name":"wp","href":"https:\/\/api.w.org\/{rel}","templated":true}]}}