{"id":85295,"date":"2022-03-01T13:24:27","date_gmt":"2022-03-01T12:24:27","guid":{"rendered":"https:\/\/la-perla.net\/?post_type=product&#038;p=85295"},"modified":"2024-06-06T13:59:01","modified_gmt":"2024-06-06T11:59:01","slug":"eveloppement-au-choix-avec-massage-cranio-facial-antistress","status":"publish","type":"product","link":"https:\/\/la-perla.net\/fr\/produit\/eveloppement-au-choix-avec-massage-cranio-facial-antistress\/","title":{"rendered":"Enveloppement au choix avec massage cr\u00e2nio-facial antistress"},"content":{"rendered":"<p>Enveloppement g\u00e9n\u00e9ral qui apporte \u00e0 votre organisme les bienfaits des meilleurs actifs issus de la mer comme les boues de la Mer Morte ou les algues marines. Ou des principes actifs comme le cacao ou les huiles essentielles qui nourrissent votre peau. <\/p>\n<p>Si vous ajoutez \u00e0 cela un massage cr\u00e2nio-facial antistress pendant que votre corps absorbe ces nutriments, la sensation de bien-\u00eatre est absolue.<\/p>\n","protected":false},"excerpt":{"rendered":"<p style=\"text-align: center;\">Soin qui associe les bienfaits de l\u2019enveloppement et la relaxation du massage cr\u00e2nio-facial antistress.<\/p>\n<p style=\"text-align: center;\">Dur\u00e9e : 25 minutes.<\/p>\n<p style=\"text-align: center;\">\n","protected":false},"featured_media":86967,"template":"","meta":{"_genesis_hide_title":false,"_genesis_hide_breadcrumbs":false,"_genesis_hide_singular_image":false,"_genesis_hide_footer_widgets":false,"_genesis_custom_body_class":"","_genesis_custom_post_class":"","_genesis_layout":""},"product_brand":[],"product_cat":[983],"product_tag":[],"class_list":{"0":"post-85295","1":"product","2":"type-product","3":"status-publish","4":"has-post-thumbnail","6":"product_cat-enveloppements-relaxants","7":"product_shipping_class-productos-fr","8":"entry","10":"first","11":"instock","12":"shipping-taxable","13":"purchasable","14":"product-type-simple"},"yoast_head":"<!-- This site is optimized with the Yoast SEO plugin v25.6 - https:\/\/yoast.com\/wordpress\/plugins\/seo\/ -->\n<title>ENVELOPPEMENT AU CHOIX AVEC MASSAGE CR\u00c2NIO-FACIAL ANTISTRESS<\/title>\n<meta name=\"description\" content=\"Un enveloppement \u00e0 base d&#039;algues vertes et brunes qui remin\u00e9ralise, d\u00e9toxifie et nourrit votre organisme avec des oligo-\u00e9l\u00e9ments et des sels min\u00e9raux, active la circulation sanguine et...\" \/>\n<meta name=\"robots\" content=\"index, follow, max-snippet:-1, max-image-preview:large, max-video-preview:-1\" \/>\n<link rel=\"canonical\" href=\"https:\/\/la-perla.net\/fr\/produit\/eveloppement-au-choix-avec-massage-cranio-facial-antistress\/\" \/>\n<meta property=\"og:locale\" content=\"fr_FR\" \/>\n<meta property=\"og:type\" content=\"article\" \/>\n<meta property=\"og:title\" content=\"ENVELOPPEMENT AU CHOIX AVEC MASSAGE CR\u00c2NIO-FACIAL ANTISTRESS\" \/>\n<meta property=\"og:description\" content=\"Un enveloppement \u00e0 base d&#039;algues vertes et brunes qui remin\u00e9ralise, d\u00e9toxifie et nourrit votre organisme avec des oligo-\u00e9l\u00e9ments et des sels min\u00e9raux, active la circulation sanguine et...\" \/>\n<meta property=\"og:url\" content=\"https:\/\/la-perla.net\/fr\/produit\/eveloppement-au-choix-avec-massage-cranio-facial-antistress\/\" \/>\n<meta property=\"og:site_name\" content=\"Talasoterapia La Perla \u2022 San Sebasti\u00e1n - Donostia\" \/>\n<meta property=\"article:publisher\" content=\"https:\/\/www.facebook.com\/laperladonosti\/\" \/>\n<meta property=\"article:modified_time\" content=\"2024-06-06T11:59:01+00:00\" \/>\n<meta property=\"og:image\" content=\"https:\/\/la-perla.net\/wp-content\/uploads\/2022\/03\/02_Envoltura-a-elegir-con-craneo.jpg\" \/>\n\t<meta property=\"og:image:width\" content=\"600\" \/>\n\t<meta property=\"og:image:height\" content=\"424\" \/>\n\t<meta property=\"og:image:type\" content=\"image\/jpeg\" \/>\n<meta name=\"twitter:card\" content=\"summary_large_image\" \/>\n<meta name=\"twitter:site\" content=\"@LaPerlaDonosti\" \/>\n<script type=\"application\/ld+json\" class=\"yoast-schema-graph\">{\"@context\":\"https:\/\/schema.org\",\"@graph\":[{\"@type\":\"WebPage\",\"@id\":\"https:\/\/la-perla.net\/fr\/produit\/eveloppement-au-choix-avec-massage-cranio-facial-antistress\/\",\"url\":\"https:\/\/la-perla.net\/fr\/produit\/eveloppement-au-choix-avec-massage-cranio-facial-antistress\/\",\"name\":\"ENVELOPPEMENT AU CHOIX AVEC MASSAGE CR\u00c2NIO-FACIAL ANTISTRESS\",\"isPartOf\":{\"@id\":\"https:\/\/la-perla.net\/#website\"},\"primaryImageOfPage\":{\"@id\":\"https:\/\/la-perla.net\/fr\/produit\/eveloppement-au-choix-avec-massage-cranio-facial-antistress\/#primaryimage\"},\"image\":{\"@id\":\"https:\/\/la-perla.net\/fr\/produit\/eveloppement-au-choix-avec-massage-cranio-facial-antistress\/#primaryimage\"},\"thumbnailUrl\":\"https:\/\/la-perla.net\/wp-content\/uploads\/2022\/03\/02_Envoltura-a-elegir-con-craneo.jpg\",\"datePublished\":\"2022-03-01T12:24:27+00:00\",\"dateModified\":\"2024-06-06T11:59:01+00:00\",\"description\":\"Un enveloppement \u00e0 base d'algues vertes et brunes qui remin\u00e9ralise, d\u00e9toxifie et nourrit votre organisme avec des oligo-\u00e9l\u00e9ments et des sels min\u00e9raux, active la circulation sanguine et...\",\"breadcrumb\":{\"@id\":\"https:\/\/la-perla.net\/fr\/produit\/eveloppement-au-choix-avec-massage-cranio-facial-antistress\/#breadcrumb\"},\"inLanguage\":\"fr-FR\",\"potentialAction\":[{\"@type\":\"ReadAction\",\"target\":[\"https:\/\/la-perla.net\/fr\/produit\/eveloppement-au-choix-avec-massage-cranio-facial-antistress\/\"]}]},{\"@type\":\"ImageObject\",\"inLanguage\":\"fr-FR\",\"@id\":\"https:\/\/la-perla.net\/fr\/produit\/eveloppement-au-choix-avec-massage-cranio-facial-antistress\/#primaryimage\",\"url\":\"https:\/\/la-perla.net\/wp-content\/uploads\/2022\/03\/02_Envoltura-a-elegir-con-craneo.jpg\",\"contentUrl\":\"https:\/\/la-perla.net\/wp-content\/uploads\/2022\/03\/02_Envoltura-a-elegir-con-craneo.jpg\",\"width\":600,\"height\":424},{\"@type\":\"BreadcrumbList\",\"@id\":\"https:\/\/la-perla.net\/fr\/produit\/eveloppement-au-choix-avec-massage-cranio-facial-antistress\/#breadcrumb\",\"itemListElement\":[{\"@type\":\"ListItem\",\"position\":1,\"name\":\"Portada\",\"item\":\"https:\/\/la-perla.net\/fr\/\"},{\"@type\":\"ListItem\",\"position\":2,\"name\":\"Boutique\",\"item\":\"https:\/\/la-perla.net\/fr\/boutique\/\"},{\"@type\":\"ListItem\",\"position\":3,\"name\":\"Enveloppement au choix avec massage cr\u00e2nio-facial antistress\"}]},{\"@type\":\"WebSite\",\"@id\":\"https:\/\/la-perla.net\/#website\",\"url\":\"https:\/\/la-perla.net\/\",\"name\":\"Talasoterapia La Perla \u2022 San Sebasti\u00e1n - Donostia\",\"description\":\"Talasoterapia en Guipuzcoa - Centro de salud, belleza y deporte\",\"publisher\":{\"@id\":\"https:\/\/la-perla.net\/#organization\"},\"potentialAction\":[{\"@type\":\"SearchAction\",\"target\":{\"@type\":\"EntryPoint\",\"urlTemplate\":\"https:\/\/la-perla.net\/?s={search_term_string}\"},\"query-input\":{\"@type\":\"PropertyValueSpecification\",\"valueRequired\":true,\"valueName\":\"search_term_string\"}}],\"inLanguage\":\"fr-FR\"},{\"@type\":\"Organization\",\"@id\":\"https:\/\/la-perla.net\/#organization\",\"name\":\"La Perla\",\"url\":\"https:\/\/la-perla.net\/\",\"logo\":{\"@type\":\"ImageObject\",\"inLanguage\":\"fr-FR\",\"@id\":\"https:\/\/la-perla.net\/#\/schema\/logo\/image\/\",\"url\":\"https:\/\/la-perla.net\/wp-content\/uploads\/2020\/09\/talasoterapia-la-perla.png\",\"contentUrl\":\"https:\/\/la-perla.net\/wp-content\/uploads\/2020\/09\/talasoterapia-la-perla.png\",\"width\":191,\"height\":51,\"caption\":\"La Perla\"},\"image\":{\"@id\":\"https:\/\/la-perla.net\/#\/schema\/logo\/image\/\"},\"sameAs\":[\"https:\/\/www.facebook.com\/laperladonosti\/\",\"https:\/\/x.com\/LaPerlaDonosti\",\"https:\/\/www.instagram.com\/laperladonosti\/?hl=es\",\"https:\/\/www.youtube.com\/channel\/UChQhp12N7Lg6ZrOcmAJAy4g\"]}]}<\/script>\n<!-- \/ Yoast SEO plugin. -->","yoast_head_json":{"title":"ENVELOPPEMENT AU CHOIX AVEC MASSAGE CR\u00c2NIO-FACIAL ANTISTRESS","description":"Un enveloppement \u00e0 base d'algues vertes et brunes qui remin\u00e9ralise, d\u00e9toxifie et nourrit votre organisme avec des oligo-\u00e9l\u00e9ments et des sels min\u00e9raux, active la circulation sanguine et...","robots":{"index":"index","follow":"follow","max-snippet":"max-snippet:-1","max-image-preview":"max-image-preview:large","max-video-preview":"max-video-preview:-1"},"canonical":"https:\/\/la-perla.net\/fr\/produit\/eveloppement-au-choix-avec-massage-cranio-facial-antistress\/","og_locale":"fr_FR","og_type":"article","og_title":"ENVELOPPEMENT AU CHOIX AVEC MASSAGE CR\u00c2NIO-FACIAL ANTISTRESS","og_description":"Un enveloppement \u00e0 base d'algues vertes et brunes qui remin\u00e9ralise, d\u00e9toxifie et nourrit votre organisme avec des oligo-\u00e9l\u00e9ments et des sels min\u00e9raux, active la circulation sanguine et...","og_url":"https:\/\/la-perla.net\/fr\/produit\/eveloppement-au-choix-avec-massage-cranio-facial-antistress\/","og_site_name":"Talasoterapia La Perla \u2022 San Sebasti\u00e1n - Donostia","article_publisher":"https:\/\/www.facebook.com\/laperladonosti\/","article_modified_time":"2024-06-06T11:59:01+00:00","og_image":[{"width":600,"height":424,"url":"https:\/\/la-perla.net\/wp-content\/uploads\/2022\/03\/02_Envoltura-a-elegir-con-craneo.jpg","type":"image\/jpeg"}],"twitter_card":"summary_large_image","twitter_site":"@LaPerlaDonosti","schema":{"@context":"https:\/\/schema.org","@graph":[{"@type":"WebPage","@id":"https:\/\/la-perla.net\/fr\/produit\/eveloppement-au-choix-avec-massage-cranio-facial-antistress\/","url":"https:\/\/la-perla.net\/fr\/produit\/eveloppement-au-choix-avec-massage-cranio-facial-antistress\/","name":"ENVELOPPEMENT AU CHOIX AVEC MASSAGE CR\u00c2NIO-FACIAL ANTISTRESS","isPartOf":{"@id":"https:\/\/la-perla.net\/#website"},"primaryImageOfPage":{"@id":"https:\/\/la-perla.net\/fr\/produit\/eveloppement-au-choix-avec-massage-cranio-facial-antistress\/#primaryimage"},"image":{"@id":"https:\/\/la-perla.net\/fr\/produit\/eveloppement-au-choix-avec-massage-cranio-facial-antistress\/#primaryimage"},"thumbnailUrl":"https:\/\/la-perla.net\/wp-content\/uploads\/2022\/03\/02_Envoltura-a-elegir-con-craneo.jpg","datePublished":"2022-03-01T12:24:27+00:00","dateModified":"2024-06-06T11:59:01+00:00","description":"Un enveloppement \u00e0 base d'algues vertes et brunes qui remin\u00e9ralise, d\u00e9toxifie et nourrit votre organisme avec des oligo-\u00e9l\u00e9ments et des sels min\u00e9raux, active la circulation sanguine et...","breadcrumb":{"@id":"https:\/\/la-perla.net\/fr\/produit\/eveloppement-au-choix-avec-massage-cranio-facial-antistress\/#breadcrumb"},"inLanguage":"fr-FR","potentialAction":[{"@type":"ReadAction","target":["https:\/\/la-perla.net\/fr\/produit\/eveloppement-au-choix-avec-massage-cranio-facial-antistress\/"]}]},{"@type":"ImageObject","inLanguage":"fr-FR","@id":"https:\/\/la-perla.net\/fr\/produit\/eveloppement-au-choix-avec-massage-cranio-facial-antistress\/#primaryimage","url":"https:\/\/la-perla.net\/wp-content\/uploads\/2022\/03\/02_Envoltura-a-elegir-con-craneo.jpg","contentUrl":"https:\/\/la-perla.net\/wp-content\/uploads\/2022\/03\/02_Envoltura-a-elegir-con-craneo.jpg","width":600,"height":424},{"@type":"BreadcrumbList","@id":"https:\/\/la-perla.net\/fr\/produit\/eveloppement-au-choix-avec-massage-cranio-facial-antistress\/#breadcrumb","itemListElement":[{"@type":"ListItem","position":1,"name":"Portada","item":"https:\/\/la-perla.net\/fr\/"},{"@type":"ListItem","position":2,"name":"Boutique","item":"https:\/\/la-perla.net\/fr\/boutique\/"},{"@type":"ListItem","position":3,"name":"Enveloppement au choix avec massage cr\u00e2nio-facial antistress"}]},{"@type":"WebSite","@id":"https:\/\/la-perla.net\/#website","url":"https:\/\/la-perla.net\/","name":"Talasoterapia La Perla \u2022 San Sebasti\u00e1n - Donostia","description":"Talasoterapia en Guipuzcoa - Centro de salud, belleza y deporte","publisher":{"@id":"https:\/\/la-perla.net\/#organization"},"potentialAction":[{"@type":"SearchAction","target":{"@type":"EntryPoint","urlTemplate":"https:\/\/la-perla.net\/?s={search_term_string}"},"query-input":{"@type":"PropertyValueSpecification","valueRequired":true,"valueName":"search_term_string"}}],"inLanguage":"fr-FR"},{"@type":"Organization","@id":"https:\/\/la-perla.net\/#organization","name":"La Perla","url":"https:\/\/la-perla.net\/","logo":{"@type":"ImageObject","inLanguage":"fr-FR","@id":"https:\/\/la-perla.net\/#\/schema\/logo\/image\/","url":"https:\/\/la-perla.net\/wp-content\/uploads\/2020\/09\/talasoterapia-la-perla.png","contentUrl":"https:\/\/la-perla.net\/wp-content\/uploads\/2020\/09\/talasoterapia-la-perla.png","width":191,"height":51,"caption":"La Perla"},"image":{"@id":"https:\/\/la-perla.net\/#\/schema\/logo\/image\/"},"sameAs":["https:\/\/www.facebook.com\/laperladonosti\/","https:\/\/x.com\/LaPerlaDonosti","https:\/\/www.instagram.com\/laperladonosti\/?hl=es","https:\/\/www.youtube.com\/channel\/UChQhp12N7Lg6ZrOcmAJAy4g"]}]}},"_links":{"self":[{"href":"https:\/\/la-perla.net\/fr\/wp-json\/wp\/v2\/product\/85295"}],"collection":[{"href":"https:\/\/la-perla.net\/fr\/wp-json\/wp\/v2\/product"}],"about":[{"href":"https:\/\/la-perla.net\/fr\/wp-json\/wp\/v2\/types\/product"}],"wp:featuredmedia":[{"embeddable":true,"href":"https:\/\/la-perla.net\/fr\/wp-json\/wp\/v2\/media\/86967"}],"wp:attachment":[{"href":"https:\/\/la-perla.net\/fr\/wp-json\/wp\/v2\/media?parent=85295"}],"wp:term":[{"taxonomy":"product_brand","embeddable":true,"href":"https:\/\/la-perla.net\/fr\/wp-json\/wp\/v2\/product_brand?post=85295"},{"taxonomy":"product_cat","embeddable":true,"href":"https:\/\/la-perla.net\/fr\/wp-json\/wp\/v2\/product_cat?post=85295"},{"taxonomy":"product_tag","embeddable":true,"href":"https:\/\/la-perla.net\/fr\/wp-json\/wp\/v2\/product_tag?post=85295"}],"curies":[{"name":"wp","href":"https:\/\/api.w.org\/{rel}","templated":true}]}}