{"id":85405,"date":"2022-03-01T21:38:59","date_gmt":"2022-03-01T20:38:59","guid":{"rendered":"https:\/\/la-perla.net\/?post_type=product&#038;p=85405"},"modified":"2024-07-22T10:42:52","modified_gmt":"2024-07-22T08:42:52","slug":"bons-de-10-seances-du-lundri-au-vendredi","status":"publish","type":"product","link":"https:\/\/la-perla.net\/fr\/produit\/bons-de-10-seances-du-lundri-au-vendredi\/","title":{"rendered":"Abonnements de 10 s\u00e9ances Du Lundi au vendredi"},"content":{"rendered":"<p>L\u2019option id\u00e9ale pour les personnes qui souhaitent profiter r\u00e9guli\u00e8rement des bienfaits de la thalassoth\u00e9rapie. Les abonnements sont transf\u00e9rables et peuvent \u00eatre utilis\u00e9s par plusieurs personnes \u00e0 la fois.<\/p>\n<p>Le Circuit Thalasso de Remise en Forme est un parcours marin, dont l\u2019acc\u00e8s et la circulation sont libres, indiqu\u00e9 pour les personnes \u00e0 la recherche d\u2019une journ\u00e9e de relax.<\/p>\n<p>Piscines, jacuzzis ou saunas. Gr\u00e2ce aux diff\u00e9rents jets et temp\u00e9ratures, vous ressentirez des effets relaxants et tonifiants. Un espace associant les bienfaits de l\u2019eau de mer \u00e0 la remise en forme.<\/p>\n<p class=\"p1\"><span class=\"s1\">Le Circuit Thalasso comprend :<\/span><\/p>\n<p class=\"p1\"><span class=\"s1\">&#8211; Piscine d\u2019hydroth\u00e9rapie<br \/>\n<\/span>&#8211; Piscine de relaxation<br \/>\n&#8211; Jacuzzi panoramique<br \/>\n&#8211; Piscine active (cours d\u2019aquagym et espace fitness)<br \/>\n&#8211; Labyrinthe de sensations<br \/>\n&#8211; Sauna \u00e0 vapeur marine<br \/>\n&#8211; Fontaine de glace<br \/>\n&#8211; Lits d\u2019eau<br \/>\n&#8211; Sauna sec<br \/>\n&#8211; Espace de repos<br \/>\n&#8211; Piscine et douches froides d\u2019eau de mer<br \/>\n&#8211; Tables de repos<\/p>\n<p><span class=\"s1\">\u00c9tablissement avec vue et acc\u00e8s direct \u00e0 la plage. <\/span><\/p>\n<p>* Tous les abonnements et les entr\u00e9es expirent au bout de 1 an\u00e9e.<br \/>\n* Les abonnements sont transf\u00e9rables et peuvent \u00eatre utilis\u00e9s par plusieurs personnes \u00e0 la fois.<\/p>\n","protected":false},"excerpt":{"rendered":"<p class=\"p1\"><span class=\"s1\">Parcours marin indiqu\u00e9 pour d\u00e9connecter entre les bulles et les jets d\u2019eau des diff\u00e9rentes piscines, saunas, bains altern\u00e9s, gymnastique dans l\u2019eau\u2026 Tout un programme de recherche de sensations, de relaxation et de remise en forme.<\/span><\/p>\n<p>Du lundi au vendredi hors jours f\u00e9ri\u00e9s.<\/p>\n","protected":false},"featured_media":86865,"template":"","meta":{"_genesis_hide_title":false,"_genesis_hide_breadcrumbs":false,"_genesis_hide_singular_image":false,"_genesis_hide_footer_widgets":false,"_genesis_custom_body_class":"","_genesis_custom_post_class":"","_genesis_layout":""},"product_brand":[],"product_cat":[989],"product_tag":[],"class_list":{"0":"post-85405","1":"product","2":"type-product","3":"status-publish","4":"has-post-thumbnail","6":"product_cat-entrees-et-bons-circuito-spa","7":"entry","9":"first","10":"instock","11":"shipping-taxable","12":"purchasable","13":"product-type-variable"},"yoast_head":"<!-- This site is optimized with the Yoast SEO plugin v25.6 - https:\/\/yoast.com\/wordpress\/plugins\/seo\/ -->\n<title>Abonnements de 10 s\u00e9ances Du Lundi au Vendredi<\/title>\n<meta name=\"description\" content=\"Profitez d&#039;une r\u00e9duction int\u00e9ressante en achetant un bon pour 10 s\u00e9ances de thalassoth\u00e9rapie. Tous les bons et bons d&#039;achat expirent apr\u00e8s 3 ans.\" \/>\n<meta name=\"robots\" content=\"index, follow, max-snippet:-1, max-image-preview:large, max-video-preview:-1\" \/>\n<link rel=\"canonical\" href=\"https:\/\/la-perla.net\/fr\/produit\/bons-de-10-seances-du-lundri-au-vendredi\/\" \/>\n<meta property=\"og:locale\" content=\"fr_FR\" \/>\n<meta property=\"og:type\" content=\"article\" \/>\n<meta property=\"og:title\" content=\"Abonnements de 10 s\u00e9ances Du Lundi au Vendredi\" \/>\n<meta property=\"og:description\" content=\"Profitez d&#039;une r\u00e9duction int\u00e9ressante en achetant un bon pour 10 s\u00e9ances de thalassoth\u00e9rapie. Tous les bons et bons d&#039;achat expirent apr\u00e8s 3 ans.\" \/>\n<meta property=\"og:url\" content=\"https:\/\/la-perla.net\/fr\/produit\/bons-de-10-seances-du-lundri-au-vendredi\/\" \/>\n<meta property=\"og:site_name\" content=\"Talasoterapia La Perla \u2022 San Sebasti\u00e1n - Donostia\" \/>\n<meta property=\"article:publisher\" content=\"https:\/\/www.facebook.com\/laperladonosti\/\" \/>\n<meta property=\"article:modified_time\" content=\"2024-07-22T08:42:52+00:00\" \/>\n<meta property=\"og:image\" content=\"https:\/\/la-perla.net\/wp-content\/uploads\/2022\/03\/05_Entrada-bono-lunes-viernes.jpg\" \/>\n\t<meta property=\"og:image:width\" content=\"600\" \/>\n\t<meta property=\"og:image:height\" content=\"424\" \/>\n\t<meta property=\"og:image:type\" content=\"image\/jpeg\" \/>\n<meta name=\"twitter:card\" content=\"summary_large_image\" \/>\n<meta name=\"twitter:site\" content=\"@LaPerlaDonosti\" \/>\n<meta name=\"twitter:label1\" content=\"Dur\u00e9e de lecture estim\u00e9e\" \/>\n\t<meta name=\"twitter:data1\" content=\"1 minute\" \/>\n<script type=\"application\/ld+json\" class=\"yoast-schema-graph\">{\"@context\":\"https:\/\/schema.org\",\"@graph\":[{\"@type\":\"WebPage\",\"@id\":\"https:\/\/la-perla.net\/fr\/produit\/bons-de-10-seances-du-lundri-au-vendredi\/\",\"url\":\"https:\/\/la-perla.net\/fr\/produit\/bons-de-10-seances-du-lundri-au-vendredi\/\",\"name\":\"Abonnements de 10 s\u00e9ances Du Lundi au Vendredi\",\"isPartOf\":{\"@id\":\"https:\/\/la-perla.net\/#website\"},\"primaryImageOfPage\":{\"@id\":\"https:\/\/la-perla.net\/fr\/produit\/bons-de-10-seances-du-lundri-au-vendredi\/#primaryimage\"},\"image\":{\"@id\":\"https:\/\/la-perla.net\/fr\/produit\/bons-de-10-seances-du-lundri-au-vendredi\/#primaryimage\"},\"thumbnailUrl\":\"https:\/\/la-perla.net\/wp-content\/uploads\/2022\/03\/05_Entrada-bono-lunes-viernes.jpg\",\"datePublished\":\"2022-03-01T20:38:59+00:00\",\"dateModified\":\"2024-07-22T08:42:52+00:00\",\"description\":\"Profitez d'une r\u00e9duction int\u00e9ressante en achetant un bon pour 10 s\u00e9ances de thalassoth\u00e9rapie. Tous les bons et bons d'achat expirent apr\u00e8s 3 ans.\",\"breadcrumb\":{\"@id\":\"https:\/\/la-perla.net\/fr\/produit\/bons-de-10-seances-du-lundri-au-vendredi\/#breadcrumb\"},\"inLanguage\":\"fr-FR\",\"potentialAction\":[{\"@type\":\"ReadAction\",\"target\":[\"https:\/\/la-perla.net\/fr\/produit\/bons-de-10-seances-du-lundri-au-vendredi\/\"]}]},{\"@type\":\"ImageObject\",\"inLanguage\":\"fr-FR\",\"@id\":\"https:\/\/la-perla.net\/fr\/produit\/bons-de-10-seances-du-lundri-au-vendredi\/#primaryimage\",\"url\":\"https:\/\/la-perla.net\/wp-content\/uploads\/2022\/03\/05_Entrada-bono-lunes-viernes.jpg\",\"contentUrl\":\"https:\/\/la-perla.net\/wp-content\/uploads\/2022\/03\/05_Entrada-bono-lunes-viernes.jpg\",\"width\":600,\"height\":424,\"caption\":\"Abonnements de 10 s\u00e9ances\"},{\"@type\":\"BreadcrumbList\",\"@id\":\"https:\/\/la-perla.net\/fr\/produit\/bons-de-10-seances-du-lundri-au-vendredi\/#breadcrumb\",\"itemListElement\":[{\"@type\":\"ListItem\",\"position\":1,\"name\":\"Portada\",\"item\":\"https:\/\/la-perla.net\/fr\/\"},{\"@type\":\"ListItem\",\"position\":2,\"name\":\"Boutique\",\"item\":\"https:\/\/la-perla.net\/fr\/boutique\/\"},{\"@type\":\"ListItem\",\"position\":3,\"name\":\"Abonnements de 10 s\u00e9ances Du Lundi au vendredi\"}]},{\"@type\":\"WebSite\",\"@id\":\"https:\/\/la-perla.net\/#website\",\"url\":\"https:\/\/la-perla.net\/\",\"name\":\"Talasoterapia La Perla \u2022 San Sebasti\u00e1n - Donostia\",\"description\":\"Talasoterapia en Guipuzcoa - Centro de salud, belleza y deporte\",\"publisher\":{\"@id\":\"https:\/\/la-perla.net\/#organization\"},\"potentialAction\":[{\"@type\":\"SearchAction\",\"target\":{\"@type\":\"EntryPoint\",\"urlTemplate\":\"https:\/\/la-perla.net\/?s={search_term_string}\"},\"query-input\":{\"@type\":\"PropertyValueSpecification\",\"valueRequired\":true,\"valueName\":\"search_term_string\"}}],\"inLanguage\":\"fr-FR\"},{\"@type\":\"Organization\",\"@id\":\"https:\/\/la-perla.net\/#organization\",\"name\":\"La Perla\",\"url\":\"https:\/\/la-perla.net\/\",\"logo\":{\"@type\":\"ImageObject\",\"inLanguage\":\"fr-FR\",\"@id\":\"https:\/\/la-perla.net\/#\/schema\/logo\/image\/\",\"url\":\"https:\/\/la-perla.net\/wp-content\/uploads\/2020\/09\/talasoterapia-la-perla.png\",\"contentUrl\":\"https:\/\/la-perla.net\/wp-content\/uploads\/2020\/09\/talasoterapia-la-perla.png\",\"width\":191,\"height\":51,\"caption\":\"La Perla\"},\"image\":{\"@id\":\"https:\/\/la-perla.net\/#\/schema\/logo\/image\/\"},\"sameAs\":[\"https:\/\/www.facebook.com\/laperladonosti\/\",\"https:\/\/x.com\/LaPerlaDonosti\",\"https:\/\/www.instagram.com\/laperladonosti\/?hl=es\",\"https:\/\/www.youtube.com\/channel\/UChQhp12N7Lg6ZrOcmAJAy4g\"]}]}<\/script>\n<!-- \/ Yoast SEO plugin. -->","yoast_head_json":{"title":"Abonnements de 10 s\u00e9ances Du Lundi au Vendredi","description":"Profitez d'une r\u00e9duction int\u00e9ressante en achetant un bon pour 10 s\u00e9ances de thalassoth\u00e9rapie. Tous les bons et bons d'achat expirent apr\u00e8s 3 ans.","robots":{"index":"index","follow":"follow","max-snippet":"max-snippet:-1","max-image-preview":"max-image-preview:large","max-video-preview":"max-video-preview:-1"},"canonical":"https:\/\/la-perla.net\/fr\/produit\/bons-de-10-seances-du-lundri-au-vendredi\/","og_locale":"fr_FR","og_type":"article","og_title":"Abonnements de 10 s\u00e9ances Du Lundi au Vendredi","og_description":"Profitez d'une r\u00e9duction int\u00e9ressante en achetant un bon pour 10 s\u00e9ances de thalassoth\u00e9rapie. Tous les bons et bons d'achat expirent apr\u00e8s 3 ans.","og_url":"https:\/\/la-perla.net\/fr\/produit\/bons-de-10-seances-du-lundri-au-vendredi\/","og_site_name":"Talasoterapia La Perla \u2022 San Sebasti\u00e1n - Donostia","article_publisher":"https:\/\/www.facebook.com\/laperladonosti\/","article_modified_time":"2024-07-22T08:42:52+00:00","og_image":[{"width":600,"height":424,"url":"https:\/\/la-perla.net\/wp-content\/uploads\/2022\/03\/05_Entrada-bono-lunes-viernes.jpg","type":"image\/jpeg"}],"twitter_card":"summary_large_image","twitter_site":"@LaPerlaDonosti","twitter_misc":{"Dur\u00e9e de lecture estim\u00e9e":"1 minute"},"schema":{"@context":"https:\/\/schema.org","@graph":[{"@type":"WebPage","@id":"https:\/\/la-perla.net\/fr\/produit\/bons-de-10-seances-du-lundri-au-vendredi\/","url":"https:\/\/la-perla.net\/fr\/produit\/bons-de-10-seances-du-lundri-au-vendredi\/","name":"Abonnements de 10 s\u00e9ances Du Lundi au Vendredi","isPartOf":{"@id":"https:\/\/la-perla.net\/#website"},"primaryImageOfPage":{"@id":"https:\/\/la-perla.net\/fr\/produit\/bons-de-10-seances-du-lundri-au-vendredi\/#primaryimage"},"image":{"@id":"https:\/\/la-perla.net\/fr\/produit\/bons-de-10-seances-du-lundri-au-vendredi\/#primaryimage"},"thumbnailUrl":"https:\/\/la-perla.net\/wp-content\/uploads\/2022\/03\/05_Entrada-bono-lunes-viernes.jpg","datePublished":"2022-03-01T20:38:59+00:00","dateModified":"2024-07-22T08:42:52+00:00","description":"Profitez d'une r\u00e9duction int\u00e9ressante en achetant un bon pour 10 s\u00e9ances de thalassoth\u00e9rapie. Tous les bons et bons d'achat expirent apr\u00e8s 3 ans.","breadcrumb":{"@id":"https:\/\/la-perla.net\/fr\/produit\/bons-de-10-seances-du-lundri-au-vendredi\/#breadcrumb"},"inLanguage":"fr-FR","potentialAction":[{"@type":"ReadAction","target":["https:\/\/la-perla.net\/fr\/produit\/bons-de-10-seances-du-lundri-au-vendredi\/"]}]},{"@type":"ImageObject","inLanguage":"fr-FR","@id":"https:\/\/la-perla.net\/fr\/produit\/bons-de-10-seances-du-lundri-au-vendredi\/#primaryimage","url":"https:\/\/la-perla.net\/wp-content\/uploads\/2022\/03\/05_Entrada-bono-lunes-viernes.jpg","contentUrl":"https:\/\/la-perla.net\/wp-content\/uploads\/2022\/03\/05_Entrada-bono-lunes-viernes.jpg","width":600,"height":424,"caption":"Abonnements de 10 s\u00e9ances"},{"@type":"BreadcrumbList","@id":"https:\/\/la-perla.net\/fr\/produit\/bons-de-10-seances-du-lundri-au-vendredi\/#breadcrumb","itemListElement":[{"@type":"ListItem","position":1,"name":"Portada","item":"https:\/\/la-perla.net\/fr\/"},{"@type":"ListItem","position":2,"name":"Boutique","item":"https:\/\/la-perla.net\/fr\/boutique\/"},{"@type":"ListItem","position":3,"name":"Abonnements de 10 s\u00e9ances Du Lundi au vendredi"}]},{"@type":"WebSite","@id":"https:\/\/la-perla.net\/#website","url":"https:\/\/la-perla.net\/","name":"Talasoterapia La Perla \u2022 San Sebasti\u00e1n - Donostia","description":"Talasoterapia en Guipuzcoa - Centro de salud, belleza y deporte","publisher":{"@id":"https:\/\/la-perla.net\/#organization"},"potentialAction":[{"@type":"SearchAction","target":{"@type":"EntryPoint","urlTemplate":"https:\/\/la-perla.net\/?s={search_term_string}"},"query-input":{"@type":"PropertyValueSpecification","valueRequired":true,"valueName":"search_term_string"}}],"inLanguage":"fr-FR"},{"@type":"Organization","@id":"https:\/\/la-perla.net\/#organization","name":"La Perla","url":"https:\/\/la-perla.net\/","logo":{"@type":"ImageObject","inLanguage":"fr-FR","@id":"https:\/\/la-perla.net\/#\/schema\/logo\/image\/","url":"https:\/\/la-perla.net\/wp-content\/uploads\/2020\/09\/talasoterapia-la-perla.png","contentUrl":"https:\/\/la-perla.net\/wp-content\/uploads\/2020\/09\/talasoterapia-la-perla.png","width":191,"height":51,"caption":"La Perla"},"image":{"@id":"https:\/\/la-perla.net\/#\/schema\/logo\/image\/"},"sameAs":["https:\/\/www.facebook.com\/laperladonosti\/","https:\/\/x.com\/LaPerlaDonosti","https:\/\/www.instagram.com\/laperladonosti\/?hl=es","https:\/\/www.youtube.com\/channel\/UChQhp12N7Lg6ZrOcmAJAy4g"]}]}},"_links":{"self":[{"href":"https:\/\/la-perla.net\/fr\/wp-json\/wp\/v2\/product\/85405"}],"collection":[{"href":"https:\/\/la-perla.net\/fr\/wp-json\/wp\/v2\/product"}],"about":[{"href":"https:\/\/la-perla.net\/fr\/wp-json\/wp\/v2\/types\/product"}],"wp:featuredmedia":[{"embeddable":true,"href":"https:\/\/la-perla.net\/fr\/wp-json\/wp\/v2\/media\/86865"}],"wp:attachment":[{"href":"https:\/\/la-perla.net\/fr\/wp-json\/wp\/v2\/media?parent=85405"}],"wp:term":[{"taxonomy":"product_brand","embeddable":true,"href":"https:\/\/la-perla.net\/fr\/wp-json\/wp\/v2\/product_brand?post=85405"},{"taxonomy":"product_cat","embeddable":true,"href":"https:\/\/la-perla.net\/fr\/wp-json\/wp\/v2\/product_cat?post=85405"},{"taxonomy":"product_tag","embeddable":true,"href":"https:\/\/la-perla.net\/fr\/wp-json\/wp\/v2\/product_tag?post=85405"}],"curies":[{"name":"wp","href":"https:\/\/api.w.org\/{rel}","templated":true}]}}