{"id":85440,"date":"2022-03-01T22:07:10","date_gmt":"2022-03-01T21:07:10","guid":{"rendered":"https:\/\/la-perla.net\/?post_type=product&#038;p=85440"},"modified":"2024-06-06T13:58:36","modified_gmt":"2024-06-06T11:58:36","slug":"membre-gazte-gym-plus-mensuel","status":"publish","type":"product","link":"https:\/\/la-perla.net\/fr\/produit\/membre-gazte-gym-plus-mensuel\/","title":{"rendered":"Membre Gazte Gym Plus Mensuel"},"content":{"rendered":"<p>Membre Gazte du Gymnase Mensuel pour des jeunes entre 16 et 25 ans, acc\u00e8s du lundi au vendredi de 7h30 \u00e0 21h30, le samedi et jours f\u00e9ri\u00e9s de 8h30 \u00e0 21h30 et le dimanche de 8h30 \u00e0 20h30.<\/p>\n<p>\u00c9tablissement avec acc\u00e8s direct \u00e0 la plage et possibilit\u00e9 d\u2019avoir des entra\u00eenements en ext\u00e9rieur. Avec 6 zones d\u2019entra\u00eenement \u00e9quip\u00e9es de poids libres, machines cardiovasculaires TechnoGym et cours dirig\u00e9s (chor\u00e9graphie, tonification, haute intensit\u00e9, \u00e9tirements\u2026).<\/p>\n<p>Sans contraintes d\u2019horaires ni de r\u00e9servations de cours.<\/p>\n<p>Les membres de notre Gymnase peuvent profiter gratuitement du Circuit de Thalassoth\u00e9rapie tous les jours (hors weekends et jours f\u00e9ri\u00e9s).<\/p>\n","protected":false},"excerpt":{"rendered":"<p>Membre du Gymnase Mensuel pour des jeunes entre 16 et 25 ans, acc\u00e8s du lundi au vendredi de 7h30 \u00e0 21h30, le samedi et jours f\u00e9ri\u00e9s de 8h30 \u00e0 21h30 et le dimanche de 8h30 \u00e0 20h30.<br \/>\n\u00c9tablissement avec acc\u00e8s direct \u00e0 la plage et possibilit\u00e9 d\u2019avoir des entra\u00eenements en ext\u00e9rieur.<\/p>\n<p>Acc\u00e8s au gymnase : tous les jours<br \/>\nAcc\u00e8s \u00e0 la thalassoth\u00e9rapie : tous les jours (hors weekend et jours f\u00e9ri\u00e9s).<\/p>\n","protected":false},"featured_media":86915,"template":"","meta":{"_genesis_hide_title":false,"_genesis_hide_breadcrumbs":false,"_genesis_hide_singular_image":false,"_genesis_hide_footer_widgets":false,"_genesis_custom_body_class":"","_genesis_custom_post_class":"","_genesis_layout":""},"product_brand":[],"product_cat":[902],"product_tag":[],"class_list":{"0":"post-85440","1":"product","2":"type-product","3":"status-publish","4":"has-post-thumbnail","6":"product_cat-tarifs-membres","7":"product_shipping_class-bonos-y-vales-fr","8":"entry","10":"first","11":"instock","12":"shipping-taxable","13":"purchasable","14":"product-type-simple"},"yoast_head":"<!-- This site is optimized with the Yoast SEO plugin v25.6 - https:\/\/yoast.com\/wordpress\/plugins\/seo\/ -->\n<title>Devenez membre de Gazte Gym pour les jeunes de 16 \u00e0 23 ans - 5 zones d&#039;entra\u00eenement<\/title>\n<meta name=\"description\" content=\"S.G.A. body building, step, global-fit, cross-training, zumba, LP Cycling, G.A.P, TRX... avec des coachs pour vous aider \u00e0 atteindre vos objectifs, partenaire...\" \/>\n<meta name=\"robots\" content=\"index, follow, max-snippet:-1, max-image-preview:large, max-video-preview:-1\" \/>\n<link rel=\"canonical\" href=\"https:\/\/la-perla.net\/fr\/produit\/membre-gazte-gym-plus-mensuel\/\" \/>\n<meta property=\"og:locale\" content=\"fr_FR\" \/>\n<meta property=\"og:type\" content=\"article\" \/>\n<meta property=\"og:title\" content=\"Devenez membre de Gazte Gym pour les jeunes de 16 \u00e0 23 ans - 5 zones d&#039;entra\u00eenement\" \/>\n<meta property=\"og:description\" content=\"S.G.A. body building, step, global-fit, cross-training, zumba, LP Cycling, G.A.P, TRX... avec des coachs pour vous aider \u00e0 atteindre vos objectifs, partenaire...\" \/>\n<meta property=\"og:url\" content=\"https:\/\/la-perla.net\/fr\/produit\/membre-gazte-gym-plus-mensuel\/\" \/>\n<meta property=\"og:site_name\" content=\"Talasoterapia La Perla \u2022 San Sebasti\u00e1n - Donostia\" \/>\n<meta property=\"article:publisher\" content=\"https:\/\/www.facebook.com\/laperladonosti\/\" \/>\n<meta property=\"article:modified_time\" content=\"2024-06-06T11:58:36+00:00\" \/>\n<meta property=\"og:image\" content=\"https:\/\/la-perla.net\/wp-content\/uploads\/2022\/03\/07_Socio-Gym-plus.jpg\" \/>\n\t<meta property=\"og:image:width\" content=\"600\" \/>\n\t<meta property=\"og:image:height\" content=\"424\" \/>\n\t<meta property=\"og:image:type\" content=\"image\/jpeg\" \/>\n<meta name=\"twitter:card\" content=\"summary_large_image\" \/>\n<meta name=\"twitter:site\" content=\"@LaPerlaDonosti\" \/>\n<meta name=\"twitter:label1\" content=\"Dur\u00e9e de lecture estim\u00e9e\" \/>\n\t<meta name=\"twitter:data1\" content=\"1 minute\" \/>\n<script type=\"application\/ld+json\" class=\"yoast-schema-graph\">{\"@context\":\"https:\/\/schema.org\",\"@graph\":[{\"@type\":\"WebPage\",\"@id\":\"https:\/\/la-perla.net\/fr\/produit\/membre-gazte-gym-plus-mensuel\/\",\"url\":\"https:\/\/la-perla.net\/fr\/produit\/membre-gazte-gym-plus-mensuel\/\",\"name\":\"Devenez membre de Gazte Gym pour les jeunes de 16 \u00e0 23 ans - 5 zones d'entra\u00eenement\",\"isPartOf\":{\"@id\":\"https:\/\/la-perla.net\/#website\"},\"primaryImageOfPage\":{\"@id\":\"https:\/\/la-perla.net\/fr\/produit\/membre-gazte-gym-plus-mensuel\/#primaryimage\"},\"image\":{\"@id\":\"https:\/\/la-perla.net\/fr\/produit\/membre-gazte-gym-plus-mensuel\/#primaryimage\"},\"thumbnailUrl\":\"https:\/\/la-perla.net\/wp-content\/uploads\/2022\/03\/07_Socio-Gym-plus.jpg\",\"datePublished\":\"2022-03-01T21:07:10+00:00\",\"dateModified\":\"2024-06-06T11:58:36+00:00\",\"description\":\"S.G.A. body building, step, global-fit, cross-training, zumba, LP Cycling, G.A.P, TRX... avec des coachs pour vous aider \u00e0 atteindre vos objectifs, partenaire...\",\"breadcrumb\":{\"@id\":\"https:\/\/la-perla.net\/fr\/produit\/membre-gazte-gym-plus-mensuel\/#breadcrumb\"},\"inLanguage\":\"fr-FR\",\"potentialAction\":[{\"@type\":\"ReadAction\",\"target\":[\"https:\/\/la-perla.net\/fr\/produit\/membre-gazte-gym-plus-mensuel\/\"]}]},{\"@type\":\"ImageObject\",\"inLanguage\":\"fr-FR\",\"@id\":\"https:\/\/la-perla.net\/fr\/produit\/membre-gazte-gym-plus-mensuel\/#primaryimage\",\"url\":\"https:\/\/la-perla.net\/wp-content\/uploads\/2022\/03\/07_Socio-Gym-plus.jpg\",\"contentUrl\":\"https:\/\/la-perla.net\/wp-content\/uploads\/2022\/03\/07_Socio-Gym-plus.jpg\",\"width\":600,\"height\":424},{\"@type\":\"BreadcrumbList\",\"@id\":\"https:\/\/la-perla.net\/fr\/produit\/membre-gazte-gym-plus-mensuel\/#breadcrumb\",\"itemListElement\":[{\"@type\":\"ListItem\",\"position\":1,\"name\":\"Portada\",\"item\":\"https:\/\/la-perla.net\/fr\/\"},{\"@type\":\"ListItem\",\"position\":2,\"name\":\"Boutique\",\"item\":\"https:\/\/la-perla.net\/fr\/boutique\/\"},{\"@type\":\"ListItem\",\"position\":3,\"name\":\"Membre Gazte Gym Plus Mensuel\"}]},{\"@type\":\"WebSite\",\"@id\":\"https:\/\/la-perla.net\/#website\",\"url\":\"https:\/\/la-perla.net\/\",\"name\":\"Talasoterapia La Perla \u2022 San Sebasti\u00e1n - Donostia\",\"description\":\"Talasoterapia en Guipuzcoa - Centro de salud, belleza y deporte\",\"publisher\":{\"@id\":\"https:\/\/la-perla.net\/#organization\"},\"potentialAction\":[{\"@type\":\"SearchAction\",\"target\":{\"@type\":\"EntryPoint\",\"urlTemplate\":\"https:\/\/la-perla.net\/?s={search_term_string}\"},\"query-input\":{\"@type\":\"PropertyValueSpecification\",\"valueRequired\":true,\"valueName\":\"search_term_string\"}}],\"inLanguage\":\"fr-FR\"},{\"@type\":\"Organization\",\"@id\":\"https:\/\/la-perla.net\/#organization\",\"name\":\"La Perla\",\"url\":\"https:\/\/la-perla.net\/\",\"logo\":{\"@type\":\"ImageObject\",\"inLanguage\":\"fr-FR\",\"@id\":\"https:\/\/la-perla.net\/#\/schema\/logo\/image\/\",\"url\":\"https:\/\/la-perla.net\/wp-content\/uploads\/2020\/09\/talasoterapia-la-perla.png\",\"contentUrl\":\"https:\/\/la-perla.net\/wp-content\/uploads\/2020\/09\/talasoterapia-la-perla.png\",\"width\":191,\"height\":51,\"caption\":\"La Perla\"},\"image\":{\"@id\":\"https:\/\/la-perla.net\/#\/schema\/logo\/image\/\"},\"sameAs\":[\"https:\/\/www.facebook.com\/laperladonosti\/\",\"https:\/\/x.com\/LaPerlaDonosti\",\"https:\/\/www.instagram.com\/laperladonosti\/?hl=es\",\"https:\/\/www.youtube.com\/channel\/UChQhp12N7Lg6ZrOcmAJAy4g\"]}]}<\/script>\n<!-- \/ Yoast SEO plugin. -->","yoast_head_json":{"title":"Devenez membre de Gazte Gym pour les jeunes de 16 \u00e0 23 ans - 5 zones d'entra\u00eenement","description":"S.G.A. body building, step, global-fit, cross-training, zumba, LP Cycling, G.A.P, TRX... avec des coachs pour vous aider \u00e0 atteindre vos objectifs, partenaire...","robots":{"index":"index","follow":"follow","max-snippet":"max-snippet:-1","max-image-preview":"max-image-preview:large","max-video-preview":"max-video-preview:-1"},"canonical":"https:\/\/la-perla.net\/fr\/produit\/membre-gazte-gym-plus-mensuel\/","og_locale":"fr_FR","og_type":"article","og_title":"Devenez membre de Gazte Gym pour les jeunes de 16 \u00e0 23 ans - 5 zones d'entra\u00eenement","og_description":"S.G.A. body building, step, global-fit, cross-training, zumba, LP Cycling, G.A.P, TRX... avec des coachs pour vous aider \u00e0 atteindre vos objectifs, partenaire...","og_url":"https:\/\/la-perla.net\/fr\/produit\/membre-gazte-gym-plus-mensuel\/","og_site_name":"Talasoterapia La Perla \u2022 San Sebasti\u00e1n - Donostia","article_publisher":"https:\/\/www.facebook.com\/laperladonosti\/","article_modified_time":"2024-06-06T11:58:36+00:00","og_image":[{"width":600,"height":424,"url":"https:\/\/la-perla.net\/wp-content\/uploads\/2022\/03\/07_Socio-Gym-plus.jpg","type":"image\/jpeg"}],"twitter_card":"summary_large_image","twitter_site":"@LaPerlaDonosti","twitter_misc":{"Dur\u00e9e de lecture estim\u00e9e":"1 minute"},"schema":{"@context":"https:\/\/schema.org","@graph":[{"@type":"WebPage","@id":"https:\/\/la-perla.net\/fr\/produit\/membre-gazte-gym-plus-mensuel\/","url":"https:\/\/la-perla.net\/fr\/produit\/membre-gazte-gym-plus-mensuel\/","name":"Devenez membre de Gazte Gym pour les jeunes de 16 \u00e0 23 ans - 5 zones d'entra\u00eenement","isPartOf":{"@id":"https:\/\/la-perla.net\/#website"},"primaryImageOfPage":{"@id":"https:\/\/la-perla.net\/fr\/produit\/membre-gazte-gym-plus-mensuel\/#primaryimage"},"image":{"@id":"https:\/\/la-perla.net\/fr\/produit\/membre-gazte-gym-plus-mensuel\/#primaryimage"},"thumbnailUrl":"https:\/\/la-perla.net\/wp-content\/uploads\/2022\/03\/07_Socio-Gym-plus.jpg","datePublished":"2022-03-01T21:07:10+00:00","dateModified":"2024-06-06T11:58:36+00:00","description":"S.G.A. body building, step, global-fit, cross-training, zumba, LP Cycling, G.A.P, TRX... avec des coachs pour vous aider \u00e0 atteindre vos objectifs, partenaire...","breadcrumb":{"@id":"https:\/\/la-perla.net\/fr\/produit\/membre-gazte-gym-plus-mensuel\/#breadcrumb"},"inLanguage":"fr-FR","potentialAction":[{"@type":"ReadAction","target":["https:\/\/la-perla.net\/fr\/produit\/membre-gazte-gym-plus-mensuel\/"]}]},{"@type":"ImageObject","inLanguage":"fr-FR","@id":"https:\/\/la-perla.net\/fr\/produit\/membre-gazte-gym-plus-mensuel\/#primaryimage","url":"https:\/\/la-perla.net\/wp-content\/uploads\/2022\/03\/07_Socio-Gym-plus.jpg","contentUrl":"https:\/\/la-perla.net\/wp-content\/uploads\/2022\/03\/07_Socio-Gym-plus.jpg","width":600,"height":424},{"@type":"BreadcrumbList","@id":"https:\/\/la-perla.net\/fr\/produit\/membre-gazte-gym-plus-mensuel\/#breadcrumb","itemListElement":[{"@type":"ListItem","position":1,"name":"Portada","item":"https:\/\/la-perla.net\/fr\/"},{"@type":"ListItem","position":2,"name":"Boutique","item":"https:\/\/la-perla.net\/fr\/boutique\/"},{"@type":"ListItem","position":3,"name":"Membre Gazte Gym Plus Mensuel"}]},{"@type":"WebSite","@id":"https:\/\/la-perla.net\/#website","url":"https:\/\/la-perla.net\/","name":"Talasoterapia La Perla \u2022 San Sebasti\u00e1n - Donostia","description":"Talasoterapia en Guipuzcoa - Centro de salud, belleza y deporte","publisher":{"@id":"https:\/\/la-perla.net\/#organization"},"potentialAction":[{"@type":"SearchAction","target":{"@type":"EntryPoint","urlTemplate":"https:\/\/la-perla.net\/?s={search_term_string}"},"query-input":{"@type":"PropertyValueSpecification","valueRequired":true,"valueName":"search_term_string"}}],"inLanguage":"fr-FR"},{"@type":"Organization","@id":"https:\/\/la-perla.net\/#organization","name":"La Perla","url":"https:\/\/la-perla.net\/","logo":{"@type":"ImageObject","inLanguage":"fr-FR","@id":"https:\/\/la-perla.net\/#\/schema\/logo\/image\/","url":"https:\/\/la-perla.net\/wp-content\/uploads\/2020\/09\/talasoterapia-la-perla.png","contentUrl":"https:\/\/la-perla.net\/wp-content\/uploads\/2020\/09\/talasoterapia-la-perla.png","width":191,"height":51,"caption":"La Perla"},"image":{"@id":"https:\/\/la-perla.net\/#\/schema\/logo\/image\/"},"sameAs":["https:\/\/www.facebook.com\/laperladonosti\/","https:\/\/x.com\/LaPerlaDonosti","https:\/\/www.instagram.com\/laperladonosti\/?hl=es","https:\/\/www.youtube.com\/channel\/UChQhp12N7Lg6ZrOcmAJAy4g"]}]}},"_links":{"self":[{"href":"https:\/\/la-perla.net\/fr\/wp-json\/wp\/v2\/product\/85440"}],"collection":[{"href":"https:\/\/la-perla.net\/fr\/wp-json\/wp\/v2\/product"}],"about":[{"href":"https:\/\/la-perla.net\/fr\/wp-json\/wp\/v2\/types\/product"}],"wp:featuredmedia":[{"embeddable":true,"href":"https:\/\/la-perla.net\/fr\/wp-json\/wp\/v2\/media\/86915"}],"wp:attachment":[{"href":"https:\/\/la-perla.net\/fr\/wp-json\/wp\/v2\/media?parent=85440"}],"wp:term":[{"taxonomy":"product_brand","embeddable":true,"href":"https:\/\/la-perla.net\/fr\/wp-json\/wp\/v2\/product_brand?post=85440"},{"taxonomy":"product_cat","embeddable":true,"href":"https:\/\/la-perla.net\/fr\/wp-json\/wp\/v2\/product_cat?post=85440"},{"taxonomy":"product_tag","embeddable":true,"href":"https:\/\/la-perla.net\/fr\/wp-json\/wp\/v2\/product_tag?post=85440"}],"curies":[{"name":"wp","href":"https:\/\/api.w.org\/{rel}","templated":true}]}}